{"id":1035,"date":"2018-04-18T13:59:15","date_gmt":"2018-04-18T11:59:15","guid":{"rendered":"http:\/\/localhost:8080\/vb_blog\/?page_id=1035"},"modified":"2023-03-20T11:28:02","modified_gmt":"2023-03-20T10:28:02","slug":"comprendre-les-luminaires-connectes","status":"publish","type":"page","link":"https:\/\/www.vraimentbeau.com\/vb_blog\/guide-pratique\/comprendre-les-luminaires-connectes\/","title":{"rendered":"Choisir des luminaires connect\u00e9s"},"content":{"rendered":"<div class=\"intro\">Les luminaires connect\u00e9s ont longtemps \u00e9t\u00e9 le domaine r\u00e9serv\u00e9 des professionnels ou des f\u00e9rus de technologie. Les choses commencent \u00e0 changer, et des solutions simples \u00e0 installer, mieux adapt\u00e9es aux besoins des particuliers et surtout pratiques \u00e0 utiliser commencent \u00e0 se d\u00e9velopper. Tout un chacun peut donc d\u00e9sormais envisager d&#8217;en b\u00e9n\u00e9ficier.<\/div>\n<h2>Quel est le principe des luminaires connect\u00e9s?<\/h2>\n<p>L&#8217;id\u00e9e g\u00e9n\u00e9rale est de pouvoir commander ses lumi\u00e8res \u00e0 distance. La commande passe en g\u00e9n\u00e9ral par une application sur un mobile ou sur une tablette, ou une t\u00e9l\u00e9commande, ou m\u00eame des interrupteurs fix\u00e9s sur les murs. Les interrupteurs muraux sont \u00e9videmment tous &#8220;connect\u00e9s&#8221;, la nouveaut\u00e9 ici \u00e9tant de les connecter par radio ce qui permet de les poser o\u00f9 l&#8217;on veut sur les murs, sans percer de trou ni poser de c\u00e2blage (ces interrupteurs se collent souvent sur le mur).<\/p>\n<p>Ces syst\u00e8mes permettent \u00e9galement en g\u00e9n\u00e9ral de g\u00e9rer les luminaires par groupe (&#8220;allumer toutes les lumi\u00e8res de la cuisine&#8221;), de baisser l&#8217;intensit\u00e9 (ou faire varier la couleur quand les ampoules en sont capables), d&#8217;ajouter des minuteries (\u00e9teindre apr\u00e8s 1 heure&#8230;). Les possibilit\u00e9s ont tendance \u00e0 se d\u00e9velopper constamment, et vous pouvez souvent commander vos luminaires par la voix en parlant \u00e0 votre t\u00e9l\u00e9phone ou \u00e0 une enceinte Google ou Alexa, ou le syst\u00e8me peut allumer vos lumi\u00e8res quand vous vous approchez de chez vous ou inversement, ou vous pouvez installer des capteurs de mouvement, ou de luminosit\u00e9&#8230;<\/p>\n<p>Jusqu&#8217;\u00e0 assez r\u00e9cemment, le d\u00e9veloppement de solutions abordables \u00e9tait frein\u00e9 par la multiplication des standards: les \u00e9quipementiers ne parvenant pas \u00e0 s&#8217;entendre sur un standard commun (pour les techniciens, nous ne parlons pas ici de standards comme Zigbee, mais d&#8217;\u00e9quipements compatibles plug-and-play). Du coup ce que vous achetiez chez X n&#8217;avait aucune chance de fonctionner avec l&#8217;\u00e9quipement de Y. On retrouvait le syndrome de la vid\u00e9o, c&#8217;est \u00e0 dire que t\u00e9l\u00e9commander 5 appareils demandait de jongler avec 5 t\u00e9l\u00e9commandes ou avec 5 applications sur le t\u00e9l\u00e9phone. Des solutions comme Philips Hue ont n\u00e9anmoins perc\u00e9, et ont fait la preuve que des solutions relativement simples pouvaient trouver un march\u00e9 chez les particuliers.<\/p>\n<h2>Comment fonctionnent les luminaires connect\u00e9s?<\/h2>\n<p>C&#8217;est ici que les choses se compliquent un petit peu. Nous ne parlerons pas ici des syst\u00e8mes professionnels, mais de ceux que peuvent envisager des particuliers sans app\u00e9tit particulier pour le bricolage informatique. Du coup, cela disqualifie \u00e9galement les syst\u00e8mes dits de &#8220;domotique&#8221; traditionnelle, qui demandent l&#8217;installation de serveurs et d&#8217;interfaces en tout genre. Evidemment, ces syst\u00e8mes sont plus puissants que ceux que nous allons d\u00e9crire ici, et peuvent \u00e9galement g\u00e9rer vos volets, votre chauffage, le distributeur des croquettes du chien et beaucoup d&#8217;autres choses. Des installateurs sp\u00e9cialis\u00e9s en domotique pourront vous aider si c&#8217;est ce que vous cherchez.<\/p>\n<p>Les syst\u00e8mes les plus simples reposent sur les \u00e9l\u00e9ments suivants:<\/p>\n<ul>\n<li>Des lampes (en g\u00e9n\u00e9ral des LED), connect\u00e9es chacune \u00e0 un r\u00e9cepteur radio. Ce r\u00e9cepteur peut \u00eatre log\u00e9 dans le culot de l&#8217;ampoule et ce sont donc des ampoules &#8220;connect\u00e9es&#8221;, qui s&#8217;installent sur n&#8217;importe quel luminaire; il peut \u00eatre log\u00e9 par le fabriquant du luminaire dans le pied de la lampe, ou il peut \u00eatre log\u00e9 par Osram, Philips ou un autre \u00e9quipementier, dans le boitier &#8220;driver&#8221; de la lampe (ce petit boitier en plastique blanc qui est en g\u00e9n\u00e9ral install\u00e9 dans le faux plafond, et qui convertit au passage le courant de 230V en basse tension).<\/li>\n<li>Un \u00e9metteur radio, qui va recevoir les commandes (des interrupteurs ou de votre t\u00e9l\u00e9phone), et parler aux r\u00e9cepteurs des lampes. Cet \u00e9metteur radio peut \u00eatre log\u00e9 dans un boitier sp\u00e9cial (le &#8220;hub&#8221;) qui est en g\u00e9n\u00e9ral branch\u00e9 sur le 230V et \u00e0 votre r\u00e9seau Ethernet. C&#8217;est le mod\u00e8le adopt\u00e9 par Philips pour Hue: le hub parle par Wifi aux luminaires, et re\u00e7oit les commandes de votre t\u00e9l\u00e9phone ou des t\u00e9l\u00e9commandes par le r\u00e9seau Ethernet (\u00e0 supposer qu&#8217;ils soient branch\u00e9s sur votre r\u00e9seau Wifi).<\/li>\n<\/ul>\n<p>Ces syst\u00e8mes fonctionnent bien, mais demandent un peu d&#8217;installation: positionner le Hub au centre de votre maison pour que tous les luminaires soient \u00e0 port\u00e9e, le brancher sur un r\u00e9seau Ethernet, connecter tous les dispositifs de commande au Wifi de la maison (jamais aussi simple que ce que l&#8217;on souhaiterait), l&#8217;alimenter en le branchant sur une prise \u00e9lectrique (parce que le dispositif radio est relativement consommateur d&#8217;\u00e9lectricit\u00e9). De plus, ces hubs sont en g\u00e9n\u00e9ral propos\u00e9s par des fabricants d&#8217;\u00e9quipements et sont rarement compatibles entre eux, ce qui limite leur d\u00e9veloppement.<\/p>\n<p>Le d\u00e9veloppement r\u00e9cent de Bluetooth 4.0 et de ses fonctions Basse Energie et Mesh a permit l&#8217;\u00e9mergence de solutions alternatives.<\/p>\n<h2>Les solutions Bluetooth<\/h2>\n<p>Nous allons prendre l&#8217;exemple d&#8217;une solution que nous aimons bien, la solution Casambi.<\/p>\n<p>Cette solution fait dispara\u00eetre le Hub. Tous les dispositifs de commande (votre t\u00e9l\u00e9phone, la t\u00e9l\u00e9commande, l&#8217;interrupteur connect\u00e9&#8230;) parlent directement aux lampes (et aux autres objets connect\u00e9s si vous en avez: capteurs de mouvement, de luminosit\u00e9 etc&#8230;) par Bluetooth Low Energy. Evidemment, cela suppose que le Bluetooth de votre t\u00e9l\u00e9phone soit activ\u00e9. L&#8217;avantage est que la consommation est tr\u00e8s faible (0.01 \u00e0 0.5W), ce qui permet m\u00eame d&#8217;utiliser des interrupteurs sans batterie (l&#8217;action de pression g\u00e9n\u00e8re l&#8217;\u00e9lectricit\u00e9 n\u00e9cessaire pour \u00e9mettre le signal de commande). La port\u00e9e du Bluetooth est limit\u00e9e, mais ce syst\u00e8me utilise le principe du R\u00e9seau Mesh: chaque lampe relaye l&#8217;information aux lampes suivantes, ce qui fait qu&#8217;il suffit que chaque lampe soit \u00e0 port\u00e9e d&#8217;une autre qui est \u00e0 port\u00e9e de votre t\u00e9l\u00e9phone pour que vous puissiez la commander.<\/p>\n<figure id=\"attachment_1373\" aria-describedby=\"caption-attachment-1373\" style=\"width: 300px\" class=\"wp-caption aligncenter\"><img loading=\"lazy\" decoding=\"async\" src=\"\/vb_blog\/wp-content\/uploads\/2018\/04\/Casambi_infograafi1_08072016_LR-02-300x225.jpg\" alt=\"Le r\u00e9seau Casambi\" width=\"300\" height=\"225\" class=\"size-medium wp-image-1373\" srcset=\"https:\/\/www.vraimentbeau.com\/vb_blog\/wp-content\/uploads\/2018\/04\/Casambi_infograafi1_08072016_LR-02-300x225.jpg 300w, https:\/\/www.vraimentbeau.com\/vb_blog\/wp-content\/uploads\/2018\/04\/Casambi_infograafi1_08072016_LR-02-768x577.jpg 768w, https:\/\/www.vraimentbeau.com\/vb_blog\/wp-content\/uploads\/2018\/04\/Casambi_infograafi1_08072016_LR-02.jpg 1024w\" sizes=\"auto, (max-width: 300px) 100vw, 300px\" \/><figcaption id=\"caption-attachment-1373\" class=\"wp-caption-text\">La solution Casambi<\/figcaption><\/figure>\n<p>Casambi est une soci\u00e9t\u00e9 Finlandaise, qui fournit le logiciel gratuitement, et qui vend aux \u00e9quipementiers les modules d&#8217;\u00e9mission et de r\u00e9ception radio. Nous avons \u00e9t\u00e9 impressionn\u00e9s au salon du Luminaire de Francfort de 2018, de voir \u00e0 quel point leur solution \u00e9tait adopt\u00e9e par des fabricants d&#8217;ampoules, de drivers et de capteurs. Plusieurs de nos fabricants de luminaires sont \u00e9galement en train d&#8217;\u00e9valuer cette solution.<\/p>\n<p>A ce jour, c&#8217;est la solution que nous recommandons pour les particuliers: elle ne demande aucune infrastructure ni informatique, <a href=\"https:\/\/www.casambi-france.com\">elle est compatible avec de plus en plus d&#8217;\u00e9quipements de nombreuses marques<\/a> (y compris d&#8217;ailleurs avec les \u00e9quipements Hue, si vous avez le hub Hue), elle est compatible avec des \u00e9quipements de qualit\u00e9, et elle fonctionne bien.<\/p>\n<h2>Connecter ses luminaires avec Casambi<\/h2>\n<p class=\"alignright\" style=\"margin-left: 40px;\"><img decoding=\"async\" src=\"\/vb_blog\/wp-content\/uploads\/2018\/04\/Casambi_positive.jpg\" alt=\"logo Casambi\" width=\"150\"><\/p>\n<p>La meilleure mani\u00e8re de d\u00e9marrer avec Casambi est de t\u00e9l\u00e9charger leur application gratuite, pour Iphone\/IPad ou Android, et la configurer \u00e0 votre main (vous pouvez d&#8217;ailleurs l&#8217;essayer avant d&#8217;avoir achet\u00e9 le moindre \u00e9quipement, ou avec vos lampes Hue si vous en avez d\u00e9j\u00e0):<\/p>\n<div style=\"display:flex; justify-content: center; align-items: center; margin-bottom: 20px;\">\n<div style=\"margin-right: 15px\">\n          <a href=\"https:\/\/itunes.apple.com\/app\/casambi\/id731859317\" target=\"_blank\" rel=\"noopener\"><img decoding=\"async\" class=\"alignnone size-full wp-image-1362\" style=\"float: right;\" src=\"https:\/\/vraimentbeau.com\/vb_blog\/wp-content\/uploads\/2018\/04\/app-store-badge-Apple.png\" alt=\"link to Casambi App on App Store\" width=\"auto\" height=\"45\"><\/a><\/div>\n<div style=\"margin-left: 15px\">\n          <a href=\"https:\/\/play.google.com\/store\/apps\/details?id=casambi.ambi\" target=\"_blank\" rel=\"noopener\"><img decoding=\"async\" class=\"size-full wp-image-1361\" style=\"float: right;\" src=\"https:\/\/vraimentbeau.com\/vb_blog\/wp-content\/uploads\/2018\/04\/google-play-badge-Google.png\" alt=\"Link to Casambi on Google App Store\" width=\"auto\" height=\"45\"><\/a><\/div>\n<\/div>\n<p>Ensuite, vous pouvez brancher vos luminaires ou vos lampes compatibles Casambi: l&#8217;application les reconnaitra imm\u00e9diatement. L&#8217;application vous guidera ensuite pas par pas, \u00e0 moins que vous ne pr\u00e9f\u00e9riez <a href=\"https:\/\/www.casambi-france.com\" target=\"_blank\" rel=\"noopener\">t\u00e9l\u00e9charger le mode d&#8217;emploi<\/a> \u00e0 partir du site de Casambi, ou consulter <a href=\"https:\/\/support.casambi.com\/support\/home\" target=\"_blank\" rel=\"noopener\">les questions r\u00e9ponses ici<\/a>.<\/p>\n<p>Chez Vraiment Beau, nous pouvons vous informer si le luminaire qui vous int\u00e9resse est disponible en version compatible avec Casambi.<\/p>\n<p>Sinon, vous pouvez aussi trouver dans <a href=\"\/boutique\/accessoires\/ampoule\/\" target=\"_blank\" rel=\"noopener\">notre rubrique Ampoules<\/a> notre s\u00e9lection d&#8217;ampoules directement compatibles avec Casambi. Nous vous conseillons en particulier les ampoules LED Carus, un fabriquant Allemand qui propose des bulbes LED avec un CRI sup\u00e9rieur \u00e0 95 (ce qui est d\u00e9j\u00e0 rare), avec une bonne luminosit\u00e9, et que vous pourrez piloter directement avec votre application Casambi (allumage, extinction, luminosit\u00e9 et temp\u00e9rature de couleur).<\/p>\n<p>Enfin, si vous avez un luminaire avec un peu de place int\u00e9rieure, nous pouvons aussi vous proposer un petit boitier de chez Casambi (le CBU-TED), \u00e0 loger dans le c\u00f4ne de plafond de votre suspension ou dans le pied de votre luminaire. Une fois ce boitier connect\u00e9 d&#8217;un c\u00f4t\u00e9 \u00e0 l&#8217;alimentation 220V du luminaire (ou 110V) et de l&#8217;autre au transformateur \u00e9lectronique dimmable (ou au module LED dimmable, ou directement \u00e0 la lED dimmable ou \u00e0 la lampe, si ils fonctionnent en 230 ou 110 VAC), vous pourrez commander votre luminaire avec Casambi. Le boitier en question mesure 40,4 x 36,3 x 14,0 mm, et ne p\u00e8se que 15 grammes. Il est compatible avec les luminaires qui consomment moins de 50 X (en 230V, 25 W en 110V).<\/p>\n<p>Casambi propose aussi une t\u00e9l\u00e9commande (Xpress). De nombreux fabricants en proposent aussi, ainsi que des capteurs, des interrupteurs muraux, des drivers de LED etc&#8230; <a href=\"https:\/\/www.easyfit-controls.com\/easyfit-for-bluetooth-lighting-systems\/\" target=\"_blank\" rel=\"noopener\">EasyFit<\/a> (de enOcean) par exemple, propose des interrupteurs muraux compatibles avec Casambi et sans batterie (ni fils bien s\u00fbr): collez sur le mur n&#8217;importe o\u00f9, et vous avez un nouvel interrupteur!<\/p>\n","protected":false},"excerpt":{"rendered":"<p>Les luminaires connect\u00e9s ont longtemps \u00e9t\u00e9 le domaine r\u00e9serv\u00e9 des professionnels ou des f\u00e9rus de technologie. Les choses commencent \u00e0 changer, et des solutions simples \u00e0 installer, mieux adapt\u00e9es aux besoins des particuliers et surtout pratiques \u00e0 utiliser commencent \u00e0 se d\u00e9velopper. Tout un chacun peut donc d\u00e9sormais envisager d&#8217;en b\u00e9n\u00e9ficier. Quel est le principe [&hellip;]<\/p>\n","protected":false},"author":1,"featured_media":0,"parent":18,"menu_order":11,"comment_status":"closed","ping_status":"closed","template":"","meta":{"_acf_changed":false,"footnotes":""},"class_list":["post-1035","page","type-page","status-publish","hentry"],"acf":[],"yoast_head":"<!-- This site is optimized with the Yoast SEO plugin v24.0 - https:\/\/yoast.com\/wordpress\/plugins\/seo\/ -->\n<title>Choisir des luminaires connect\u00e9s | Vraiment Beau<\/title>\n<meta name=\"description\" content=\"Les luminaires connect\u00e9s ont longtemps \u00e9t\u00e9 le domaine r\u00e9serv\u00e9 des professionnels ou des f\u00e9rus de technologie. Les choses commencent \u00e0 changer, et tout un chacun peut donc d\u00e9sormais envisager d&#039;en b\u00e9n\u00e9ficier. D\u00e9couvrez comment \u00e9quiper vos luminaires Vraiment Beau!\" \/>\n<meta name=\"robots\" content=\"index, follow, max-snippet:-1, max-image-preview:large, max-video-preview:-1\" \/>\n<link rel=\"canonical\" href=\"https:\/\/www.vraimentbeau.com\/vb_blog\/guide-pratique\/comprendre-les-luminaires-connectes\/\" \/>\n<meta property=\"og:locale\" content=\"en_US\" \/>\n<meta property=\"og:type\" content=\"article\" \/>\n<meta property=\"og:title\" content=\"Choisir des luminaires connect\u00e9s | Vraiment Beau\" \/>\n<meta property=\"og:description\" content=\"Les luminaires connect\u00e9s ont longtemps \u00e9t\u00e9 le domaine r\u00e9serv\u00e9 des professionnels ou des f\u00e9rus de technologie. Les choses commencent \u00e0 changer, et tout un chacun peut donc d\u00e9sormais envisager d&#039;en b\u00e9n\u00e9ficier. D\u00e9couvrez comment \u00e9quiper vos luminaires Vraiment Beau!\" \/>\n<meta property=\"og:url\" content=\"https:\/\/www.vraimentbeau.com\/vb_blog\/guide-pratique\/comprendre-les-luminaires-connectes\/\" \/>\n<meta property=\"og:site_name\" content=\"Vraiment Beau\" \/>\n<meta property=\"article:publisher\" content=\"https:\/\/www.facebook.com\/pages\/Vraiment-Beau\/123343387707501\" \/>\n<meta property=\"article:modified_time\" content=\"2023-03-20T10:28:02+00:00\" \/>\n<meta property=\"og:image\" content=\"https:\/\/vraimentbeau.com\/vb_blog\/wp-content\/uploads\/2018\/04\/app-store-badge-Apple.png\" \/>\n<meta name=\"twitter:card\" content=\"summary_large_image\" \/>\n<meta name=\"twitter:label1\" content=\"Est. reading time\" \/>\n\t<meta name=\"twitter:data1\" content=\"7 minutes\" \/>\n<script type=\"application\/ld+json\" class=\"yoast-schema-graph\">{\"@context\":\"https:\/\/schema.org\",\"@graph\":[{\"@type\":\"WebPage\",\"@id\":\"https:\/\/www.vraimentbeau.com\/vb_blog\/guide-pratique\/comprendre-les-luminaires-connectes\/\",\"url\":\"https:\/\/www.vraimentbeau.com\/vb_blog\/guide-pratique\/comprendre-les-luminaires-connectes\/\",\"name\":\"Choisir des luminaires connect\u00e9s | Vraiment Beau\",\"isPartOf\":{\"@id\":\"https:\/\/www.vraimentbeau.com\/vb_blog\/#website\"},\"primaryImageOfPage\":{\"@id\":\"https:\/\/www.vraimentbeau.com\/vb_blog\/guide-pratique\/comprendre-les-luminaires-connectes\/#primaryimage\"},\"image\":{\"@id\":\"https:\/\/www.vraimentbeau.com\/vb_blog\/guide-pratique\/comprendre-les-luminaires-connectes\/#primaryimage\"},\"thumbnailUrl\":\"https:\/\/vraimentbeau.com\/vb_blog\/wp-content\/uploads\/2018\/04\/app-store-badge-Apple.png\",\"datePublished\":\"2018-04-18T11:59:15+00:00\",\"dateModified\":\"2023-03-20T10:28:02+00:00\",\"description\":\"Les luminaires connect\u00e9s ont longtemps \u00e9t\u00e9 le domaine r\u00e9serv\u00e9 des professionnels ou des f\u00e9rus de technologie. Les choses commencent \u00e0 changer, et tout un chacun peut donc d\u00e9sormais envisager d'en b\u00e9n\u00e9ficier. D\u00e9couvrez comment \u00e9quiper vos luminaires Vraiment Beau!\",\"breadcrumb\":{\"@id\":\"https:\/\/www.vraimentbeau.com\/vb_blog\/guide-pratique\/comprendre-les-luminaires-connectes\/#breadcrumb\"},\"inLanguage\":\"en-US\",\"potentialAction\":[{\"@type\":\"ReadAction\",\"target\":[\"https:\/\/www.vraimentbeau.com\/vb_blog\/guide-pratique\/comprendre-les-luminaires-connectes\/\"]}]},{\"@type\":\"ImageObject\",\"inLanguage\":\"en-US\",\"@id\":\"https:\/\/www.vraimentbeau.com\/vb_blog\/guide-pratique\/comprendre-les-luminaires-connectes\/#primaryimage\",\"url\":\"https:\/\/vraimentbeau.com\/vb_blog\/wp-content\/uploads\/2018\/04\/app-store-badge-Apple.png\",\"contentUrl\":\"https:\/\/vraimentbeau.com\/vb_blog\/wp-content\/uploads\/2018\/04\/app-store-badge-Apple.png\"},{\"@type\":\"BreadcrumbList\",\"@id\":\"https:\/\/www.vraimentbeau.com\/vb_blog\/guide-pratique\/comprendre-les-luminaires-connectes\/#breadcrumb\",\"itemListElement\":[{\"@type\":\"ListItem\",\"position\":1,\"name\":\"Blog, Guides &amp; Infos\",\"item\":\"https:\/\/www.vraimentbeau.com\/vb_blog\/\"},{\"@type\":\"ListItem\",\"position\":2,\"name\":\"Tout notre Guide Pratique\",\"item\":\"https:\/\/www.vraimentbeau.com\/vb_blog\/guide-pratique\/\"},{\"@type\":\"ListItem\",\"position\":3,\"name\":\"Choisir des luminaires connect\u00e9s\"}]},{\"@type\":\"WebSite\",\"@id\":\"https:\/\/www.vraimentbeau.com\/vb_blog\/#website\",\"url\":\"https:\/\/www.vraimentbeau.com\/vb_blog\/\",\"name\":\"Vraiment Beau\",\"description\":\"Les plus beaux luminaires de l&#039;internet, et autres objets d\u00e9coratifs!\",\"publisher\":{\"@id\":\"https:\/\/www.vraimentbeau.com\/vb_blog\/#organization\"},\"potentialAction\":[{\"@type\":\"SearchAction\",\"target\":{\"@type\":\"EntryPoint\",\"urlTemplate\":\"https:\/\/www.vraimentbeau.com\/vb_blog\/?s={search_term_string}\"},\"query-input\":{\"@type\":\"PropertyValueSpecification\",\"valueRequired\":true,\"valueName\":\"search_term_string\"}}],\"inLanguage\":\"en-US\"},{\"@type\":\"Organization\",\"@id\":\"https:\/\/www.vraimentbeau.com\/vb_blog\/#organization\",\"name\":\"Vraiment Beau\",\"url\":\"https:\/\/www.vraimentbeau.com\/vb_blog\/\",\"logo\":{\"@type\":\"ImageObject\",\"inLanguage\":\"en-US\",\"@id\":\"https:\/\/www.vraimentbeau.com\/vb_blog\/#\/schema\/logo\/image\/\",\"url\":\"https:\/\/vraimentbeau.com\/vb_blog\/wp-content\/uploads\/2018\/04\/logo-vraiment-beau.png\",\"contentUrl\":\"https:\/\/vraimentbeau.com\/vb_blog\/wp-content\/uploads\/2018\/04\/logo-vraiment-beau.png\",\"width\":287,\"height\":44,\"caption\":\"Vraiment Beau\"},\"image\":{\"@id\":\"https:\/\/www.vraimentbeau.com\/vb_blog\/#\/schema\/logo\/image\/\"},\"sameAs\":[\"https:\/\/www.facebook.com\/pages\/Vraiment-Beau\/123343387707501\",\"https:\/\/www.instagram.com\/vraimentbeau\/\",\"https:\/\/www.pinterest.fr\/cdehautefage\/\"]}]}<\/script>\n<!-- \/ Yoast SEO plugin. -->","yoast_head_json":{"title":"Choisir des luminaires connect\u00e9s | Vraiment Beau","description":"Les luminaires connect\u00e9s ont longtemps \u00e9t\u00e9 le domaine r\u00e9serv\u00e9 des professionnels ou des f\u00e9rus de technologie. Les choses commencent \u00e0 changer, et tout un chacun peut donc d\u00e9sormais envisager d'en b\u00e9n\u00e9ficier. D\u00e9couvrez comment \u00e9quiper vos luminaires Vraiment Beau!","robots":{"index":"index","follow":"follow","max-snippet":"max-snippet:-1","max-image-preview":"max-image-preview:large","max-video-preview":"max-video-preview:-1"},"canonical":"https:\/\/www.vraimentbeau.com\/vb_blog\/guide-pratique\/comprendre-les-luminaires-connectes\/","og_locale":"en_US","og_type":"article","og_title":"Choisir des luminaires connect\u00e9s | Vraiment Beau","og_description":"Les luminaires connect\u00e9s ont longtemps \u00e9t\u00e9 le domaine r\u00e9serv\u00e9 des professionnels ou des f\u00e9rus de technologie. Les choses commencent \u00e0 changer, et tout un chacun peut donc d\u00e9sormais envisager d'en b\u00e9n\u00e9ficier. D\u00e9couvrez comment \u00e9quiper vos luminaires Vraiment Beau!","og_url":"https:\/\/www.vraimentbeau.com\/vb_blog\/guide-pratique\/comprendre-les-luminaires-connectes\/","og_site_name":"Vraiment Beau","article_publisher":"https:\/\/www.facebook.com\/pages\/Vraiment-Beau\/123343387707501","article_modified_time":"2023-03-20T10:28:02+00:00","og_image":[{"url":"https:\/\/vraimentbeau.com\/vb_blog\/wp-content\/uploads\/2018\/04\/app-store-badge-Apple.png","type":"","width":"","height":""}],"twitter_card":"summary_large_image","twitter_misc":{"Est. reading time":"7 minutes"},"schema":{"@context":"https:\/\/schema.org","@graph":[{"@type":"WebPage","@id":"https:\/\/www.vraimentbeau.com\/vb_blog\/guide-pratique\/comprendre-les-luminaires-connectes\/","url":"https:\/\/www.vraimentbeau.com\/vb_blog\/guide-pratique\/comprendre-les-luminaires-connectes\/","name":"Choisir des luminaires connect\u00e9s | Vraiment Beau","isPartOf":{"@id":"https:\/\/www.vraimentbeau.com\/vb_blog\/#website"},"primaryImageOfPage":{"@id":"https:\/\/www.vraimentbeau.com\/vb_blog\/guide-pratique\/comprendre-les-luminaires-connectes\/#primaryimage"},"image":{"@id":"https:\/\/www.vraimentbeau.com\/vb_blog\/guide-pratique\/comprendre-les-luminaires-connectes\/#primaryimage"},"thumbnailUrl":"https:\/\/vraimentbeau.com\/vb_blog\/wp-content\/uploads\/2018\/04\/app-store-badge-Apple.png","datePublished":"2018-04-18T11:59:15+00:00","dateModified":"2023-03-20T10:28:02+00:00","description":"Les luminaires connect\u00e9s ont longtemps \u00e9t\u00e9 le domaine r\u00e9serv\u00e9 des professionnels ou des f\u00e9rus de technologie. Les choses commencent \u00e0 changer, et tout un chacun peut donc d\u00e9sormais envisager d'en b\u00e9n\u00e9ficier. D\u00e9couvrez comment \u00e9quiper vos luminaires Vraiment Beau!","breadcrumb":{"@id":"https:\/\/www.vraimentbeau.com\/vb_blog\/guide-pratique\/comprendre-les-luminaires-connectes\/#breadcrumb"},"inLanguage":"en-US","potentialAction":[{"@type":"ReadAction","target":["https:\/\/www.vraimentbeau.com\/vb_blog\/guide-pratique\/comprendre-les-luminaires-connectes\/"]}]},{"@type":"ImageObject","inLanguage":"en-US","@id":"https:\/\/www.vraimentbeau.com\/vb_blog\/guide-pratique\/comprendre-les-luminaires-connectes\/#primaryimage","url":"https:\/\/vraimentbeau.com\/vb_blog\/wp-content\/uploads\/2018\/04\/app-store-badge-Apple.png","contentUrl":"https:\/\/vraimentbeau.com\/vb_blog\/wp-content\/uploads\/2018\/04\/app-store-badge-Apple.png"},{"@type":"BreadcrumbList","@id":"https:\/\/www.vraimentbeau.com\/vb_blog\/guide-pratique\/comprendre-les-luminaires-connectes\/#breadcrumb","itemListElement":[{"@type":"ListItem","position":1,"name":"Blog, Guides &amp; Infos","item":"https:\/\/www.vraimentbeau.com\/vb_blog\/"},{"@type":"ListItem","position":2,"name":"Tout notre Guide Pratique","item":"https:\/\/www.vraimentbeau.com\/vb_blog\/guide-pratique\/"},{"@type":"ListItem","position":3,"name":"Choisir des luminaires connect\u00e9s"}]},{"@type":"WebSite","@id":"https:\/\/www.vraimentbeau.com\/vb_blog\/#website","url":"https:\/\/www.vraimentbeau.com\/vb_blog\/","name":"Vraiment Beau","description":"Les plus beaux luminaires de l&#039;internet, et autres objets d\u00e9coratifs!","publisher":{"@id":"https:\/\/www.vraimentbeau.com\/vb_blog\/#organization"},"potentialAction":[{"@type":"SearchAction","target":{"@type":"EntryPoint","urlTemplate":"https:\/\/www.vraimentbeau.com\/vb_blog\/?s={search_term_string}"},"query-input":{"@type":"PropertyValueSpecification","valueRequired":true,"valueName":"search_term_string"}}],"inLanguage":"en-US"},{"@type":"Organization","@id":"https:\/\/www.vraimentbeau.com\/vb_blog\/#organization","name":"Vraiment Beau","url":"https:\/\/www.vraimentbeau.com\/vb_blog\/","logo":{"@type":"ImageObject","inLanguage":"en-US","@id":"https:\/\/www.vraimentbeau.com\/vb_blog\/#\/schema\/logo\/image\/","url":"https:\/\/vraimentbeau.com\/vb_blog\/wp-content\/uploads\/2018\/04\/logo-vraiment-beau.png","contentUrl":"https:\/\/vraimentbeau.com\/vb_blog\/wp-content\/uploads\/2018\/04\/logo-vraiment-beau.png","width":287,"height":44,"caption":"Vraiment Beau"},"image":{"@id":"https:\/\/www.vraimentbeau.com\/vb_blog\/#\/schema\/logo\/image\/"},"sameAs":["https:\/\/www.facebook.com\/pages\/Vraiment-Beau\/123343387707501","https:\/\/www.instagram.com\/vraimentbeau\/","https:\/\/www.pinterest.fr\/cdehautefage\/"]}]}},"_links":{"self":[{"href":"https:\/\/www.vraimentbeau.com\/vb_blog\/wp-json\/wp\/v2\/pages\/1035","targetHints":{"allow":["GET"]}}],"collection":[{"href":"https:\/\/www.vraimentbeau.com\/vb_blog\/wp-json\/wp\/v2\/pages"}],"about":[{"href":"https:\/\/www.vraimentbeau.com\/vb_blog\/wp-json\/wp\/v2\/types\/page"}],"author":[{"embeddable":true,"href":"https:\/\/www.vraimentbeau.com\/vb_blog\/wp-json\/wp\/v2\/users\/1"}],"replies":[{"embeddable":true,"href":"https:\/\/www.vraimentbeau.com\/vb_blog\/wp-json\/wp\/v2\/comments?post=1035"}],"version-history":[{"count":29,"href":"https:\/\/www.vraimentbeau.com\/vb_blog\/wp-json\/wp\/v2\/pages\/1035\/revisions"}],"predecessor-version":[{"id":2437,"href":"https:\/\/www.vraimentbeau.com\/vb_blog\/wp-json\/wp\/v2\/pages\/1035\/revisions\/2437"}],"up":[{"embeddable":true,"href":"https:\/\/www.vraimentbeau.com\/vb_blog\/wp-json\/wp\/v2\/pages\/18"}],"wp:attachment":[{"href":"https:\/\/www.vraimentbeau.com\/vb_blog\/wp-json\/wp\/v2\/media?parent=1035"}],"curies":[{"name":"wp","href":"https:\/\/api.w.org\/{rel}","templated":true}]}}