{"id":1116,"date":"2018-03-07T15:23:46","date_gmt":"2018-03-07T14:23:46","guid":{"rendered":"http:\/\/localhost:8080\/vb_blog\/?page_id=304"},"modified":"2023-03-20T11:24:16","modified_gmt":"2023-03-20T10:24:16","slug":"our-partners","status":"publish","type":"page","link":"https:\/\/www.vraimentbeau.com\/vb_blog\/en\/infos-en\/our-partners\/","title":{"rendered":"Our partners"},"content":{"rendered":"<div class=\"intro\">Vraiment Beau has chosen several reputed partners, to guarantee the best quality of service, seamless transactions, and the tightest security<\/div>\n<table class=\"invisible_table partners_table\">\n<tbody>\n<tr>\n<td width=\"15%\"><a href=\"https:\/\/www.societegenerale.fr\/\"><img decoding=\"async\" style=\"width: 100%; height: auto;\" src=\"\/infos\/infos_images\/societe-generale.jpg\"><\/a><\/td>\n<td width=\"5%\"><\/td>\n<td width=\"70%\">The payment on our site is entirely secure thanks to the online payment system of our banking partner: Sogecommerce system of Soci\u00e9t\u00e9 G\u00e9n\u00e9rale. Major credit cards (Amex, CV, Visa, Mastercard) are accepted. Your banking details only circulate on the Internet in encrypted form, that is to say that they are coded in such a way as to make them completely illegible. You enter them directly and securely on the Soci\u00e9t\u00e9 G\u00e9n\u00e9rale&#8217;s site (128-bit SSL technology) and are never seen or recorded by Vraiment Beau. Your payment is 100% secure.<\/td>\n<\/tr>\n<tr>\n<td width=\"15%\"><a href=\"https:\/\/www.paypal.com\"><img decoding=\"async\" style=\"width: 100%; height: auto;\" src=\"\/infos\/infos_images\/paypal.jpg\"><\/a><\/td>\n<td width=\"5%\"><\/td>\n<td width=\"70%\">Since 1998, PayPal is a simple and secure way to pay online. PayPal allows you to pay online without disclosing your financial information during the transaction. To give you extra comfort, Vraiment Beau chose the solution PayPal Integral Evolution, which allows you to pay even if you do not have a PayPal account: you get all the security of PayPal without having to open an account.<\/td>\n<\/tr>\n<tr>\n<td width=\"15%\"><a href=\"https:\/\/www.laposte.fr\/\"><img decoding=\"async\" style=\"width: 100%; height: auto;\" src=\"\/infos\/infos_images\/la-poste-colissimo.jpg\"><\/a><\/td>\n<td width=\"5%\"><\/td>\n<td width=\"70%\">For small and medium volume shipments, we use the Colissimo service set up by the Post Office. La Poste brings you a very high level of reliability, security and care in the delivery of orders.In case of absence, your parcel can simply be withdrawn by your local post office.<\/p>\n<p>On Vraiment Beau, delivery in France by Colissimo is free above 150\u20ac of purchases. Do consult us for international rates.<\/td>\n<\/tr>\n<tr>\n<td width=\"15%\"><a href=\"https:\/\/www.ups.com\/\"><img decoding=\"async\" style=\"width: 100%; height: auto;\" src=\"\/infos\/infos_images\/ups.jpg\"><\/a><\/td>\n<td width=\"5%\"><\/td>\n<td width=\"70%\">For large volume packages, we often use United Parcel Services &#8211; a world leader in parcel shipping. UPS employs 430,000 people worldwide, handles more than 2,000 daily flights and generates revenues of $ 43 billion. It delivers 16 million parcels and documents per day to more than 200 countries. Number 1 in express transport (according to Forbes Magazine) and global parcel carrier, UPS is also a leading provider of services, specialized transportation, logistics, capital and e-commerce. UPS owns its own airline called UPS Airlines, which is the 8th largest airline in the world, employing 602 planes dedicated to the transportation of parcels.On Vraiment Beau, delivery by UPS in France is free above 150\u20ac of purchases.&nbsp;Do consult us for international rates.<\/td>\n<\/tr>\n<tr>\n<td width=\"15%\"><a href=\"https:\/\/www.ecritel.fr\/\"><img decoding=\"async\" style=\"width: 100%; height: auto; vertical-align: middle;\" src=\"\/infos\/infos_images\/ecritel.jpg\"><\/a><\/td>\n<td width=\"5%\"><\/td>\n<td width=\"70%\">The entire IT infrastructure of the site www.vraimentbeau.com is managed by Ecritel &#8211; a French outsourcing leader who also hosts the technical resources of several e-commerce leaders in France. This choice guarantees you a very fast, reliable and secure site.<\/td>\n<\/tr>\n<\/tbody>\n<\/table>\n","protected":false},"excerpt":{"rendered":"<p>Vraiment Beau has chosen several reputed partners, to guarantee the best quality of service, seamless transactions, and the tightest security The payment on our site is entirely secure thanks to the online payment system of our banking partner: Sogecommerce system of Soci\u00e9t\u00e9 G\u00e9n\u00e9rale. Major credit cards (Amex, CV, Visa, Mastercard) are accepted. Your banking details [&hellip;]<\/p>\n","protected":false},"author":1,"featured_media":0,"parent":599,"menu_order":24,"comment_status":"closed","ping_status":"closed","template":"","meta":{"_acf_changed":false,"footnotes":""},"class_list":["post-1116","page","type-page","status-publish","hentry"],"acf":[],"yoast_head":"<!-- This site is optimized with the Yoast SEO plugin v24.0 - https:\/\/yoast.com\/wordpress\/plugins\/seo\/ -->\n<title>Our partners | Vraiment Beau<\/title>\n<meta name=\"description\" content=\"Vraiment Beau has chosen several reputed partners, to guarantee the best quality of service, seamless transactions, and the tightest security. Discover who they are on this page.\" \/>\n<meta name=\"robots\" content=\"index, follow, max-snippet:-1, max-image-preview:large, max-video-preview:-1\" \/>\n<link rel=\"canonical\" href=\"https:\/\/www.vraimentbeau.com\/vb_blog\/en\/infos-en\/our-partners\/\" \/>\n<meta property=\"og:locale\" content=\"en_US\" \/>\n<meta property=\"og:type\" content=\"article\" \/>\n<meta property=\"og:title\" content=\"Our partners | Vraiment Beau\" \/>\n<meta property=\"og:description\" content=\"Vraiment Beau has chosen several reputed partners, to guarantee the best quality of service, seamless transactions, and the tightest security. Discover who they are on this page.\" \/>\n<meta property=\"og:url\" content=\"https:\/\/www.vraimentbeau.com\/vb_blog\/en\/infos-en\/our-partners\/\" \/>\n<meta property=\"og:site_name\" content=\"Vraiment Beau\" \/>\n<meta property=\"article:publisher\" content=\"https:\/\/www.facebook.com\/pages\/Vraiment-Beau\/123343387707501\" \/>\n<meta property=\"article:modified_time\" content=\"2023-03-20T10:24:16+00:00\" \/>\n<meta name=\"twitter:card\" content=\"summary_large_image\" \/>\n<meta name=\"twitter:label1\" content=\"Est. reading time\" \/>\n\t<meta name=\"twitter:data1\" content=\"3 minutes\" \/>\n<script type=\"application\/ld+json\" class=\"yoast-schema-graph\">{\"@context\":\"https:\/\/schema.org\",\"@graph\":[{\"@type\":\"WebPage\",\"@id\":\"https:\/\/www.vraimentbeau.com\/vb_blog\/en\/infos-en\/our-partners\/\",\"url\":\"https:\/\/www.vraimentbeau.com\/vb_blog\/en\/infos-en\/our-partners\/\",\"name\":\"Our partners | Vraiment Beau\",\"isPartOf\":{\"@id\":\"https:\/\/www.vraimentbeau.com\/vb_blog\/#website\"},\"datePublished\":\"2018-03-07T14:23:46+00:00\",\"dateModified\":\"2023-03-20T10:24:16+00:00\",\"description\":\"Vraiment Beau has chosen several reputed partners, to guarantee the best quality of service, seamless transactions, and the tightest security. Discover who they are on this page.\",\"breadcrumb\":{\"@id\":\"https:\/\/www.vraimentbeau.com\/vb_blog\/en\/infos-en\/our-partners\/#breadcrumb\"},\"inLanguage\":\"en-US\",\"potentialAction\":[{\"@type\":\"ReadAction\",\"target\":[\"https:\/\/www.vraimentbeau.com\/vb_blog\/en\/infos-en\/our-partners\/\"]}]},{\"@type\":\"BreadcrumbList\",\"@id\":\"https:\/\/www.vraimentbeau.com\/vb_blog\/en\/infos-en\/our-partners\/#breadcrumb\",\"itemListElement\":[{\"@type\":\"ListItem\",\"position\":1,\"name\":\"Blog, Guides &amp; Infos\",\"item\":\"https:\/\/www.vraimentbeau.com\/vb_blog\/\"},{\"@type\":\"ListItem\",\"position\":2,\"name\":\"The information on Vraiment Beau\",\"item\":\"https:\/\/www.vraimentbeau.com\/vb_blog\/en\/infos-en\/\"},{\"@type\":\"ListItem\",\"position\":3,\"name\":\"Our partners\"}]},{\"@type\":\"WebSite\",\"@id\":\"https:\/\/www.vraimentbeau.com\/vb_blog\/#website\",\"url\":\"https:\/\/www.vraimentbeau.com\/vb_blog\/\",\"name\":\"Vraiment Beau\",\"description\":\"Les plus beaux luminaires de l&#039;internet, et autres objets d\u00e9coratifs!\",\"publisher\":{\"@id\":\"https:\/\/www.vraimentbeau.com\/vb_blog\/#organization\"},\"potentialAction\":[{\"@type\":\"SearchAction\",\"target\":{\"@type\":\"EntryPoint\",\"urlTemplate\":\"https:\/\/www.vraimentbeau.com\/vb_blog\/?s={search_term_string}\"},\"query-input\":{\"@type\":\"PropertyValueSpecification\",\"valueRequired\":true,\"valueName\":\"search_term_string\"}}],\"inLanguage\":\"en-US\"},{\"@type\":\"Organization\",\"@id\":\"https:\/\/www.vraimentbeau.com\/vb_blog\/#organization\",\"name\":\"Vraiment Beau\",\"url\":\"https:\/\/www.vraimentbeau.com\/vb_blog\/\",\"logo\":{\"@type\":\"ImageObject\",\"inLanguage\":\"en-US\",\"@id\":\"https:\/\/www.vraimentbeau.com\/vb_blog\/#\/schema\/logo\/image\/\",\"url\":\"https:\/\/vraimentbeau.com\/vb_blog\/wp-content\/uploads\/2018\/04\/logo-vraiment-beau.png\",\"contentUrl\":\"https:\/\/vraimentbeau.com\/vb_blog\/wp-content\/uploads\/2018\/04\/logo-vraiment-beau.png\",\"width\":287,\"height\":44,\"caption\":\"Vraiment Beau\"},\"image\":{\"@id\":\"https:\/\/www.vraimentbeau.com\/vb_blog\/#\/schema\/logo\/image\/\"},\"sameAs\":[\"https:\/\/www.facebook.com\/pages\/Vraiment-Beau\/123343387707501\",\"https:\/\/www.instagram.com\/vraimentbeau\/\",\"https:\/\/www.pinterest.fr\/cdehautefage\/\"]}]}<\/script>\n<!-- \/ Yoast SEO plugin. -->","yoast_head_json":{"title":"Our partners | Vraiment Beau","description":"Vraiment Beau has chosen several reputed partners, to guarantee the best quality of service, seamless transactions, and the tightest security. Discover who they are on this page.","robots":{"index":"index","follow":"follow","max-snippet":"max-snippet:-1","max-image-preview":"max-image-preview:large","max-video-preview":"max-video-preview:-1"},"canonical":"https:\/\/www.vraimentbeau.com\/vb_blog\/en\/infos-en\/our-partners\/","og_locale":"en_US","og_type":"article","og_title":"Our partners | Vraiment Beau","og_description":"Vraiment Beau has chosen several reputed partners, to guarantee the best quality of service, seamless transactions, and the tightest security. Discover who they are on this page.","og_url":"https:\/\/www.vraimentbeau.com\/vb_blog\/en\/infos-en\/our-partners\/","og_site_name":"Vraiment Beau","article_publisher":"https:\/\/www.facebook.com\/pages\/Vraiment-Beau\/123343387707501","article_modified_time":"2023-03-20T10:24:16+00:00","twitter_card":"summary_large_image","twitter_misc":{"Est. reading time":"3 minutes"},"schema":{"@context":"https:\/\/schema.org","@graph":[{"@type":"WebPage","@id":"https:\/\/www.vraimentbeau.com\/vb_blog\/en\/infos-en\/our-partners\/","url":"https:\/\/www.vraimentbeau.com\/vb_blog\/en\/infos-en\/our-partners\/","name":"Our partners | Vraiment Beau","isPartOf":{"@id":"https:\/\/www.vraimentbeau.com\/vb_blog\/#website"},"datePublished":"2018-03-07T14:23:46+00:00","dateModified":"2023-03-20T10:24:16+00:00","description":"Vraiment Beau has chosen several reputed partners, to guarantee the best quality of service, seamless transactions, and the tightest security. Discover who they are on this page.","breadcrumb":{"@id":"https:\/\/www.vraimentbeau.com\/vb_blog\/en\/infos-en\/our-partners\/#breadcrumb"},"inLanguage":"en-US","potentialAction":[{"@type":"ReadAction","target":["https:\/\/www.vraimentbeau.com\/vb_blog\/en\/infos-en\/our-partners\/"]}]},{"@type":"BreadcrumbList","@id":"https:\/\/www.vraimentbeau.com\/vb_blog\/en\/infos-en\/our-partners\/#breadcrumb","itemListElement":[{"@type":"ListItem","position":1,"name":"Blog, Guides &amp; Infos","item":"https:\/\/www.vraimentbeau.com\/vb_blog\/"},{"@type":"ListItem","position":2,"name":"The information on Vraiment Beau","item":"https:\/\/www.vraimentbeau.com\/vb_blog\/en\/infos-en\/"},{"@type":"ListItem","position":3,"name":"Our partners"}]},{"@type":"WebSite","@id":"https:\/\/www.vraimentbeau.com\/vb_blog\/#website","url":"https:\/\/www.vraimentbeau.com\/vb_blog\/","name":"Vraiment Beau","description":"Les plus beaux luminaires de l&#039;internet, et autres objets d\u00e9coratifs!","publisher":{"@id":"https:\/\/www.vraimentbeau.com\/vb_blog\/#organization"},"potentialAction":[{"@type":"SearchAction","target":{"@type":"EntryPoint","urlTemplate":"https:\/\/www.vraimentbeau.com\/vb_blog\/?s={search_term_string}"},"query-input":{"@type":"PropertyValueSpecification","valueRequired":true,"valueName":"search_term_string"}}],"inLanguage":"en-US"},{"@type":"Organization","@id":"https:\/\/www.vraimentbeau.com\/vb_blog\/#organization","name":"Vraiment Beau","url":"https:\/\/www.vraimentbeau.com\/vb_blog\/","logo":{"@type":"ImageObject","inLanguage":"en-US","@id":"https:\/\/www.vraimentbeau.com\/vb_blog\/#\/schema\/logo\/image\/","url":"https:\/\/vraimentbeau.com\/vb_blog\/wp-content\/uploads\/2018\/04\/logo-vraiment-beau.png","contentUrl":"https:\/\/vraimentbeau.com\/vb_blog\/wp-content\/uploads\/2018\/04\/logo-vraiment-beau.png","width":287,"height":44,"caption":"Vraiment Beau"},"image":{"@id":"https:\/\/www.vraimentbeau.com\/vb_blog\/#\/schema\/logo\/image\/"},"sameAs":["https:\/\/www.facebook.com\/pages\/Vraiment-Beau\/123343387707501","https:\/\/www.instagram.com\/vraimentbeau\/","https:\/\/www.pinterest.fr\/cdehautefage\/"]}]}},"_links":{"self":[{"href":"https:\/\/www.vraimentbeau.com\/vb_blog\/wp-json\/wp\/v2\/pages\/1116","targetHints":{"allow":["GET"]}}],"collection":[{"href":"https:\/\/www.vraimentbeau.com\/vb_blog\/wp-json\/wp\/v2\/pages"}],"about":[{"href":"https:\/\/www.vraimentbeau.com\/vb_blog\/wp-json\/wp\/v2\/types\/page"}],"author":[{"embeddable":true,"href":"https:\/\/www.vraimentbeau.com\/vb_blog\/wp-json\/wp\/v2\/users\/1"}],"replies":[{"embeddable":true,"href":"https:\/\/www.vraimentbeau.com\/vb_blog\/wp-json\/wp\/v2\/comments?post=1116"}],"version-history":[{"count":4,"href":"https:\/\/www.vraimentbeau.com\/vb_blog\/wp-json\/wp\/v2\/pages\/1116\/revisions"}],"predecessor-version":[{"id":2434,"href":"https:\/\/www.vraimentbeau.com\/vb_blog\/wp-json\/wp\/v2\/pages\/1116\/revisions\/2434"}],"up":[{"embeddable":true,"href":"https:\/\/www.vraimentbeau.com\/vb_blog\/wp-json\/wp\/v2\/pages\/599"}],"wp:attachment":[{"href":"https:\/\/www.vraimentbeau.com\/vb_blog\/wp-json\/wp\/v2\/media?parent=1116"}],"curies":[{"name":"wp","href":"https:\/\/api.w.org\/{rel}","templated":true}]}}