{"id":122,"date":"2018-02-25T15:29:22","date_gmt":"2018-02-25T14:29:22","guid":{"rendered":"http:\/\/localhost:8080\/vb_blog\/?page_id=122"},"modified":"2018-04-21T11:45:29","modified_gmt":"2018-04-21T09:45:29","slug":"infos","status":"publish","type":"page","link":"https:\/\/www.vraimentbeau.com\/vb_blog\/infos\/","title":{"rendered":"L&#8217;information sur Vraiment Beau"},"content":{"rendered":"<h2>Vous trouverez dans les pages suivantes, toutes les informations sur Vraiment Beau :<\/h2>\n<ul>\n<li><a href=\"\/vb_blog\/index.php?page_id=589\">Les raisons de choisir Vraiment Beau<\/a><br \/>\nD\u00e9couvrez qui nous sommes, et les raisons pour lesquelles nous pensons que Vraiment Beau se distingue.<\/li>\n<li><a href=\"\/vb_blog\/index.php?page_id=295\">Les r\u00e9ponses aux questions les plus fr\u00e9quentes<\/a><br \/>\nDes questions qui reviennent souvent.<\/li>\n<li><a href=\"\/vb_blog\/index.php?page_id=304\">Les partenaires avec lesquels nous travaillons<\/a><br \/>\nLes soci\u00e9t\u00e9s partenaires que nous avons s\u00e9lectionn\u00e9es, pour vous assurer le meilleur service du d\u00e9but \u00e0 la fin.<\/li>\n<li><a href=\"\/vb_blog\/index.php?page_id=143\">Nos r\u00e9f\u00e9rences<\/a><br \/>\nLa moiti\u00e9 de notre activit\u00e9 est avec des professionnels (architectes, d\u00e9corateurs, \u00e9lectriciens sp\u00e9cialis\u00e9s&#8230;) que nous accompagnions dans leurs projets. D\u00e9couvrez des h\u00f4tels, restaurants, boutiques, mus\u00e9es et autres b\u00e2timents qui ont fait appel \u00e0 nos services.<\/li>\n<li><a href=\"\/vb_blog\/index.php?page_id=299\">Les t\u00e9moignages de nos clients<\/a><br \/>\nNotre ambition est de vous proposer les plus beaux produits, avec un service impeccable du d\u00e9but jusqu&#8217;\u00e0 la fin, et nous travaillons dur pour y parvenir. Du coup, nos clients nous font toujours tr\u00e8s plaisir quand ils expriment leur satisfaction.<\/li>\n<li><a href=\"\/vb_blog\/index.php?page_id=290\">Nos conditions g\u00e9n\u00e9rales de vente<\/a><br \/>\nA lire.<\/li>\n<li><a href=\"\/vb_blog\/index.php?page_id=310\">Comment nous contacter<\/a><br \/>\nT\u00e9l\u00e9phonez-nous, \u00e9crivez-nous, rendez-nous visite&#8230; Nous sommes toujours disponibles pour vous rendre service. En plus, nous aimons bien conna\u00eetre nos clients!<\/li>\n<li><a href=\"\/vb_blog\/index.php?page_id=301\">Les mentions l\u00e9gales<\/a><br \/>\nLa soci\u00e9t\u00e9 Vraiment Beau SAS.<\/li>\n<li><a href=\"\/vb_blog\/index.php?page_id=617\">Protection des donn\u00e9es<\/a><br \/>\nNous ne vous demandons que le minimum d&#8217;information pour vous servir. Nous ne vendons aucune information sur nos clients \u00e0 quiconque, et nous ne vous infligeons aucune publicit\u00e9. Vous pouvez-m\u00eame visiter notre site de mani\u00e8re totalement incognito. D\u00e9couvrez tout ce que nous faisons pour prot\u00e9ger votre information personnelle.<\/li>\n<\/ul>\n","protected":false},"excerpt":{"rendered":"<p>Vous trouverez dans les pages suivantes, toutes les informations sur Vraiment Beau : Les raisons de choisir Vraiment Beau D\u00e9couvrez qui nous sommes, et les raisons pour lesquelles nous pensons que Vraiment Beau se distingue. Les r\u00e9ponses aux questions les plus fr\u00e9quentes Des questions qui reviennent souvent. Les partenaires avec lesquels nous travaillons Les soci\u00e9t\u00e9s [&hellip;]<\/p>\n","protected":false},"author":1,"featured_media":0,"parent":0,"menu_order":40,"comment_status":"closed","ping_status":"closed","template":"","meta":{"_acf_changed":false,"footnotes":""},"class_list":["post-122","page","type-page","status-publish","hentry"],"acf":[],"yoast_head":"<!-- This site is optimized with the Yoast SEO plugin v24.0 - https:\/\/yoast.com\/wordpress\/plugins\/seo\/ -->\n<title>Toutes les informations sur notre soci\u00e9t\u00e9 | Vraiment Beau<\/title>\n<meta name=\"description\" content=\"Les liens suivants vous m\u00e8neront \u00e0 toutes les informations sur Vraiment Beau: qui nous sommes, les raisons de nous choisir, des exemples de nos r\u00e9f\u00e9rences et de ce que pensent nos clients, et aussi nos conditions g\u00e9n\u00e9rales de ventes, les mentions l\u00e9gales et notre politique de protection de vos donn\u00e9es.\" \/>\n<meta name=\"robots\" content=\"index, follow, max-snippet:-1, max-image-preview:large, max-video-preview:-1\" \/>\n<link rel=\"canonical\" href=\"https:\/\/www.vraimentbeau.com\/vb_blog\/infos\/\" \/>\n<meta property=\"og:locale\" content=\"en_US\" \/>\n<meta property=\"og:type\" content=\"article\" \/>\n<meta property=\"og:title\" content=\"Toutes les informations sur notre soci\u00e9t\u00e9 | Vraiment Beau\" \/>\n<meta property=\"og:description\" content=\"Les liens suivants vous m\u00e8neront \u00e0 toutes les informations sur Vraiment Beau: qui nous sommes, les raisons de nous choisir, des exemples de nos r\u00e9f\u00e9rences et de ce que pensent nos clients, et aussi nos conditions g\u00e9n\u00e9rales de ventes, les mentions l\u00e9gales et notre politique de protection de vos donn\u00e9es.\" \/>\n<meta property=\"og:url\" content=\"https:\/\/www.vraimentbeau.com\/vb_blog\/infos\/\" \/>\n<meta property=\"og:site_name\" content=\"Vraiment Beau\" \/>\n<meta property=\"article:publisher\" content=\"https:\/\/www.facebook.com\/pages\/Vraiment-Beau\/123343387707501\" \/>\n<meta property=\"article:modified_time\" content=\"2018-04-21T09:45:29+00:00\" \/>\n<meta name=\"twitter:card\" content=\"summary_large_image\" \/>\n<meta name=\"twitter:label1\" content=\"Est. reading time\" \/>\n\t<meta name=\"twitter:data1\" content=\"1 minute\" \/>\n<script type=\"application\/ld+json\" class=\"yoast-schema-graph\">{\"@context\":\"https:\/\/schema.org\",\"@graph\":[{\"@type\":\"WebPage\",\"@id\":\"https:\/\/www.vraimentbeau.com\/vb_blog\/infos\/\",\"url\":\"https:\/\/www.vraimentbeau.com\/vb_blog\/infos\/\",\"name\":\"Toutes les informations sur notre soci\u00e9t\u00e9 | Vraiment Beau\",\"isPartOf\":{\"@id\":\"https:\/\/www.vraimentbeau.com\/vb_blog\/#website\"},\"datePublished\":\"2018-02-25T14:29:22+00:00\",\"dateModified\":\"2018-04-21T09:45:29+00:00\",\"description\":\"Les liens suivants vous m\u00e8neront \u00e0 toutes les informations sur Vraiment Beau: qui nous sommes, les raisons de nous choisir, des exemples de nos r\u00e9f\u00e9rences et de ce que pensent nos clients, et aussi nos conditions g\u00e9n\u00e9rales de ventes, les mentions l\u00e9gales et notre politique de protection de vos donn\u00e9es.\",\"breadcrumb\":{\"@id\":\"https:\/\/www.vraimentbeau.com\/vb_blog\/infos\/#breadcrumb\"},\"inLanguage\":\"en-US\",\"potentialAction\":[{\"@type\":\"ReadAction\",\"target\":[\"https:\/\/www.vraimentbeau.com\/vb_blog\/infos\/\"]}]},{\"@type\":\"BreadcrumbList\",\"@id\":\"https:\/\/www.vraimentbeau.com\/vb_blog\/infos\/#breadcrumb\",\"itemListElement\":[{\"@type\":\"ListItem\",\"position\":1,\"name\":\"Blog, Guides &amp; Infos\",\"item\":\"https:\/\/www.vraimentbeau.com\/vb_blog\/\"},{\"@type\":\"ListItem\",\"position\":2,\"name\":\"L&rsquo;information sur Vraiment Beau\"}]},{\"@type\":\"WebSite\",\"@id\":\"https:\/\/www.vraimentbeau.com\/vb_blog\/#website\",\"url\":\"https:\/\/www.vraimentbeau.com\/vb_blog\/\",\"name\":\"Vraiment Beau\",\"description\":\"Les plus beaux luminaires de l&#039;internet, et autres objets d\u00e9coratifs!\",\"publisher\":{\"@id\":\"https:\/\/www.vraimentbeau.com\/vb_blog\/#organization\"},\"potentialAction\":[{\"@type\":\"SearchAction\",\"target\":{\"@type\":\"EntryPoint\",\"urlTemplate\":\"https:\/\/www.vraimentbeau.com\/vb_blog\/?s={search_term_string}\"},\"query-input\":{\"@type\":\"PropertyValueSpecification\",\"valueRequired\":true,\"valueName\":\"search_term_string\"}}],\"inLanguage\":\"en-US\"},{\"@type\":\"Organization\",\"@id\":\"https:\/\/www.vraimentbeau.com\/vb_blog\/#organization\",\"name\":\"Vraiment Beau\",\"url\":\"https:\/\/www.vraimentbeau.com\/vb_blog\/\",\"logo\":{\"@type\":\"ImageObject\",\"inLanguage\":\"en-US\",\"@id\":\"https:\/\/www.vraimentbeau.com\/vb_blog\/#\/schema\/logo\/image\/\",\"url\":\"https:\/\/vraimentbeau.com\/vb_blog\/wp-content\/uploads\/2018\/04\/logo-vraiment-beau.png\",\"contentUrl\":\"https:\/\/vraimentbeau.com\/vb_blog\/wp-content\/uploads\/2018\/04\/logo-vraiment-beau.png\",\"width\":287,\"height\":44,\"caption\":\"Vraiment Beau\"},\"image\":{\"@id\":\"https:\/\/www.vraimentbeau.com\/vb_blog\/#\/schema\/logo\/image\/\"},\"sameAs\":[\"https:\/\/www.facebook.com\/pages\/Vraiment-Beau\/123343387707501\",\"https:\/\/www.instagram.com\/vraimentbeau\/\",\"https:\/\/www.pinterest.fr\/cdehautefage\/\"]}]}<\/script>\n<!-- \/ Yoast SEO plugin. -->","yoast_head_json":{"title":"Toutes les informations sur notre soci\u00e9t\u00e9 | Vraiment Beau","description":"Les liens suivants vous m\u00e8neront \u00e0 toutes les informations sur Vraiment Beau: qui nous sommes, les raisons de nous choisir, des exemples de nos r\u00e9f\u00e9rences et de ce que pensent nos clients, et aussi nos conditions g\u00e9n\u00e9rales de ventes, les mentions l\u00e9gales et notre politique de protection de vos donn\u00e9es.","robots":{"index":"index","follow":"follow","max-snippet":"max-snippet:-1","max-image-preview":"max-image-preview:large","max-video-preview":"max-video-preview:-1"},"canonical":"https:\/\/www.vraimentbeau.com\/vb_blog\/infos\/","og_locale":"en_US","og_type":"article","og_title":"Toutes les informations sur notre soci\u00e9t\u00e9 | Vraiment Beau","og_description":"Les liens suivants vous m\u00e8neront \u00e0 toutes les informations sur Vraiment Beau: qui nous sommes, les raisons de nous choisir, des exemples de nos r\u00e9f\u00e9rences et de ce que pensent nos clients, et aussi nos conditions g\u00e9n\u00e9rales de ventes, les mentions l\u00e9gales et notre politique de protection de vos donn\u00e9es.","og_url":"https:\/\/www.vraimentbeau.com\/vb_blog\/infos\/","og_site_name":"Vraiment Beau","article_publisher":"https:\/\/www.facebook.com\/pages\/Vraiment-Beau\/123343387707501","article_modified_time":"2018-04-21T09:45:29+00:00","twitter_card":"summary_large_image","twitter_misc":{"Est. reading time":"1 minute"},"schema":{"@context":"https:\/\/schema.org","@graph":[{"@type":"WebPage","@id":"https:\/\/www.vraimentbeau.com\/vb_blog\/infos\/","url":"https:\/\/www.vraimentbeau.com\/vb_blog\/infos\/","name":"Toutes les informations sur notre soci\u00e9t\u00e9 | Vraiment Beau","isPartOf":{"@id":"https:\/\/www.vraimentbeau.com\/vb_blog\/#website"},"datePublished":"2018-02-25T14:29:22+00:00","dateModified":"2018-04-21T09:45:29+00:00","description":"Les liens suivants vous m\u00e8neront \u00e0 toutes les informations sur Vraiment Beau: qui nous sommes, les raisons de nous choisir, des exemples de nos r\u00e9f\u00e9rences et de ce que pensent nos clients, et aussi nos conditions g\u00e9n\u00e9rales de ventes, les mentions l\u00e9gales et notre politique de protection de vos donn\u00e9es.","breadcrumb":{"@id":"https:\/\/www.vraimentbeau.com\/vb_blog\/infos\/#breadcrumb"},"inLanguage":"en-US","potentialAction":[{"@type":"ReadAction","target":["https:\/\/www.vraimentbeau.com\/vb_blog\/infos\/"]}]},{"@type":"BreadcrumbList","@id":"https:\/\/www.vraimentbeau.com\/vb_blog\/infos\/#breadcrumb","itemListElement":[{"@type":"ListItem","position":1,"name":"Blog, Guides &amp; Infos","item":"https:\/\/www.vraimentbeau.com\/vb_blog\/"},{"@type":"ListItem","position":2,"name":"L&rsquo;information sur Vraiment Beau"}]},{"@type":"WebSite","@id":"https:\/\/www.vraimentbeau.com\/vb_blog\/#website","url":"https:\/\/www.vraimentbeau.com\/vb_blog\/","name":"Vraiment Beau","description":"Les plus beaux luminaires de l&#039;internet, et autres objets d\u00e9coratifs!","publisher":{"@id":"https:\/\/www.vraimentbeau.com\/vb_blog\/#organization"},"potentialAction":[{"@type":"SearchAction","target":{"@type":"EntryPoint","urlTemplate":"https:\/\/www.vraimentbeau.com\/vb_blog\/?s={search_term_string}"},"query-input":{"@type":"PropertyValueSpecification","valueRequired":true,"valueName":"search_term_string"}}],"inLanguage":"en-US"},{"@type":"Organization","@id":"https:\/\/www.vraimentbeau.com\/vb_blog\/#organization","name":"Vraiment Beau","url":"https:\/\/www.vraimentbeau.com\/vb_blog\/","logo":{"@type":"ImageObject","inLanguage":"en-US","@id":"https:\/\/www.vraimentbeau.com\/vb_blog\/#\/schema\/logo\/image\/","url":"https:\/\/vraimentbeau.com\/vb_blog\/wp-content\/uploads\/2018\/04\/logo-vraiment-beau.png","contentUrl":"https:\/\/vraimentbeau.com\/vb_blog\/wp-content\/uploads\/2018\/04\/logo-vraiment-beau.png","width":287,"height":44,"caption":"Vraiment Beau"},"image":{"@id":"https:\/\/www.vraimentbeau.com\/vb_blog\/#\/schema\/logo\/image\/"},"sameAs":["https:\/\/www.facebook.com\/pages\/Vraiment-Beau\/123343387707501","https:\/\/www.instagram.com\/vraimentbeau\/","https:\/\/www.pinterest.fr\/cdehautefage\/"]}]}},"_links":{"self":[{"href":"https:\/\/www.vraimentbeau.com\/vb_blog\/wp-json\/wp\/v2\/pages\/122","targetHints":{"allow":["GET"]}}],"collection":[{"href":"https:\/\/www.vraimentbeau.com\/vb_blog\/wp-json\/wp\/v2\/pages"}],"about":[{"href":"https:\/\/www.vraimentbeau.com\/vb_blog\/wp-json\/wp\/v2\/types\/page"}],"author":[{"embeddable":true,"href":"https:\/\/www.vraimentbeau.com\/vb_blog\/wp-json\/wp\/v2\/users\/1"}],"replies":[{"embeddable":true,"href":"https:\/\/www.vraimentbeau.com\/vb_blog\/wp-json\/wp\/v2\/comments?post=122"}],"version-history":[{"count":1,"href":"https:\/\/www.vraimentbeau.com\/vb_blog\/wp-json\/wp\/v2\/pages\/122\/revisions"}],"predecessor-version":[{"id":1310,"href":"https:\/\/www.vraimentbeau.com\/vb_blog\/wp-json\/wp\/v2\/pages\/122\/revisions\/1310"}],"wp:attachment":[{"href":"https:\/\/www.vraimentbeau.com\/vb_blog\/wp-json\/wp\/v2\/media?parent=122"}],"curies":[{"name":"wp","href":"https:\/\/api.w.org\/{rel}","templated":true}]}}