{"id":18,"date":"2018-02-21T12:00:13","date_gmt":"2018-02-21T11:00:13","guid":{"rendered":"http:\/\/localhost:8080\/vb_blog\/?page_id=18"},"modified":"2018-04-21T17:00:35","modified_gmt":"2018-04-21T15:00:35","slug":"guide-pratique","status":"publish","type":"page","link":"https:\/\/www.vraimentbeau.com\/vb_blog\/guide-pratique\/","title":{"rendered":"Tout notre Guide Pratique"},"content":{"rendered":"<div class=\"intro\">Tous nos conseils pour concevoir et r\u00e9aliser vos installations d&#8217;\u00e9clairage!<\/div>\n<p>Vous voulez dimensionner l&#8217;\u00e9clairage dont vous avez besoin pour votre pi\u00e8ce? Choisir les ampoules les plus adapt\u00e9es \u00e0 vos luminaires? Clarifier les termes que vous lisez dans les descriptions? Valider vos choix techniques?<\/p>\n<h2>Cliquez sur les liens bleus ci-dessous pour d\u00e9couvrir les diff\u00e9rentes pages avec tous les conseils de notre guide pratique:<\/h2>\n<ul>\n<li><a href=\"\/vb_blog\/index.php?page_id=67\">Introduction \u00e0 l&#8217;\u00e9clairage<\/a><br \/>\nD\u00e9couvrez les principes d&#8217;une ambiance r\u00e9ussie, et magnifiez votre d\u00e9coration ! Quelques luminaires bien choisis permettent de transformer votre int\u00e9rieur. Mais ceci n&#8217;est possible qu&#8217;en appliquant quelques r\u00e8gles simples. Nous vous d\u00e9voilons les secrets des sp\u00e9cialistes.<\/li>\n<li><a href=\"\/vb_blog\/index.php?page_id=151\">Nouvelles technologies de luminaires &#8211; comment s&#8217;y retrouver<\/a><br \/>\nUne description exhaustive des avantages et inconv\u00e9nients des nouvelles technologies d&#8217;\u00e9clairage (LED et ampoules fluo-compactes) avec des explications d\u00e9taill\u00e9es sur les param\u00e8tres techniques \u00e0 comprendre : rendement, flux lumineux en lumens, intensit\u00e9 lumineuse en candelas, etc.<\/li>\n<li><a href=\"\/vb_blog\/index.php?page_id=552\">Bien choisir vos LEDs<\/a><br \/>\nLes LEDs (DEL en fran\u00e7ais) offrent maintenant des solutions remarquables, \u00e0 condition de bien les choisir! Trouvez toutes les explications pour percer les discours marketing et choisir vos LEDs en fonction de vos besoins.<\/li>\n<li><a href=\"\/vb_blog\/index.php?page_id=452\">Jonglez avec les lux, les lumen et les candela<\/a><br \/>\nToutes les explications et un calculateur pour estimer vos besoins lumen \u00e0 partir de vos objectifs en lux&#8230;<\/li>\n<li><a href=\"\/vb_blog\/index.php?page_id=496\">Estimez vos besoins, avec nos deux calculateurs d&#8217;\u00e9clairage<\/a><br \/>\nDeux calculateurs ultra-faciles \u00e0 utiliser vous permettent de dimensionner les caract\u00e9ristiques et le nombre des luminaires \u00e0 installer en fonction de vos besoins en \u00e9clairage &#8211; et de vos choix d\u00e9coratifs. Gr\u00e2ce \u00e0 ces deux logiciels et aux explications associ\u00e9es, vous pouvez d\u00e8s maintenant choisir vos luminaire avec les crit\u00e8res utilis\u00e9s par les professionnels de l&#8217;\u00e9clairage !<\/li>\n<li><a href=\"\/vb_blog\/index.php?page_id=330\">Les diff\u00e9rents mod\u00e8les d&#8217;ampoules<\/a><br \/>\nUn guide simple et complet des diff\u00e9rents types d&#8217;ampoules, pour choisir le mod\u00e8le qu&#8217;il faut \u00e0 votre luminaire sans vous tromper. Fid\u00e8les \u00e0 nos principes, nous nous concentrons sur les ampoules halog\u00e8nes modernes et les LEDs, qui offrent \u00e9conomie d&#8217;\u00e9nergie et qualit\u00e9 esth\u00e9tique ind\u00e9niable.<\/li>\n<li><a href=\"\/vb_blog\/index.php?page_id=1035\">Comprendre les luminaires connect\u00e9s<\/a><br \/>\nComment \u00e9quiper vos luminaires simplement, et comment commencer une installation plus vaste sans peine?<\/li>\n<li><a href=\"\/vb_blog\/index.php?page_id=345\">Les lustres et suspensions<\/a><br \/>\nIncontournables, ces luminaires doivent \u00eatre choisis avec soin pour une atmosph\u00e8re r\u00e9ussie. Une classification et des explications essentielles pour guider votre choix.<\/li>\n<li><a href=\"\/vb_blog\/index.php?page_id=347\">Les appliques murales<\/a><br \/>\nConseils et recommandations pour choisir et int\u00e9grer harmonieusement \u00e0 votre d\u00e9coration ce type de luminaire.<\/li>\n<li><a href=\"\/vb_blog\/index.php?page_id=349\">Les lampes \u00e0 poser<\/a><br \/>\nIndispensables auxiliaires de votre ambiance lumineuse, les lampes de table ou lampes \u00e0 poser peuvent atteindre des objectifs d\u00e9coratifs tr\u00e8s diff\u00e9rents. Petite classification pour \u00e9clairer votre choix\u00a0!<\/li>\n<li><a href=\"\/vb_blog\/index.php?page_id=351\">Les balises lumineuses<\/a><br \/>\nLes balises deviennent incontournables pour tout jardin un petit peu soign\u00e9, pour illuminer les all\u00e9es, les massifs et les arbres, ou mettre en valeur un mur ou un petit monument. Quelques points \u00e0 garder \u00e0 l&#8217;esprit avant de se lancer.<\/li>\n<\/ul>\n<p>Vous pouvez aussi s\u00e9lectionner les pages qui vous int\u00e9ressent directement avec le menu d\u00e9roulant &#8220;Guide&#8221;, en haut de cette page.<\/p>\n<p>Enfin, vous pouvez\u00a0<a href=\"\/\">revenir \u00e0 notre catalogue de produits<\/a>, ou d\u00e9couvrir toutes nos <a href=\"\/boutique\/marques\/\">marques<\/a>.<\/p>\n","protected":false},"excerpt":{"rendered":"<p>Tous nos conseils pour concevoir et r\u00e9aliser vos installations d&#8217;\u00e9clairage! Vous voulez dimensionner l&#8217;\u00e9clairage dont vous avez besoin pour votre pi\u00e8ce? Choisir les ampoules les plus adapt\u00e9es \u00e0 vos luminaires? Clarifier les termes que vous lisez dans les descriptions? Valider vos choix techniques? Cliquez sur les liens bleus ci-dessous pour d\u00e9couvrir les diff\u00e9rentes pages avec [&hellip;]<\/p>\n","protected":false},"author":1,"featured_media":0,"parent":0,"menu_order":1,"comment_status":"closed","ping_status":"closed","template":"","meta":{"_acf_changed":false,"footnotes":""},"class_list":["post-18","page","type-page","status-publish","hentry"],"acf":[],"yoast_head":"<!-- This site is optimized with the Yoast SEO plugin v24.0 - https:\/\/yoast.com\/wordpress\/plugins\/seo\/ -->\n<title>Tous nos conseils pour concevoir vos \u00e9clairages | Vraiment Beau<\/title>\n<meta name=\"description\" content=\"Tous nos conseils pour concevoir, dimensionner et installer vos \u00e9clairages. D\u00e9couvrez aussi comment choisir les ampoules les mieux adapt\u00e9es, et comment positionner vos luminaires en fonction de leurs caract\u00e9ristiques et de votre pi\u00e8ce.\" \/>\n<meta name=\"robots\" content=\"index, follow, max-snippet:-1, max-image-preview:large, max-video-preview:-1\" \/>\n<link rel=\"canonical\" href=\"https:\/\/www.vraimentbeau.com\/vb_blog\/guide-pratique\/\" \/>\n<meta property=\"og:locale\" content=\"en_US\" \/>\n<meta property=\"og:type\" content=\"article\" \/>\n<meta property=\"og:title\" content=\"Tous nos conseils pour concevoir vos \u00e9clairages | Vraiment Beau\" \/>\n<meta property=\"og:description\" content=\"Tous nos conseils pour concevoir, dimensionner et installer vos \u00e9clairages. D\u00e9couvrez aussi comment choisir les ampoules les mieux adapt\u00e9es, et comment positionner vos luminaires en fonction de leurs caract\u00e9ristiques et de votre pi\u00e8ce.\" \/>\n<meta property=\"og:url\" content=\"https:\/\/www.vraimentbeau.com\/vb_blog\/guide-pratique\/\" \/>\n<meta property=\"og:site_name\" content=\"Vraiment Beau\" \/>\n<meta property=\"article:publisher\" content=\"https:\/\/www.facebook.com\/pages\/Vraiment-Beau\/123343387707501\" \/>\n<meta property=\"article:modified_time\" content=\"2018-04-21T15:00:35+00:00\" \/>\n<meta name=\"twitter:card\" content=\"summary_large_image\" \/>\n<meta name=\"twitter:label1\" content=\"Est. reading time\" \/>\n\t<meta name=\"twitter:data1\" content=\"3 minutes\" \/>\n<script type=\"application\/ld+json\" class=\"yoast-schema-graph\">{\"@context\":\"https:\/\/schema.org\",\"@graph\":[{\"@type\":\"WebPage\",\"@id\":\"https:\/\/www.vraimentbeau.com\/vb_blog\/guide-pratique\/\",\"url\":\"https:\/\/www.vraimentbeau.com\/vb_blog\/guide-pratique\/\",\"name\":\"Tous nos conseils pour concevoir vos \u00e9clairages | Vraiment Beau\",\"isPartOf\":{\"@id\":\"https:\/\/www.vraimentbeau.com\/vb_blog\/#website\"},\"datePublished\":\"2018-02-21T11:00:13+00:00\",\"dateModified\":\"2018-04-21T15:00:35+00:00\",\"description\":\"Tous nos conseils pour concevoir, dimensionner et installer vos \u00e9clairages. D\u00e9couvrez aussi comment choisir les ampoules les mieux adapt\u00e9es, et comment positionner vos luminaires en fonction de leurs caract\u00e9ristiques et de votre pi\u00e8ce.\",\"breadcrumb\":{\"@id\":\"https:\/\/www.vraimentbeau.com\/vb_blog\/guide-pratique\/#breadcrumb\"},\"inLanguage\":\"en-US\",\"potentialAction\":[{\"@type\":\"ReadAction\",\"target\":[\"https:\/\/www.vraimentbeau.com\/vb_blog\/guide-pratique\/\"]}]},{\"@type\":\"BreadcrumbList\",\"@id\":\"https:\/\/www.vraimentbeau.com\/vb_blog\/guide-pratique\/#breadcrumb\",\"itemListElement\":[{\"@type\":\"ListItem\",\"position\":1,\"name\":\"Blog, Guides &amp; Infos\",\"item\":\"https:\/\/www.vraimentbeau.com\/vb_blog\/\"},{\"@type\":\"ListItem\",\"position\":2,\"name\":\"Tout notre Guide Pratique\"}]},{\"@type\":\"WebSite\",\"@id\":\"https:\/\/www.vraimentbeau.com\/vb_blog\/#website\",\"url\":\"https:\/\/www.vraimentbeau.com\/vb_blog\/\",\"name\":\"Vraiment Beau\",\"description\":\"Les plus beaux luminaires de l&#039;internet, et autres objets d\u00e9coratifs!\",\"publisher\":{\"@id\":\"https:\/\/www.vraimentbeau.com\/vb_blog\/#organization\"},\"potentialAction\":[{\"@type\":\"SearchAction\",\"target\":{\"@type\":\"EntryPoint\",\"urlTemplate\":\"https:\/\/www.vraimentbeau.com\/vb_blog\/?s={search_term_string}\"},\"query-input\":{\"@type\":\"PropertyValueSpecification\",\"valueRequired\":true,\"valueName\":\"search_term_string\"}}],\"inLanguage\":\"en-US\"},{\"@type\":\"Organization\",\"@id\":\"https:\/\/www.vraimentbeau.com\/vb_blog\/#organization\",\"name\":\"Vraiment Beau\",\"url\":\"https:\/\/www.vraimentbeau.com\/vb_blog\/\",\"logo\":{\"@type\":\"ImageObject\",\"inLanguage\":\"en-US\",\"@id\":\"https:\/\/www.vraimentbeau.com\/vb_blog\/#\/schema\/logo\/image\/\",\"url\":\"https:\/\/vraimentbeau.com\/vb_blog\/wp-content\/uploads\/2018\/04\/logo-vraiment-beau.png\",\"contentUrl\":\"https:\/\/vraimentbeau.com\/vb_blog\/wp-content\/uploads\/2018\/04\/logo-vraiment-beau.png\",\"width\":287,\"height\":44,\"caption\":\"Vraiment Beau\"},\"image\":{\"@id\":\"https:\/\/www.vraimentbeau.com\/vb_blog\/#\/schema\/logo\/image\/\"},\"sameAs\":[\"https:\/\/www.facebook.com\/pages\/Vraiment-Beau\/123343387707501\",\"https:\/\/www.instagram.com\/vraimentbeau\/\",\"https:\/\/www.pinterest.fr\/cdehautefage\/\"]}]}<\/script>\n<!-- \/ Yoast SEO plugin. -->","yoast_head_json":{"title":"Tous nos conseils pour concevoir vos \u00e9clairages | Vraiment Beau","description":"Tous nos conseils pour concevoir, dimensionner et installer vos \u00e9clairages. D\u00e9couvrez aussi comment choisir les ampoules les mieux adapt\u00e9es, et comment positionner vos luminaires en fonction de leurs caract\u00e9ristiques et de votre pi\u00e8ce.","robots":{"index":"index","follow":"follow","max-snippet":"max-snippet:-1","max-image-preview":"max-image-preview:large","max-video-preview":"max-video-preview:-1"},"canonical":"https:\/\/www.vraimentbeau.com\/vb_blog\/guide-pratique\/","og_locale":"en_US","og_type":"article","og_title":"Tous nos conseils pour concevoir vos \u00e9clairages | Vraiment Beau","og_description":"Tous nos conseils pour concevoir, dimensionner et installer vos \u00e9clairages. D\u00e9couvrez aussi comment choisir les ampoules les mieux adapt\u00e9es, et comment positionner vos luminaires en fonction de leurs caract\u00e9ristiques et de votre pi\u00e8ce.","og_url":"https:\/\/www.vraimentbeau.com\/vb_blog\/guide-pratique\/","og_site_name":"Vraiment Beau","article_publisher":"https:\/\/www.facebook.com\/pages\/Vraiment-Beau\/123343387707501","article_modified_time":"2018-04-21T15:00:35+00:00","twitter_card":"summary_large_image","twitter_misc":{"Est. reading time":"3 minutes"},"schema":{"@context":"https:\/\/schema.org","@graph":[{"@type":"WebPage","@id":"https:\/\/www.vraimentbeau.com\/vb_blog\/guide-pratique\/","url":"https:\/\/www.vraimentbeau.com\/vb_blog\/guide-pratique\/","name":"Tous nos conseils pour concevoir vos \u00e9clairages | Vraiment Beau","isPartOf":{"@id":"https:\/\/www.vraimentbeau.com\/vb_blog\/#website"},"datePublished":"2018-02-21T11:00:13+00:00","dateModified":"2018-04-21T15:00:35+00:00","description":"Tous nos conseils pour concevoir, dimensionner et installer vos \u00e9clairages. D\u00e9couvrez aussi comment choisir les ampoules les mieux adapt\u00e9es, et comment positionner vos luminaires en fonction de leurs caract\u00e9ristiques et de votre pi\u00e8ce.","breadcrumb":{"@id":"https:\/\/www.vraimentbeau.com\/vb_blog\/guide-pratique\/#breadcrumb"},"inLanguage":"en-US","potentialAction":[{"@type":"ReadAction","target":["https:\/\/www.vraimentbeau.com\/vb_blog\/guide-pratique\/"]}]},{"@type":"BreadcrumbList","@id":"https:\/\/www.vraimentbeau.com\/vb_blog\/guide-pratique\/#breadcrumb","itemListElement":[{"@type":"ListItem","position":1,"name":"Blog, Guides &amp; Infos","item":"https:\/\/www.vraimentbeau.com\/vb_blog\/"},{"@type":"ListItem","position":2,"name":"Tout notre Guide Pratique"}]},{"@type":"WebSite","@id":"https:\/\/www.vraimentbeau.com\/vb_blog\/#website","url":"https:\/\/www.vraimentbeau.com\/vb_blog\/","name":"Vraiment Beau","description":"Les plus beaux luminaires de l&#039;internet, et autres objets d\u00e9coratifs!","publisher":{"@id":"https:\/\/www.vraimentbeau.com\/vb_blog\/#organization"},"potentialAction":[{"@type":"SearchAction","target":{"@type":"EntryPoint","urlTemplate":"https:\/\/www.vraimentbeau.com\/vb_blog\/?s={search_term_string}"},"query-input":{"@type":"PropertyValueSpecification","valueRequired":true,"valueName":"search_term_string"}}],"inLanguage":"en-US"},{"@type":"Organization","@id":"https:\/\/www.vraimentbeau.com\/vb_blog\/#organization","name":"Vraiment Beau","url":"https:\/\/www.vraimentbeau.com\/vb_blog\/","logo":{"@type":"ImageObject","inLanguage":"en-US","@id":"https:\/\/www.vraimentbeau.com\/vb_blog\/#\/schema\/logo\/image\/","url":"https:\/\/vraimentbeau.com\/vb_blog\/wp-content\/uploads\/2018\/04\/logo-vraiment-beau.png","contentUrl":"https:\/\/vraimentbeau.com\/vb_blog\/wp-content\/uploads\/2018\/04\/logo-vraiment-beau.png","width":287,"height":44,"caption":"Vraiment Beau"},"image":{"@id":"https:\/\/www.vraimentbeau.com\/vb_blog\/#\/schema\/logo\/image\/"},"sameAs":["https:\/\/www.facebook.com\/pages\/Vraiment-Beau\/123343387707501","https:\/\/www.instagram.com\/vraimentbeau\/","https:\/\/www.pinterest.fr\/cdehautefage\/"]}]}},"_links":{"self":[{"href":"https:\/\/www.vraimentbeau.com\/vb_blog\/wp-json\/wp\/v2\/pages\/18","targetHints":{"allow":["GET"]}}],"collection":[{"href":"https:\/\/www.vraimentbeau.com\/vb_blog\/wp-json\/wp\/v2\/pages"}],"about":[{"href":"https:\/\/www.vraimentbeau.com\/vb_blog\/wp-json\/wp\/v2\/types\/page"}],"author":[{"embeddable":true,"href":"https:\/\/www.vraimentbeau.com\/vb_blog\/wp-json\/wp\/v2\/users\/1"}],"replies":[{"embeddable":true,"href":"https:\/\/www.vraimentbeau.com\/vb_blog\/wp-json\/wp\/v2\/comments?post=18"}],"version-history":[{"count":2,"href":"https:\/\/www.vraimentbeau.com\/vb_blog\/wp-json\/wp\/v2\/pages\/18\/revisions"}],"predecessor-version":[{"id":1594,"href":"https:\/\/www.vraimentbeau.com\/vb_blog\/wp-json\/wp\/v2\/pages\/18\/revisions\/1594"}],"wp:attachment":[{"href":"https:\/\/www.vraimentbeau.com\/vb_blog\/wp-json\/wp\/v2\/media?parent=18"}],"curies":[{"name":"wp","href":"https:\/\/api.w.org\/{rel}","templated":true}]}}