{"id":1933,"date":"2019-08-27T15:35:49","date_gmt":"2019-08-27T13:35:49","guid":{"rendered":"https:\/\/www.vraimentbeau.com\/vb_blog\/?page_id=1933"},"modified":"2023-02-17T18:31:33","modified_gmt":"2023-02-17T17:31:33","slug":"les-ventilateurs-de-plafond-sont-bien-preferables-a-la-climatisation","status":"publish","type":"page","link":"https:\/\/www.vraimentbeau.com\/vb_blog\/guide-pratique\/les-ventilateurs-de-plafond-sont-bien-preferables-a-la-climatisation\/","title":{"rendered":"Les ventilateurs de plafond"},"content":{"rendered":"<h3>Une solution bien pr\u00e9f\u00e9rable \u00e0 la climatisation pour se rafra\u00eechir l&#8217;\u00e9t\u00e9<\/h3>\n<div style=\"padding: 10px 0px; max-width: 829px; text-align: center; font-size: 0.7em; font-style: italic;\"><img decoding=\"async\" class=\"size-full wp-image-1942\" style=\"display: block; margin: 10px auto;\" src=\"\/vb_blog\/wp-content\/uploads\/2019\/08\/Le-colonial3.jpg\" alt=\"Ventilateurs de plafond dans un restaurant\" width=\"100%\" height=\"auto\" srcset=\"https:\/\/www.vraimentbeau.com\/vb_blog\/wp-content\/uploads\/2019\/08\/Le-colonial3.jpg 829w, https:\/\/www.vraimentbeau.com\/vb_blog\/wp-content\/uploads\/2019\/08\/Le-colonial3-300x137.jpg 300w, https:\/\/www.vraimentbeau.com\/vb_blog\/wp-content\/uploads\/2019\/08\/Le-colonial3-768x350.jpg 768w\" sizes=\"(max-width: 829px) 100vw, 829px\" \/>Ventilateurs de plafond dans la salle du restaurant Colonial \u00e0 Chicago<\/div>\n<h2>Dans la plupart des circonstances, un bon ventilateur de plafond pr\u00e9sente bien des avantages par rapport \u00e0 un climatiseur:<\/h2>\n<ul>\n<li><strong>Consommation \u00e9nerg\u00e9tique 30 \u00e0 50 fois inf\u00e9rieure<\/strong> \u2013 Un ventilateur de plafond puissant consomme 50 \u00e0 75W \u00e0 pleine puissance, et typiquement 20 \u00e0 30W \u00e0 puissance r\u00e9duite, bien suffisante la nuit. Un climatiseur individuel consomme un minimum de 1000W (puissance \u00e9lectrique absorb\u00e9e) \u2013 C&#8217;est 30 \u00e0 50 fois plus de consommation sur votre facture EDF !<\/li>\n<li><strong>Pas de rhume ni d&#8217;allergie <\/strong>&#8211; Un ventilateur brasse l&#8217;air dans lequel vous vous trouvez, ce qui am\u00e9liore les \u00e9changes thermiques entre votre corps et l&#8217;air ambiant, et permet un meilleur fonctionnement du m\u00e9canisme de r\u00e9gulation thermique dont la nature vous a dot\u00e9. Le ventilateur ne refroidit pas la temp\u00e9rature de la pi\u00e8ce. Donc pas d&#8217;effet de chaud et froid \u00e0 craindre, ni de rhume ou d&#8217;angine en plein \u00e9t\u00e9 !<\/li>\n<li><strong>Facilit\u00e9 d&#8217;installation<\/strong> &#8211; Vous disposez d&#8217;une arriv\u00e9e \u00e9lectrique de plafond pr\u00e9vue pour installer une suspension ? C&#8217;est tout ce qu&#8217;il vous faut ! Le ventilateur se fixe comme un lustre, et se branche sur cette arriv\u00e9e de courant. Inversement, pour fonctionner, un climatiseur doit obligatoirement \u00eatre raccord\u00e9 \u00e0 l&#8217;ext\u00e9rieur pour \u00e9vacuer les calories pr\u00e9lev\u00e9es sur l&#8217;air de la pi\u00e8ce. Ce qui demande soit de laisser la fen\u00eatre ouverte pour laisser passer un gros tuyau (ce qui est un non-sens quand on veut justement refroidir la temp\u00e9rature de la pi\u00e8ce), soit dans le cas de climatiseurs \u00e0 poste fixe, le per\u00e7age de trous dans le mur ext\u00e9rieur de votre habitation et l&#8217;intervention d&#8217;un installateur sp\u00e9cialis\u00e9. Pour un appartement, ceci n\u00e9cessite une autorisation de la copropri\u00e9t\u00e9. A l&#8217;ext\u00e9rieur, il faut enfin installer un bloc technique disgracieux et encombrant.<\/li>\n<li><strong>Silence de fonctionnement <\/strong>&#8211; Un ventilateur de plafond de qualit\u00e9 (par exemple ceux que propose Vraiment Beau est totalement silencieux. Les climatiseurs d&#8217;appoint vendus dans le commerce g\u00e9n\u00e8rent un niveau sonore typique de 50dB \u00e0 55dB \u2013 le bruit d&#8217;une radio allum\u00e9e, ou d&#8217;une machine \u00e0 laver en fonctionnement. Pas facile \u00e0 concilier avec un sommeil reposant.<\/li>\n<li><strong>Avantage d\u00e9coration<\/strong> &#8211; les fabricants de ventilateurs de plafond proposent de nombreux mod\u00e8les, int\u00e9grables dans la plupart des int\u00e9rieurs, qui apportent un plus d\u00e9coratif original et particuli\u00e8rement esth\u00e9tique. Les climatiseurs individuels sont tristement habill\u00e9s de plastique blanc, qui leur conf\u00e8re un design d&#8217;appareil \u00e9lectrom\u00e9nager: pas Vraiment Beau !<\/li>\n<li><strong>Durabilit\u00e9<\/strong> &#8211; Un ventilateur de plafond de qualit\u00e9 durera des dizaines d&#8217;ann\u00e9es sans r\u00e9paration, alors qu&#8217;un climatiseur d&#8217;appoint vieillit tr\u00e8s vite: apr\u00e8s seulement quelques ann\u00e9es, les tuyaux de connexion se d\u00e9litent, et le fluide frigorifique doit \u00eatre chang\u00e9.<\/li>\n<li><strong>Pas de manutention<\/strong> &#8211; Un climatiseur d&#8217;appoint de servira que quelques semaines par an. Le reste du temps, vous devrez le stocker quelque part hors de vue, ce qui n&#8217;est pas simple avec des ensembles qui p\u00e8sent plusieurs dizaines de kilos, attach\u00e9s \u00e0 des tuyaux et plein d&#8217;eau. Un beau ventilateur de plafond d\u00e9corera toujours votre pi\u00e8ce, quelque soit la saison.<\/li>\n<\/ul>\n<p>Quels sont alors les avantages des climatiseurs ? Il sont particuli\u00e8rement utiles dans les cas suivants :<\/p>\n<ul>\n<li>En cas de chaleur vraiment accablante ;<\/li>\n<li>En cas de chaleur tr\u00e8s humide puisqu&#8217;ils d\u00e9shydratent l&#8217;air ;<\/li>\n<li>Dans une enceinte directement expos\u00e9e au soleil comme une voiture l&#8217;\u00e9t\u00e9.<\/li>\n<\/ul>\n<p>Pour un refroidissement efficace dans ces conditions, vous devrez toutefois pr\u00e9voir un climatiseur de grande puissance, ce qui est tr\u00e8s rare dans le cas des climatiseurs d&#8217;appoint.<\/p>\n<p>Conclusion : sous nos latitudes, m\u00eame m\u00e9ridionales, un ventilateur de plafond est une solution bien plus saine, esth\u00e9tique et \u00e9conomique qu&#8217;un climatiseur fixe ou amovible.<\/p>\n<h2>Quelques points \u00e0 noter pour choisir un ventilateur:<\/h2>\n<p>Les ventilateurs de plafond, de grande dimension, ont une efficacit\u00e9 a\u00e9rodynamique bien sup\u00e9rieure aux petits mod\u00e8les \u00e0 poser : la quantit\u00e9 d&#8217;air brass\u00e9e est maximale pour une consommation \u00e9lectrique optimale. Leurs larges pales rafra\u00eechissent la totalit\u00e9 de la surface d&#8217;un lit.<\/p>\n<p>Par ailleurs, le silence de leur fonctionnement d\u00e9pend enti\u00e8rement de la qualit\u00e9 de leur fabrication: qualit\u00e9 du moteur et des roulements, profil et rigidit\u00e9 des pales, pr\u00e9cision de leur assemblage pour \u00e9viter les vibrations. On trouve des ventilateurs de plafond \u00e0 tous les prix, mais n&#8217;attendez pas un fonctionnement silencieux avec les mod\u00e8les les plus \u00e9conomiques.<\/p>\n<p>Enfin, faut-il se laisser tenter par un ventilateur dot\u00e9 de lampes ? Ils sont appr\u00e9ci\u00e9s, notamment pour recr\u00e9er des ambiances sp\u00e9cifiques, souvent de bars ou d&#8217;h\u00f4tels. Mais chez Vraiment Beau, nous aimons les beaux luminaires, et il est tr\u00e8s difficile de trouver un beau ventilateur de qualit\u00e9 dot\u00e9 d&#8217;un beau luminaire \u00e9mettant une belle lumi\u00e8re. Nous pensons aussi qu&#8217;un beau ventilateur \u00e9pur\u00e9 est intemporel, mais qu&#8217;un ventilateur alourdi par une lampe s&#8217;int\u00e8gre plus difficilement dans le d\u00e9cor d&#8217;une pi\u00e8ce et finit par lasser.<\/p>\n<h2>Les astuces pour installer et profiter d&#8217;un ventilateur de plafond :<\/h2>\n<ul>\n<li>Pour un fonctionnement optimal, le bas du ventilateur devrait se trouver environ 2,40 m\u00e8tres du sol ;<\/li>\n<li>Un excellent endroit pour placer votre ventilateur est l&#8217;arriv\u00e9e d&#8217;\u00e9lectricit\u00e9 qui se trouve au plafond au-dessus ou pr\u00e8s de votre lit ;<\/li>\n<li>Pour dormir en plein \u00e9t\u00e9 mais profiter au maximum de l&#8217;efficacit\u00e9 du ventilateur, ne portez que des v\u00eatement de nuit tr\u00e8s l\u00e9ger \u2013 ou dormez nu \u2013 et ne vous recouvrez que d&#8217;un drap de coton. Un fonctionnement au ralenti suffit m\u00eame pendant les plus chaudes nuits au sud de la France. Il n&#8217;est donc pas n\u00e9cessaire de laisser votre ventilateur \u00e0 puissance maximale ;<\/li>\n<li>Astuce : on peut aussi se servir de son ventilateur en plein hiver, en particulier dans les pi\u00e8ces hautes de plafond (mezzanines, chalets&#8230;) ! Il permet un brassage efficace de l&#8217;air de la pi\u00e8ce, ce qui permet d&#8217;optimiser l&#8217;efficacit\u00e9 de votre chauffage et de faire circuler vers le bas l&#8217;air chaud qui a tendance \u00e0 s&#8217;accumuler sous le plafond.<\/li>\n<\/ul>\n","protected":false},"excerpt":{"rendered":"<p>Une solution bien pr\u00e9f\u00e9rable \u00e0 la climatisation pour se rafra\u00eechir l&#8217;\u00e9t\u00e9 Ventilateurs de plafond dans la salle du restaurant Colonial \u00e0 Chicago Dans la plupart des circonstances, un bon ventilateur de plafond pr\u00e9sente bien des avantages par rapport \u00e0 un climatiseur: Consommation \u00e9nerg\u00e9tique 30 \u00e0 50 fois inf\u00e9rieure \u2013 Un ventilateur de plafond puissant consomme [&hellip;]<\/p>\n","protected":false},"author":1,"featured_media":0,"parent":18,"menu_order":12,"comment_status":"closed","ping_status":"closed","template":"","meta":{"_acf_changed":false,"footnotes":""},"class_list":["post-1933","page","type-page","status-publish","hentry"],"acf":[],"yoast_head":"<!-- This site is optimized with the Yoast SEO plugin v24.0 - https:\/\/yoast.com\/wordpress\/plugins\/seo\/ -->\n<title>Les ventilateurs de plafond | Vraiment Beau<\/title>\n<meta name=\"description\" content=\"Un bon ventilateur de plafond pr\u00e9sente bien des avantages par rapport \u00e0 un climatiseur. D\u00e9couvrez en les raisons sur Vraiment Beau.\" \/>\n<meta name=\"robots\" content=\"index, follow, max-snippet:-1, max-image-preview:large, max-video-preview:-1\" \/>\n<link rel=\"canonical\" href=\"https:\/\/www.vraimentbeau.com\/vb_blog\/guide-pratique\/les-ventilateurs-de-plafond-sont-bien-preferables-a-la-climatisation\/\" \/>\n<meta property=\"og:locale\" content=\"en_US\" \/>\n<meta property=\"og:type\" content=\"article\" \/>\n<meta property=\"og:title\" content=\"Les ventilateurs de plafond | Vraiment Beau\" \/>\n<meta property=\"og:description\" content=\"Un bon ventilateur de plafond pr\u00e9sente bien des avantages par rapport \u00e0 un climatiseur. D\u00e9couvrez en les raisons sur Vraiment Beau.\" \/>\n<meta property=\"og:url\" content=\"https:\/\/www.vraimentbeau.com\/vb_blog\/guide-pratique\/les-ventilateurs-de-plafond-sont-bien-preferables-a-la-climatisation\/\" \/>\n<meta property=\"og:site_name\" content=\"Vraiment Beau\" \/>\n<meta property=\"article:publisher\" content=\"https:\/\/www.facebook.com\/pages\/Vraiment-Beau\/123343387707501\" \/>\n<meta property=\"article:modified_time\" content=\"2023-02-17T17:31:33+00:00\" \/>\n<meta name=\"twitter:card\" content=\"summary_large_image\" \/>\n<meta name=\"twitter:label1\" content=\"Est. reading time\" \/>\n\t<meta name=\"twitter:data1\" content=\"5 minutes\" \/>\n<script type=\"application\/ld+json\" class=\"yoast-schema-graph\">{\"@context\":\"https:\/\/schema.org\",\"@graph\":[{\"@type\":\"WebPage\",\"@id\":\"https:\/\/www.vraimentbeau.com\/vb_blog\/guide-pratique\/les-ventilateurs-de-plafond-sont-bien-preferables-a-la-climatisation\/\",\"url\":\"https:\/\/www.vraimentbeau.com\/vb_blog\/guide-pratique\/les-ventilateurs-de-plafond-sont-bien-preferables-a-la-climatisation\/\",\"name\":\"Les ventilateurs de plafond | Vraiment Beau\",\"isPartOf\":{\"@id\":\"https:\/\/www.vraimentbeau.com\/vb_blog\/#website\"},\"datePublished\":\"2019-08-27T13:35:49+00:00\",\"dateModified\":\"2023-02-17T17:31:33+00:00\",\"description\":\"Un bon ventilateur de plafond pr\u00e9sente bien des avantages par rapport \u00e0 un climatiseur. D\u00e9couvrez en les raisons sur Vraiment Beau.\",\"breadcrumb\":{\"@id\":\"https:\/\/www.vraimentbeau.com\/vb_blog\/guide-pratique\/les-ventilateurs-de-plafond-sont-bien-preferables-a-la-climatisation\/#breadcrumb\"},\"inLanguage\":\"en-US\",\"potentialAction\":[{\"@type\":\"ReadAction\",\"target\":[\"https:\/\/www.vraimentbeau.com\/vb_blog\/guide-pratique\/les-ventilateurs-de-plafond-sont-bien-preferables-a-la-climatisation\/\"]}]},{\"@type\":\"BreadcrumbList\",\"@id\":\"https:\/\/www.vraimentbeau.com\/vb_blog\/guide-pratique\/les-ventilateurs-de-plafond-sont-bien-preferables-a-la-climatisation\/#breadcrumb\",\"itemListElement\":[{\"@type\":\"ListItem\",\"position\":1,\"name\":\"Blog, Guides &amp; Infos\",\"item\":\"https:\/\/www.vraimentbeau.com\/vb_blog\/\"},{\"@type\":\"ListItem\",\"position\":2,\"name\":\"Tout notre Guide Pratique\",\"item\":\"https:\/\/www.vraimentbeau.com\/vb_blog\/guide-pratique\/\"},{\"@type\":\"ListItem\",\"position\":3,\"name\":\"Les ventilateurs de plafond\"}]},{\"@type\":\"WebSite\",\"@id\":\"https:\/\/www.vraimentbeau.com\/vb_blog\/#website\",\"url\":\"https:\/\/www.vraimentbeau.com\/vb_blog\/\",\"name\":\"Vraiment Beau\",\"description\":\"Les plus beaux luminaires de l&#039;internet, et autres objets d\u00e9coratifs!\",\"publisher\":{\"@id\":\"https:\/\/www.vraimentbeau.com\/vb_blog\/#organization\"},\"potentialAction\":[{\"@type\":\"SearchAction\",\"target\":{\"@type\":\"EntryPoint\",\"urlTemplate\":\"https:\/\/www.vraimentbeau.com\/vb_blog\/?s={search_term_string}\"},\"query-input\":{\"@type\":\"PropertyValueSpecification\",\"valueRequired\":true,\"valueName\":\"search_term_string\"}}],\"inLanguage\":\"en-US\"},{\"@type\":\"Organization\",\"@id\":\"https:\/\/www.vraimentbeau.com\/vb_blog\/#organization\",\"name\":\"Vraiment Beau\",\"url\":\"https:\/\/www.vraimentbeau.com\/vb_blog\/\",\"logo\":{\"@type\":\"ImageObject\",\"inLanguage\":\"en-US\",\"@id\":\"https:\/\/www.vraimentbeau.com\/vb_blog\/#\/schema\/logo\/image\/\",\"url\":\"https:\/\/vraimentbeau.com\/vb_blog\/wp-content\/uploads\/2018\/04\/logo-vraiment-beau.png\",\"contentUrl\":\"https:\/\/vraimentbeau.com\/vb_blog\/wp-content\/uploads\/2018\/04\/logo-vraiment-beau.png\",\"width\":287,\"height\":44,\"caption\":\"Vraiment Beau\"},\"image\":{\"@id\":\"https:\/\/www.vraimentbeau.com\/vb_blog\/#\/schema\/logo\/image\/\"},\"sameAs\":[\"https:\/\/www.facebook.com\/pages\/Vraiment-Beau\/123343387707501\",\"https:\/\/www.instagram.com\/vraimentbeau\/\",\"https:\/\/www.pinterest.fr\/cdehautefage\/\"]}]}<\/script>\n<!-- \/ Yoast SEO plugin. -->","yoast_head_json":{"title":"Les ventilateurs de plafond | Vraiment Beau","description":"Un bon ventilateur de plafond pr\u00e9sente bien des avantages par rapport \u00e0 un climatiseur. D\u00e9couvrez en les raisons sur Vraiment Beau.","robots":{"index":"index","follow":"follow","max-snippet":"max-snippet:-1","max-image-preview":"max-image-preview:large","max-video-preview":"max-video-preview:-1"},"canonical":"https:\/\/www.vraimentbeau.com\/vb_blog\/guide-pratique\/les-ventilateurs-de-plafond-sont-bien-preferables-a-la-climatisation\/","og_locale":"en_US","og_type":"article","og_title":"Les ventilateurs de plafond | Vraiment Beau","og_description":"Un bon ventilateur de plafond pr\u00e9sente bien des avantages par rapport \u00e0 un climatiseur. D\u00e9couvrez en les raisons sur Vraiment Beau.","og_url":"https:\/\/www.vraimentbeau.com\/vb_blog\/guide-pratique\/les-ventilateurs-de-plafond-sont-bien-preferables-a-la-climatisation\/","og_site_name":"Vraiment Beau","article_publisher":"https:\/\/www.facebook.com\/pages\/Vraiment-Beau\/123343387707501","article_modified_time":"2023-02-17T17:31:33+00:00","twitter_card":"summary_large_image","twitter_misc":{"Est. reading time":"5 minutes"},"schema":{"@context":"https:\/\/schema.org","@graph":[{"@type":"WebPage","@id":"https:\/\/www.vraimentbeau.com\/vb_blog\/guide-pratique\/les-ventilateurs-de-plafond-sont-bien-preferables-a-la-climatisation\/","url":"https:\/\/www.vraimentbeau.com\/vb_blog\/guide-pratique\/les-ventilateurs-de-plafond-sont-bien-preferables-a-la-climatisation\/","name":"Les ventilateurs de plafond | Vraiment Beau","isPartOf":{"@id":"https:\/\/www.vraimentbeau.com\/vb_blog\/#website"},"datePublished":"2019-08-27T13:35:49+00:00","dateModified":"2023-02-17T17:31:33+00:00","description":"Un bon ventilateur de plafond pr\u00e9sente bien des avantages par rapport \u00e0 un climatiseur. D\u00e9couvrez en les raisons sur Vraiment Beau.","breadcrumb":{"@id":"https:\/\/www.vraimentbeau.com\/vb_blog\/guide-pratique\/les-ventilateurs-de-plafond-sont-bien-preferables-a-la-climatisation\/#breadcrumb"},"inLanguage":"en-US","potentialAction":[{"@type":"ReadAction","target":["https:\/\/www.vraimentbeau.com\/vb_blog\/guide-pratique\/les-ventilateurs-de-plafond-sont-bien-preferables-a-la-climatisation\/"]}]},{"@type":"BreadcrumbList","@id":"https:\/\/www.vraimentbeau.com\/vb_blog\/guide-pratique\/les-ventilateurs-de-plafond-sont-bien-preferables-a-la-climatisation\/#breadcrumb","itemListElement":[{"@type":"ListItem","position":1,"name":"Blog, Guides &amp; Infos","item":"https:\/\/www.vraimentbeau.com\/vb_blog\/"},{"@type":"ListItem","position":2,"name":"Tout notre Guide Pratique","item":"https:\/\/www.vraimentbeau.com\/vb_blog\/guide-pratique\/"},{"@type":"ListItem","position":3,"name":"Les ventilateurs de plafond"}]},{"@type":"WebSite","@id":"https:\/\/www.vraimentbeau.com\/vb_blog\/#website","url":"https:\/\/www.vraimentbeau.com\/vb_blog\/","name":"Vraiment Beau","description":"Les plus beaux luminaires de l&#039;internet, et autres objets d\u00e9coratifs!","publisher":{"@id":"https:\/\/www.vraimentbeau.com\/vb_blog\/#organization"},"potentialAction":[{"@type":"SearchAction","target":{"@type":"EntryPoint","urlTemplate":"https:\/\/www.vraimentbeau.com\/vb_blog\/?s={search_term_string}"},"query-input":{"@type":"PropertyValueSpecification","valueRequired":true,"valueName":"search_term_string"}}],"inLanguage":"en-US"},{"@type":"Organization","@id":"https:\/\/www.vraimentbeau.com\/vb_blog\/#organization","name":"Vraiment Beau","url":"https:\/\/www.vraimentbeau.com\/vb_blog\/","logo":{"@type":"ImageObject","inLanguage":"en-US","@id":"https:\/\/www.vraimentbeau.com\/vb_blog\/#\/schema\/logo\/image\/","url":"https:\/\/vraimentbeau.com\/vb_blog\/wp-content\/uploads\/2018\/04\/logo-vraiment-beau.png","contentUrl":"https:\/\/vraimentbeau.com\/vb_blog\/wp-content\/uploads\/2018\/04\/logo-vraiment-beau.png","width":287,"height":44,"caption":"Vraiment Beau"},"image":{"@id":"https:\/\/www.vraimentbeau.com\/vb_blog\/#\/schema\/logo\/image\/"},"sameAs":["https:\/\/www.facebook.com\/pages\/Vraiment-Beau\/123343387707501","https:\/\/www.instagram.com\/vraimentbeau\/","https:\/\/www.pinterest.fr\/cdehautefage\/"]}]}},"_links":{"self":[{"href":"https:\/\/www.vraimentbeau.com\/vb_blog\/wp-json\/wp\/v2\/pages\/1933","targetHints":{"allow":["GET"]}}],"collection":[{"href":"https:\/\/www.vraimentbeau.com\/vb_blog\/wp-json\/wp\/v2\/pages"}],"about":[{"href":"https:\/\/www.vraimentbeau.com\/vb_blog\/wp-json\/wp\/v2\/types\/page"}],"author":[{"embeddable":true,"href":"https:\/\/www.vraimentbeau.com\/vb_blog\/wp-json\/wp\/v2\/users\/1"}],"replies":[{"embeddable":true,"href":"https:\/\/www.vraimentbeau.com\/vb_blog\/wp-json\/wp\/v2\/comments?post=1933"}],"version-history":[{"count":32,"href":"https:\/\/www.vraimentbeau.com\/vb_blog\/wp-json\/wp\/v2\/pages\/1933\/revisions"}],"predecessor-version":[{"id":2400,"href":"https:\/\/www.vraimentbeau.com\/vb_blog\/wp-json\/wp\/v2\/pages\/1933\/revisions\/2400"}],"up":[{"embeddable":true,"href":"https:\/\/www.vraimentbeau.com\/vb_blog\/wp-json\/wp\/v2\/pages\/18"}],"wp:attachment":[{"href":"https:\/\/www.vraimentbeau.com\/vb_blog\/wp-json\/wp\/v2\/media?parent=1933"}],"curies":[{"name":"wp","href":"https:\/\/api.w.org\/{rel}","templated":true}]}}