{"id":2085,"date":"2021-05-26T16:51:02","date_gmt":"2021-05-26T14:51:02","guid":{"rendered":"https:\/\/www.vraimentbeau.com\/vb_blog\/?page_id=2085"},"modified":"2022-02-14T17:47:11","modified_gmt":"2022-02-14T16:47:11","slug":"acheter-en-toute-securite-sur-vraiment-beau","status":"publish","type":"page","link":"https:\/\/www.vraimentbeau.com\/vb_blog\/infos\/acheter-en-toute-securite-sur-vraiment-beau\/","title":{"rendered":"Acheter en toute s\u00e9curit\u00e9 sur Vraiment Beau (et ailleurs !)"},"content":{"rendered":"\n<p>Notre site est 100% s\u00e9curis\u00e9, et les organismes de paiement avec lesquels nous travaillons (Sogecommerce et Paypal) aussi. Cela veut dire que vous pouvez v\u00e9rifier \u00e0 tout moment que vous naviguez bien sur nos pages ou sur celles de nos organismes de paiement.<\/p>\n\n\n\n<p>Nous vous conseillons ces v\u00e9rifications tout <strong>particuli\u00e8rement<\/strong> si vous suivez un lien fourni dans un email !<\/p>\n\n\n\n<p>Lisez ci-dessous pour d\u00e9couvrir les mani\u00e8res d&#8217;effectuer ces v\u00e9rifications, d&#8217;abord quand vous surfez sur un site, ensuite quand vous recevez un email (ces instructions sont d&#8217;ailleurs valables pour tous les sites s\u00e9curis\u00e9s, pas seulement le n\u00f4tre !).<\/p>\n\n\n\n<h2 class=\"wp-block-heading\">Les adresses des sites<\/h2>\n\n\n\n<p>Quatre v\u00e9rifications vous permettront de vous assurer que la page qui s&#8217;affiche dans votre navigateur est bien authentique :<\/p>\n\n\n\n<ol class=\"wp-block-list\"><li>La premi\u00e8re chose est de v\u00e9rifier l&#8217;adresse dans la barre du navigateur (appel\u00e9e URL). Pour notre site, elle doit commencer par &#8220;<strong>vraimentbeau.com<\/strong>&#8221; (c&#8217;est le nom de domaine). Au moment du paiement, notre site vous enverra sur la page de Sogecommerce avec l&#8217;URL &#8220;<strong>sogecommerce.societegenerale.eu<\/strong>&#8221; ; et ou de Paypal, avec l&#8217;URL &#8220;<strong>paypal.com<\/strong>&#8221; . Si vous cliquez sur ces adresses dans la barre du navigateur, vous verrez un &#8220;https:\/\/&#8221; se rajouter avant cette URL: c&#8217;est normal. <\/li><li>V\u00e9rifiez-bien l&#8217;int\u00e9grit\u00e9 du nom de domaine, c&#8217;est l\u00e0 que les pirates cherchent souvent \u00e0 vous berner :<ul><li>&#8220;vraimentbeau.com&#8221; et &#8220;vraimentbeau.com\/votre-commande&#8221; sont valides : dans les deux cas, le nom de domaine est &#8220;vraimentbeau.com&#8221;, et \/votre-commande (ou \/vb_blog\/post.php?post=2085) signale une page du site.<\/li><li>Le tiret entre les mots est pris en compte dans le nom de domaine: &#8220;vraimentbeau-fr.com&#8221; ou &#8220;vraiment-beau.com&#8221; sont donc des noms de domaines sp\u00e9cifiques et indiqueraient des sites diff\u00e9rents de vraimentbeau.com.<\/li><li>En revanche, dans &#8220;sogecommerce.societegenerale.eu&#8221; (le site de paiement de la soci\u00e9t\u00e9 g\u00e9n\u00e9rale), le nom de domaine est &#8220;societegenerale.eu&#8221;, et &#8220;sogecommerce&#8221; est ce que l&#8217;on appelle un sous-domaine de &#8220;societegenerale.eu&#8221;. Ce sous-domaine vous am\u00e8ne donc sur un sous-site de la SG. <\/li><li>Attention, le domaine &#8220;sogecommerce.eu&#8221; (ou &#8220;sogecommerce-societegenerale.eu&#8221; avec un tiret avant au lieu d&#8217;un point avant &#8220;societegenerale.eu&#8221;), pointerait vers un site diff\u00e9rent, et probablement frauduleux !<\/li><li>Attention \u00e9galement \u00e0 l&#8217;extension g\u00e9ographique: les domaines &#8220;vraimentbeau.eu&#8221; ou &#8220;paypal.org&#8221; sont des sites diff\u00e9rents de &#8220;vraimentbeau.com&#8221; et &#8220;paypal.com&#8221;. Cela veut juste dire que quelqu&#8217;un a achet\u00e9 le domaine &#8220;vraimentbeau&#8221; avec l&#8217;extension &#8220;.eu&#8221; (Europe), et le domaine &#8220;paypal&#8221; avec l&#8217;extension &#8220;.org&#8221; (il est impossible d&#8217;acheter un domaine avec toutes les extensions imaginables !).<\/li><li>Et &#8220;vraimentbeau.fr.com&#8221; serait le sous-domaine &#8220;vraimentbeau&#8221; du domaine &#8220;fr&#8221;, avec l&#8217;extension &#8220;.com&#8221;. Encore un autre site.<\/li><\/ul><\/li><li>V\u00e9rifiez ensuite qu&#8217;un cadenas s&#8217;affiche \u00e0 gauche de cette adresse. Le cadenas annonce une connexion s\u00e9curis\u00e9e (appel\u00e9e SSL), chiffr\u00e9e, et valid\u00e9e par une &#8220;autorit\u00e9 de certification&#8221; (l&#8217;organisme qui d\u00e9livre le certificat).<\/li><li>Cliquez sur le cadenas, une fen\u00eatre (voir ci-dessous) s&#8217;affiche qui confirme le &#8220;nom de domaine&#8221; qui est certifi\u00e9 par le cadenas. V\u00e9rifiez que ce nom de domaine correspond bien \u00e0 celui mentionn\u00e9 au premier point ! Pour les certificats les plus stricts, la fen\u00eatre &#8211; ou celle qui s&#8217;ouvre quand vous cliquez le bouton &#8220;Afficher le certificat&#8221; &#8211; mentionne \u00e9galement le nom de la soci\u00e9t\u00e9 qui op\u00e8re le site (dans notre cas, &#8220;Vraiment Beau SAS&#8221;).<\/li><\/ol>\n\n\n\n<div class=\"wp-block-image\"><figure class=\"aligncenter\"><img loading=\"lazy\" decoding=\"async\" width=\"877\" height=\"984\" src=\"https:\/\/vraimentbeau.com\/vb_blog\/wp-content\/uploads\/2021\/05\/payment_security.jpg\" alt=\"Exemples de v\u00e9rification de certificats\" class=\"wp-image-2087\" srcset=\"https:\/\/www.vraimentbeau.com\/vb_blog\/wp-content\/uploads\/2021\/05\/payment_security.jpg 877w, https:\/\/www.vraimentbeau.com\/vb_blog\/wp-content\/uploads\/2021\/05\/payment_security-267x300.jpg 267w, https:\/\/www.vraimentbeau.com\/vb_blog\/wp-content\/uploads\/2021\/05\/payment_security-768x862.jpg 768w\" sizes=\"auto, (max-width: 877px) 100vw, 877px\" \/><figcaption>V\u00e9rifier l&#8217;authenticit\u00e9 des pages Vraiment Beau, Sogecommerce et Paypal<\/figcaption><\/figure><\/div>\n\n\n\n<p>Si vous avez le moindre doute, appelez nous en utilisant un num\u00e9ro de t\u00e9l\u00e9phone que vous avez d\u00e9j\u00e0 utilis\u00e9 avec nous (&nbsp;01 45 20 60 00 ), ou le num\u00e9ro que vous trouverez sur notre site en tapant notre URL dans votre navigateur (www.vraimentbeau.com). N&#8217;utilisez surtout pas un num\u00e9ro de t\u00e9l\u00e9phone fourni par la page qui vous semble suspecte !<\/p>\n\n\n\n<p>Veuillez noter <strong>qu&#8217;aucune page <\/strong>de notre site ne vous demandera votre num\u00e9ro et votre code de carte de cr\u00e9dit : tous nos paiements sont syst\u00e9matiquement confi\u00e9s \u00e0 Sogecommerce et Paypal.  De m\u00eame, notre site ne vous demandera jamais d&#8217;ouvrir un compte ou de fournir un mot de passe : cela constitue en effet une vuln\u00e9rabilit\u00e9 en moins.<\/p>\n\n\n\n<p>Enfin, ne confiez vos codes \u00e0 quelqu&#8217;un qui vous appellerait de la part d&#8217;un commer\u00e7ant, sans conna\u00eetre ce commer\u00e7ant et avoir v\u00e9rifi\u00e9 l&#8217;identit\u00e9 de la personne qui vous appelle. Pour le faire, rappelez le commer\u00e7ant en question sur un num\u00e9ro de t\u00e9l\u00e9phone que vous avez obtenu ind\u00e9pendamment (pas celui qui s&#8217;affiche sur votre t\u00e9l\u00e9phone, ni sur le num\u00e9ro que votre interlocuteur vous aura gentiment fourni), et demandez de parler \u00e0 la personne qui vous a appel\u00e9.<\/p>\n\n\n\n<h2 class=\"wp-block-heading\">Les emails<\/h2>\n\n\n\n<p>Vous recevez certainement de nombreux emails de &#8220;spam&#8221;. N&#8217;oubliez pas que le nom (ou l&#8217;adresse) qui s&#8217;affiche naturellement dans votre logiciel de messagerie, ne veut rien dire: il est programm\u00e9 par l&#8217;\u00e9metteur du message.<\/p>\n\n\n\n<p>Pour voir la &#8220;vraie&#8221; adresse de l&#8217;\u00e9metteur, vous devez cliquer dans votre logiciel de mail, sur le nom de l&#8217;\u00e9metteur qui figure en haut du message. La partie apr\u00e8s le &#8220;@&#8221; (arobase) est le nom de domaine de l&#8217;\u00e9metteur, qui doit \u00eatre analys\u00e9 selon les m\u00eames r\u00e8gles que les domaines des sites (souvent, ce sont les m\u00eames).<\/p>\n\n\n\n<p>Par exemple, j&#8217;ai re\u00e7u un mail de &#8220;Carrefour&#8221; (ci-dessous). Mais si je fais un &#8220;clic-droit&#8221; sur l&#8217;adresse mail pr\u00e9sent\u00e9e par le navigateur, la v\u00e9ritable adresse de l&#8217;\u00e9metteur appara\u00eet : &#8220;aeroclubstgirons@orange.fr&#8221;. Soyez s\u00fbrs que ce n&#8217;est pas Carrefour qui vous envoie ce mail ! <\/p>\n\n\n\n<div class=\"wp-block-image\"><figure class=\"aligncenter\"><img loading=\"lazy\" decoding=\"async\" width=\"297\" height=\"300\" src=\"https:\/\/vraimentbeau.com\/vb_blog\/wp-content\/uploads\/2022\/02\/313E9073-5563-4C82-BC95-C7A67DE46F7A-297x300.jpeg\" alt=\"Exemple de mail frauduleux\" class=\"wp-image-2135\" srcset=\"https:\/\/www.vraimentbeau.com\/vb_blog\/wp-content\/uploads\/2022\/02\/313E9073-5563-4C82-BC95-C7A67DE46F7A-297x300.jpeg 297w, https:\/\/www.vraimentbeau.com\/vb_blog\/wp-content\/uploads\/2022\/02\/313E9073-5563-4C82-BC95-C7A67DE46F7A.jpeg 604w\" sizes=\"auto, (max-width: 297px) 100vw, 297px\" \/><\/figure><\/div>\n\n\n\n<p>J&#8217;ai aussi re\u00e7u un message email de &#8220;agences.societegenerale.fr\/banque-assurance&#8221; me disant qu&#8217;il faut que je consulte une lettre. Si je vais sur le site de la soci\u00e9t\u00e9 g\u00e9n\u00e9rale en France, je vois que leur site est &#8220;particuliers.societegenerale.fr&#8221;. Donc (voir plus haut) le nom de domaine est &#8220;societegenerale.fr&#8221;, et &#8220;agences&#8221; peut \u00eatre un sous-domaine, ce qui est bon signe. Mais m\u00e9fiance. Je clique comme pr\u00e9c\u00e9demment en haut du mail sur le nom de l&#8217;\u00e9metteur &#8220;agences.societegenerale.fr\/banque-assurance&#8221; et je vois que l&#8217;adresse de l&#8217;\u00e9metteur est &#8220;rem28@ac-orleans-tours.fr&#8221;. C&#8217;est une arnaque, ne cliquez pas et effacez ce message !<\/p>\n\n\n\n<p>De toute fa\u00e7on, si vous recevez un mail d&#8217;un de vos fournisseur qui vous demande de payer quelque chose (ou de fournir vos codes de paiements), vous devez absolument v\u00e9rifier l&#8217;authenticit\u00e9 du mail en rappelant le fournisseur \u00e0 un num\u00e9ro que vous avez obtenu ind\u00e9pendamment : sur son site, ou sur les pages jaunes, CERTAINEMENT pas sur un num\u00e9ro qui figure sur le mail suspect !<\/p>\n\n\n\n<p style=\"text-align:center\">*   *   *<\/p>\n\n\n\n<p>Ces r\u00e8gles sont valables pour tous les sites. Nous esp\u00e9rons qu&#8217;elles vous auront permis de voir un peu plus clair sur les questions de s\u00e9curit\u00e9, et d&#8217;\u00e9viter ainsi les pi\u00e8ges les plus grossiers de l&#8217;internet !<\/p>\n\n\n\n<p><\/p>\n","protected":false},"excerpt":{"rendered":"<p>Notre site est 100% s\u00e9curis\u00e9, et les organismes de paiement avec lesquels nous travaillons (Sogecommerce et Paypal) aussi. Cela veut dire que vous pouvez v\u00e9rifier \u00e0 tout moment que vous naviguez bien sur nos pages ou sur celles de nos organismes de paiement. Nous vous conseillons ces v\u00e9rifications tout particuli\u00e8rement si vous suivez un lien [&hellip;]<\/p>\n","protected":false},"author":1,"featured_media":0,"parent":122,"menu_order":9,"comment_status":"closed","ping_status":"closed","template":"","meta":{"_acf_changed":false,"footnotes":""},"class_list":["post-2085","page","type-page","status-publish","hentry"],"acf":[],"yoast_head":"<!-- This site is optimized with the Yoast SEO plugin v24.0 - https:\/\/yoast.com\/wordpress\/plugins\/seo\/ -->\n<title>Acheter en toute s\u00e9curit\u00e9 sur Vraiment Beau (et ailleurs !) | Vraiment Beau<\/title>\n<meta name=\"description\" content=\"Comment v\u00e9rifier l&#039;authenticit\u00e9 des pages sur lesquelles vous naviguez, par exemple pour notre site Vraiment Beau, et ceux de Sogecommerce et Paypal.\" \/>\n<meta name=\"robots\" content=\"index, follow, max-snippet:-1, max-image-preview:large, max-video-preview:-1\" \/>\n<link rel=\"canonical\" href=\"https:\/\/www.vraimentbeau.com\/vb_blog\/infos\/acheter-en-toute-securite-sur-vraiment-beau\/\" \/>\n<meta property=\"og:locale\" content=\"en_US\" \/>\n<meta property=\"og:type\" content=\"article\" \/>\n<meta property=\"og:title\" content=\"Acheter en toute s\u00e9curit\u00e9 sur Vraiment Beau (et ailleurs !) | Vraiment Beau\" \/>\n<meta property=\"og:description\" content=\"Comment v\u00e9rifier l&#039;authenticit\u00e9 des pages sur lesquelles vous naviguez, par exemple pour notre site Vraiment Beau, et ceux de Sogecommerce et Paypal.\" \/>\n<meta property=\"og:url\" content=\"https:\/\/www.vraimentbeau.com\/vb_blog\/infos\/acheter-en-toute-securite-sur-vraiment-beau\/\" \/>\n<meta property=\"og:site_name\" content=\"Vraiment Beau\" \/>\n<meta property=\"article:publisher\" content=\"https:\/\/www.facebook.com\/pages\/Vraiment-Beau\/123343387707501\" \/>\n<meta property=\"article:modified_time\" content=\"2022-02-14T16:47:11+00:00\" \/>\n<meta property=\"og:image\" content=\"https:\/\/vraimentbeau.com\/vb_blog\/wp-content\/uploads\/2021\/05\/payment_security.jpg\" \/>\n<meta name=\"twitter:card\" content=\"summary_large_image\" \/>\n<meta name=\"twitter:label1\" content=\"Est. reading time\" \/>\n\t<meta name=\"twitter:data1\" content=\"6 minutes\" \/>\n<script type=\"application\/ld+json\" class=\"yoast-schema-graph\">{\"@context\":\"https:\/\/schema.org\",\"@graph\":[{\"@type\":\"WebPage\",\"@id\":\"https:\/\/www.vraimentbeau.com\/vb_blog\/infos\/acheter-en-toute-securite-sur-vraiment-beau\/\",\"url\":\"https:\/\/www.vraimentbeau.com\/vb_blog\/infos\/acheter-en-toute-securite-sur-vraiment-beau\/\",\"name\":\"Acheter en toute s\u00e9curit\u00e9 sur Vraiment Beau (et ailleurs !) | Vraiment Beau\",\"isPartOf\":{\"@id\":\"https:\/\/www.vraimentbeau.com\/vb_blog\/#website\"},\"primaryImageOfPage\":{\"@id\":\"https:\/\/www.vraimentbeau.com\/vb_blog\/infos\/acheter-en-toute-securite-sur-vraiment-beau\/#primaryimage\"},\"image\":{\"@id\":\"https:\/\/www.vraimentbeau.com\/vb_blog\/infos\/acheter-en-toute-securite-sur-vraiment-beau\/#primaryimage\"},\"thumbnailUrl\":\"https:\/\/vraimentbeau.com\/vb_blog\/wp-content\/uploads\/2021\/05\/payment_security.jpg\",\"datePublished\":\"2021-05-26T14:51:02+00:00\",\"dateModified\":\"2022-02-14T16:47:11+00:00\",\"description\":\"Comment v\u00e9rifier l'authenticit\u00e9 des pages sur lesquelles vous naviguez, par exemple pour notre site Vraiment Beau, et ceux de Sogecommerce et Paypal.\",\"breadcrumb\":{\"@id\":\"https:\/\/www.vraimentbeau.com\/vb_blog\/infos\/acheter-en-toute-securite-sur-vraiment-beau\/#breadcrumb\"},\"inLanguage\":\"en-US\",\"potentialAction\":[{\"@type\":\"ReadAction\",\"target\":[\"https:\/\/www.vraimentbeau.com\/vb_blog\/infos\/acheter-en-toute-securite-sur-vraiment-beau\/\"]}]},{\"@type\":\"ImageObject\",\"inLanguage\":\"en-US\",\"@id\":\"https:\/\/www.vraimentbeau.com\/vb_blog\/infos\/acheter-en-toute-securite-sur-vraiment-beau\/#primaryimage\",\"url\":\"https:\/\/vraimentbeau.com\/vb_blog\/wp-content\/uploads\/2021\/05\/payment_security.jpg\",\"contentUrl\":\"https:\/\/vraimentbeau.com\/vb_blog\/wp-content\/uploads\/2021\/05\/payment_security.jpg\"},{\"@type\":\"BreadcrumbList\",\"@id\":\"https:\/\/www.vraimentbeau.com\/vb_blog\/infos\/acheter-en-toute-securite-sur-vraiment-beau\/#breadcrumb\",\"itemListElement\":[{\"@type\":\"ListItem\",\"position\":1,\"name\":\"Blog, Guides &amp; Infos\",\"item\":\"https:\/\/www.vraimentbeau.com\/vb_blog\/\"},{\"@type\":\"ListItem\",\"position\":2,\"name\":\"L&rsquo;information sur Vraiment Beau\",\"item\":\"https:\/\/www.vraimentbeau.com\/vb_blog\/infos\/\"},{\"@type\":\"ListItem\",\"position\":3,\"name\":\"Acheter en toute s\u00e9curit\u00e9 sur Vraiment Beau (et ailleurs !)\"}]},{\"@type\":\"WebSite\",\"@id\":\"https:\/\/www.vraimentbeau.com\/vb_blog\/#website\",\"url\":\"https:\/\/www.vraimentbeau.com\/vb_blog\/\",\"name\":\"Vraiment Beau\",\"description\":\"Les plus beaux luminaires de l&#039;internet, et autres objets d\u00e9coratifs!\",\"publisher\":{\"@id\":\"https:\/\/www.vraimentbeau.com\/vb_blog\/#organization\"},\"potentialAction\":[{\"@type\":\"SearchAction\",\"target\":{\"@type\":\"EntryPoint\",\"urlTemplate\":\"https:\/\/www.vraimentbeau.com\/vb_blog\/?s={search_term_string}\"},\"query-input\":{\"@type\":\"PropertyValueSpecification\",\"valueRequired\":true,\"valueName\":\"search_term_string\"}}],\"inLanguage\":\"en-US\"},{\"@type\":\"Organization\",\"@id\":\"https:\/\/www.vraimentbeau.com\/vb_blog\/#organization\",\"name\":\"Vraiment Beau\",\"url\":\"https:\/\/www.vraimentbeau.com\/vb_blog\/\",\"logo\":{\"@type\":\"ImageObject\",\"inLanguage\":\"en-US\",\"@id\":\"https:\/\/www.vraimentbeau.com\/vb_blog\/#\/schema\/logo\/image\/\",\"url\":\"https:\/\/vraimentbeau.com\/vb_blog\/wp-content\/uploads\/2018\/04\/logo-vraiment-beau.png\",\"contentUrl\":\"https:\/\/vraimentbeau.com\/vb_blog\/wp-content\/uploads\/2018\/04\/logo-vraiment-beau.png\",\"width\":287,\"height\":44,\"caption\":\"Vraiment Beau\"},\"image\":{\"@id\":\"https:\/\/www.vraimentbeau.com\/vb_blog\/#\/schema\/logo\/image\/\"},\"sameAs\":[\"https:\/\/www.facebook.com\/pages\/Vraiment-Beau\/123343387707501\",\"https:\/\/www.instagram.com\/vraimentbeau\/\",\"https:\/\/www.pinterest.fr\/cdehautefage\/\"]}]}<\/script>\n<!-- \/ Yoast SEO plugin. -->","yoast_head_json":{"title":"Acheter en toute s\u00e9curit\u00e9 sur Vraiment Beau (et ailleurs !) | Vraiment Beau","description":"Comment v\u00e9rifier l'authenticit\u00e9 des pages sur lesquelles vous naviguez, par exemple pour notre site Vraiment Beau, et ceux de Sogecommerce et Paypal.","robots":{"index":"index","follow":"follow","max-snippet":"max-snippet:-1","max-image-preview":"max-image-preview:large","max-video-preview":"max-video-preview:-1"},"canonical":"https:\/\/www.vraimentbeau.com\/vb_blog\/infos\/acheter-en-toute-securite-sur-vraiment-beau\/","og_locale":"en_US","og_type":"article","og_title":"Acheter en toute s\u00e9curit\u00e9 sur Vraiment Beau (et ailleurs !) | Vraiment Beau","og_description":"Comment v\u00e9rifier l'authenticit\u00e9 des pages sur lesquelles vous naviguez, par exemple pour notre site Vraiment Beau, et ceux de Sogecommerce et Paypal.","og_url":"https:\/\/www.vraimentbeau.com\/vb_blog\/infos\/acheter-en-toute-securite-sur-vraiment-beau\/","og_site_name":"Vraiment Beau","article_publisher":"https:\/\/www.facebook.com\/pages\/Vraiment-Beau\/123343387707501","article_modified_time":"2022-02-14T16:47:11+00:00","og_image":[{"url":"https:\/\/vraimentbeau.com\/vb_blog\/wp-content\/uploads\/2021\/05\/payment_security.jpg","type":"","width":"","height":""}],"twitter_card":"summary_large_image","twitter_misc":{"Est. reading time":"6 minutes"},"schema":{"@context":"https:\/\/schema.org","@graph":[{"@type":"WebPage","@id":"https:\/\/www.vraimentbeau.com\/vb_blog\/infos\/acheter-en-toute-securite-sur-vraiment-beau\/","url":"https:\/\/www.vraimentbeau.com\/vb_blog\/infos\/acheter-en-toute-securite-sur-vraiment-beau\/","name":"Acheter en toute s\u00e9curit\u00e9 sur Vraiment Beau (et ailleurs !) | Vraiment Beau","isPartOf":{"@id":"https:\/\/www.vraimentbeau.com\/vb_blog\/#website"},"primaryImageOfPage":{"@id":"https:\/\/www.vraimentbeau.com\/vb_blog\/infos\/acheter-en-toute-securite-sur-vraiment-beau\/#primaryimage"},"image":{"@id":"https:\/\/www.vraimentbeau.com\/vb_blog\/infos\/acheter-en-toute-securite-sur-vraiment-beau\/#primaryimage"},"thumbnailUrl":"https:\/\/vraimentbeau.com\/vb_blog\/wp-content\/uploads\/2021\/05\/payment_security.jpg","datePublished":"2021-05-26T14:51:02+00:00","dateModified":"2022-02-14T16:47:11+00:00","description":"Comment v\u00e9rifier l'authenticit\u00e9 des pages sur lesquelles vous naviguez, par exemple pour notre site Vraiment Beau, et ceux de Sogecommerce et Paypal.","breadcrumb":{"@id":"https:\/\/www.vraimentbeau.com\/vb_blog\/infos\/acheter-en-toute-securite-sur-vraiment-beau\/#breadcrumb"},"inLanguage":"en-US","potentialAction":[{"@type":"ReadAction","target":["https:\/\/www.vraimentbeau.com\/vb_blog\/infos\/acheter-en-toute-securite-sur-vraiment-beau\/"]}]},{"@type":"ImageObject","inLanguage":"en-US","@id":"https:\/\/www.vraimentbeau.com\/vb_blog\/infos\/acheter-en-toute-securite-sur-vraiment-beau\/#primaryimage","url":"https:\/\/vraimentbeau.com\/vb_blog\/wp-content\/uploads\/2021\/05\/payment_security.jpg","contentUrl":"https:\/\/vraimentbeau.com\/vb_blog\/wp-content\/uploads\/2021\/05\/payment_security.jpg"},{"@type":"BreadcrumbList","@id":"https:\/\/www.vraimentbeau.com\/vb_blog\/infos\/acheter-en-toute-securite-sur-vraiment-beau\/#breadcrumb","itemListElement":[{"@type":"ListItem","position":1,"name":"Blog, Guides &amp; Infos","item":"https:\/\/www.vraimentbeau.com\/vb_blog\/"},{"@type":"ListItem","position":2,"name":"L&rsquo;information sur Vraiment Beau","item":"https:\/\/www.vraimentbeau.com\/vb_blog\/infos\/"},{"@type":"ListItem","position":3,"name":"Acheter en toute s\u00e9curit\u00e9 sur Vraiment Beau (et ailleurs !)"}]},{"@type":"WebSite","@id":"https:\/\/www.vraimentbeau.com\/vb_blog\/#website","url":"https:\/\/www.vraimentbeau.com\/vb_blog\/","name":"Vraiment Beau","description":"Les plus beaux luminaires de l&#039;internet, et autres objets d\u00e9coratifs!","publisher":{"@id":"https:\/\/www.vraimentbeau.com\/vb_blog\/#organization"},"potentialAction":[{"@type":"SearchAction","target":{"@type":"EntryPoint","urlTemplate":"https:\/\/www.vraimentbeau.com\/vb_blog\/?s={search_term_string}"},"query-input":{"@type":"PropertyValueSpecification","valueRequired":true,"valueName":"search_term_string"}}],"inLanguage":"en-US"},{"@type":"Organization","@id":"https:\/\/www.vraimentbeau.com\/vb_blog\/#organization","name":"Vraiment Beau","url":"https:\/\/www.vraimentbeau.com\/vb_blog\/","logo":{"@type":"ImageObject","inLanguage":"en-US","@id":"https:\/\/www.vraimentbeau.com\/vb_blog\/#\/schema\/logo\/image\/","url":"https:\/\/vraimentbeau.com\/vb_blog\/wp-content\/uploads\/2018\/04\/logo-vraiment-beau.png","contentUrl":"https:\/\/vraimentbeau.com\/vb_blog\/wp-content\/uploads\/2018\/04\/logo-vraiment-beau.png","width":287,"height":44,"caption":"Vraiment Beau"},"image":{"@id":"https:\/\/www.vraimentbeau.com\/vb_blog\/#\/schema\/logo\/image\/"},"sameAs":["https:\/\/www.facebook.com\/pages\/Vraiment-Beau\/123343387707501","https:\/\/www.instagram.com\/vraimentbeau\/","https:\/\/www.pinterest.fr\/cdehautefage\/"]}]}},"_links":{"self":[{"href":"https:\/\/www.vraimentbeau.com\/vb_blog\/wp-json\/wp\/v2\/pages\/2085","targetHints":{"allow":["GET"]}}],"collection":[{"href":"https:\/\/www.vraimentbeau.com\/vb_blog\/wp-json\/wp\/v2\/pages"}],"about":[{"href":"https:\/\/www.vraimentbeau.com\/vb_blog\/wp-json\/wp\/v2\/types\/page"}],"author":[{"embeddable":true,"href":"https:\/\/www.vraimentbeau.com\/vb_blog\/wp-json\/wp\/v2\/users\/1"}],"replies":[{"embeddable":true,"href":"https:\/\/www.vraimentbeau.com\/vb_blog\/wp-json\/wp\/v2\/comments?post=2085"}],"version-history":[{"count":13,"href":"https:\/\/www.vraimentbeau.com\/vb_blog\/wp-json\/wp\/v2\/pages\/2085\/revisions"}],"predecessor-version":[{"id":2143,"href":"https:\/\/www.vraimentbeau.com\/vb_blog\/wp-json\/wp\/v2\/pages\/2085\/revisions\/2143"}],"up":[{"embeddable":true,"href":"https:\/\/www.vraimentbeau.com\/vb_blog\/wp-json\/wp\/v2\/pages\/122"}],"wp:attachment":[{"href":"https:\/\/www.vraimentbeau.com\/vb_blog\/wp-json\/wp\/v2\/media?parent=2085"}],"curies":[{"name":"wp","href":"https:\/\/api.w.org\/{rel}","templated":true}]}}