{"id":2257,"date":"2022-06-27T16:00:07","date_gmt":"2022-06-27T14:00:07","guid":{"rendered":"https:\/\/www.vraimentbeau.com\/vb_blog\/?page_id=2257"},"modified":"2023-01-19T12:13:44","modified_gmt":"2023-01-19T11:13:44","slug":"services-pour-les-professionnels","status":"publish","type":"page","link":"https:\/\/www.vraimentbeau.com\/vb_blog\/services-pour-les-professionnels\/","title":{"rendered":"Vous \u00eates professionnel ? Nous sommes l\u00e0 pour vous aider."},"content":{"rendered":"\n<figure class=\"wp-block-image size-large\"><img loading=\"lazy\" decoding=\"async\" width=\"1024\" height=\"531\" src=\"https:\/\/vraimentbeau.com\/vb_blog\/wp-content\/uploads\/2022\/05\/02-interet-de-travailler-avec-un-architecte-interieur-1-1024x531.jpg\" alt=\"Architecte dessinant\" class=\"wp-image-2278\" srcset=\"https:\/\/www.vraimentbeau.com\/vb_blog\/wp-content\/uploads\/2022\/05\/02-interet-de-travailler-avec-un-architecte-interieur-1-1024x531.jpg 1024w, https:\/\/www.vraimentbeau.com\/vb_blog\/wp-content\/uploads\/2022\/05\/02-interet-de-travailler-avec-un-architecte-interieur-1-300x156.jpg 300w, https:\/\/www.vraimentbeau.com\/vb_blog\/wp-content\/uploads\/2022\/05\/02-interet-de-travailler-avec-un-architecte-interieur-1-768x398.jpg 768w, https:\/\/www.vraimentbeau.com\/vb_blog\/wp-content\/uploads\/2022\/05\/02-interet-de-travailler-avec-un-architecte-interieur-1.jpg 1205w\" sizes=\"auto, (max-width: 1024px) 100vw, 1024px\" \/><\/figure>\n\n\n\n<p>Une partie importante de notre activit\u00e9 se r\u00e9alise avec des professionnels: architectes, d\u00e9corateurs, \u00e9lectriciens, restaurants, h\u00f4tels ou magasins, bureaux, mus\u00e9es et \u00e9tablissements publics. Vraiment Beau poss\u00e8de donc une longue exp\u00e9rience de comment vous aider \u00e0 atteindre vos objectifs.<\/p>\n\n\n\n<p>Claudine, votre interlocutrice d\u00e9di\u00e9e vous apportera le support sp\u00e9cialis\u00e9 dont vous avez besoin pour conduire votre projet \u00e0 bien.<\/p>\n\n\n\n<p>Elle r\u00e9pond \u00e0 toutes vos demandes sur l&#8217;adresse: claudine@vraimentbeau.com<\/p>\n\n\n\n<h2 class=\"wp-block-heading\" id=\"une-assistance-specialisee\">Une assistance sp\u00e9cialis\u00e9e<\/h2>\n\n\n\n<p>Nous sommes en relation constante avec nos fournisseurs, et r\u00e9pondrons avec eux \u00e0 toutes vos probl\u00e9matiques artistiques et techniques :<\/p>\n\n\n\n<ul class=\"wp-block-list\"><li>Conseil pour trouver des marques et des produits qui correspondent \u00e0 votre cahier des charges, que ces produits soient \u00e0 notre catalogue ou pas<\/li><li>R\u00e9ponses rapides aux questions sur les sp\u00e9cifications et certification des produits qui vous int\u00e9ressent<\/li><li>Consultation aupr\u00e8s de nos fournisseurs pour des adaptations de leurs produits, ou pour des conceptions sur mesure<\/li><li>Fourniture d&#8217;\u00e9chantillons<\/li><li>Recherche de produits dans les catalogues de nos fournisseurs, ou envoi de catalogues fournisseurs complets \u00e0 la demande<\/li><li>Envoi d&#8217;images 3D quand elles sont disponibles<\/li><li>Conf\u00e9rences et points d&#8217;avancement par t\u00e9l\u00e9phone ou en vid\u00e9o par Zoom \/ Teams<\/li><li>R\u00e9unions de travail \u00e0 Paris sur rendez-vous<\/li><\/ul>\n\n\n\n<h2 class=\"wp-block-heading\" id=\"un-service-sur-mesure\">Un service sur mesure<\/h2>\n\n\n\n<p>Nous avons nous aussi conduit des chantiers d&#8217;\u00e9quipement, et comprenons comment nous adapter \u00e0 vos contraintes :<\/p>\n\n\n\n<ul class=\"wp-block-list\"><li>Suivi des d\u00e9lais et information personnalis\u00e9 du progr\u00e8s de vos commandes<\/li><li>Livraisons au fil des fabrications ou stockage pour envoi en fonction de l&#8217;avancement de votre chantier<\/li><li>Exp\u00e9ditions par transitaires ou par les transporteurs de votre choix <\/li><li>Exp\u00e9ditions en France, dans toute l&#8217;Europe et aux 4 coins du monde<\/li><\/ul>\n\n\n\n<h2 class=\"wp-block-heading\" id=\"un-site-web-et-des-prestations-concus-pour-les-professionnels\">Un site web et des prestations con\u00e7us pour les professionnels<\/h2>\n\n\n\n<p>De nombreux architectes se r\u00e9f\u00e8rent r\u00e9guli\u00e8rement \u00e0 notre site parce que nous l&#8217;avons con\u00e7u pour que vous le trouviez facile \u00e0 utiliser :<\/p>\n\n\n\n<ul class=\"wp-block-list\"><li>Des pages Web con\u00e7ues pour une consultation fluide de longues s\u00e9lections de produits<\/li><li>Pas d&#8217;identification pr\u00e9alable requise avant consultation de notre site, vous pouvez consulter notre catalogue comme s&#8217;il \u00e9tait sur votre PC<\/li><li>Bouton de t\u00e9l\u00e9chargement imm\u00e9diat de fiche produit sur les pages produits<\/li><li>Devis d\u00e9taill\u00e9s sur demande et en 24 heures (pour les produits en catalogue), y compris pour des livraisons dans le monde entier<\/li><li>Facturation hors taxes ou Intracom, et documents d&#8217;origine<\/li><li>Remises professionnelles<\/li><\/ul>\n\n\n\n<p>Enfin, vous pouvez consulter des exemples de nos r\u00e9f\u00e9rences professionnelles <a href=\"https:\/\/vraimentbeau.com\/vb_blog\/infos\/references-clients\/\">sur cette page<\/a>.<\/p>\n\n\n\n<p><\/p>\n","protected":false},"excerpt":{"rendered":"<p>Une partie importante de notre activit\u00e9 se r\u00e9alise avec des professionnels: architectes, d\u00e9corateurs, \u00e9lectriciens, restaurants, h\u00f4tels ou magasins, bureaux, mus\u00e9es et \u00e9tablissements publics. Vraiment Beau poss\u00e8de donc une longue exp\u00e9rience de comment vous aider \u00e0 atteindre vos objectifs. Claudine, votre interlocutrice d\u00e9di\u00e9e vous apportera le support sp\u00e9cialis\u00e9 dont vous avez besoin pour conduire votre projet [&hellip;]<\/p>\n","protected":false},"author":1,"featured_media":0,"parent":0,"menu_order":0,"comment_status":"closed","ping_status":"closed","template":"","meta":{"_acf_changed":false,"footnotes":""},"class_list":["post-2257","page","type-page","status-publish","hentry"],"acf":[],"yoast_head":"<!-- This site is optimized with the Yoast SEO plugin v24.0 - https:\/\/yoast.com\/wordpress\/plugins\/seo\/ -->\n<title>Vous \u00eates professionnel ? Nous sommes l\u00e0 pour vous aider. | Vraiment Beau<\/title>\n<meta name=\"description\" content=\"Depuis plus de dix ans, la moiti\u00e9 de notre activit\u00e9 est avec des professionnels. Vous pouvez nous faire confiance pour r\u00e9pondre \u00e0 vos besoins !\" \/>\n<meta name=\"robots\" content=\"index, follow, max-snippet:-1, max-image-preview:large, max-video-preview:-1\" \/>\n<link rel=\"canonical\" href=\"https:\/\/www.vraimentbeau.com\/vb_blog\/services-pour-les-professionnels\/\" \/>\n<meta property=\"og:locale\" content=\"en_US\" \/>\n<meta property=\"og:type\" content=\"article\" \/>\n<meta property=\"og:title\" content=\"Vous \u00eates professionnel ? Nous sommes l\u00e0 pour vous aider. | Vraiment Beau\" \/>\n<meta property=\"og:description\" content=\"Depuis plus de dix ans, la moiti\u00e9 de notre activit\u00e9 est avec des professionnels. Vous pouvez nous faire confiance pour r\u00e9pondre \u00e0 vos besoins !\" \/>\n<meta property=\"og:url\" content=\"https:\/\/www.vraimentbeau.com\/vb_blog\/services-pour-les-professionnels\/\" \/>\n<meta property=\"og:site_name\" content=\"Vraiment Beau\" \/>\n<meta property=\"article:publisher\" content=\"https:\/\/www.facebook.com\/pages\/Vraiment-Beau\/123343387707501\" \/>\n<meta property=\"article:modified_time\" content=\"2023-01-19T11:13:44+00:00\" \/>\n<meta property=\"og:image\" content=\"https:\/\/vraimentbeau.com\/vb_blog\/wp-content\/uploads\/2022\/05\/02-interet-de-travailler-avec-un-architecte-interieur-1-1024x531.jpg\" \/>\n<meta name=\"twitter:card\" content=\"summary_large_image\" \/>\n<meta name=\"twitter:label1\" content=\"Est. reading time\" \/>\n\t<meta name=\"twitter:data1\" content=\"2 minutes\" \/>\n<script type=\"application\/ld+json\" class=\"yoast-schema-graph\">{\"@context\":\"https:\/\/schema.org\",\"@graph\":[{\"@type\":\"WebPage\",\"@id\":\"https:\/\/www.vraimentbeau.com\/vb_blog\/services-pour-les-professionnels\/\",\"url\":\"https:\/\/www.vraimentbeau.com\/vb_blog\/services-pour-les-professionnels\/\",\"name\":\"Vous \u00eates professionnel ? Nous sommes l\u00e0 pour vous aider. | Vraiment Beau\",\"isPartOf\":{\"@id\":\"https:\/\/www.vraimentbeau.com\/vb_blog\/#website\"},\"primaryImageOfPage\":{\"@id\":\"https:\/\/www.vraimentbeau.com\/vb_blog\/services-pour-les-professionnels\/#primaryimage\"},\"image\":{\"@id\":\"https:\/\/www.vraimentbeau.com\/vb_blog\/services-pour-les-professionnels\/#primaryimage\"},\"thumbnailUrl\":\"https:\/\/vraimentbeau.com\/vb_blog\/wp-content\/uploads\/2022\/05\/02-interet-de-travailler-avec-un-architecte-interieur-1-1024x531.jpg\",\"datePublished\":\"2022-06-27T14:00:07+00:00\",\"dateModified\":\"2023-01-19T11:13:44+00:00\",\"description\":\"Depuis plus de dix ans, la moiti\u00e9 de notre activit\u00e9 est avec des professionnels. Vous pouvez nous faire confiance pour r\u00e9pondre \u00e0 vos besoins !\",\"breadcrumb\":{\"@id\":\"https:\/\/www.vraimentbeau.com\/vb_blog\/services-pour-les-professionnels\/#breadcrumb\"},\"inLanguage\":\"en-US\",\"potentialAction\":[{\"@type\":\"ReadAction\",\"target\":[\"https:\/\/www.vraimentbeau.com\/vb_blog\/services-pour-les-professionnels\/\"]}]},{\"@type\":\"ImageObject\",\"inLanguage\":\"en-US\",\"@id\":\"https:\/\/www.vraimentbeau.com\/vb_blog\/services-pour-les-professionnels\/#primaryimage\",\"url\":\"https:\/\/vraimentbeau.com\/vb_blog\/wp-content\/uploads\/2022\/05\/02-interet-de-travailler-avec-un-architecte-interieur-1-1024x531.jpg\",\"contentUrl\":\"https:\/\/vraimentbeau.com\/vb_blog\/wp-content\/uploads\/2022\/05\/02-interet-de-travailler-avec-un-architecte-interieur-1-1024x531.jpg\"},{\"@type\":\"BreadcrumbList\",\"@id\":\"https:\/\/www.vraimentbeau.com\/vb_blog\/services-pour-les-professionnels\/#breadcrumb\",\"itemListElement\":[{\"@type\":\"ListItem\",\"position\":1,\"name\":\"Blog, Guides &amp; Infos\",\"item\":\"https:\/\/www.vraimentbeau.com\/vb_blog\/\"},{\"@type\":\"ListItem\",\"position\":2,\"name\":\"vous \u00eates professionnel\"}]},{\"@type\":\"WebSite\",\"@id\":\"https:\/\/www.vraimentbeau.com\/vb_blog\/#website\",\"url\":\"https:\/\/www.vraimentbeau.com\/vb_blog\/\",\"name\":\"Vraiment Beau\",\"description\":\"Les plus beaux luminaires de l&#039;internet, et autres objets d\u00e9coratifs!\",\"publisher\":{\"@id\":\"https:\/\/www.vraimentbeau.com\/vb_blog\/#organization\"},\"potentialAction\":[{\"@type\":\"SearchAction\",\"target\":{\"@type\":\"EntryPoint\",\"urlTemplate\":\"https:\/\/www.vraimentbeau.com\/vb_blog\/?s={search_term_string}\"},\"query-input\":{\"@type\":\"PropertyValueSpecification\",\"valueRequired\":true,\"valueName\":\"search_term_string\"}}],\"inLanguage\":\"en-US\"},{\"@type\":\"Organization\",\"@id\":\"https:\/\/www.vraimentbeau.com\/vb_blog\/#organization\",\"name\":\"Vraiment Beau\",\"url\":\"https:\/\/www.vraimentbeau.com\/vb_blog\/\",\"logo\":{\"@type\":\"ImageObject\",\"inLanguage\":\"en-US\",\"@id\":\"https:\/\/www.vraimentbeau.com\/vb_blog\/#\/schema\/logo\/image\/\",\"url\":\"https:\/\/vraimentbeau.com\/vb_blog\/wp-content\/uploads\/2018\/04\/logo-vraiment-beau.png\",\"contentUrl\":\"https:\/\/vraimentbeau.com\/vb_blog\/wp-content\/uploads\/2018\/04\/logo-vraiment-beau.png\",\"width\":287,\"height\":44,\"caption\":\"Vraiment Beau\"},\"image\":{\"@id\":\"https:\/\/www.vraimentbeau.com\/vb_blog\/#\/schema\/logo\/image\/\"},\"sameAs\":[\"https:\/\/www.facebook.com\/pages\/Vraiment-Beau\/123343387707501\",\"https:\/\/www.instagram.com\/vraimentbeau\/\",\"https:\/\/www.pinterest.fr\/cdehautefage\/\"]}]}<\/script>\n<!-- \/ Yoast SEO plugin. -->","yoast_head_json":{"title":"Vous \u00eates professionnel ? Nous sommes l\u00e0 pour vous aider. | Vraiment Beau","description":"Depuis plus de dix ans, la moiti\u00e9 de notre activit\u00e9 est avec des professionnels. Vous pouvez nous faire confiance pour r\u00e9pondre \u00e0 vos besoins !","robots":{"index":"index","follow":"follow","max-snippet":"max-snippet:-1","max-image-preview":"max-image-preview:large","max-video-preview":"max-video-preview:-1"},"canonical":"https:\/\/www.vraimentbeau.com\/vb_blog\/services-pour-les-professionnels\/","og_locale":"en_US","og_type":"article","og_title":"Vous \u00eates professionnel ? Nous sommes l\u00e0 pour vous aider. | Vraiment Beau","og_description":"Depuis plus de dix ans, la moiti\u00e9 de notre activit\u00e9 est avec des professionnels. Vous pouvez nous faire confiance pour r\u00e9pondre \u00e0 vos besoins !","og_url":"https:\/\/www.vraimentbeau.com\/vb_blog\/services-pour-les-professionnels\/","og_site_name":"Vraiment Beau","article_publisher":"https:\/\/www.facebook.com\/pages\/Vraiment-Beau\/123343387707501","article_modified_time":"2023-01-19T11:13:44+00:00","og_image":[{"url":"https:\/\/vraimentbeau.com\/vb_blog\/wp-content\/uploads\/2022\/05\/02-interet-de-travailler-avec-un-architecte-interieur-1-1024x531.jpg","type":"","width":"","height":""}],"twitter_card":"summary_large_image","twitter_misc":{"Est. reading time":"2 minutes"},"schema":{"@context":"https:\/\/schema.org","@graph":[{"@type":"WebPage","@id":"https:\/\/www.vraimentbeau.com\/vb_blog\/services-pour-les-professionnels\/","url":"https:\/\/www.vraimentbeau.com\/vb_blog\/services-pour-les-professionnels\/","name":"Vous \u00eates professionnel ? Nous sommes l\u00e0 pour vous aider. | Vraiment Beau","isPartOf":{"@id":"https:\/\/www.vraimentbeau.com\/vb_blog\/#website"},"primaryImageOfPage":{"@id":"https:\/\/www.vraimentbeau.com\/vb_blog\/services-pour-les-professionnels\/#primaryimage"},"image":{"@id":"https:\/\/www.vraimentbeau.com\/vb_blog\/services-pour-les-professionnels\/#primaryimage"},"thumbnailUrl":"https:\/\/vraimentbeau.com\/vb_blog\/wp-content\/uploads\/2022\/05\/02-interet-de-travailler-avec-un-architecte-interieur-1-1024x531.jpg","datePublished":"2022-06-27T14:00:07+00:00","dateModified":"2023-01-19T11:13:44+00:00","description":"Depuis plus de dix ans, la moiti\u00e9 de notre activit\u00e9 est avec des professionnels. Vous pouvez nous faire confiance pour r\u00e9pondre \u00e0 vos besoins !","breadcrumb":{"@id":"https:\/\/www.vraimentbeau.com\/vb_blog\/services-pour-les-professionnels\/#breadcrumb"},"inLanguage":"en-US","potentialAction":[{"@type":"ReadAction","target":["https:\/\/www.vraimentbeau.com\/vb_blog\/services-pour-les-professionnels\/"]}]},{"@type":"ImageObject","inLanguage":"en-US","@id":"https:\/\/www.vraimentbeau.com\/vb_blog\/services-pour-les-professionnels\/#primaryimage","url":"https:\/\/vraimentbeau.com\/vb_blog\/wp-content\/uploads\/2022\/05\/02-interet-de-travailler-avec-un-architecte-interieur-1-1024x531.jpg","contentUrl":"https:\/\/vraimentbeau.com\/vb_blog\/wp-content\/uploads\/2022\/05\/02-interet-de-travailler-avec-un-architecte-interieur-1-1024x531.jpg"},{"@type":"BreadcrumbList","@id":"https:\/\/www.vraimentbeau.com\/vb_blog\/services-pour-les-professionnels\/#breadcrumb","itemListElement":[{"@type":"ListItem","position":1,"name":"Blog, Guides &amp; Infos","item":"https:\/\/www.vraimentbeau.com\/vb_blog\/"},{"@type":"ListItem","position":2,"name":"vous \u00eates professionnel"}]},{"@type":"WebSite","@id":"https:\/\/www.vraimentbeau.com\/vb_blog\/#website","url":"https:\/\/www.vraimentbeau.com\/vb_blog\/","name":"Vraiment Beau","description":"Les plus beaux luminaires de l&#039;internet, et autres objets d\u00e9coratifs!","publisher":{"@id":"https:\/\/www.vraimentbeau.com\/vb_blog\/#organization"},"potentialAction":[{"@type":"SearchAction","target":{"@type":"EntryPoint","urlTemplate":"https:\/\/www.vraimentbeau.com\/vb_blog\/?s={search_term_string}"},"query-input":{"@type":"PropertyValueSpecification","valueRequired":true,"valueName":"search_term_string"}}],"inLanguage":"en-US"},{"@type":"Organization","@id":"https:\/\/www.vraimentbeau.com\/vb_blog\/#organization","name":"Vraiment Beau","url":"https:\/\/www.vraimentbeau.com\/vb_blog\/","logo":{"@type":"ImageObject","inLanguage":"en-US","@id":"https:\/\/www.vraimentbeau.com\/vb_blog\/#\/schema\/logo\/image\/","url":"https:\/\/vraimentbeau.com\/vb_blog\/wp-content\/uploads\/2018\/04\/logo-vraiment-beau.png","contentUrl":"https:\/\/vraimentbeau.com\/vb_blog\/wp-content\/uploads\/2018\/04\/logo-vraiment-beau.png","width":287,"height":44,"caption":"Vraiment Beau"},"image":{"@id":"https:\/\/www.vraimentbeau.com\/vb_blog\/#\/schema\/logo\/image\/"},"sameAs":["https:\/\/www.facebook.com\/pages\/Vraiment-Beau\/123343387707501","https:\/\/www.instagram.com\/vraimentbeau\/","https:\/\/www.pinterest.fr\/cdehautefage\/"]}]}},"_links":{"self":[{"href":"https:\/\/www.vraimentbeau.com\/vb_blog\/wp-json\/wp\/v2\/pages\/2257","targetHints":{"allow":["GET"]}}],"collection":[{"href":"https:\/\/www.vraimentbeau.com\/vb_blog\/wp-json\/wp\/v2\/pages"}],"about":[{"href":"https:\/\/www.vraimentbeau.com\/vb_blog\/wp-json\/wp\/v2\/types\/page"}],"author":[{"embeddable":true,"href":"https:\/\/www.vraimentbeau.com\/vb_blog\/wp-json\/wp\/v2\/users\/1"}],"replies":[{"embeddable":true,"href":"https:\/\/www.vraimentbeau.com\/vb_blog\/wp-json\/wp\/v2\/comments?post=2257"}],"version-history":[{"count":10,"href":"https:\/\/www.vraimentbeau.com\/vb_blog\/wp-json\/wp\/v2\/pages\/2257\/revisions"}],"predecessor-version":[{"id":2344,"href":"https:\/\/www.vraimentbeau.com\/vb_blog\/wp-json\/wp\/v2\/pages\/2257\/revisions\/2344"}],"wp:attachment":[{"href":"https:\/\/www.vraimentbeau.com\/vb_blog\/wp-json\/wp\/v2\/media?parent=2257"}],"curies":[{"name":"wp","href":"https:\/\/api.w.org\/{rel}","templated":true}]}}