{"id":233,"date":"2018-02-25T16:30:24","date_gmt":"2018-02-25T15:30:24","guid":{"rendered":"http:\/\/localhost:8080\/vb_blog\/?page_id=143"},"modified":"2021-05-26T16:56:13","modified_gmt":"2021-05-26T14:56:13","slug":"references-clients","status":"publish","type":"page","link":"https:\/\/www.vraimentbeau.com\/vb_blog\/en\/infos-en\/references-clients\/","title":{"rendered":"References that make us proud"},"content":{"rendered":"<div class=\"intro\">Some recent references:<\/div>\n<div class=\"reference text-center\">\n<img loading=\"lazy\" decoding=\"async\" class=\"size-medium wp-image-1746\" src=\"https:\/\/vraimentbeau.com\/vb_blog\/wp-content\/uploads\/2018\/09\/hotel_brach-300x200.jpg\" alt=\"Hotel Brach, Paris XVI\" width=\"300\" height=\"200\" srcset=\"https:\/\/www.vraimentbeau.com\/vb_blog\/wp-content\/uploads\/2018\/09\/hotel_brach-300x200.jpg 300w, https:\/\/www.vraimentbeau.com\/vb_blog\/wp-content\/uploads\/2018\/09\/hotel_brach-768x512.jpg 768w, https:\/\/www.vraimentbeau.com\/vb_blog\/wp-content\/uploads\/2018\/09\/hotel_brach-1024x683.jpg 1024w\" sizes=\"auto, (max-width: 300px) 100vw, 300px\" \/><\/p>\n<p>Hotel Brach, Paris XVI<\/p>\n<\/div>\n<div class=\"reference text-center\">\n<p><img loading=\"lazy\" decoding=\"async\" class=\"size-medium wp-image-1749\" src=\"https:\/\/vraimentbeau.com\/vb_blog\/wp-content\/uploads\/2018\/09\/villa_margaret_lorient-300x201.jpg\" alt=\"Villa Margaret in Lorient (Kernevel)\" width=\"300\" height=\"201\" srcset=\"https:\/\/www.vraimentbeau.com\/vb_blog\/wp-content\/uploads\/2018\/09\/villa_margaret_lorient-300x201.jpg 300w, https:\/\/www.vraimentbeau.com\/vb_blog\/wp-content\/uploads\/2018\/09\/villa_margaret_lorient.jpg 700w\" sizes=\"auto, (max-width: 300px) 100vw, 300px\" \/><\/p>\n<p>Villa Margaret in Lorient (Larmor beach)<\/p>\n<\/div>\n<div class=\"reference text-center\">\n<p><img loading=\"lazy\" decoding=\"async\" class=\"size-medium wp-image-1752\" src=\"https:\/\/vraimentbeau.com\/vb_blog\/wp-content\/uploads\/2018\/09\/la-mere-catherine-paris-300x154.jpg\" alt=\"Restaurant La M\u00e8re Catherine in Paris\" width=\"300\" height=\"154\" srcset=\"https:\/\/www.vraimentbeau.com\/vb_blog\/wp-content\/uploads\/2018\/09\/la-mere-catherine-paris-300x154.jpg 300w, https:\/\/www.vraimentbeau.com\/vb_blog\/wp-content\/uploads\/2018\/09\/la-mere-catherine-paris-768x395.jpg 768w, https:\/\/www.vraimentbeau.com\/vb_blog\/wp-content\/uploads\/2018\/09\/la-mere-catherine-paris.jpg 1024w\" sizes=\"auto, (max-width: 300px) 100vw, 300px\" \/><\/p>\n<p>Restaurant La m\u00e8re Catherine in Paris<\/p>\n<\/div>\n<div class=\"reference text-center\">\n<p><img loading=\"lazy\" decoding=\"async\" class=\"size-medium wp-image-1754\" src=\"https:\/\/vraimentbeau.com\/vb_blog\/wp-content\/uploads\/2018\/09\/chateau-de-saulon-300x207.jpg\" alt=\"Chateau de Saulx\" width=\"300\" height=\"207\" srcset=\"https:\/\/www.vraimentbeau.com\/vb_blog\/wp-content\/uploads\/2018\/09\/chateau-de-saulon-300x207.jpg 300w, https:\/\/www.vraimentbeau.com\/vb_blog\/wp-content\/uploads\/2018\/09\/chateau-de-saulon-768x531.jpg 768w, https:\/\/www.vraimentbeau.com\/vb_blog\/wp-content\/uploads\/2018\/09\/chateau-de-saulon.jpg 790w\" sizes=\"auto, (max-width: 300px) 100vw, 300px\" \/><\/p>\n<p>The Saulon Castle<\/p>\n<\/div>\n<div class=\"reference text-center\">\n<p><img loading=\"lazy\" decoding=\"async\" class=\"size-medium wp-image-1756\" src=\"https:\/\/vraimentbeau.com\/vb_blog\/wp-content\/uploads\/2018\/09\/le-bizuth-paris-300x225.jpg\" alt=\"Restaurant 'Le Bizuth' in St Germain des Pr\u00e9s\" width=\"300\" height=\"225\" srcset=\"https:\/\/www.vraimentbeau.com\/vb_blog\/wp-content\/uploads\/2018\/09\/le-bizuth-paris-300x225.jpg 300w, https:\/\/www.vraimentbeau.com\/vb_blog\/wp-content\/uploads\/2018\/09\/le-bizuth-paris-768x576.jpg 768w, https:\/\/www.vraimentbeau.com\/vb_blog\/wp-content\/uploads\/2018\/09\/le-bizuth-paris.jpg 960w\" sizes=\"auto, (max-width: 300px) 100vw, 300px\" \/><\/p>\n<p>Restaurant &#8220;Le Bizuth&#8221; in St Germain des Pr\u00e9s<\/p>\n<\/div>\n<div class=\"reference text-center\">\n<p><img loading=\"lazy\" decoding=\"async\" class=\"size-medium wp-image-1769\" src=\"https:\/\/vraimentbeau.com\/vb_blog\/wp-content\/uploads\/2018\/09\/logo-zuber-300x124.png\" alt=\"Logo Zuber manufacture wallpapers and fabrics\" width=\"300\" height=\"124\" srcset=\"https:\/\/www.vraimentbeau.com\/vb_blog\/wp-content\/uploads\/2018\/09\/logo-zuber-300x124.png 300w, https:\/\/www.vraimentbeau.com\/vb_blog\/wp-content\/uploads\/2018\/09\/logo-zuber.png 386w\" sizes=\"auto, (max-width: 300px) 100vw, 300px\" \/><\/p>\n<p>Zuber in St Germain des Pr\u00e9s (Paris)<\/p>\n<\/div>\n<div class=\"reference text-center\">\n<p><img loading=\"lazy\" decoding=\"async\" class=\"size-full wp-image-1772\" src=\"https:\/\/vraimentbeau.com\/vb_blog\/wp-content\/uploads\/2018\/09\/global-blue-london.jpeg\" alt=\"Global Blue Logo\" width=\"286\" height=\"129\"><\/p>\n<p>Global Blue offices in London<\/p>\n<\/div>\n<div class=\"reference text-center\">\n<p><img decoding=\"async\" src=\"\/v5_test_images\/references\/RepubliqueFr1.png\" alt=\"\"><\/p>\n<p>Department of Justice,<br \/>\nParis<\/p>\n<\/div>\n<div class=\"reference text-center\">\n<p><img decoding=\"async\" src=\"\/v5_test_images\/references\/Caudalie1.jpg\" alt=\"\"><\/p>\n<p>Les Sources de Caudalie,<br \/>\nBordeaux<\/p>\n<\/div>\n<div class=\"reference text-center\">\n<p><img decoding=\"async\" src=\"\/v5_test_images\/references\/IWC1.png\" alt=\"\"><\/p>\n<p>IWC Schuffhausen, Watchmaking International Exhibition<br \/>\nGen\u00e8ve<\/p>\n<\/div>\n<div class=\"reference text-center\">\n<p><img decoding=\"async\" src=\"\/v5_test_images\/references\/Vuitton1.jpg\" alt=\"\"><\/p>\n<p>Louis Vuitton,<br \/>\nExhibition at the Grand Palais<\/p>\n<\/div>\n<div class=\"reference text-center\">\n<p><img decoding=\"async\" src=\"\/v5_test_images\/references\/Hermes1.png\" alt=\"\"><\/p>\n<p>Hermes store,<br \/>\nHong Kong<\/p>\n<\/div>\n<div class=\"reference text-center\">\n<p><img decoding=\"async\" src=\"\/v5_test_images\/references\/CA1.png\" alt=\"\"><\/p>\n<p>Credit Agricole,<br \/>\nSouthern France agencies<\/p>\n<\/div>\n<div class=\"reference text-center\">\n<p><img decoding=\"async\" src=\"\/v5_test_images\/references\/StHilaire.jpeg\" alt=\"\"><\/p>\n<p>Vineyard Ch\u00e2teau de Saint Hilaire,<br \/>\nAix en Provence<\/p>\n<\/div>\n<div class=\"reference text-center\">\n<p><img decoding=\"async\" src=\"\/v5_test_images\/references\/MairieParis1.png\" alt=\"\"><\/p>\n<p>Paris Town Hall (II\u00b0 arrondissement)<\/p>\n<\/div>\n<div class=\"reference text-center\">\n<p><img decoding=\"async\" src=\"\/v5_test_images\/references\/Capitole1.jpg\" alt=\"\"><\/p>\n<p>Capitol Theater, Toulouse<\/p>\n<\/div>\n<div class=\"reference text-center\">\n<p><img decoding=\"async\" src=\"\/v5_test_images\/references\/Indiana1.png\" alt=\"\"><\/p>\n<p>Restaurants Indiana Cafe,<br \/>\nParis<\/p>\n<\/div>\n<div class=\"reference text-center\">\n<p><img decoding=\"async\" src=\"\/v5_test_images\/references\/Cafe2.jpg\" alt=\"\"><\/p>\n<p>Restaurant Le Bon fisherman,<br \/>\nParis<\/p>\n<\/div>\n<div class=\"reference text-center\">\n<p><img decoding=\"async\" src=\"\/v5_test_images\/references\/Moinard.png\" alt=\"\"><\/p>\n<p>Bruno McLaren Editions,<br \/>\ndesigners &amp; Architects,<br \/>\nParis<\/p>\n<\/div>\n<div class=\"reference text-center\">\n<p><img decoding=\"async\" src=\"\/v5_test_images\/references\/SantaMaria2.png\" alt=\"\"><\/p>\n<p>Hotel Santa Maria,<br \/>\nSaint Florent<\/p>\n<\/div>\n<div class=\"reference text-center\">\n<p><img decoding=\"async\" src=\"\/v5_test_images\/references\/BestWestern.jpg\" alt=\"\"><\/p>\n<p>Hotel Amazona,<br \/>\nCayenne<\/p>\n<\/div>\n<div class=\"reference text-center\">\n<p><img decoding=\"async\" src=\"\/v5_test_images\/references\/lesimperiales.jpeg\" alt=\"\"><\/p>\n<p>Brasserie Les Imperiales,<br \/>\nRambouillet<\/p>\n<\/div>\n<div class=\"reference text-center\">\n<p><img decoding=\"async\" src=\"\/v5_test_images\/references\/StBarth1.png\" alt=\"\"><\/p>\n<p>Hotel Le Ganahani,<br \/>\nSaint Bartholomew<\/p>\n<\/div>\n<div class=\"reference text-center\">\n<p><img decoding=\"async\" src=\"\/v5_test_images\/references\/Caso1.png\" alt=\"\"><\/p>\n<p>Community of municipalities<br \/>\nof the Saint Omer agglomeration<\/p>\n<\/div>\n","protected":false},"excerpt":{"rendered":"<p>Some recent references: Hotel Brach, Paris XVI Villa Margaret in Lorient (Larmor beach) Restaurant La m\u00e8re Catherine in Paris The Saulon Castle Restaurant &#8220;Le Bizuth&#8221; in St Germain des Pr\u00e9s Zuber in St Germain des Pr\u00e9s (Paris) Global Blue offices in London Department of Justice, Paris Les Sources de Caudalie, Bordeaux IWC Schuffhausen, Watchmaking International [&hellip;]<\/p>\n","protected":false},"author":1,"featured_media":0,"parent":599,"menu_order":25,"comment_status":"closed","ping_status":"closed","template":"","meta":{"_acf_changed":false,"footnotes":""},"class_list":["post-233","page","type-page","status-publish","hentry"],"acf":[],"yoast_head":"<!-- This site is optimized with the Yoast SEO plugin v24.0 - https:\/\/yoast.com\/wordpress\/plugins\/seo\/ -->\n<title>References that make us proud | Vraiment Beau<\/title>\n<meta name=\"description\" content=\"We work a lot with architects, designers, museums, hotels and restaurants, to find or cutomise the best lighting fixtures. Some references do make us proud!\" \/>\n<meta name=\"robots\" content=\"index, follow, max-snippet:-1, max-image-preview:large, max-video-preview:-1\" \/>\n<link rel=\"canonical\" href=\"https:\/\/www.vraimentbeau.com\/vb_blog\/en\/infos-en\/references-clients\/\" \/>\n<meta property=\"og:locale\" content=\"en_US\" \/>\n<meta property=\"og:type\" content=\"article\" \/>\n<meta property=\"og:title\" content=\"References that make us proud | Vraiment Beau\" \/>\n<meta property=\"og:description\" content=\"We work a lot with architects, designers, museums, hotels and restaurants, to find or cutomise the best lighting fixtures. Some references do make us proud!\" \/>\n<meta property=\"og:url\" content=\"https:\/\/www.vraimentbeau.com\/vb_blog\/en\/infos-en\/references-clients\/\" \/>\n<meta property=\"og:site_name\" content=\"Vraiment Beau\" \/>\n<meta property=\"article:publisher\" content=\"https:\/\/www.facebook.com\/pages\/Vraiment-Beau\/123343387707501\" \/>\n<meta property=\"article:modified_time\" content=\"2021-05-26T14:56:13+00:00\" \/>\n<meta property=\"og:image\" content=\"https:\/\/vraimentbeau.com\/vb_blog\/wp-content\/uploads\/2018\/09\/hotel_brach-300x200.jpg\" \/>\n<meta name=\"twitter:card\" content=\"summary_large_image\" \/>\n<meta name=\"twitter:label1\" content=\"Est. reading time\" \/>\n\t<meta name=\"twitter:data1\" content=\"1 minute\" \/>\n<script type=\"application\/ld+json\" class=\"yoast-schema-graph\">{\"@context\":\"https:\/\/schema.org\",\"@graph\":[{\"@type\":\"WebPage\",\"@id\":\"https:\/\/www.vraimentbeau.com\/vb_blog\/en\/infos-en\/references-clients\/\",\"url\":\"https:\/\/www.vraimentbeau.com\/vb_blog\/en\/infos-en\/references-clients\/\",\"name\":\"References that make us proud | Vraiment Beau\",\"isPartOf\":{\"@id\":\"https:\/\/www.vraimentbeau.com\/vb_blog\/#website\"},\"primaryImageOfPage\":{\"@id\":\"https:\/\/www.vraimentbeau.com\/vb_blog\/en\/infos-en\/references-clients\/#primaryimage\"},\"image\":{\"@id\":\"https:\/\/www.vraimentbeau.com\/vb_blog\/en\/infos-en\/references-clients\/#primaryimage\"},\"thumbnailUrl\":\"https:\/\/vraimentbeau.com\/vb_blog\/wp-content\/uploads\/2018\/09\/hotel_brach-300x200.jpg\",\"datePublished\":\"2018-02-25T15:30:24+00:00\",\"dateModified\":\"2021-05-26T14:56:13+00:00\",\"description\":\"We work a lot with architects, designers, museums, hotels and restaurants, to find or cutomise the best lighting fixtures. Some references do make us proud!\",\"breadcrumb\":{\"@id\":\"https:\/\/www.vraimentbeau.com\/vb_blog\/en\/infos-en\/references-clients\/#breadcrumb\"},\"inLanguage\":\"en-US\",\"potentialAction\":[{\"@type\":\"ReadAction\",\"target\":[\"https:\/\/www.vraimentbeau.com\/vb_blog\/en\/infos-en\/references-clients\/\"]}]},{\"@type\":\"ImageObject\",\"inLanguage\":\"en-US\",\"@id\":\"https:\/\/www.vraimentbeau.com\/vb_blog\/en\/infos-en\/references-clients\/#primaryimage\",\"url\":\"https:\/\/vraimentbeau.com\/vb_blog\/wp-content\/uploads\/2018\/09\/hotel_brach-300x200.jpg\",\"contentUrl\":\"https:\/\/vraimentbeau.com\/vb_blog\/wp-content\/uploads\/2018\/09\/hotel_brach-300x200.jpg\"},{\"@type\":\"BreadcrumbList\",\"@id\":\"https:\/\/www.vraimentbeau.com\/vb_blog\/en\/infos-en\/references-clients\/#breadcrumb\",\"itemListElement\":[{\"@type\":\"ListItem\",\"position\":1,\"name\":\"Blog, Guides &amp; Infos\",\"item\":\"https:\/\/www.vraimentbeau.com\/vb_blog\/\"},{\"@type\":\"ListItem\",\"position\":2,\"name\":\"The information on Vraiment Beau\",\"item\":\"https:\/\/www.vraimentbeau.com\/vb_blog\/en\/infos-en\/\"},{\"@type\":\"ListItem\",\"position\":3,\"name\":\"References that make us proud\"}]},{\"@type\":\"WebSite\",\"@id\":\"https:\/\/www.vraimentbeau.com\/vb_blog\/#website\",\"url\":\"https:\/\/www.vraimentbeau.com\/vb_blog\/\",\"name\":\"Vraiment Beau\",\"description\":\"Les plus beaux luminaires de l&#039;internet, et autres objets d\u00e9coratifs!\",\"publisher\":{\"@id\":\"https:\/\/www.vraimentbeau.com\/vb_blog\/#organization\"},\"potentialAction\":[{\"@type\":\"SearchAction\",\"target\":{\"@type\":\"EntryPoint\",\"urlTemplate\":\"https:\/\/www.vraimentbeau.com\/vb_blog\/?s={search_term_string}\"},\"query-input\":{\"@type\":\"PropertyValueSpecification\",\"valueRequired\":true,\"valueName\":\"search_term_string\"}}],\"inLanguage\":\"en-US\"},{\"@type\":\"Organization\",\"@id\":\"https:\/\/www.vraimentbeau.com\/vb_blog\/#organization\",\"name\":\"Vraiment Beau\",\"url\":\"https:\/\/www.vraimentbeau.com\/vb_blog\/\",\"logo\":{\"@type\":\"ImageObject\",\"inLanguage\":\"en-US\",\"@id\":\"https:\/\/www.vraimentbeau.com\/vb_blog\/#\/schema\/logo\/image\/\",\"url\":\"https:\/\/vraimentbeau.com\/vb_blog\/wp-content\/uploads\/2018\/04\/logo-vraiment-beau.png\",\"contentUrl\":\"https:\/\/vraimentbeau.com\/vb_blog\/wp-content\/uploads\/2018\/04\/logo-vraiment-beau.png\",\"width\":287,\"height\":44,\"caption\":\"Vraiment Beau\"},\"image\":{\"@id\":\"https:\/\/www.vraimentbeau.com\/vb_blog\/#\/schema\/logo\/image\/\"},\"sameAs\":[\"https:\/\/www.facebook.com\/pages\/Vraiment-Beau\/123343387707501\",\"https:\/\/www.instagram.com\/vraimentbeau\/\",\"https:\/\/www.pinterest.fr\/cdehautefage\/\"]}]}<\/script>\n<!-- \/ Yoast SEO plugin. -->","yoast_head_json":{"title":"References that make us proud | Vraiment Beau","description":"We work a lot with architects, designers, museums, hotels and restaurants, to find or cutomise the best lighting fixtures. Some references do make us proud!","robots":{"index":"index","follow":"follow","max-snippet":"max-snippet:-1","max-image-preview":"max-image-preview:large","max-video-preview":"max-video-preview:-1"},"canonical":"https:\/\/www.vraimentbeau.com\/vb_blog\/en\/infos-en\/references-clients\/","og_locale":"en_US","og_type":"article","og_title":"References that make us proud | Vraiment Beau","og_description":"We work a lot with architects, designers, museums, hotels and restaurants, to find or cutomise the best lighting fixtures. Some references do make us proud!","og_url":"https:\/\/www.vraimentbeau.com\/vb_blog\/en\/infos-en\/references-clients\/","og_site_name":"Vraiment Beau","article_publisher":"https:\/\/www.facebook.com\/pages\/Vraiment-Beau\/123343387707501","article_modified_time":"2021-05-26T14:56:13+00:00","og_image":[{"url":"https:\/\/vraimentbeau.com\/vb_blog\/wp-content\/uploads\/2018\/09\/hotel_brach-300x200.jpg","type":"","width":"","height":""}],"twitter_card":"summary_large_image","twitter_misc":{"Est. reading time":"1 minute"},"schema":{"@context":"https:\/\/schema.org","@graph":[{"@type":"WebPage","@id":"https:\/\/www.vraimentbeau.com\/vb_blog\/en\/infos-en\/references-clients\/","url":"https:\/\/www.vraimentbeau.com\/vb_blog\/en\/infos-en\/references-clients\/","name":"References that make us proud | Vraiment Beau","isPartOf":{"@id":"https:\/\/www.vraimentbeau.com\/vb_blog\/#website"},"primaryImageOfPage":{"@id":"https:\/\/www.vraimentbeau.com\/vb_blog\/en\/infos-en\/references-clients\/#primaryimage"},"image":{"@id":"https:\/\/www.vraimentbeau.com\/vb_blog\/en\/infos-en\/references-clients\/#primaryimage"},"thumbnailUrl":"https:\/\/vraimentbeau.com\/vb_blog\/wp-content\/uploads\/2018\/09\/hotel_brach-300x200.jpg","datePublished":"2018-02-25T15:30:24+00:00","dateModified":"2021-05-26T14:56:13+00:00","description":"We work a lot with architects, designers, museums, hotels and restaurants, to find or cutomise the best lighting fixtures. Some references do make us proud!","breadcrumb":{"@id":"https:\/\/www.vraimentbeau.com\/vb_blog\/en\/infos-en\/references-clients\/#breadcrumb"},"inLanguage":"en-US","potentialAction":[{"@type":"ReadAction","target":["https:\/\/www.vraimentbeau.com\/vb_blog\/en\/infos-en\/references-clients\/"]}]},{"@type":"ImageObject","inLanguage":"en-US","@id":"https:\/\/www.vraimentbeau.com\/vb_blog\/en\/infos-en\/references-clients\/#primaryimage","url":"https:\/\/vraimentbeau.com\/vb_blog\/wp-content\/uploads\/2018\/09\/hotel_brach-300x200.jpg","contentUrl":"https:\/\/vraimentbeau.com\/vb_blog\/wp-content\/uploads\/2018\/09\/hotel_brach-300x200.jpg"},{"@type":"BreadcrumbList","@id":"https:\/\/www.vraimentbeau.com\/vb_blog\/en\/infos-en\/references-clients\/#breadcrumb","itemListElement":[{"@type":"ListItem","position":1,"name":"Blog, Guides &amp; Infos","item":"https:\/\/www.vraimentbeau.com\/vb_blog\/"},{"@type":"ListItem","position":2,"name":"The information on Vraiment Beau","item":"https:\/\/www.vraimentbeau.com\/vb_blog\/en\/infos-en\/"},{"@type":"ListItem","position":3,"name":"References that make us proud"}]},{"@type":"WebSite","@id":"https:\/\/www.vraimentbeau.com\/vb_blog\/#website","url":"https:\/\/www.vraimentbeau.com\/vb_blog\/","name":"Vraiment Beau","description":"Les plus beaux luminaires de l&#039;internet, et autres objets d\u00e9coratifs!","publisher":{"@id":"https:\/\/www.vraimentbeau.com\/vb_blog\/#organization"},"potentialAction":[{"@type":"SearchAction","target":{"@type":"EntryPoint","urlTemplate":"https:\/\/www.vraimentbeau.com\/vb_blog\/?s={search_term_string}"},"query-input":{"@type":"PropertyValueSpecification","valueRequired":true,"valueName":"search_term_string"}}],"inLanguage":"en-US"},{"@type":"Organization","@id":"https:\/\/www.vraimentbeau.com\/vb_blog\/#organization","name":"Vraiment Beau","url":"https:\/\/www.vraimentbeau.com\/vb_blog\/","logo":{"@type":"ImageObject","inLanguage":"en-US","@id":"https:\/\/www.vraimentbeau.com\/vb_blog\/#\/schema\/logo\/image\/","url":"https:\/\/vraimentbeau.com\/vb_blog\/wp-content\/uploads\/2018\/04\/logo-vraiment-beau.png","contentUrl":"https:\/\/vraimentbeau.com\/vb_blog\/wp-content\/uploads\/2018\/04\/logo-vraiment-beau.png","width":287,"height":44,"caption":"Vraiment Beau"},"image":{"@id":"https:\/\/www.vraimentbeau.com\/vb_blog\/#\/schema\/logo\/image\/"},"sameAs":["https:\/\/www.facebook.com\/pages\/Vraiment-Beau\/123343387707501","https:\/\/www.instagram.com\/vraimentbeau\/","https:\/\/www.pinterest.fr\/cdehautefage\/"]}]}},"_links":{"self":[{"href":"https:\/\/www.vraimentbeau.com\/vb_blog\/wp-json\/wp\/v2\/pages\/233","targetHints":{"allow":["GET"]}}],"collection":[{"href":"https:\/\/www.vraimentbeau.com\/vb_blog\/wp-json\/wp\/v2\/pages"}],"about":[{"href":"https:\/\/www.vraimentbeau.com\/vb_blog\/wp-json\/wp\/v2\/types\/page"}],"author":[{"embeddable":true,"href":"https:\/\/www.vraimentbeau.com\/vb_blog\/wp-json\/wp\/v2\/users\/1"}],"replies":[{"embeddable":true,"href":"https:\/\/www.vraimentbeau.com\/vb_blog\/wp-json\/wp\/v2\/comments?post=233"}],"version-history":[{"count":4,"href":"https:\/\/www.vraimentbeau.com\/vb_blog\/wp-json\/wp\/v2\/pages\/233\/revisions"}],"predecessor-version":[{"id":2092,"href":"https:\/\/www.vraimentbeau.com\/vb_blog\/wp-json\/wp\/v2\/pages\/233\/revisions\/2092"}],"up":[{"embeddable":true,"href":"https:\/\/www.vraimentbeau.com\/vb_blog\/wp-json\/wp\/v2\/pages\/599"}],"wp:attachment":[{"href":"https:\/\/www.vraimentbeau.com\/vb_blog\/wp-json\/wp\/v2\/media?parent=233"}],"curies":[{"name":"wp","href":"https:\/\/api.w.org\/{rel}","templated":true}]}}