{"id":295,"date":"2018-03-07T15:02:55","date_gmt":"2018-03-07T14:02:55","guid":{"rendered":"http:\/\/localhost:8080\/vb_blog\/?page_id=295"},"modified":"2023-02-23T08:50:17","modified_gmt":"2023-02-23T07:50:17","slug":"faq","status":"publish","type":"page","link":"https:\/\/www.vraimentbeau.com\/vb_blog\/infos\/faq\/","title":{"rendered":"Les r\u00e9ponses aux questions les plus fr\u00e9quentes"},"content":{"rendered":"<div class=\"intro\">Comment contacter Vraiment Beau ?<\/div>\n<p>Vous pouvez nous appeler au <strong><a href=\"tel:+33145206000\">01 45 20 60 00<\/a><\/strong> du lundi au vendredi de 9h00 \u00e0 18h00. Nous pouvons aussi facilement organiser sur rendez-vous une discussion par Zoom ou Teams (tr\u00e8s \u00e0 la mode !). Nos op\u00e9rations sont bas\u00e9es \u00e0 Crac&#8217;h, un charmant petit village entre Auray et La Trinit\u00e9 sur Mer en Bretagne sud, et nous y entretenons un petit show room o\u00f9 vous pouvez nous rendre visite.<\/p>\n<p>Si vous \u00eates un professionnel, nous pouvons vous rencontrer&nbsp;<strong>sur rendez-vous<\/strong> \u00e0 Paris, en nos bureaux \u00e0 St Lazare, ou ailleurs \u00e0 votre convenance.<\/p>\n<p>Vous pouvez enfin nous \u00e9crire \u00e0 : <strong>contact@vraimentbeau.com<\/strong>.<\/p>\n<h2>Questions relatives \u00e0 nos marques et \u00e0 nos produits&nbsp;:<\/h2>\n<h3>Je cherche une <a href=\"\/boutique\/luminaire\/suspension\/\">suspension<\/a> noire. Comment trouver le luminaire que je cherche&nbsp;?<\/h3>\n<p>Profitez des options de navigation de Vraiment Beau ! Dans chaque gamme de Vraiment Beau, par exemple les <a href=\"\/boutique\/luminaire\/suspension\/\">suspensions<\/a>, vous trouvez des s\u00e9lecteurs par style, couleur, marque et prix. Cliquez sur &#8220;Toutes les couleurs&#8221; et s\u00e9lectionnez &#8220;Noir&#8221;. L&#8217;ordre de pr\u00e9sentation des suspensions est alors modifi\u00e9 pour faire appara\u00eetre les noires en premier.<\/p>\n<p>Vous pouvez aussi explorer toutes les marques de Vraiment Beau en parcourant notre <a href=\"\/boutique\/marques\/\">catalogue de marques<\/a>, qui pr\u00e9sente chaque fabricant avec des illustrations.<\/p>\n<h3>Je cherche un <a href=\"\/boutique\/luminaire\/\">luminaire<\/a> (par exemple) que je ne trouve pas sur Vraiment Beau. Pouvez-vous m&#8217;aider ?<\/h3>\n<p>Vraiment Beau pr\u00e9sente en g\u00e9n\u00e9ral l&#8217;essentiel de la collection de chacun des fabricants distribu\u00e9s sur le site. Cependant, si vous recherchez une r\u00e9f\u00e9rence non pr\u00e9sent\u00e9e, n&#8217;h\u00e9sitez pas \u00e0 nous contacter par mail ou au t\u00e9l\u00e9phone, nous pouvons commander la r\u00e9f\u00e9rence que vous cherchez.<\/p>\n<p>Par ailleurs, si vous recherchez un luminaire d&#8217;un fabricant \u2013 notamment de luminaire &#8211; que nous ne distribuons pas encore, n&#8217;h\u00e9sitez pas \u00e0 nous appeler \u00e9galement, nous sommes constamment \u00e0 la recherche de nouveaux cr\u00e9ateurs, et n&#8217;h\u00e9siterons pas \u00e0 \u00e9tudier votre demande.<\/p>\n<h2>Questions relatives au <a href=\"\/boutique\/luminaire\/\">luminaire:<\/a><\/h2>\n<h3>Je ne sais pas quelle ampoule mettre sur mon luminaire.<\/h3>\n<p>Appelez-nous ! C&#8217;est vrai qu&#8217;il devient de plus en plus difficile de choisir avec certitude la bonne ampoule pour votre luminaire : avec la cr\u00e9ativit\u00e9 des fabricants, il y a de plus en plus de formes d&#8217;ampoules (forme du verre et forme du culot) et en plus il devient difficile de choisir entre basse consommation fluo-compacte, halog\u00e8ne et LED. Bref, dans la maquis du march\u00e9 contemporain des ampoules, nous sommes \u00e0 votre disposition pour choisir le mod\u00e8le adapt\u00e9 \u00e0 votre luminaire, en tenant compte de vos objectifs d&#8217;\u00e9clairage. Vous trouverez \u00e9galement dans notre <a href=\"\/vb_blog\/guide-pratique\/\">Guide Pratique<\/a> de nombreux conseils pour concevoir vos \u00e9clairages et choisir vos ampoules<\/p>\n<h3>Je ne suis pas s\u00fbr(e) des dimensions d&#8217;un luminaire pr\u00e9sent\u00e9 sur Vraiment Beau<\/h3>\n<p>Certains luminaires ont quelquefois une forme biscornue\u2026 si vous avez un doute sur ce que signifient les dimensions \u00e9voqu\u00e9es pour le luminaire qui vous int\u00e9resse, n&#8217;h\u00e9sitez pas \u00e0 nous contacter, nos sp\u00e9cialistes sont l\u00e0 pour r\u00e9pondre \u00e0 toutes vos questions.<\/p>\n<h3>J&#8217;aimerais installer un variateur sur le luminaire qui m&#8217;int\u00e9resse, mais je ne suis pas s\u00fbr(e) de savoir le faire<\/h3>\n<p>Si vous commandez un petit variateur conjointement \u00e0 votre lampe ou votre lampadaire, <strong>nous pouvons l&#8217;installer gratuitement sur votre luminaire<\/strong>, avant de vous l&#8217;exp\u00e9dier.<\/p>\n<h3>Vos luminaires \u00e0 LED \u00e9clairent-ils bien&nbsp;?<\/h3>\n<p>Nous ne choisissons que des luminaires LED de bonne qualit\u00e9, dont le flux lumineux est comparable \u00e0 celui d&#8217;un luminaire classique de m\u00eame cat\u00e9gorie. Ceci dit, gardez \u00e0 l&#8217;esprit qu&#8217;au sein de notre catalogue, les balises sont des luminaires sp\u00e9cifiquement con\u00e7us pour produire un faible \u00e9clairage, pour \u00e9clairer en permanence un couloir ou un escalier. Enfin, gardez-vous pour le moment d&#8217;\u00e9quiper un luminaire avec une ampoule LED trouv\u00e9e en grande surface : celles-ci ont pour le moment un rendement lumineux trop faible pour constituer une alternative satisfaisante \u00e0 une ampoule halog\u00e8ne ou fluo-compacte standard. Des ampoules LED existent qui r\u00e9pondront \u00e0 vos besoins, et nous pouvons vous aider \u00e0 les trouver.<\/p>\n<h3>Vos luminaires sont-ils compatibles avec les ampoules \u00e0 basse consommation&nbsp;?<\/h3>\n<p>Petit point technique : les ampoules dor\u00e9navant autoris\u00e9es \u00e0 la vente sont &#8220;basse consommation&#8221;, ce qui comprend : (i) les ampoules fluo-compactes (bien qu&#8217;en voie de disparition) et (ii) les ampoules halog\u00e8nes. Ces deux types d&#8217;ampoules sont durablement disponibles en grande surface. Dans de nombreuses situations, nous recommandons effectivement l&#8217;utilisation d&#8217;ampoules halog\u00e8nes qui ressemblent trait pour trait aux ampoules traditionnelles, tout en ayant une consommation optimis\u00e9e de 25% \u00e0 30%, et produisent en g\u00e9n\u00e9ral une lumi\u00e8re plus esth\u00e9tique que les ampoules fluo-compactes qui ne sont que des tubes n\u00e9on miniature et produisent une lumi\u00e8re blanch\u00e2tre. Certains luminaires sont toutefois adapt\u00e9s aux ampoules fluo-compactes, souvent parce qu&#8217;ils sont dot\u00e9s d&#8217;un abat-jour diffusant qui r\u00e9tablit une nuance sympathique \u00e0 la lumi\u00e8re \u00e9mise. Enfin, de plus en plus de fabricants pr\u00e9sentent des luminaires \u00e9quip\u00e9s en LED. Ces sources lumineuses ont une dur\u00e9e de vie d&#8217;une trentaine d&#8217;ann\u00e9es, et la question de leur remplacement ne se pose pas.<\/p>\n<h2>Questions relatives aux livraisons:<\/h2>\n<h3>L&#8217;article que j&#8217;ai command\u00e9 ne me convient pas. Que dois-je faire&nbsp;?<\/h3>\n<p>Quelle qu&#8217;en soit la raison, <strong>vous pouvez nous retourner le luminaire, le tapis<\/strong> que vous avez command\u00e9. Il faut pour cela nous contacter dans les 14 jours qui suivent la r\u00e9ception de votre commande. Voir <a href=\"\/vb_blog\/infos\/cgv\/\">nos conditions g\u00e9n\u00e9rales de vente<\/a> pour plus de d\u00e9tails.<\/p>\n<h3>J&#8217;habite au bout du monde sur une \u00eele d\u00e9serte. Pouvez-vous me livrer&nbsp;?<\/h3>\n<p>Bien s\u00fbr ! Nous avons effectivement livr\u00e9 des commandes sur \u00eeles situ\u00e9es \u00e0 de nombreux fuseaux horaires de la France. Dans ce cas, il faut simplement nous contacter que nos sp\u00e9cialistes en logistique puissent d\u00e9terminer les meilleures conditions d&#8217;acheminement pour le tapis ou le luminaire de votre choix. Et si vous nous invitez \u00e0 venir passer une semaine de vacances sur votre \u00eele d\u00e9serte, nous serons heureux de venir vous aider \u00e0 l&#8217;installer (nous sommes tr\u00e8s sympathiques!)<\/p>\n<h3>Je pense acheter un lustre en verre, mais j&#8217;ai peur qu&#8217;il se casse pendant la livraison&nbsp;!<\/h3>\n<p>Nous livrons chaque semaine de nombreux luminaires tr\u00e8s fragiles, notamment en verre. Les produits exp\u00e9di\u00e9s sont emball\u00e9s de fa\u00e7on tr\u00e8s rigoureuse (caisse rigide, coussins absorbeurs de choc, rembourrages \u00e9cologiques, renforts interne, etc.), et les cas de luminaires bris\u00e9s sont rarissimes. Si toutefois vous constatiez une casse, nous vous remplacerions \u00e9videmment le produit. <strong>A condition que vous constatiez cette casse au moment de la livraison, et devant le livreur<\/strong>. Cette inspection prend quelque minutes, mais elle est absolument indispensable pour que nous puissions nous retourner contre la soci\u00e9t\u00e9 de transport. Exigez de la faire, m\u00eame si le livreur est r\u00e9ticent \u00e0 rester plus longtemps: il est oblig\u00e9 de vous laisser le temps pour la faire.<\/p>\n<h3>Qui effectue ma livraison&nbsp;?<\/h3>\n<p>Votre livraison doit \u00eatre faite par quelqu&#8217;un de s\u00e9rieux, fiable, avec une r\u00e9elle pr\u00e9sence pr\u00e8s de chez vous et qui prendra soin de votre achat. C&#8217;est la raison pour laquelle la plupart des commandes sont exp\u00e9di\u00e9es par La Poste en Colissimo et par UPS (United Parcel Service). Ces deux prestataires nous donnent totale satisfaction depuis des ann\u00e9es.<\/p>\n<h2>Questions relatives aux informations clients&nbsp;:<\/h2>\n<h3>Mes donn\u00e9es personnelles sont-elles bien prot\u00e9g\u00e9es ?<\/h3>\n<p>Contrairement \u00e0 de nombreux sites marchands, nous ne stockons que que le minimum d&#8217;information vous concernant: il s&#8217;agit exclusivement de l&#8217;information que vous nous confiez lors de votre commande (nom, adresse, t\u00e9l\u00e9phone et email). Contrairement aussi \u00e0 de nombreux autres sites, nous ne vendons d&#8217;espace \u00e0 aucune r\u00e9gie publicitaire, et ne vendons aucune information \u00e0 des tiers. Nous consid\u00e9rons que votre visite sur notre site est une affaire qui ne concerne que vous et nous, et que vous ne nous rendez ps visite pour voir des publicit\u00e9s automobiles.<\/p>\n<p>Vraiment Beau garde de fa\u00e7on totalement s\u00e9curis\u00e9e et confidentielle les informations n\u00e9cessaires \u00e0 votre livraison et \u00e0 l&#8217;\u00e9tablissement de votre facture : email, adresse, num\u00e9ro de t\u00e9l\u00e9phone. Ces informations sont conserv\u00e9es de fa\u00e7on totalement confidentielles et ne sont communiqu\u00e9es \u00e0 quiconque.<\/p>\n<p>En outre, et pour vous donner une s\u00e9curit\u00e9 suppl\u00e9mentaire, nous ne prenons jamais connaissance de votre num\u00e9ro de carte bancaire : si vous choisissez de payer par carte, c&#8217;est \u00e0 Sogecommerce (Soci\u00e9t\u00e9 G\u00e9n\u00e9rale) ou \u00e0 Paypal que vous communiquez le num\u00e9ro de votre carte, pas \u00e0 Vraiment Beau. Lors d&#8217;un paiement par carte bancaire, nous sommes simplement inform\u00e9s par Sogecommerce ou par Pay Pal que votre paiement a bien \u00e9t\u00e9 effectu\u00e9.<\/p>\n<p>L&#8217;infrastructure informatique de Vraiment Beau est h\u00e9berg\u00e9e par l&#8217;un des plus grands sp\u00e9cialistes fran\u00e7ais de l&#8217;info-g\u00e9rance. Les serveurs informatiques utilis\u00e9s par Vraiment Beau sont totalement s\u00e9curis\u00e9s et surveill\u00e9s 24h sur 24h. L&#8217;acc\u00e8s \u00e0 nos serveurs n&#8217;est possible que par le personnel d\u00fbment autoris\u00e9, et n\u00e9cessite plusieurs proc\u00e9dures d&#8217;identification.<\/p>\n<p>Vous trouverez une description plus d\u00e9taill\u00e9e de l&#8217;information que nous stockons et de la marche \u00e0 suivre si vous d\u00e9sirez que nous l&#8217;effacions.<\/p>\n<h2>Autres questions<\/h2>\n<h3>Pourquoi acheter sur Vraiment Beau&nbsp;?<\/h3>\n<p>Avec Vraiment Beau, vous b\u00e9n\u00e9ficiez :<\/p>\n<ul>\n<li>D&#8217;une pr\u00e9sence physique en Bretagne Sud. C&#8217;est quand m\u00eame rassurant de savoir o\u00f9 nous trouver;<\/li>\n<li>De vrais conseils et informations fournies par une \u00e9quipe de professionnels de haut niveau, experts dans la d\u00e9coration et dans le luminaire ;<\/li>\n<li>De l&#8217;assurance que votre satisfaction est notre priorit\u00e9 n\u00b01, quelles que soient les circonstances et les probl\u00e8mes rencontr\u00e9s.<\/li>\n<\/ul>\n<h3>Le 3 fois sans frais, comment \u00e7a marche&nbsp;?<\/h3>\n<p>Profitez de cette facilit\u00e9 de paiement gracieusement offerte pour l&#8217;achat de votre <a href=\"\/boutique\/luminaire\/\">luminaire<\/a>, de votre <a href=\"\/boutique\/tapis\/\">tapis<\/a> ou de toute autre commande de plus de 150\u20ac sur Vraiment Beau ! Pour cela, au moment de la validation de la commande (page &#8220;Ma Commande&#8221;), s\u00e9lectionnez l&#8217;option &#8220;Payez en 3 ch\u00e8ques de XXX\u20ac&#8221;. Ensuite, envoyez-nous trois ch\u00e8ques du montant indiqu\u00e9 \u2013 qui est le montant de votre commande tout simplement divis\u00e9 par trois. D\u00e8s r\u00e9ception de votre paiement, votre commande est valid\u00e9e : (i) un ch\u00e8que est encaiss\u00e9 imm\u00e9diatement; (ii) un second ch\u00e8que est encaiss\u00e9 un mois plus tard ; (iii) le dernier est mis en banque deux mois apr\u00e8s le premier.<\/p>\n<p>Le m\u00eame service est offert par PayPal si vous choisissez cette solution de paiement.<\/p>\n<h3>Comment v\u00e9rifier l&#8217;avancement de mes commandes&nbsp;?<\/h3>\n<p>C&#8217;est tr\u00e8s simple: appelez-nous ou envoyez-nous un email et nous partagerons avec vous toute l&#8217;information que le fournisseur et les transporteurs nous envoient. Nous ferons \u00e9galement tout ce que nous pouvons pour vous pr\u00e9venir par email si la fabrication de votre commande prend du retard (v\u00e9rifiez dans votre dossier de courrier ind\u00e9sirable !)<\/p>\n<h3>Mon <a href=\"\/boutique\/luminaire\/\">luminaire<\/a> est en panne. Que dois-je faire ?<\/h3>\n<p>Nous sommes \u00e0 votre disposition pour vous aider \u00e0 exercer la garantie constructeur qui accompagne chacun des luminaires, fontaines et autres articles \u00e9lectriques que nous distribuons.<\/p>\n<h3>Je ne suis pas content(e)&nbsp;! Comment me plaindre et faire valoir mes droits&nbsp;?<\/h3>\n<p>Votre satisfaction est notre priorit\u00e9 n\u00b01. Nous sommes \u00e0 votre disposition pour r\u00e9soudre le probl\u00e8me qui vous tracasse. <a href=\"\/vb_blog\/infos\/nous-contacter\/\">Contactez-notre service client<\/a>. Il y a toujours une solution pour parvenir \u00e0 votre satisfaction.<\/p>\n<h3>Quelle est votre politique de prix&nbsp;?<\/h3>\n<p>Notre mod\u00e8le \u00e9conomique est tr\u00e8s diff\u00e9rent du mod\u00e8le tr\u00e8s r\u00e9pandu qui consiste \u00e0 importer d&#8217;Asie des containers remplis de produits bon march\u00e9, et \u00e0 les revendre \u00e0 trois fois leur prix. La majorit\u00e9 de nos fournisseurs fabriquent leurs produits \u00e0 la commande, et c&#8217;est la condition qui leur permet de maintenir des catalogues larges, et de proposer des produits de qualit\u00e9. En cons\u00e9quence, ni eux ni nous n&#8217;avons de stocks et donc nous ne pouvons pas proposer de &#8220;soldes&#8221;: nos prix sont toujours les prix justes. Pour certaines grosses commandes et pour nos amis professionnels de la d\u00e9coration, des r\u00e9ductions sont envisageables, contactez-nous \u00e0 ce sujet.<\/p>\n<h3>Puis-je voir le produit avant d\u2019acheter ?<\/h3>\n<p>Nous avons plus de 7000 produits dans notre catalogue, et la majorit\u00e9 sont fabriqu\u00e9s par des artisans, \u00e0 la commande. Nous ne pouvons donc \u00e9videmment pas les garder en stock, et aucun fabricant ou distributeur ne peut le faire non plus. En revanche, n&#8217;h\u00e9sitez pas \u00e0 nous appeler, nous pourrons demander des \u00e9chantillons au fabricant, ou si c&#8217;est possible, vous montrer un produit du m\u00eame fabricant qui illustre la qualit\u00e9 des mat\u00e9riaux et de la fabrication.<\/p>\n<p>Si vous avez d&#8217;autres questions, n&#8217;h\u00e9sitez pas \u00e0 nous appeler ou nous contacter par mail!<\/p>\n","protected":false},"excerpt":{"rendered":"<p>Comment contacter Vraiment Beau ? Vous pouvez nous appeler au 01 45 20 60 00 du lundi au vendredi de 9h00 \u00e0 18h00. Nous pouvons aussi facilement organiser sur rendez-vous une discussion par Zoom ou Teams (tr\u00e8s \u00e0 la mode !). Nos op\u00e9rations sont bas\u00e9es \u00e0 Crac&#8217;h, un charmant petit village entre Auray et La [&hellip;]<\/p>\n","protected":false},"author":1,"featured_media":0,"parent":122,"menu_order":23,"comment_status":"closed","ping_status":"closed","template":"","meta":{"_acf_changed":false,"footnotes":""},"class_list":["post-295","page","type-page","status-publish","hentry"],"acf":[],"yoast_head":"<!-- This site is optimized with the Yoast SEO plugin v24.0 - https:\/\/yoast.com\/wordpress\/plugins\/seo\/ -->\n<title>Les r\u00e9ponses aux questions les plus fr\u00e9quentes | Vraiment Beau<\/title>\n<meta name=\"description\" content=\"Lisez les r\u00e9ponses aux questions les plus fr\u00e9quentes sur nos services.\" \/>\n<meta name=\"robots\" content=\"index, follow, max-snippet:-1, max-image-preview:large, max-video-preview:-1\" \/>\n<link rel=\"canonical\" href=\"https:\/\/www.vraimentbeau.com\/vb_blog\/infos\/faq\/\" \/>\n<meta property=\"og:locale\" content=\"en_US\" \/>\n<meta property=\"og:type\" content=\"article\" \/>\n<meta property=\"og:title\" content=\"Les r\u00e9ponses aux questions les plus fr\u00e9quentes | Vraiment Beau\" \/>\n<meta property=\"og:description\" content=\"Lisez les r\u00e9ponses aux questions les plus fr\u00e9quentes sur nos services.\" \/>\n<meta property=\"og:url\" content=\"https:\/\/www.vraimentbeau.com\/vb_blog\/infos\/faq\/\" \/>\n<meta property=\"og:site_name\" content=\"Vraiment Beau\" \/>\n<meta property=\"article:publisher\" content=\"https:\/\/www.facebook.com\/pages\/Vraiment-Beau\/123343387707501\" \/>\n<meta property=\"article:modified_time\" content=\"2023-02-23T07:50:17+00:00\" \/>\n<meta name=\"twitter:card\" content=\"summary_large_image\" \/>\n<meta name=\"twitter:label1\" content=\"Est. reading time\" \/>\n\t<meta name=\"twitter:data1\" content=\"9 minutes\" \/>\n<script type=\"application\/ld+json\" class=\"yoast-schema-graph\">{\"@context\":\"https:\/\/schema.org\",\"@graph\":[{\"@type\":\"WebPage\",\"@id\":\"https:\/\/www.vraimentbeau.com\/vb_blog\/infos\/faq\/\",\"url\":\"https:\/\/www.vraimentbeau.com\/vb_blog\/infos\/faq\/\",\"name\":\"Les r\u00e9ponses aux questions les plus fr\u00e9quentes | Vraiment Beau\",\"isPartOf\":{\"@id\":\"https:\/\/www.vraimentbeau.com\/vb_blog\/#website\"},\"datePublished\":\"2018-03-07T14:02:55+00:00\",\"dateModified\":\"2023-02-23T07:50:17+00:00\",\"description\":\"Lisez les r\u00e9ponses aux questions les plus fr\u00e9quentes sur nos services.\",\"breadcrumb\":{\"@id\":\"https:\/\/www.vraimentbeau.com\/vb_blog\/infos\/faq\/#breadcrumb\"},\"inLanguage\":\"en-US\",\"potentialAction\":[{\"@type\":\"ReadAction\",\"target\":[\"https:\/\/www.vraimentbeau.com\/vb_blog\/infos\/faq\/\"]}]},{\"@type\":\"BreadcrumbList\",\"@id\":\"https:\/\/www.vraimentbeau.com\/vb_blog\/infos\/faq\/#breadcrumb\",\"itemListElement\":[{\"@type\":\"ListItem\",\"position\":1,\"name\":\"Blog, Guides &amp; Infos\",\"item\":\"https:\/\/www.vraimentbeau.com\/vb_blog\/\"},{\"@type\":\"ListItem\",\"position\":2,\"name\":\"L&rsquo;information sur Vraiment Beau\",\"item\":\"https:\/\/www.vraimentbeau.com\/vb_blog\/infos\/\"},{\"@type\":\"ListItem\",\"position\":3,\"name\":\"Les r\u00e9ponses aux questions les plus fr\u00e9quentes\"}]},{\"@type\":\"WebSite\",\"@id\":\"https:\/\/www.vraimentbeau.com\/vb_blog\/#website\",\"url\":\"https:\/\/www.vraimentbeau.com\/vb_blog\/\",\"name\":\"Vraiment Beau\",\"description\":\"Les plus beaux luminaires de l&#039;internet, et autres objets d\u00e9coratifs!\",\"publisher\":{\"@id\":\"https:\/\/www.vraimentbeau.com\/vb_blog\/#organization\"},\"potentialAction\":[{\"@type\":\"SearchAction\",\"target\":{\"@type\":\"EntryPoint\",\"urlTemplate\":\"https:\/\/www.vraimentbeau.com\/vb_blog\/?s={search_term_string}\"},\"query-input\":{\"@type\":\"PropertyValueSpecification\",\"valueRequired\":true,\"valueName\":\"search_term_string\"}}],\"inLanguage\":\"en-US\"},{\"@type\":\"Organization\",\"@id\":\"https:\/\/www.vraimentbeau.com\/vb_blog\/#organization\",\"name\":\"Vraiment Beau\",\"url\":\"https:\/\/www.vraimentbeau.com\/vb_blog\/\",\"logo\":{\"@type\":\"ImageObject\",\"inLanguage\":\"en-US\",\"@id\":\"https:\/\/www.vraimentbeau.com\/vb_blog\/#\/schema\/logo\/image\/\",\"url\":\"https:\/\/vraimentbeau.com\/vb_blog\/wp-content\/uploads\/2018\/04\/logo-vraiment-beau.png\",\"contentUrl\":\"https:\/\/vraimentbeau.com\/vb_blog\/wp-content\/uploads\/2018\/04\/logo-vraiment-beau.png\",\"width\":287,\"height\":44,\"caption\":\"Vraiment Beau\"},\"image\":{\"@id\":\"https:\/\/www.vraimentbeau.com\/vb_blog\/#\/schema\/logo\/image\/\"},\"sameAs\":[\"https:\/\/www.facebook.com\/pages\/Vraiment-Beau\/123343387707501\",\"https:\/\/www.instagram.com\/vraimentbeau\/\",\"https:\/\/www.pinterest.fr\/cdehautefage\/\"]}]}<\/script>\n<!-- \/ Yoast SEO plugin. -->","yoast_head_json":{"title":"Les r\u00e9ponses aux questions les plus fr\u00e9quentes | Vraiment Beau","description":"Lisez les r\u00e9ponses aux questions les plus fr\u00e9quentes sur nos services.","robots":{"index":"index","follow":"follow","max-snippet":"max-snippet:-1","max-image-preview":"max-image-preview:large","max-video-preview":"max-video-preview:-1"},"canonical":"https:\/\/www.vraimentbeau.com\/vb_blog\/infos\/faq\/","og_locale":"en_US","og_type":"article","og_title":"Les r\u00e9ponses aux questions les plus fr\u00e9quentes | Vraiment Beau","og_description":"Lisez les r\u00e9ponses aux questions les plus fr\u00e9quentes sur nos services.","og_url":"https:\/\/www.vraimentbeau.com\/vb_blog\/infos\/faq\/","og_site_name":"Vraiment Beau","article_publisher":"https:\/\/www.facebook.com\/pages\/Vraiment-Beau\/123343387707501","article_modified_time":"2023-02-23T07:50:17+00:00","twitter_card":"summary_large_image","twitter_misc":{"Est. reading time":"9 minutes"},"schema":{"@context":"https:\/\/schema.org","@graph":[{"@type":"WebPage","@id":"https:\/\/www.vraimentbeau.com\/vb_blog\/infos\/faq\/","url":"https:\/\/www.vraimentbeau.com\/vb_blog\/infos\/faq\/","name":"Les r\u00e9ponses aux questions les plus fr\u00e9quentes | Vraiment Beau","isPartOf":{"@id":"https:\/\/www.vraimentbeau.com\/vb_blog\/#website"},"datePublished":"2018-03-07T14:02:55+00:00","dateModified":"2023-02-23T07:50:17+00:00","description":"Lisez les r\u00e9ponses aux questions les plus fr\u00e9quentes sur nos services.","breadcrumb":{"@id":"https:\/\/www.vraimentbeau.com\/vb_blog\/infos\/faq\/#breadcrumb"},"inLanguage":"en-US","potentialAction":[{"@type":"ReadAction","target":["https:\/\/www.vraimentbeau.com\/vb_blog\/infos\/faq\/"]}]},{"@type":"BreadcrumbList","@id":"https:\/\/www.vraimentbeau.com\/vb_blog\/infos\/faq\/#breadcrumb","itemListElement":[{"@type":"ListItem","position":1,"name":"Blog, Guides &amp; Infos","item":"https:\/\/www.vraimentbeau.com\/vb_blog\/"},{"@type":"ListItem","position":2,"name":"L&rsquo;information sur Vraiment Beau","item":"https:\/\/www.vraimentbeau.com\/vb_blog\/infos\/"},{"@type":"ListItem","position":3,"name":"Les r\u00e9ponses aux questions les plus fr\u00e9quentes"}]},{"@type":"WebSite","@id":"https:\/\/www.vraimentbeau.com\/vb_blog\/#website","url":"https:\/\/www.vraimentbeau.com\/vb_blog\/","name":"Vraiment Beau","description":"Les plus beaux luminaires de l&#039;internet, et autres objets d\u00e9coratifs!","publisher":{"@id":"https:\/\/www.vraimentbeau.com\/vb_blog\/#organization"},"potentialAction":[{"@type":"SearchAction","target":{"@type":"EntryPoint","urlTemplate":"https:\/\/www.vraimentbeau.com\/vb_blog\/?s={search_term_string}"},"query-input":{"@type":"PropertyValueSpecification","valueRequired":true,"valueName":"search_term_string"}}],"inLanguage":"en-US"},{"@type":"Organization","@id":"https:\/\/www.vraimentbeau.com\/vb_blog\/#organization","name":"Vraiment Beau","url":"https:\/\/www.vraimentbeau.com\/vb_blog\/","logo":{"@type":"ImageObject","inLanguage":"en-US","@id":"https:\/\/www.vraimentbeau.com\/vb_blog\/#\/schema\/logo\/image\/","url":"https:\/\/vraimentbeau.com\/vb_blog\/wp-content\/uploads\/2018\/04\/logo-vraiment-beau.png","contentUrl":"https:\/\/vraimentbeau.com\/vb_blog\/wp-content\/uploads\/2018\/04\/logo-vraiment-beau.png","width":287,"height":44,"caption":"Vraiment Beau"},"image":{"@id":"https:\/\/www.vraimentbeau.com\/vb_blog\/#\/schema\/logo\/image\/"},"sameAs":["https:\/\/www.facebook.com\/pages\/Vraiment-Beau\/123343387707501","https:\/\/www.instagram.com\/vraimentbeau\/","https:\/\/www.pinterest.fr\/cdehautefage\/"]}]}},"_links":{"self":[{"href":"https:\/\/www.vraimentbeau.com\/vb_blog\/wp-json\/wp\/v2\/pages\/295","targetHints":{"allow":["GET"]}}],"collection":[{"href":"https:\/\/www.vraimentbeau.com\/vb_blog\/wp-json\/wp\/v2\/pages"}],"about":[{"href":"https:\/\/www.vraimentbeau.com\/vb_blog\/wp-json\/wp\/v2\/types\/page"}],"author":[{"embeddable":true,"href":"https:\/\/www.vraimentbeau.com\/vb_blog\/wp-json\/wp\/v2\/users\/1"}],"replies":[{"embeddable":true,"href":"https:\/\/www.vraimentbeau.com\/vb_blog\/wp-json\/wp\/v2\/comments?post=295"}],"version-history":[{"count":8,"href":"https:\/\/www.vraimentbeau.com\/vb_blog\/wp-json\/wp\/v2\/pages\/295\/revisions"}],"predecessor-version":[{"id":2426,"href":"https:\/\/www.vraimentbeau.com\/vb_blog\/wp-json\/wp\/v2\/pages\/295\/revisions\/2426"}],"up":[{"embeddable":true,"href":"https:\/\/www.vraimentbeau.com\/vb_blog\/wp-json\/wp\/v2\/pages\/122"}],"wp:attachment":[{"href":"https:\/\/www.vraimentbeau.com\/vb_blog\/wp-json\/wp\/v2\/media?parent=295"}],"curies":[{"name":"wp","href":"https:\/\/api.w.org\/{rel}","templated":true}]}}