{"id":299,"date":"2018-03-07T15:09:54","date_gmt":"2018-03-07T14:09:54","guid":{"rendered":"http:\/\/localhost:8080\/vb_blog\/?page_id=299"},"modified":"2025-02-05T18:30:42","modified_gmt":"2025-02-05T17:30:42","slug":"feedback-client","status":"publish","type":"page","link":"https:\/\/www.vraimentbeau.com\/vb_blog\/infos\/feedback-client\/","title":{"rendered":"Les t\u00e9moignages de nos clients"},"content":{"rendered":"\n<p class=\"has-cyan-bluish-gray-color has-text-color has-medium-font-size\">Etre client de Vraiment Beau, c&#8217;est b\u00e9n\u00e9ficier d&#8217;une qualit\u00e9 de service unique sur Internet. Voici quelques commentaires re\u00e7us \u00e0 l&#8217;occasion de commandes pass\u00e9es ces derniers mois :<\/p>\n\n\n\n<p><\/p>\n\n\n\n<p>Ce petit mail pour vous informer que j\u2019ai bien re\u00e7u le chapeau de la lampe la semaine derni\u00e8re.<\/p>\n\n\n\n<p>Je tiens \u00e0 vous remercier pour votre professionnalisme et votre aide suite au probl\u00e8me rencontr\u00e9.<\/p>\n\n\n\n<p>Tr\u00e8s cordialement<\/p>\n\n\n\n<p>F.O Le 04\/02\/25<\/p>\n\n\n\n<p><\/p>\n\n\n\n<p>nous avons bien re\u00e7u nos lampes de chevet hier. Nous en sommes tr\u00e8s satisfaits.<\/p>\n\n\n\n<p>Bien cordialement,<\/p>\n\n\n\n<p>Y.S et J.J le 25\/05\/24<\/p>\n\n\n\n<p><\/p>\n\n\n<div dir=\"ltr\">\n<div>\n<div>&#8220;Just to let you know what the lamps are amazing!&#8221;<\/div>\n<\/div>\n<\/div>\n<div>\u00a0<\/div>\n<div>K.M LE 26\/03\/24<\/div>\n<div>\u00a0<\/div>\n<div>\u00a0<\/div>\n<div dir=\"ltr\">\n<div>\n<div>J\u2019ai r\u00e9ceptionn\u00e9 ce jour le luminaire et je vous en remercie. Il \u00e9tait parfaitement emball\u00e9 et les horaires de livraison ont \u00e9t\u00e9 respect\u00e9s. Il correspond en tous points \u00e0 mes attentes.<\/div>\n<div>Avec mes salutations respectueuses,<\/div>\n<\/div>\n<\/div>\n<div>\u00a0<\/div>\n<div>L.S LE 10\/10\/23<\/div>\n<div>\u00a0<\/div>\n<div dir=\"ltr\">\n<div>\n<p>nous avons bien re\u00e7u l\u2019abat-jour ce matin . Il \u00e9tait en bonne \u00e9tat . Tout est parfait, c\u2019est vraiment beau et bien !!! \u00a0Il est d\u00e9j\u00e0 accroch\u00e9 . F\u00e9licitations pour le s\u00e9rieux de votre service apr\u00e8s-vente et votre gentillesse au t\u00e9l\u00e9phone .Bonne continuation.<\/p>\n<p>C.B LE 29\/09\/23<\/p>\n<\/div>\n<div>Juste un petit mot pour vous remercier &#8211; les lampes se sont arriv\u00e9es, tr\u00e8s bien emball\u00e9s, et elles sont tr\u00e8s belles.<\/div>\n<div>\u00a0<\/div>\n<div>Avec mes remerciements, bien cordialement,<\/div>\n<\/div>\n<div>\u00a0<\/div>\n<div>S.H LE 07\/04\/23<\/div>\n<div>\u00a0<\/div>\n<div dir=\"ltr\">\n<div>Nous avons bien re\u00e7u le tapis hier et il est magnifique!<\/div>\n<\/div>\n<div>Bien cordialement<\/div>\n<div>\u00a0<\/div>\n<div>C.G LE 14\/01\/23<\/div>\n<div>\u00a0<\/div>\n<div>\n<div>Nous vous remercions pour l&#8217;envoi de la lampe. Le colis est bien arriv\u00e9 et la lampe a trouv\u00e9 sa place imm\u00e9diatement. Elle est tr\u00e8s jolie et s&#8217;adapte tr\u00e8s bien \u00e0 notre int\u00e9rieur.<\/div>\n<div>Belle soir\u00e9e \u00e0 vous<\/div>\n<\/div>\n<div>\u00a0<\/div>\n<div>A. ET Y. LE 27\/04\/22<\/div>\n<div>\u00a0<\/div>\n<div>\n<div dir=\"auto\">J ai bien re\u00e7u la fontaine<\/div>\n<div dir=\"auto\">Elle est superbe et la description de votre site la d\u00e9crit parfaitement. Elle ne fait aucun bruit autre que l eau qui s \u00e9coul\u00e9 le long de la paroi<\/div>\n<div dir=\"auto\">Merci beaucoup pour votre vente.<\/div>\n<div dir=\"auto\">Je ne manquerai pas de vous recommander et je reviendra vers vous si besoin pour d autre achat<\/div>\n<div dir=\"auto\">Cordialement<\/div>\n<div dir=\"auto\">\u00a0<\/div>\n<\/div>\n<div dir=\"auto\">F.S LE 25\/04\/22<\/div>\n<div>\u00a0<\/div>\n<div>\n<div dir=\"auto\">Nous avons bien r\u00e9ceptionn\u00e9 le lampadaire qui nous convient parfaitement.<\/div>\n<div dir=\"auto\">Je tenais \u00e0 vous remercier pour votre accueil t\u00e9l\u00e9phonique, la qualit\u00e9 du produit, la conformit\u00e9 de la livraison.<\/div>\n<div dir=\"auto\">\u00a0<\/div>\n<div dir=\"auto\">Cordialement<\/div>\n<div dir=\"auto\">\u00a0<\/div>\n<\/div>\n<div dir=\"auto\">P.C LE 13\/04\/22<\/div>\n<div dir=\"auto\">\u00a0<\/div>\n<div dir=\"ltr\">\n<p style=\"font-weight: 400;\">Nous avons re\u00e7u notre commande qui nous donne enti\u00e8re satisfaction.<\/p>\n<p style=\"font-weight: 400;\">Je voulais vous remercier pour vos conseils, votre disponibilit\u00e9 et votre gentillesse.<\/p>\n<p style=\"font-weight: 400;\">Je me r\u00e9jouis d\u2019avoir d\u00e9couvert votre site et d\u2019\u00eatre rentr\u00e9 en contact avec vous.<\/p>\n<\/div>\n<p>D.C LE 12\/03\/22<\/p>\n<p>J&#8217;ai re\u00e7u hier les deux colis correspondant \u00e0 ma commande. Ils \u00e9taient en excellent \u00e9tat et j&#8217;ai install\u00e9 imm\u00e9diatement la suspension qui est tr\u00e8s belle.<\/p>\n<p>Merci pour votre gestion parfaite de cette commande.<\/p>\n<p>P. ET A.G LE 01\/10\/21<\/p>\n<p>R\u00e9ception des chandeliers dans de bonne condition et produit de tr\u00e8s bonne facture.<\/p>\n<p>Je vous remercie pour la globalit\u00e9 de cette prestation.<\/p>\n<p>Salutations,<\/p>\n<p>A.P LE 30\/09\/21<\/p>\n<div dir=\"ltr\">merci pour votre service apr\u00e8s-vente qui aura tr\u00e8s bien fonctionn\u00e9, j&#8217;ai bien re\u00e7u les \u00e9l\u00e9ments me permettant d&#8217;installer le dernier luminaire, ce qui a \u00e9t\u00e9 fait. Et en compl\u00e9ment les luminaires sont de grande qualit\u00e9!<\/div>\n<div dir=\"ltr\">Bien cordialement<\/div>\n<div dir=\"ltr\">\u00a0<\/div>\n<div dir=\"ltr\">W.B LE 21\/08\/21<\/div>\n<div dir=\"ltr\">\u00a0<\/div>\n<p>Nous vous avons achet\u00e9 r\u00e9cemment, par internet, un miroir Shaver LED 3 (miroir rond mural sur bras articul\u00e9) &#8211; R\u00e9f\u00e9rence 11090085. Ce produit nous donne enti\u00e8re satisfaction.<\/p>\n<p>Je recense actuellement toutes les entreprises auxquelles nous avons fait appel, pour construire et am\u00e9nager notre pavillon. Ceci, afin de les remercier, pour la qualit\u00e9 de leur prestation.<\/p>\n<p>Il m&#8217;arrive en effet de r\u00e2ler, lorsque cela ne se passe pas bien. Mais je pr\u00e9f\u00e8re remercier, comme je le fais avec vous. Un seul regret, que vous ne soyez pas plus connus des professionnels, notamment. Car nous avons h\u00e9sit\u00e9, avant d&#8217;acheter sur internet.<\/p>\n<p class=\"signature\">M. P. LE 03\/03\/18<\/p>\n<p class=\"content\">Un mot pour vous confirmer que nous avons bien r\u00e9ceptionn\u00e9 nos lampes et en sommes tr\u00e8s contents. Encore un grand merci pour vos conseils.<\/p>\n<p class=\"signature\">JULIE R. LE 08\/03\/18<\/p>\n<p class=\"content\">J\u2019ai bien re\u00e7u les articles. Je les ai install\u00e9s. Les lampes sont magnifiques. Merci \u00e0 vous.<\/p>\n<p class=\"signature\">P. B. LE 18\/02\/17<\/p>\n<p class=\"content\">J\u2019ai re\u00e7u les appliques elles sont magnifiques.<br \/>Merci pour votre r\u00e9activit\u00e9.<br \/>\u00c0 bient\u00f4t!<\/p>\n<p class=\"signature\">GABRIELLE A. LE 25\/02\/17<\/p>\n<p class=\"content\">Nous avons re\u00e7u ce matin les 2 colis suivants.<\/p>\n<p>Tout est en parfait \u00e9tat. Les 2 lampes sont maintenant install\u00e9es et l&#8217;\u00e9lectricit\u00e9 test\u00e9e. Elles sont belles ! En plus, la couleur de ces lampes est quasiment identique \u00e0 celle de notre pr\u00e9c\u00e9dente lampe ! L&#8217;ensemble est vraiment superbe.<\/p>\n<p>Nous sommes tr\u00e8s contents.<\/p>\n<p class=\"signature\">MICHEL R. LE 13\/07\/17<\/p>\n<p class=\"content\">J&#8217;ai bien r\u00e9ceptionn\u00e9 ma commande et en suis tr\u00e8s satisfaite.<\/p>\n<p>Je tiens \u00e0 vous f\u00e9liciter pour la qualit\u00e9 et le soin port\u00e9 au conditionnement du lampadaire et ne manquerai pas de recommander votre enseigne.<\/p>\n<p class=\"content\">Par contre, j&#8217;ai eu un petit probl\u00e8me informatique et ne parviens plus \u00e0 \u00e9diter ma facture. Auriez-vous svp la gentillesse de me la renvoyer par mail ?<\/p>\n<p class=\"signature\">CATHERINE K. LE 08\/11\/17<\/p>\n<p class=\"content\">Ce mail pour vous confirmer la r\u00e9ception de la pampille en remplacement de celle cass\u00e9e. Le lustre est superbe.<\/p>\n<p class=\"signature\">MINH N. LE 20\/11\/17<\/p>\n<p class=\"content\">Un suivi aussi aimable, attentif, rapide et personnalis\u00e9 d&#8217;une commande, j&#8217;ai rarement vu ! Permettez-moi de vous en remercier et surtout de vous en f\u00e9liciter.<\/p>\n<p>Conform\u00e9ment aux termes de votre mail et aux instructions consign\u00e9es en la pi\u00e8ce annex\u00e9e \u00e0 votre mail de ce samedi, je r\u00e9glerai l&#8217;acompte de 60 % du montant d\u00e8s le d\u00e9but de la premi\u00e8re semaine de l&#8217;ann\u00e9e 2018.<\/p>\n<p>A toutes fins utiles, pourriez-vous me tenir au courant du sort d&#8217;Oma Illuminazione : il ne serait en effet pas impossible que, si ce fabricant reprenait ses activit\u00e9s, je concr\u00e9tiserais mon intention premi\u00e8re qui \u00e9tait de commander au moins une pi\u00e8ce de leur production.<\/p>\n<p>Vu la fa\u00e7on dont les choses se sont pass\u00e9es pour la pr\u00e9sente commande, il est clair que si, dans l&#8217;avenir, j&#8217;avais encore besoin de quelque luminaire que ce soit, je sais \u00e0 pr\u00e9sent o\u00f9 m&#8217;adresser en toute priorit\u00e9. Si l&#8217;occasion se pr\u00e9sentait, je ne manquerais pas non plus de recommander votre soci\u00e9t\u00e9 \u00e0 des amis.<\/p>\n<p>Voil\u00e0, comme il est de circonstance en cette p\u00e9riode, je vous pr\u00e9sente d&#8217;ores et d\u00e9j\u00e0 mes meilleurs voeux pour que vous passiez une ann\u00e9e 2018 agr\u00e9able et, de la m\u00eame fa\u00e7on, je formule un souhait de prosp\u00e9rit\u00e9 pour votre belle soci\u00e9t\u00e9 parisienne.<\/p>\n<p class=\"signature\">YVES D. LE 24\/12\/17<\/p>\n<p class=\"content\">J\u2019ai bien re\u00e7u ma commande et vous remercie d\u2019avoir fait acc\u00e9l\u00e9rer les choses<\/p>\n<p class=\"signature\">PASCAL L. LE 01\/03\/15<\/p>\n<p class=\"content\">J\u2019ai bien re\u00e7u mon colis et je vous remercie beaucoup. Vous parliez de votre emballage, vraiment je n\u2019ai jamais rien vu de pareil. J\u2019ai deux petites questions. Il n\u2019y avait pas de c\u00e2ble d\u2019alimentation dans la bo\u00eete, est-ce normal? D\u2019autre part, qu\u2019est que je dois changer pour m\u2019adapter au 110V.<\/p>\n<p>Certainement le n\u00e9on qui fait l\u2019\u00e9clairage mais il y a aussi un petit bo\u00eetier qui vient s\u2019encastrer dans le cadre. \u00c7a semble \u00eatre un transformateur. Est-ce que je dois le changer aussi?<\/p>\n<p class=\"signature\">GUY M. LE 19\/03\/15<\/p>\n<p class=\"content\">J\u2019ai bien re\u00e7u le nouvel abat-jour pour ma liseuse Cristina de \u201cLe Dauphin\u201d. Il est impeccable et je vous en remercie. Je suis enti\u00e8rement satisfaite de mon achat et recommanderai votre magasin.<\/p>\n<p class=\"signature\">N. C. LE 19\/04\/15<\/p>\n<p class=\"content\">J&#8217;ai re\u00e7u ce jour ma lanterne et en suis pleinement satisfait.<\/p>\n<p>C&#8217;\u00e9tait ma premi\u00e8re commande sur votre site et m\u00eame si le d\u00e9lai fut un peu long, la qualit\u00e9 du service et du produit font la diff\u00e9rence.<\/p>\n<p>Je tenais \u00e0 relever tout particuli\u00e8rement le soin apport\u00e9 \u00e0 l&#8217;emballage.<\/p>\n<p class=\"signature\">PASCAL M. LE 14\/10\/15<\/p>\n<p class=\"content\">J&#8217;ai re\u00e7u ma commande n\u00b0 K1410230240 du 23\/10\/2014 et je vous remercie, ce luminaire est tr\u00e8s beau et les d\u00e9lais de livraison plus courts que pr\u00e9vus.<\/p>\n<p>Cependant, j&#8217;ai d\u00e9chir\u00e9 un petit peu non pas l&#8217;abat-jour mais l&#8217;autre morceau, celui que l&#8217;on met \u00e0 plat dans l&#8217;abat-jour, je voulais savoir si il \u00e9tait possible d&#8217;avoir en pi\u00e8ce d\u00e9tach\u00e9e ce contre abat-jour et \u00e0 quel prix.<\/p>\n<p>Je souhaiterais savoir si en janvier cette gamme &#8220;sarment&#8221; existera encore, car j&#8217;aimerais commander en d\u00e9but d&#8217;ann\u00e9e la lampe Sarment argent.<\/p>\n<p class=\"signature\">FABRICE G. LE 04\/11\/14<\/p>\n<p class=\"content\">Les luminaires pos\u00e9s sont magnifiques, je n&#8217;ai que des compliments, j&#8217;ai donn\u00e9 vos coordonn\u00e9es \u00e0 des amis.<\/p>\n<p>L&#8217;installation n&#8217;est pas tout \u00e0 fait finalis\u00e9e, cela prendra encore un peu de temps.<\/p>\n<p class=\"signature\">MARIE F. LE 16\/12\/14<\/p>","protected":false},"excerpt":{"rendered":"<p>Etre client de Vraiment Beau, c&#8217;est b\u00e9n\u00e9ficier d&#8217;une qualit\u00e9 de service unique sur Internet. Voici quelques commentaires re\u00e7us \u00e0 l&#8217;occasion de commandes pass\u00e9es ces derniers mois : Ce petit mail pour vous informer que j\u2019ai bien re\u00e7u le chapeau de la lampe la semaine derni\u00e8re. Je tiens \u00e0 vous remercier pour votre professionnalisme et votre [&hellip;]<\/p>\n","protected":false},"author":1,"featured_media":0,"parent":122,"menu_order":26,"comment_status":"closed","ping_status":"closed","template":"","meta":{"_acf_changed":false,"footnotes":""},"class_list":["post-299","page","type-page","status-publish","hentry"],"acf":[],"yoast_head":"<!-- This site is optimized with the Yoast SEO plugin v24.0 - https:\/\/yoast.com\/wordpress\/plugins\/seo\/ -->\n<title>Les t\u00e9moignages de nos clients | Vraiment Beau<\/title>\n<meta name=\"description\" content=\"Nous travaillons dur pour pour que Vraiment Beau soit reconnu pour la qualit\u00e9 exceptionnelle de son service. Nous sommes donc tr\u00e8s heureux quand nos clients prennent la plume pour nous t\u00e9moigner leur appr\u00e9ciation. Lisez ici des exemples de retour de nos clients.\" \/>\n<meta name=\"robots\" content=\"index, follow, max-snippet:-1, max-image-preview:large, max-video-preview:-1\" \/>\n<link rel=\"canonical\" href=\"https:\/\/www.vraimentbeau.com\/vb_blog\/infos\/feedback-client\/\" \/>\n<meta property=\"og:locale\" content=\"en_US\" \/>\n<meta property=\"og:type\" content=\"article\" \/>\n<meta property=\"og:title\" content=\"Les t\u00e9moignages de nos clients | Vraiment Beau\" \/>\n<meta property=\"og:description\" content=\"Nous travaillons dur pour pour que Vraiment Beau soit reconnu pour la qualit\u00e9 exceptionnelle de son service. Nous sommes donc tr\u00e8s heureux quand nos clients prennent la plume pour nous t\u00e9moigner leur appr\u00e9ciation. Lisez ici des exemples de retour de nos clients.\" \/>\n<meta property=\"og:url\" content=\"https:\/\/www.vraimentbeau.com\/vb_blog\/infos\/feedback-client\/\" \/>\n<meta property=\"og:site_name\" content=\"Vraiment Beau\" \/>\n<meta property=\"article:publisher\" content=\"https:\/\/www.facebook.com\/pages\/Vraiment-Beau\/123343387707501\" \/>\n<meta property=\"article:modified_time\" content=\"2025-02-05T17:30:42+00:00\" \/>\n<meta name=\"twitter:card\" content=\"summary_large_image\" \/>\n<meta name=\"twitter:label1\" content=\"Est. reading time\" \/>\n\t<meta name=\"twitter:data1\" content=\"6 minutes\" \/>\n<script type=\"application\/ld+json\" class=\"yoast-schema-graph\">{\"@context\":\"https:\/\/schema.org\",\"@graph\":[{\"@type\":\"WebPage\",\"@id\":\"https:\/\/www.vraimentbeau.com\/vb_blog\/infos\/feedback-client\/\",\"url\":\"https:\/\/www.vraimentbeau.com\/vb_blog\/infos\/feedback-client\/\",\"name\":\"Les t\u00e9moignages de nos clients | Vraiment Beau\",\"isPartOf\":{\"@id\":\"https:\/\/www.vraimentbeau.com\/vb_blog\/#website\"},\"datePublished\":\"2018-03-07T14:09:54+00:00\",\"dateModified\":\"2025-02-05T17:30:42+00:00\",\"description\":\"Nous travaillons dur pour pour que Vraiment Beau soit reconnu pour la qualit\u00e9 exceptionnelle de son service. Nous sommes donc tr\u00e8s heureux quand nos clients prennent la plume pour nous t\u00e9moigner leur appr\u00e9ciation. Lisez ici des exemples de retour de nos clients.\",\"breadcrumb\":{\"@id\":\"https:\/\/www.vraimentbeau.com\/vb_blog\/infos\/feedback-client\/#breadcrumb\"},\"inLanguage\":\"en-US\",\"potentialAction\":[{\"@type\":\"ReadAction\",\"target\":[\"https:\/\/www.vraimentbeau.com\/vb_blog\/infos\/feedback-client\/\"]}]},{\"@type\":\"BreadcrumbList\",\"@id\":\"https:\/\/www.vraimentbeau.com\/vb_blog\/infos\/feedback-client\/#breadcrumb\",\"itemListElement\":[{\"@type\":\"ListItem\",\"position\":1,\"name\":\"Blog, Guides &amp; Infos\",\"item\":\"https:\/\/www.vraimentbeau.com\/vb_blog\/\"},{\"@type\":\"ListItem\",\"position\":2,\"name\":\"L&rsquo;information sur Vraiment Beau\",\"item\":\"https:\/\/www.vraimentbeau.com\/vb_blog\/infos\/\"},{\"@type\":\"ListItem\",\"position\":3,\"name\":\"Les t\u00e9moignages de nos clients\"}]},{\"@type\":\"WebSite\",\"@id\":\"https:\/\/www.vraimentbeau.com\/vb_blog\/#website\",\"url\":\"https:\/\/www.vraimentbeau.com\/vb_blog\/\",\"name\":\"Vraiment Beau\",\"description\":\"Les plus beaux luminaires de l&#039;internet, et autres objets d\u00e9coratifs!\",\"publisher\":{\"@id\":\"https:\/\/www.vraimentbeau.com\/vb_blog\/#organization\"},\"potentialAction\":[{\"@type\":\"SearchAction\",\"target\":{\"@type\":\"EntryPoint\",\"urlTemplate\":\"https:\/\/www.vraimentbeau.com\/vb_blog\/?s={search_term_string}\"},\"query-input\":{\"@type\":\"PropertyValueSpecification\",\"valueRequired\":true,\"valueName\":\"search_term_string\"}}],\"inLanguage\":\"en-US\"},{\"@type\":\"Organization\",\"@id\":\"https:\/\/www.vraimentbeau.com\/vb_blog\/#organization\",\"name\":\"Vraiment Beau\",\"url\":\"https:\/\/www.vraimentbeau.com\/vb_blog\/\",\"logo\":{\"@type\":\"ImageObject\",\"inLanguage\":\"en-US\",\"@id\":\"https:\/\/www.vraimentbeau.com\/vb_blog\/#\/schema\/logo\/image\/\",\"url\":\"https:\/\/vraimentbeau.com\/vb_blog\/wp-content\/uploads\/2018\/04\/logo-vraiment-beau.png\",\"contentUrl\":\"https:\/\/vraimentbeau.com\/vb_blog\/wp-content\/uploads\/2018\/04\/logo-vraiment-beau.png\",\"width\":287,\"height\":44,\"caption\":\"Vraiment Beau\"},\"image\":{\"@id\":\"https:\/\/www.vraimentbeau.com\/vb_blog\/#\/schema\/logo\/image\/\"},\"sameAs\":[\"https:\/\/www.facebook.com\/pages\/Vraiment-Beau\/123343387707501\",\"https:\/\/www.instagram.com\/vraimentbeau\/\",\"https:\/\/www.pinterest.fr\/cdehautefage\/\"]}]}<\/script>\n<!-- \/ Yoast SEO plugin. -->","yoast_head_json":{"title":"Les t\u00e9moignages de nos clients | Vraiment Beau","description":"Nous travaillons dur pour pour que Vraiment Beau soit reconnu pour la qualit\u00e9 exceptionnelle de son service. Nous sommes donc tr\u00e8s heureux quand nos clients prennent la plume pour nous t\u00e9moigner leur appr\u00e9ciation. Lisez ici des exemples de retour de nos clients.","robots":{"index":"index","follow":"follow","max-snippet":"max-snippet:-1","max-image-preview":"max-image-preview:large","max-video-preview":"max-video-preview:-1"},"canonical":"https:\/\/www.vraimentbeau.com\/vb_blog\/infos\/feedback-client\/","og_locale":"en_US","og_type":"article","og_title":"Les t\u00e9moignages de nos clients | Vraiment Beau","og_description":"Nous travaillons dur pour pour que Vraiment Beau soit reconnu pour la qualit\u00e9 exceptionnelle de son service. Nous sommes donc tr\u00e8s heureux quand nos clients prennent la plume pour nous t\u00e9moigner leur appr\u00e9ciation. Lisez ici des exemples de retour de nos clients.","og_url":"https:\/\/www.vraimentbeau.com\/vb_blog\/infos\/feedback-client\/","og_site_name":"Vraiment Beau","article_publisher":"https:\/\/www.facebook.com\/pages\/Vraiment-Beau\/123343387707501","article_modified_time":"2025-02-05T17:30:42+00:00","twitter_card":"summary_large_image","twitter_misc":{"Est. reading time":"6 minutes"},"schema":{"@context":"https:\/\/schema.org","@graph":[{"@type":"WebPage","@id":"https:\/\/www.vraimentbeau.com\/vb_blog\/infos\/feedback-client\/","url":"https:\/\/www.vraimentbeau.com\/vb_blog\/infos\/feedback-client\/","name":"Les t\u00e9moignages de nos clients | Vraiment Beau","isPartOf":{"@id":"https:\/\/www.vraimentbeau.com\/vb_blog\/#website"},"datePublished":"2018-03-07T14:09:54+00:00","dateModified":"2025-02-05T17:30:42+00:00","description":"Nous travaillons dur pour pour que Vraiment Beau soit reconnu pour la qualit\u00e9 exceptionnelle de son service. Nous sommes donc tr\u00e8s heureux quand nos clients prennent la plume pour nous t\u00e9moigner leur appr\u00e9ciation. Lisez ici des exemples de retour de nos clients.","breadcrumb":{"@id":"https:\/\/www.vraimentbeau.com\/vb_blog\/infos\/feedback-client\/#breadcrumb"},"inLanguage":"en-US","potentialAction":[{"@type":"ReadAction","target":["https:\/\/www.vraimentbeau.com\/vb_blog\/infos\/feedback-client\/"]}]},{"@type":"BreadcrumbList","@id":"https:\/\/www.vraimentbeau.com\/vb_blog\/infos\/feedback-client\/#breadcrumb","itemListElement":[{"@type":"ListItem","position":1,"name":"Blog, Guides &amp; Infos","item":"https:\/\/www.vraimentbeau.com\/vb_blog\/"},{"@type":"ListItem","position":2,"name":"L&rsquo;information sur Vraiment Beau","item":"https:\/\/www.vraimentbeau.com\/vb_blog\/infos\/"},{"@type":"ListItem","position":3,"name":"Les t\u00e9moignages de nos clients"}]},{"@type":"WebSite","@id":"https:\/\/www.vraimentbeau.com\/vb_blog\/#website","url":"https:\/\/www.vraimentbeau.com\/vb_blog\/","name":"Vraiment Beau","description":"Les plus beaux luminaires de l&#039;internet, et autres objets d\u00e9coratifs!","publisher":{"@id":"https:\/\/www.vraimentbeau.com\/vb_blog\/#organization"},"potentialAction":[{"@type":"SearchAction","target":{"@type":"EntryPoint","urlTemplate":"https:\/\/www.vraimentbeau.com\/vb_blog\/?s={search_term_string}"},"query-input":{"@type":"PropertyValueSpecification","valueRequired":true,"valueName":"search_term_string"}}],"inLanguage":"en-US"},{"@type":"Organization","@id":"https:\/\/www.vraimentbeau.com\/vb_blog\/#organization","name":"Vraiment Beau","url":"https:\/\/www.vraimentbeau.com\/vb_blog\/","logo":{"@type":"ImageObject","inLanguage":"en-US","@id":"https:\/\/www.vraimentbeau.com\/vb_blog\/#\/schema\/logo\/image\/","url":"https:\/\/vraimentbeau.com\/vb_blog\/wp-content\/uploads\/2018\/04\/logo-vraiment-beau.png","contentUrl":"https:\/\/vraimentbeau.com\/vb_blog\/wp-content\/uploads\/2018\/04\/logo-vraiment-beau.png","width":287,"height":44,"caption":"Vraiment Beau"},"image":{"@id":"https:\/\/www.vraimentbeau.com\/vb_blog\/#\/schema\/logo\/image\/"},"sameAs":["https:\/\/www.facebook.com\/pages\/Vraiment-Beau\/123343387707501","https:\/\/www.instagram.com\/vraimentbeau\/","https:\/\/www.pinterest.fr\/cdehautefage\/"]}]}},"_links":{"self":[{"href":"https:\/\/www.vraimentbeau.com\/vb_blog\/wp-json\/wp\/v2\/pages\/299","targetHints":{"allow":["GET"]}}],"collection":[{"href":"https:\/\/www.vraimentbeau.com\/vb_blog\/wp-json\/wp\/v2\/pages"}],"about":[{"href":"https:\/\/www.vraimentbeau.com\/vb_blog\/wp-json\/wp\/v2\/types\/page"}],"author":[{"embeddable":true,"href":"https:\/\/www.vraimentbeau.com\/vb_blog\/wp-json\/wp\/v2\/users\/1"}],"replies":[{"embeddable":true,"href":"https:\/\/www.vraimentbeau.com\/vb_blog\/wp-json\/wp\/v2\/comments?post=299"}],"version-history":[{"count":13,"href":"https:\/\/www.vraimentbeau.com\/vb_blog\/wp-json\/wp\/v2\/pages\/299\/revisions"}],"predecessor-version":[{"id":2589,"href":"https:\/\/www.vraimentbeau.com\/vb_blog\/wp-json\/wp\/v2\/pages\/299\/revisions\/2589"}],"up":[{"embeddable":true,"href":"https:\/\/www.vraimentbeau.com\/vb_blog\/wp-json\/wp\/v2\/pages\/122"}],"wp:attachment":[{"href":"https:\/\/www.vraimentbeau.com\/vb_blog\/wp-json\/wp\/v2\/media?parent=299"}],"curies":[{"name":"wp","href":"https:\/\/api.w.org\/{rel}","templated":true}]}}