{"id":301,"date":"2018-03-07T15:17:48","date_gmt":"2018-03-07T14:17:48","guid":{"rendered":"http:\/\/localhost:8080\/vb_blog\/?page_id=301"},"modified":"2025-01-15T14:01:46","modified_gmt":"2025-01-15T13:01:46","slug":"mentions-legales","status":"publish","type":"page","link":"https:\/\/www.vraimentbeau.com\/vb_blog\/infos\/mentions-legales\/","title":{"rendered":"Les mentions l\u00e9gales"},"content":{"rendered":"<p>Vraiment Beau SAS est une soci\u00e9t\u00e9 par action simplifi\u00e9e au capital de 13 452 \u20ac, enregistr\u00e9e aupr\u00e8s de la Chambre de Commerce de Paris sous le num\u00e9ro RCS Paris 528570112. Son n\u00b0 de TVA intracommunautaire est : FR 35 528 570 112.<\/p>\n<p>Le si\u00e8ge social est \u00e9tabli au 16-18 rue de Londres &#8211; 75009 Paris. T\u00e9l\u00e9phone et fax : 01 45 20 60 00.<\/p>\n<p>Le site est h\u00e9berg\u00e9 par Scaleway SAS en France. Scaleway est inscrite au RCS de Paris sour le num\u00e9ro 433 115 904 et dispose au 1\u00b0 janvier 2025, d&#8217;un capital social de 141 420 \u20ac. Son si\u00e8ge social est 8 rue de la Ville L&#8217;Ev\u00e8que, 75008 Paris.<\/p>\n<p>Les donn\u00e9es personnelles de livraison qui nous sont confi\u00e9es ont fait l&#8217;objet d&#8217;une d\u00e9claration aupr\u00e8s de la CNIL (Commission Nationale de l&#8217;Informatique et des Libert\u00e9s) sous le num\u00e9ro 148.30.59. Chaque utilisateur dispose d&#8217;un droit d&#8217;acc\u00e8s, de modification, de rectification et de suppression des donn\u00e9es le concernant (loi &#8220;informatique et libert\u00e9&#8221; du 6 janvier 1978).<\/p>\n<p>Pour plus d&#8217;information, visitez notre page <a href=\"\/vb_blog\/index.php?page_id=617\">information personnelle<\/a>.<\/p>\n<h2>Qui sommes nous ?<\/h2>\n<p>Vraiment Beau vend, aupr\u00e8s d&#8217;un large public de particuliers et de professionnels, une tr\u00e8s large collection de luminaires et d&#8217;autres objets de d\u00e9coration. Une s\u00e9lection rigoureuse est faite des fournisseurs et des produits retenus \u2013 afin de ne proposer que des produits d&#8217;excellente qualit\u00e9, bien con\u00e7us, exactement conformes aux sp\u00e9cifications annonc\u00e9es. La grande majorit\u00e9 de nos fournisseurs est situ\u00e9e en Europe.<\/p>\n<p>Vraiment Beau dispose d&#8217;un show-room en Bretagne Sud, ouvert sur rendez-vous du lundi au vendredi de 9h00 \u00e0 19h00. Pour des raisons pratiques \u00e9videntes, notre catalogue est trop vaste pour \u00eatre int\u00e9gralement pr\u00e9sent\u00e9 dans nos locaux. Cependant, nos \u00e9quipes sont \u00e0 votre disposition pour tout conseil concernant votre choix, en particulier dans le domaine du luminaire o\u00f9 nous pouvons vous assister au calcul du dimensionnement de votre \u00e9clairage.<\/p>\n<p>D\u00e9couvrez <a href=\"\/vb_blog\/index.php?page_id=304\"><b>la liste des partenaires<\/b><\/a> retenus par Vraiment Beau pour vous garantir une ex\u00e9cution parfaite de vos commandes.<\/p>\n\n\n<h2 class=\"wp-block-heading\"><strong>Propri\u00e9t\u00e9 intellectuelle<\/strong><\/h2>\n\n\n\n<p>Nos fournisseurs poss\u00e8dent la propri\u00e9t\u00e9 intellectuelle de toutes les photos de produits sur notre site, et nous ont accord\u00e9 une licence pour les afficher sur notre site. <\/p>\n\n\n\n<p>Les descriptions de produits et les textes de des pages d&#8217;aide, de guide et de blog du site, sont la propri\u00e9t\u00e9 de la soci\u00e9t\u00e9 Vraiment Beau au titre du droit d&#8217;auteur.<\/p>\n\n\n\n<p>Toute copie et reproduction de ces photos ou de ces textes \u00e0 des fins commerciales, est ill\u00e9gale.<\/p>\n\n\n\n<p><\/p>\n","protected":false},"excerpt":{"rendered":"<p>Vraiment Beau SAS est une soci\u00e9t\u00e9 par action simplifi\u00e9e au capital de 13 452 \u20ac, enregistr\u00e9e aupr\u00e8s de la Chambre de Commerce de Paris sous le num\u00e9ro RCS Paris 528570112. Son n\u00b0 de TVA intracommunautaire est : FR 35 528 570 112. Le si\u00e8ge social est \u00e9tabli au 16-18 rue de Londres &#8211; 75009 Paris. [&hellip;]<\/p>\n","protected":false},"author":1,"featured_media":0,"parent":122,"menu_order":29,"comment_status":"closed","ping_status":"closed","template":"","meta":{"_acf_changed":false,"footnotes":""},"class_list":["post-301","page","type-page","status-publish","hentry"],"acf":[],"yoast_head":"<!-- This site is optimized with the Yoast SEO plugin v24.0 - https:\/\/yoast.com\/wordpress\/plugins\/seo\/ -->\n<title>Les mentions l\u00e9gales | Vraiment Beau<\/title>\n<meta name=\"description\" content=\"Vraiment Beau SAS est une soci\u00e9t\u00e9 par action simplifi\u00e9e au capital de 50 000 \u20ac, enregistr\u00e9e aupr\u00e8s de la Chambre de Commerce de Paris sous le num\u00e9ro RCS Paris 528570112. Son n\u00b0 de TVA intracommunautaire est : FR 35 528 570 112.\" \/>\n<meta name=\"robots\" content=\"index, follow, max-snippet:-1, max-image-preview:large, max-video-preview:-1\" \/>\n<link rel=\"canonical\" href=\"https:\/\/www.vraimentbeau.com\/vb_blog\/infos\/mentions-legales\/\" \/>\n<meta property=\"og:locale\" content=\"en_US\" \/>\n<meta property=\"og:type\" content=\"article\" \/>\n<meta property=\"og:title\" content=\"Les mentions l\u00e9gales | Vraiment Beau\" \/>\n<meta property=\"og:description\" content=\"Vraiment Beau SAS est une soci\u00e9t\u00e9 par action simplifi\u00e9e au capital de 50 000 \u20ac, enregistr\u00e9e aupr\u00e8s de la Chambre de Commerce de Paris sous le num\u00e9ro RCS Paris 528570112. Son n\u00b0 de TVA intracommunautaire est : FR 35 528 570 112.\" \/>\n<meta property=\"og:url\" content=\"https:\/\/www.vraimentbeau.com\/vb_blog\/infos\/mentions-legales\/\" \/>\n<meta property=\"og:site_name\" content=\"Vraiment Beau\" \/>\n<meta property=\"article:publisher\" content=\"https:\/\/www.facebook.com\/pages\/Vraiment-Beau\/123343387707501\" \/>\n<meta property=\"article:modified_time\" content=\"2025-01-15T13:01:46+00:00\" \/>\n<meta name=\"twitter:card\" content=\"summary_large_image\" \/>\n<meta name=\"twitter:label1\" content=\"Est. reading time\" \/>\n\t<meta name=\"twitter:data1\" content=\"2 minutes\" \/>\n<script type=\"application\/ld+json\" class=\"yoast-schema-graph\">{\"@context\":\"https:\/\/schema.org\",\"@graph\":[{\"@type\":\"WebPage\",\"@id\":\"https:\/\/www.vraimentbeau.com\/vb_blog\/infos\/mentions-legales\/\",\"url\":\"https:\/\/www.vraimentbeau.com\/vb_blog\/infos\/mentions-legales\/\",\"name\":\"Les mentions l\u00e9gales | Vraiment Beau\",\"isPartOf\":{\"@id\":\"https:\/\/www.vraimentbeau.com\/vb_blog\/#website\"},\"datePublished\":\"2018-03-07T14:17:48+00:00\",\"dateModified\":\"2025-01-15T13:01:46+00:00\",\"description\":\"Vraiment Beau SAS est une soci\u00e9t\u00e9 par action simplifi\u00e9e au capital de 50 000 \u20ac, enregistr\u00e9e aupr\u00e8s de la Chambre de Commerce de Paris sous le num\u00e9ro RCS Paris 528570112. Son n\u00b0 de TVA intracommunautaire est : FR 35 528 570 112.\",\"breadcrumb\":{\"@id\":\"https:\/\/www.vraimentbeau.com\/vb_blog\/infos\/mentions-legales\/#breadcrumb\"},\"inLanguage\":\"en-US\",\"potentialAction\":[{\"@type\":\"ReadAction\",\"target\":[\"https:\/\/www.vraimentbeau.com\/vb_blog\/infos\/mentions-legales\/\"]}]},{\"@type\":\"BreadcrumbList\",\"@id\":\"https:\/\/www.vraimentbeau.com\/vb_blog\/infos\/mentions-legales\/#breadcrumb\",\"itemListElement\":[{\"@type\":\"ListItem\",\"position\":1,\"name\":\"Blog, Guides &amp; Infos\",\"item\":\"https:\/\/www.vraimentbeau.com\/vb_blog\/\"},{\"@type\":\"ListItem\",\"position\":2,\"name\":\"L&rsquo;information sur Vraiment Beau\",\"item\":\"https:\/\/www.vraimentbeau.com\/vb_blog\/infos\/\"},{\"@type\":\"ListItem\",\"position\":3,\"name\":\"Les mentions l\u00e9gales\"}]},{\"@type\":\"WebSite\",\"@id\":\"https:\/\/www.vraimentbeau.com\/vb_blog\/#website\",\"url\":\"https:\/\/www.vraimentbeau.com\/vb_blog\/\",\"name\":\"Vraiment Beau\",\"description\":\"Les plus beaux luminaires de l&#039;internet, et autres objets d\u00e9coratifs!\",\"publisher\":{\"@id\":\"https:\/\/www.vraimentbeau.com\/vb_blog\/#organization\"},\"potentialAction\":[{\"@type\":\"SearchAction\",\"target\":{\"@type\":\"EntryPoint\",\"urlTemplate\":\"https:\/\/www.vraimentbeau.com\/vb_blog\/?s={search_term_string}\"},\"query-input\":{\"@type\":\"PropertyValueSpecification\",\"valueRequired\":true,\"valueName\":\"search_term_string\"}}],\"inLanguage\":\"en-US\"},{\"@type\":\"Organization\",\"@id\":\"https:\/\/www.vraimentbeau.com\/vb_blog\/#organization\",\"name\":\"Vraiment Beau\",\"url\":\"https:\/\/www.vraimentbeau.com\/vb_blog\/\",\"logo\":{\"@type\":\"ImageObject\",\"inLanguage\":\"en-US\",\"@id\":\"https:\/\/www.vraimentbeau.com\/vb_blog\/#\/schema\/logo\/image\/\",\"url\":\"https:\/\/vraimentbeau.com\/vb_blog\/wp-content\/uploads\/2018\/04\/logo-vraiment-beau.png\",\"contentUrl\":\"https:\/\/vraimentbeau.com\/vb_blog\/wp-content\/uploads\/2018\/04\/logo-vraiment-beau.png\",\"width\":287,\"height\":44,\"caption\":\"Vraiment Beau\"},\"image\":{\"@id\":\"https:\/\/www.vraimentbeau.com\/vb_blog\/#\/schema\/logo\/image\/\"},\"sameAs\":[\"https:\/\/www.facebook.com\/pages\/Vraiment-Beau\/123343387707501\",\"https:\/\/www.instagram.com\/vraimentbeau\/\",\"https:\/\/www.pinterest.fr\/cdehautefage\/\"]}]}<\/script>\n<!-- \/ Yoast SEO plugin. -->","yoast_head_json":{"title":"Les mentions l\u00e9gales | Vraiment Beau","description":"Vraiment Beau SAS est une soci\u00e9t\u00e9 par action simplifi\u00e9e au capital de 50 000 \u20ac, enregistr\u00e9e aupr\u00e8s de la Chambre de Commerce de Paris sous le num\u00e9ro RCS Paris 528570112. Son n\u00b0 de TVA intracommunautaire est : FR 35 528 570 112.","robots":{"index":"index","follow":"follow","max-snippet":"max-snippet:-1","max-image-preview":"max-image-preview:large","max-video-preview":"max-video-preview:-1"},"canonical":"https:\/\/www.vraimentbeau.com\/vb_blog\/infos\/mentions-legales\/","og_locale":"en_US","og_type":"article","og_title":"Les mentions l\u00e9gales | Vraiment Beau","og_description":"Vraiment Beau SAS est une soci\u00e9t\u00e9 par action simplifi\u00e9e au capital de 50 000 \u20ac, enregistr\u00e9e aupr\u00e8s de la Chambre de Commerce de Paris sous le num\u00e9ro RCS Paris 528570112. Son n\u00b0 de TVA intracommunautaire est : FR 35 528 570 112.","og_url":"https:\/\/www.vraimentbeau.com\/vb_blog\/infos\/mentions-legales\/","og_site_name":"Vraiment Beau","article_publisher":"https:\/\/www.facebook.com\/pages\/Vraiment-Beau\/123343387707501","article_modified_time":"2025-01-15T13:01:46+00:00","twitter_card":"summary_large_image","twitter_misc":{"Est. reading time":"2 minutes"},"schema":{"@context":"https:\/\/schema.org","@graph":[{"@type":"WebPage","@id":"https:\/\/www.vraimentbeau.com\/vb_blog\/infos\/mentions-legales\/","url":"https:\/\/www.vraimentbeau.com\/vb_blog\/infos\/mentions-legales\/","name":"Les mentions l\u00e9gales | Vraiment Beau","isPartOf":{"@id":"https:\/\/www.vraimentbeau.com\/vb_blog\/#website"},"datePublished":"2018-03-07T14:17:48+00:00","dateModified":"2025-01-15T13:01:46+00:00","description":"Vraiment Beau SAS est une soci\u00e9t\u00e9 par action simplifi\u00e9e au capital de 50 000 \u20ac, enregistr\u00e9e aupr\u00e8s de la Chambre de Commerce de Paris sous le num\u00e9ro RCS Paris 528570112. Son n\u00b0 de TVA intracommunautaire est : FR 35 528 570 112.","breadcrumb":{"@id":"https:\/\/www.vraimentbeau.com\/vb_blog\/infos\/mentions-legales\/#breadcrumb"},"inLanguage":"en-US","potentialAction":[{"@type":"ReadAction","target":["https:\/\/www.vraimentbeau.com\/vb_blog\/infos\/mentions-legales\/"]}]},{"@type":"BreadcrumbList","@id":"https:\/\/www.vraimentbeau.com\/vb_blog\/infos\/mentions-legales\/#breadcrumb","itemListElement":[{"@type":"ListItem","position":1,"name":"Blog, Guides &amp; Infos","item":"https:\/\/www.vraimentbeau.com\/vb_blog\/"},{"@type":"ListItem","position":2,"name":"L&rsquo;information sur Vraiment Beau","item":"https:\/\/www.vraimentbeau.com\/vb_blog\/infos\/"},{"@type":"ListItem","position":3,"name":"Les mentions l\u00e9gales"}]},{"@type":"WebSite","@id":"https:\/\/www.vraimentbeau.com\/vb_blog\/#website","url":"https:\/\/www.vraimentbeau.com\/vb_blog\/","name":"Vraiment Beau","description":"Les plus beaux luminaires de l&#039;internet, et autres objets d\u00e9coratifs!","publisher":{"@id":"https:\/\/www.vraimentbeau.com\/vb_blog\/#organization"},"potentialAction":[{"@type":"SearchAction","target":{"@type":"EntryPoint","urlTemplate":"https:\/\/www.vraimentbeau.com\/vb_blog\/?s={search_term_string}"},"query-input":{"@type":"PropertyValueSpecification","valueRequired":true,"valueName":"search_term_string"}}],"inLanguage":"en-US"},{"@type":"Organization","@id":"https:\/\/www.vraimentbeau.com\/vb_blog\/#organization","name":"Vraiment Beau","url":"https:\/\/www.vraimentbeau.com\/vb_blog\/","logo":{"@type":"ImageObject","inLanguage":"en-US","@id":"https:\/\/www.vraimentbeau.com\/vb_blog\/#\/schema\/logo\/image\/","url":"https:\/\/vraimentbeau.com\/vb_blog\/wp-content\/uploads\/2018\/04\/logo-vraiment-beau.png","contentUrl":"https:\/\/vraimentbeau.com\/vb_blog\/wp-content\/uploads\/2018\/04\/logo-vraiment-beau.png","width":287,"height":44,"caption":"Vraiment Beau"},"image":{"@id":"https:\/\/www.vraimentbeau.com\/vb_blog\/#\/schema\/logo\/image\/"},"sameAs":["https:\/\/www.facebook.com\/pages\/Vraiment-Beau\/123343387707501","https:\/\/www.instagram.com\/vraimentbeau\/","https:\/\/www.pinterest.fr\/cdehautefage\/"]}]}},"_links":{"self":[{"href":"https:\/\/www.vraimentbeau.com\/vb_blog\/wp-json\/wp\/v2\/pages\/301","targetHints":{"allow":["GET"]}}],"collection":[{"href":"https:\/\/www.vraimentbeau.com\/vb_blog\/wp-json\/wp\/v2\/pages"}],"about":[{"href":"https:\/\/www.vraimentbeau.com\/vb_blog\/wp-json\/wp\/v2\/types\/page"}],"author":[{"embeddable":true,"href":"https:\/\/www.vraimentbeau.com\/vb_blog\/wp-json\/wp\/v2\/users\/1"}],"replies":[{"embeddable":true,"href":"https:\/\/www.vraimentbeau.com\/vb_blog\/wp-json\/wp\/v2\/comments?post=301"}],"version-history":[{"count":9,"href":"https:\/\/www.vraimentbeau.com\/vb_blog\/wp-json\/wp\/v2\/pages\/301\/revisions"}],"predecessor-version":[{"id":2554,"href":"https:\/\/www.vraimentbeau.com\/vb_blog\/wp-json\/wp\/v2\/pages\/301\/revisions\/2554"}],"up":[{"embeddable":true,"href":"https:\/\/www.vraimentbeau.com\/vb_blog\/wp-json\/wp\/v2\/pages\/122"}],"wp:attachment":[{"href":"https:\/\/www.vraimentbeau.com\/vb_blog\/wp-json\/wp\/v2\/media?parent=301"}],"curies":[{"name":"wp","href":"https:\/\/api.w.org\/{rel}","templated":true}]}}