{"id":310,"date":"2018-03-07T15:40:38","date_gmt":"2018-03-07T14:40:38","guid":{"rendered":"http:\/\/localhost:8080\/vb_blog\/?page_id=310"},"modified":"2022-07-03T20:38:32","modified_gmt":"2022-07-03T18:38:32","slug":"nous-contacter","status":"publish","type":"page","link":"https:\/\/www.vraimentbeau.com\/vb_blog\/infos\/nous-contacter\/","title":{"rendered":"Comment nous contacter"},"content":{"rendered":"<div class=\"intro\">Pour tout renseignement concernant nos produits, toute aide \u00e0 l&#8217;utilisation de ce site, pour une question ou un probl\u00e8me au sujet d&#8217;une commande : nous sommes \u00e0 votre service !<\/div>\n<h2>Pour les particuliers:<\/h2>\n<table class=\"vb_table\">\n<tbody>\n<tr>\n<td style=\"text-align: center; width: 30%;\">T\u00e9l\u00e9phone :\u00a0<a href=\"tel:+33145206000\">01\u00a045\u00a020\u00a060\u00a000<\/a><\/td>\n<td style=\"width: 60%;\">Une question sur nos produits? Besoin d&#8217;un conseil?<br \/>\nNous sommes joignables du lundi au vendredi de 9h00 \u00e0 18h00.<br \/>\nOu prenez rendez-vous pour nous rejoindre en vid\u00e9o sur Zoom ou Teams !<\/td>\n<\/tr>\n<tr>\n<td style=\"text-align: center; width: 30%;\">Email :<br \/>\n<b><a href=\"mailto:contact@vraimentbeau.com\" data-wplink-edit=\"true\"> contact@vraimentbeau.com<\/a><\/b><\/td>\n<td style=\"width: 60%;\">Ecrivez-nous \u00e0 tout moment par mail pour toute question ou requ\u00eate<\/td>\n<\/tr>\n<tr>\n<td style=\"text-align: center; width: 30%;\"><b><b>Vraiment Beau<br \/>\n<\/b><\/b>7 bis rue du Stade<br \/>\n56950 Crach<\/td>\n<td style=\"width: 60%;\">Rendez-nous visite quand vous passez en Bretagne sud (\u00e0 6 minutes d&#8217;Auray et de La Trinit\u00e9 sur Mer), nous vous accueillerons dans notre (petit) show-room pour discuter de vos projets<\/td>\n<\/tr>\n<\/tbody>\n<\/table>\n<h2>Pour les professionnels:<\/h2>\n<table class=\"vb_table\">\n<tbody>\n<tr>\n<td style=\"text-align: center; width: 30%;\">Architectes &amp; d\u00e9corateurs<\/td>\n<td style=\"width: 60%;\">Pour une commande sp\u00e9cifique ou conna\u00eetre nos tarifs pr\u00e9f\u00e9rentiels r\u00e9serv\u00e9s aux professionnels de la d\u00e9coration, contactez-nous aux coordonn\u00e9es pr\u00e9sent\u00e9es ci-dessus. Nous pouvons vous aider \u00e0 trouver ce que vous cherchez, et r\u00e9pondre \u00e0 des commandes sp\u00e9ciales ou sur mesure.<\/td>\n<\/tr>\n<tr>\n<td style=\"text-align: center; width: 30%;\">Designers &amp; fabricants<\/td>\n<td>Vous \u00eates int\u00e9ress\u00e9 par Vraiment Beau et envisagez de nous confier la distribution de vos produits? Vraiment Beau est le site o\u00f9 vous voulez \u00eatre pr\u00e9sent. Certaines marques nous confient leurs produits en exclusivit\u00e9! Appelez-nous!<\/td>\n<\/tr>\n<tr>\n<td colspan=\"2\">Sur rendez-vous, nous pouvons \u00e9galement vous rencontrer \u00e0 Paris dans nos bureaux proches de St Lazare, ou ailleurs dans Paris.<\/td>\n<\/tr>\n<\/tbody>\n<\/table>\n","protected":false},"excerpt":{"rendered":"<p>Pour tout renseignement concernant nos produits, toute aide \u00e0 l&#8217;utilisation de ce site, pour une question ou un probl\u00e8me au sujet d&#8217;une commande : nous sommes \u00e0 votre service ! Pour les particuliers: T\u00e9l\u00e9phone :\u00a001\u00a045\u00a020\u00a060\u00a000 Une question sur nos produits? Besoin d&#8217;un conseil? Nous sommes joignables du lundi au vendredi de 9h00 \u00e0 18h00. Ou [&hellip;]<\/p>\n","protected":false},"author":1,"featured_media":0,"parent":122,"menu_order":28,"comment_status":"closed","ping_status":"closed","template":"","meta":{"_acf_changed":false,"footnotes":""},"class_list":["post-310","page","type-page","status-publish","hentry"],"acf":[],"yoast_head":"<!-- This site is optimized with the Yoast SEO plugin v24.0 - https:\/\/yoast.com\/wordpress\/plugins\/seo\/ -->\n<title>Comment nous contacter | Vraiment Beau<\/title>\n<meta name=\"description\" content=\"Toute l&#039;information pour nous contacter par t\u00e9l\u00e9phone, par email, vid\u00e9o, ou pour nous rendre visite dans notre show-room en Bretagne.\" \/>\n<meta name=\"robots\" content=\"index, follow, max-snippet:-1, max-image-preview:large, max-video-preview:-1\" \/>\n<link rel=\"canonical\" href=\"https:\/\/www.vraimentbeau.com\/vb_blog\/infos\/nous-contacter\/\" \/>\n<meta property=\"og:locale\" content=\"en_US\" \/>\n<meta property=\"og:type\" content=\"article\" \/>\n<meta property=\"og:title\" content=\"Comment nous contacter | Vraiment Beau\" \/>\n<meta property=\"og:description\" content=\"Toute l&#039;information pour nous contacter par t\u00e9l\u00e9phone, par email, vid\u00e9o, ou pour nous rendre visite dans notre show-room en Bretagne.\" \/>\n<meta property=\"og:url\" content=\"https:\/\/www.vraimentbeau.com\/vb_blog\/infos\/nous-contacter\/\" \/>\n<meta property=\"og:site_name\" content=\"Vraiment Beau\" \/>\n<meta property=\"article:publisher\" content=\"https:\/\/www.facebook.com\/pages\/Vraiment-Beau\/123343387707501\" \/>\n<meta property=\"article:modified_time\" content=\"2022-07-03T18:38:32+00:00\" \/>\n<meta name=\"twitter:card\" content=\"summary_large_image\" \/>\n<meta name=\"twitter:label1\" content=\"Est. reading time\" \/>\n\t<meta name=\"twitter:data1\" content=\"1 minute\" \/>\n<script type=\"application\/ld+json\" class=\"yoast-schema-graph\">{\"@context\":\"https:\/\/schema.org\",\"@graph\":[{\"@type\":\"WebPage\",\"@id\":\"https:\/\/www.vraimentbeau.com\/vb_blog\/infos\/nous-contacter\/\",\"url\":\"https:\/\/www.vraimentbeau.com\/vb_blog\/infos\/nous-contacter\/\",\"name\":\"Comment nous contacter | Vraiment Beau\",\"isPartOf\":{\"@id\":\"https:\/\/www.vraimentbeau.com\/vb_blog\/#website\"},\"datePublished\":\"2018-03-07T14:40:38+00:00\",\"dateModified\":\"2022-07-03T18:38:32+00:00\",\"description\":\"Toute l'information pour nous contacter par t\u00e9l\u00e9phone, par email, vid\u00e9o, ou pour nous rendre visite dans notre show-room en Bretagne.\",\"breadcrumb\":{\"@id\":\"https:\/\/www.vraimentbeau.com\/vb_blog\/infos\/nous-contacter\/#breadcrumb\"},\"inLanguage\":\"en-US\",\"potentialAction\":[{\"@type\":\"ReadAction\",\"target\":[\"https:\/\/www.vraimentbeau.com\/vb_blog\/infos\/nous-contacter\/\"]}]},{\"@type\":\"BreadcrumbList\",\"@id\":\"https:\/\/www.vraimentbeau.com\/vb_blog\/infos\/nous-contacter\/#breadcrumb\",\"itemListElement\":[{\"@type\":\"ListItem\",\"position\":1,\"name\":\"Blog, Guides &amp; Infos\",\"item\":\"https:\/\/www.vraimentbeau.com\/vb_blog\/\"},{\"@type\":\"ListItem\",\"position\":2,\"name\":\"L&rsquo;information sur Vraiment Beau\",\"item\":\"https:\/\/www.vraimentbeau.com\/vb_blog\/infos\/\"},{\"@type\":\"ListItem\",\"position\":3,\"name\":\"Comment nous contacter\"}]},{\"@type\":\"WebSite\",\"@id\":\"https:\/\/www.vraimentbeau.com\/vb_blog\/#website\",\"url\":\"https:\/\/www.vraimentbeau.com\/vb_blog\/\",\"name\":\"Vraiment Beau\",\"description\":\"Les plus beaux luminaires de l&#039;internet, et autres objets d\u00e9coratifs!\",\"publisher\":{\"@id\":\"https:\/\/www.vraimentbeau.com\/vb_blog\/#organization\"},\"potentialAction\":[{\"@type\":\"SearchAction\",\"target\":{\"@type\":\"EntryPoint\",\"urlTemplate\":\"https:\/\/www.vraimentbeau.com\/vb_blog\/?s={search_term_string}\"},\"query-input\":{\"@type\":\"PropertyValueSpecification\",\"valueRequired\":true,\"valueName\":\"search_term_string\"}}],\"inLanguage\":\"en-US\"},{\"@type\":\"Organization\",\"@id\":\"https:\/\/www.vraimentbeau.com\/vb_blog\/#organization\",\"name\":\"Vraiment Beau\",\"url\":\"https:\/\/www.vraimentbeau.com\/vb_blog\/\",\"logo\":{\"@type\":\"ImageObject\",\"inLanguage\":\"en-US\",\"@id\":\"https:\/\/www.vraimentbeau.com\/vb_blog\/#\/schema\/logo\/image\/\",\"url\":\"https:\/\/vraimentbeau.com\/vb_blog\/wp-content\/uploads\/2018\/04\/logo-vraiment-beau.png\",\"contentUrl\":\"https:\/\/vraimentbeau.com\/vb_blog\/wp-content\/uploads\/2018\/04\/logo-vraiment-beau.png\",\"width\":287,\"height\":44,\"caption\":\"Vraiment Beau\"},\"image\":{\"@id\":\"https:\/\/www.vraimentbeau.com\/vb_blog\/#\/schema\/logo\/image\/\"},\"sameAs\":[\"https:\/\/www.facebook.com\/pages\/Vraiment-Beau\/123343387707501\",\"https:\/\/www.instagram.com\/vraimentbeau\/\",\"https:\/\/www.pinterest.fr\/cdehautefage\/\"]}]}<\/script>\n<!-- \/ Yoast SEO plugin. -->","yoast_head_json":{"title":"Comment nous contacter | Vraiment Beau","description":"Toute l'information pour nous contacter par t\u00e9l\u00e9phone, par email, vid\u00e9o, ou pour nous rendre visite dans notre show-room en Bretagne.","robots":{"index":"index","follow":"follow","max-snippet":"max-snippet:-1","max-image-preview":"max-image-preview:large","max-video-preview":"max-video-preview:-1"},"canonical":"https:\/\/www.vraimentbeau.com\/vb_blog\/infos\/nous-contacter\/","og_locale":"en_US","og_type":"article","og_title":"Comment nous contacter | Vraiment Beau","og_description":"Toute l'information pour nous contacter par t\u00e9l\u00e9phone, par email, vid\u00e9o, ou pour nous rendre visite dans notre show-room en Bretagne.","og_url":"https:\/\/www.vraimentbeau.com\/vb_blog\/infos\/nous-contacter\/","og_site_name":"Vraiment Beau","article_publisher":"https:\/\/www.facebook.com\/pages\/Vraiment-Beau\/123343387707501","article_modified_time":"2022-07-03T18:38:32+00:00","twitter_card":"summary_large_image","twitter_misc":{"Est. reading time":"1 minute"},"schema":{"@context":"https:\/\/schema.org","@graph":[{"@type":"WebPage","@id":"https:\/\/www.vraimentbeau.com\/vb_blog\/infos\/nous-contacter\/","url":"https:\/\/www.vraimentbeau.com\/vb_blog\/infos\/nous-contacter\/","name":"Comment nous contacter | Vraiment Beau","isPartOf":{"@id":"https:\/\/www.vraimentbeau.com\/vb_blog\/#website"},"datePublished":"2018-03-07T14:40:38+00:00","dateModified":"2022-07-03T18:38:32+00:00","description":"Toute l'information pour nous contacter par t\u00e9l\u00e9phone, par email, vid\u00e9o, ou pour nous rendre visite dans notre show-room en Bretagne.","breadcrumb":{"@id":"https:\/\/www.vraimentbeau.com\/vb_blog\/infos\/nous-contacter\/#breadcrumb"},"inLanguage":"en-US","potentialAction":[{"@type":"ReadAction","target":["https:\/\/www.vraimentbeau.com\/vb_blog\/infos\/nous-contacter\/"]}]},{"@type":"BreadcrumbList","@id":"https:\/\/www.vraimentbeau.com\/vb_blog\/infos\/nous-contacter\/#breadcrumb","itemListElement":[{"@type":"ListItem","position":1,"name":"Blog, Guides &amp; Infos","item":"https:\/\/www.vraimentbeau.com\/vb_blog\/"},{"@type":"ListItem","position":2,"name":"L&rsquo;information sur Vraiment Beau","item":"https:\/\/www.vraimentbeau.com\/vb_blog\/infos\/"},{"@type":"ListItem","position":3,"name":"Comment nous contacter"}]},{"@type":"WebSite","@id":"https:\/\/www.vraimentbeau.com\/vb_blog\/#website","url":"https:\/\/www.vraimentbeau.com\/vb_blog\/","name":"Vraiment Beau","description":"Les plus beaux luminaires de l&#039;internet, et autres objets d\u00e9coratifs!","publisher":{"@id":"https:\/\/www.vraimentbeau.com\/vb_blog\/#organization"},"potentialAction":[{"@type":"SearchAction","target":{"@type":"EntryPoint","urlTemplate":"https:\/\/www.vraimentbeau.com\/vb_blog\/?s={search_term_string}"},"query-input":{"@type":"PropertyValueSpecification","valueRequired":true,"valueName":"search_term_string"}}],"inLanguage":"en-US"},{"@type":"Organization","@id":"https:\/\/www.vraimentbeau.com\/vb_blog\/#organization","name":"Vraiment Beau","url":"https:\/\/www.vraimentbeau.com\/vb_blog\/","logo":{"@type":"ImageObject","inLanguage":"en-US","@id":"https:\/\/www.vraimentbeau.com\/vb_blog\/#\/schema\/logo\/image\/","url":"https:\/\/vraimentbeau.com\/vb_blog\/wp-content\/uploads\/2018\/04\/logo-vraiment-beau.png","contentUrl":"https:\/\/vraimentbeau.com\/vb_blog\/wp-content\/uploads\/2018\/04\/logo-vraiment-beau.png","width":287,"height":44,"caption":"Vraiment Beau"},"image":{"@id":"https:\/\/www.vraimentbeau.com\/vb_blog\/#\/schema\/logo\/image\/"},"sameAs":["https:\/\/www.facebook.com\/pages\/Vraiment-Beau\/123343387707501","https:\/\/www.instagram.com\/vraimentbeau\/","https:\/\/www.pinterest.fr\/cdehautefage\/"]}]}},"_links":{"self":[{"href":"https:\/\/www.vraimentbeau.com\/vb_blog\/wp-json\/wp\/v2\/pages\/310","targetHints":{"allow":["GET"]}}],"collection":[{"href":"https:\/\/www.vraimentbeau.com\/vb_blog\/wp-json\/wp\/v2\/pages"}],"about":[{"href":"https:\/\/www.vraimentbeau.com\/vb_blog\/wp-json\/wp\/v2\/types\/page"}],"author":[{"embeddable":true,"href":"https:\/\/www.vraimentbeau.com\/vb_blog\/wp-json\/wp\/v2\/users\/1"}],"replies":[{"embeddable":true,"href":"https:\/\/www.vraimentbeau.com\/vb_blog\/wp-json\/wp\/v2\/comments?post=310"}],"version-history":[{"count":5,"href":"https:\/\/www.vraimentbeau.com\/vb_blog\/wp-json\/wp\/v2\/pages\/310\/revisions"}],"predecessor-version":[{"id":2314,"href":"https:\/\/www.vraimentbeau.com\/vb_blog\/wp-json\/wp\/v2\/pages\/310\/revisions\/2314"}],"up":[{"embeddable":true,"href":"https:\/\/www.vraimentbeau.com\/vb_blog\/wp-json\/wp\/v2\/pages\/122"}],"wp:attachment":[{"href":"https:\/\/www.vraimentbeau.com\/vb_blog\/wp-json\/wp\/v2\/media?parent=310"}],"curies":[{"name":"wp","href":"https:\/\/api.w.org\/{rel}","templated":true}]}}