{"id":330,"date":"2018-03-07T20:33:41","date_gmt":"2018-03-07T19:33:41","guid":{"rendered":"http:\/\/localhost:8080\/vb_blog\/?page_id=330"},"modified":"2018-04-27T08:53:14","modified_gmt":"2018-04-27T06:53:14","slug":"sos-ampoules-un-guide-pour-acheter-sans-se-tromper","status":"publish","type":"page","link":"https:\/\/www.vraimentbeau.com\/vb_blog\/guide-pratique\/sos-ampoules-un-guide-pour-acheter-sans-se-tromper\/","title":{"rendered":"Reconna\u00eetre les diff\u00e9rents mod\u00e8les d&#8217;ampoules"},"content":{"rendered":"<div class=\"intro\">Un petit guide reconna\u00eetre les diff\u00e9rents mod\u00e8les d&#8217;ampoules et acheter sans se tromper la bonne ampoule pour votre luminaire<\/div>\n<h2>1- Les mod\u00e8les d&#8217;ampoules 230V<\/h2>\n<p><strong>Ampoules culot E27<\/strong> &#8211; Ces ampoules 230V ont un culot \u00e0 visser de 27mm de diam\u00e8tre &#8211; &#8220;ampoules \u00e0 vis gros culot&#8221; en langage courant. Elles sont parfaitement courantes et disponibles partout. On en trouve avec des puissances \u00e9lectriques diff\u00e9rentes, eco-halog\u00e8ne, fluocompacte et LED. Il existe aujourd&#8217;hui un nombre infini de forme d&#8217;enveloppe ext\u00e9rieure : allong\u00e9e (la plus courante) et sph\u00e9rique, plus compacte, qui permet un gain de place (2 \u00e0 3 cm de longueur en moins) utile dans certains luminaires, ou au contraire de gros globes destin\u00e9s \u00e0 \u00eatre vu en 80, 100 ou 120mm, \u00e0 effet miroir, etc&#8230;<\/p>\n<p><strong>Ampoules culot E14<\/strong> &#8211; Identiques au pr\u00e9c\u00e9dentes, mais le culot est plus petit (14 mm de diam\u00e8tre) &#8211; &#8220;ampoules \u00e0 vis petit culot&#8221; en langage courant. L&#8217;enveloppe a souvent une forme sph\u00e9rique (existent aussi les mod\u00e8les &#8220;flamme&#8221; ci-dessous).<\/p>\n<p><strong>Ampoules E14 flamme<\/strong> &#8211; Des ampoules 230V culot E14 dont l&#8217;enveloppe est allong\u00e9e &#8211; notamment pour avoir une forme plus esth\u00e9tique sur un lustre. Certaines de ces ampoules affectent d&#8217;ailleurs des formes \u00e9labor\u00e9es, torsad\u00e9e ou &#8220;coup de vent&#8221;.<\/p>\n<p><figure id=\"attachment_815\" aria-describedby=\"caption-attachment-815\" style=\"width: 150px\" class=\"wp-caption alignright\"><img loading=\"lazy\" decoding=\"async\" src=\"\/vb_blog\/wp-content\/uploads\/guide_info\/ampoule-halogene-gu10-230V-150x150.jpg\" alt=\"Ampoule GU10\" width=\"150\" height=\"150\" class=\"size-thumbnail wp-image-815\" srcset=\"https:\/\/www.vraimentbeau.com\/vb_blog\/wp-content\/uploads\/guide_info\/ampoule-halogene-gu10-230V-150x150.jpg 150w, https:\/\/www.vraimentbeau.com\/vb_blog\/wp-content\/uploads\/guide_info\/ampoule-halogene-gu10-230V-300x300.jpg 300w, https:\/\/www.vraimentbeau.com\/vb_blog\/wp-content\/uploads\/guide_info\/ampoule-halogene-gu10-230V.jpg 400w\" sizes=\"auto, (max-width: 150px) 100vw, 150px\" \/><figcaption id=\"caption-attachment-815\" class=\"wp-caption-text\">Ampoule halog\u00e8ne GU10 230V<\/figcaption><\/figure><br \/>\n<strong>Ampoules culot GU10<\/strong> &#8211; Des ampoules 230V avec r\u00e9flecteur incorpor\u00e9 utilis\u00e9es dans de nombreux spots. Elles ont un culot \u00e0 ba\u00efonnette &#8211; mais qui n&#8217;est pas la ba\u00efonnette des ampoules d&#8217;antan.<\/p>\n<p><strong>Ampoules G9<\/strong> &#8211; De toutes petites ampoules 230V souvent utilis\u00e9es dans les lampes de bureau articul\u00e9es et dans certaines lampes de chevet.<\/p>\n<h2>2- Ampoules 12V<\/h2>\n<p>Des ampoules basse tension pour des luminaires qui sont soit \u00e9quip\u00e9s d&#8217;office d&#8217;une alimentation qui convertit le 230V en 12V, soit qui doivent \u00eatre branch\u00e9s sur un transformateur ad hoc (cas typique des spots \u00e0 encastrer). On distingue quatre grandes familles :<\/p>\n<p><strong>Ampoules GU5.3<\/strong> &#8211; Ces ampoules 12V sont \u00e9quip\u00e9es d&#8217;un r\u00e9flecteur incorpor\u00e9. Elles sont utilis\u00e9es massivement dans les spots encastr\u00e9s de plafond. Elles sont disponibles dans plusieurs largeurs de faisceau (10\u00b0, 24\u00b0, 36\u00b0, 60\u00b0).<\/p>\n<p><figure id=\"attachment_1227\" aria-describedby=\"caption-attachment-1227\" style=\"width: 150px\" class=\"wp-caption alignright\"><img loading=\"lazy\" decoding=\"async\" src=\"\/vb_blog\/wp-content\/uploads\/2018\/04\/Ampoule-GU-4-Osram-150x150.jpg\" alt=\"Ampoule GU-4\" width=\"150\" height=\"150\" class=\"size-thumbnail wp-image-1227 fbx-link\" \/><figcaption id=\"caption-attachment-1227\" class=\"wp-caption-text\">Ampoule LED GU-4 (Osram)<\/figcaption><\/figure><br \/>\n<strong>Ampoules GU4<\/strong> &#8211; La petite soeur de la pr\u00e9c\u00e9dente, caract\u00e9ris\u00e9es par un diam\u00e8tre inf\u00e9rieur (40mm au lieu de 50mm) et un \u00e9cartement entre les tiges de 4mm au lieu de 5.3mm. En g\u00e9n\u00e9ral uniquement disponible en 20W et 35W, 10 degr\u00e9s et 30 degr\u00e9s. A ne pas confondre avec l&#8217;ampoule G4 d\u00e9crite ci-dessous.<\/p>\n<p><figure id=\"attachment_1232\" aria-describedby=\"caption-attachment-1232\" style=\"width: 150px\" class=\"wp-caption alignleft\"><img loading=\"lazy\" decoding=\"async\" src=\"\/vb_blog\/wp-content\/uploads\/2018\/04\/Ampoule-G4-12V-halogen-Osram-150x150.jpg\" alt=\"Ampoule GU4\" width=\"150\" height=\"150\" class=\"size-thumbnail wp-image-1232\" \/><figcaption id=\"caption-attachment-1232\" class=\"wp-caption-text\">Ampoule GU4 halog\u00e8ne 12V (Osram)<\/figcaption><\/figure><br \/>\n<strong>Ampoule G 4<\/strong> &#8211; De toutes petites ampoules 12W sans r\u00e9flecteur, avec deux tiges \u00e0 ins\u00e9rer dans le culot du luminaire. Attention G4 et G6.35 (voir ci-dessous) ne sont pas compatibles entre elles : les tiges du type G4 sont espac\u00e9es de 4mm. A ne pas confondre avec les ampoules G9 qui se branchent directement sur le 230V et dont les tiges sont recourb\u00e9es.<\/p>\n<p><strong>Ampoule G 6.35<\/strong> &#8211; Identique au mod\u00e8le pr\u00e9c\u00e9dent, mais l\u00e9g\u00e8rement plus grosse, et les tiges sont espac\u00e9es de 6.35mm. Voir remarque sur risque de confusion avec G9 ci-dessus.<\/p>\n<h2>3- Autres cat\u00e9gories plus exotiques<\/h2>\n<p><strong>Ampoules tubulaires ou barette R7<\/strong> &#8211; C&#8217;est l&#8217;ampoule classique 230V des lampadaires halog\u00e8ne, et de certains projecteurs de jardin \u00e9tanches. Pour ne pas se tromper, il faut avoir en t\u00eate deux param\u00e8tres : la longueur (qui peut \u00eatre 78.3mm, 117.6mm ou plus rarement 187.3mm ou 252.3mm), et la puissance \u00e9lectrique. Les d\u00e9nominations commerciales arrondissent souvent la longueur &#8211; par exemple un tube de 117.6mm est appel\u00e9 &#8220;tube 118mm&#8221;.<\/p>\n<p><strong>Ampoules culot B22<\/strong> &#8211; C&#8217;est la grand-m\u00e8re de nos ampoules, dont le culot est \u00e0 ba\u00efonnette. On ne trouve plus aucun luminaire moderne n\u00e9cessitant ce type d&#8217;ampoule. Existe en grosse enveloppe (souvent disponible en halog\u00e8ne 105W et 140W) et en petite enveloppe (souvent en 40W, pour baladeuses et guirlandes d&#8217;ext\u00e9rieur).<\/p>\n<p><strong>Ampoules PAR 16<\/strong> &#8211; Ce type d&#8217;ampoule 230V avec r\u00e9flecteur et culot E14 se trouve quelquefois sur certains petits spots, une sorte de croisement entre une ampoule E14 (pour le culot) et une ampoule GU10 (pour le r\u00e9flecteur). Dans la m\u00eame sous-famille, on trouve les ampoules PAR 20, 30 et 38 qui toutes ont un r\u00e9flecteur aussi, mais un culot E27 : ce sont les grosses ampoules avec r\u00e9flecteur \u00e0 visser qu&#8217;on trouve dans des spots de grande dimension &#8211; notamment des spots de jardin ou architecturaux.<\/p>\n<p><strong>Ampoule B15D<\/strong> &#8211; Une petite ampoule 12V \u00e0 ba\u00efonnette qui r\u00e9pond au joli nom de &#8220;poirette&#8221;. Elle \u00e9quipe de rares luminaires &#8211; notamment certains mod\u00e8les de Nautic &#8211; o\u00f9 l&#8217;espace disponible est tr\u00e8s r\u00e9duit. Sa vocation initiale \u00e9tait d&#8217;\u00eatre ampoule pour clignotants automobiles, et on la trouve aussi souvent en \u00e9quipement nautique (ampoules de navigation). Attention, elle existe aussi en 24V &#8211; donc bien v\u00e9rifier la tension avant d&#8217;acheter.<\/p>\n","protected":false},"excerpt":{"rendered":"<p>Un petit guide reconna\u00eetre les diff\u00e9rents mod\u00e8les d&#8217;ampoules et acheter sans se tromper la bonne ampoule pour votre luminaire 1- Les mod\u00e8les d&#8217;ampoules 230V Ampoules culot E27 &#8211; Ces ampoules 230V ont un culot \u00e0 visser de 27mm de diam\u00e8tre &#8211; &#8220;ampoules \u00e0 vis gros culot&#8221; en langage courant. Elles sont parfaitement courantes et disponibles [&hellip;]<\/p>\n","protected":false},"author":1,"featured_media":0,"parent":18,"menu_order":6,"comment_status":"closed","ping_status":"closed","template":"","meta":{"_acf_changed":false,"footnotes":""},"class_list":["post-330","page","type-page","status-publish","hentry"],"acf":[],"yoast_head":"<!-- This site is optimized with the Yoast SEO plugin v24.0 - https:\/\/yoast.com\/wordpress\/plugins\/seo\/ -->\n<title>Reconna\u00eetre les diff\u00e9rents mod\u00e8les d&#039;ampoules | Vraiment Beau<\/title>\n<meta name=\"description\" content=\"Quels sont les diff\u00e9rents mod\u00e8les d&#039;ampoules, comment les reconna\u00eetre et quels sont leurs usages: ampoules fluo-compacte, led, 12V, 230V, 220V, culot E14, E27, G9, GU10, B15d, GU5.3, GU4, R7s\" \/>\n<meta name=\"robots\" content=\"index, follow, max-snippet:-1, max-image-preview:large, max-video-preview:-1\" \/>\n<link rel=\"canonical\" href=\"https:\/\/www.vraimentbeau.com\/vb_blog\/guide-pratique\/sos-ampoules-un-guide-pour-acheter-sans-se-tromper\/\" \/>\n<meta property=\"og:locale\" content=\"en_US\" \/>\n<meta property=\"og:type\" content=\"article\" \/>\n<meta property=\"og:title\" content=\"Reconna\u00eetre les diff\u00e9rents mod\u00e8les d&#039;ampoules | Vraiment Beau\" \/>\n<meta property=\"og:description\" content=\"Quels sont les diff\u00e9rents mod\u00e8les d&#039;ampoules, comment les reconna\u00eetre et quels sont leurs usages: ampoules fluo-compacte, led, 12V, 230V, 220V, culot E14, E27, G9, GU10, B15d, GU5.3, GU4, R7s\" \/>\n<meta property=\"og:url\" content=\"https:\/\/www.vraimentbeau.com\/vb_blog\/guide-pratique\/sos-ampoules-un-guide-pour-acheter-sans-se-tromper\/\" \/>\n<meta property=\"og:site_name\" content=\"Vraiment Beau\" \/>\n<meta property=\"article:publisher\" content=\"https:\/\/www.facebook.com\/pages\/Vraiment-Beau\/123343387707501\" \/>\n<meta property=\"article:modified_time\" content=\"2018-04-27T06:53:14+00:00\" \/>\n<meta name=\"twitter:card\" content=\"summary_large_image\" \/>\n<meta name=\"twitter:label1\" content=\"Est. reading time\" \/>\n\t<meta name=\"twitter:data1\" content=\"4 minutes\" \/>\n<script type=\"application\/ld+json\" class=\"yoast-schema-graph\">{\"@context\":\"https:\/\/schema.org\",\"@graph\":[{\"@type\":\"WebPage\",\"@id\":\"https:\/\/www.vraimentbeau.com\/vb_blog\/guide-pratique\/sos-ampoules-un-guide-pour-acheter-sans-se-tromper\/\",\"url\":\"https:\/\/www.vraimentbeau.com\/vb_blog\/guide-pratique\/sos-ampoules-un-guide-pour-acheter-sans-se-tromper\/\",\"name\":\"Reconna\u00eetre les diff\u00e9rents mod\u00e8les d'ampoules | Vraiment Beau\",\"isPartOf\":{\"@id\":\"https:\/\/www.vraimentbeau.com\/vb_blog\/#website\"},\"datePublished\":\"2018-03-07T19:33:41+00:00\",\"dateModified\":\"2018-04-27T06:53:14+00:00\",\"description\":\"Quels sont les diff\u00e9rents mod\u00e8les d'ampoules, comment les reconna\u00eetre et quels sont leurs usages: ampoules fluo-compacte, led, 12V, 230V, 220V, culot E14, E27, G9, GU10, B15d, GU5.3, GU4, R7s\",\"breadcrumb\":{\"@id\":\"https:\/\/www.vraimentbeau.com\/vb_blog\/guide-pratique\/sos-ampoules-un-guide-pour-acheter-sans-se-tromper\/#breadcrumb\"},\"inLanguage\":\"en-US\",\"potentialAction\":[{\"@type\":\"ReadAction\",\"target\":[\"https:\/\/www.vraimentbeau.com\/vb_blog\/guide-pratique\/sos-ampoules-un-guide-pour-acheter-sans-se-tromper\/\"]}]},{\"@type\":\"BreadcrumbList\",\"@id\":\"https:\/\/www.vraimentbeau.com\/vb_blog\/guide-pratique\/sos-ampoules-un-guide-pour-acheter-sans-se-tromper\/#breadcrumb\",\"itemListElement\":[{\"@type\":\"ListItem\",\"position\":1,\"name\":\"Blog, Guides &amp; Infos\",\"item\":\"https:\/\/www.vraimentbeau.com\/vb_blog\/\"},{\"@type\":\"ListItem\",\"position\":2,\"name\":\"Tout notre Guide Pratique\",\"item\":\"https:\/\/www.vraimentbeau.com\/vb_blog\/guide-pratique\/\"},{\"@type\":\"ListItem\",\"position\":3,\"name\":\"Reconna\u00eetre les diff\u00e9rents mod\u00e8les d&rsquo;ampoules\"}]},{\"@type\":\"WebSite\",\"@id\":\"https:\/\/www.vraimentbeau.com\/vb_blog\/#website\",\"url\":\"https:\/\/www.vraimentbeau.com\/vb_blog\/\",\"name\":\"Vraiment Beau\",\"description\":\"Les plus beaux luminaires de l&#039;internet, et autres objets d\u00e9coratifs!\",\"publisher\":{\"@id\":\"https:\/\/www.vraimentbeau.com\/vb_blog\/#organization\"},\"potentialAction\":[{\"@type\":\"SearchAction\",\"target\":{\"@type\":\"EntryPoint\",\"urlTemplate\":\"https:\/\/www.vraimentbeau.com\/vb_blog\/?s={search_term_string}\"},\"query-input\":{\"@type\":\"PropertyValueSpecification\",\"valueRequired\":true,\"valueName\":\"search_term_string\"}}],\"inLanguage\":\"en-US\"},{\"@type\":\"Organization\",\"@id\":\"https:\/\/www.vraimentbeau.com\/vb_blog\/#organization\",\"name\":\"Vraiment Beau\",\"url\":\"https:\/\/www.vraimentbeau.com\/vb_blog\/\",\"logo\":{\"@type\":\"ImageObject\",\"inLanguage\":\"en-US\",\"@id\":\"https:\/\/www.vraimentbeau.com\/vb_blog\/#\/schema\/logo\/image\/\",\"url\":\"https:\/\/vraimentbeau.com\/vb_blog\/wp-content\/uploads\/2018\/04\/logo-vraiment-beau.png\",\"contentUrl\":\"https:\/\/vraimentbeau.com\/vb_blog\/wp-content\/uploads\/2018\/04\/logo-vraiment-beau.png\",\"width\":287,\"height\":44,\"caption\":\"Vraiment Beau\"},\"image\":{\"@id\":\"https:\/\/www.vraimentbeau.com\/vb_blog\/#\/schema\/logo\/image\/\"},\"sameAs\":[\"https:\/\/www.facebook.com\/pages\/Vraiment-Beau\/123343387707501\",\"https:\/\/www.instagram.com\/vraimentbeau\/\",\"https:\/\/www.pinterest.fr\/cdehautefage\/\"]}]}<\/script>\n<!-- \/ Yoast SEO plugin. -->","yoast_head_json":{"title":"Reconna\u00eetre les diff\u00e9rents mod\u00e8les d'ampoules | Vraiment Beau","description":"Quels sont les diff\u00e9rents mod\u00e8les d'ampoules, comment les reconna\u00eetre et quels sont leurs usages: ampoules fluo-compacte, led, 12V, 230V, 220V, culot E14, E27, G9, GU10, B15d, GU5.3, GU4, R7s","robots":{"index":"index","follow":"follow","max-snippet":"max-snippet:-1","max-image-preview":"max-image-preview:large","max-video-preview":"max-video-preview:-1"},"canonical":"https:\/\/www.vraimentbeau.com\/vb_blog\/guide-pratique\/sos-ampoules-un-guide-pour-acheter-sans-se-tromper\/","og_locale":"en_US","og_type":"article","og_title":"Reconna\u00eetre les diff\u00e9rents mod\u00e8les d'ampoules | Vraiment Beau","og_description":"Quels sont les diff\u00e9rents mod\u00e8les d'ampoules, comment les reconna\u00eetre et quels sont leurs usages: ampoules fluo-compacte, led, 12V, 230V, 220V, culot E14, E27, G9, GU10, B15d, GU5.3, GU4, R7s","og_url":"https:\/\/www.vraimentbeau.com\/vb_blog\/guide-pratique\/sos-ampoules-un-guide-pour-acheter-sans-se-tromper\/","og_site_name":"Vraiment Beau","article_publisher":"https:\/\/www.facebook.com\/pages\/Vraiment-Beau\/123343387707501","article_modified_time":"2018-04-27T06:53:14+00:00","twitter_card":"summary_large_image","twitter_misc":{"Est. reading time":"4 minutes"},"schema":{"@context":"https:\/\/schema.org","@graph":[{"@type":"WebPage","@id":"https:\/\/www.vraimentbeau.com\/vb_blog\/guide-pratique\/sos-ampoules-un-guide-pour-acheter-sans-se-tromper\/","url":"https:\/\/www.vraimentbeau.com\/vb_blog\/guide-pratique\/sos-ampoules-un-guide-pour-acheter-sans-se-tromper\/","name":"Reconna\u00eetre les diff\u00e9rents mod\u00e8les d'ampoules | Vraiment Beau","isPartOf":{"@id":"https:\/\/www.vraimentbeau.com\/vb_blog\/#website"},"datePublished":"2018-03-07T19:33:41+00:00","dateModified":"2018-04-27T06:53:14+00:00","description":"Quels sont les diff\u00e9rents mod\u00e8les d'ampoules, comment les reconna\u00eetre et quels sont leurs usages: ampoules fluo-compacte, led, 12V, 230V, 220V, culot E14, E27, G9, GU10, B15d, GU5.3, GU4, R7s","breadcrumb":{"@id":"https:\/\/www.vraimentbeau.com\/vb_blog\/guide-pratique\/sos-ampoules-un-guide-pour-acheter-sans-se-tromper\/#breadcrumb"},"inLanguage":"en-US","potentialAction":[{"@type":"ReadAction","target":["https:\/\/www.vraimentbeau.com\/vb_blog\/guide-pratique\/sos-ampoules-un-guide-pour-acheter-sans-se-tromper\/"]}]},{"@type":"BreadcrumbList","@id":"https:\/\/www.vraimentbeau.com\/vb_blog\/guide-pratique\/sos-ampoules-un-guide-pour-acheter-sans-se-tromper\/#breadcrumb","itemListElement":[{"@type":"ListItem","position":1,"name":"Blog, Guides &amp; Infos","item":"https:\/\/www.vraimentbeau.com\/vb_blog\/"},{"@type":"ListItem","position":2,"name":"Tout notre Guide Pratique","item":"https:\/\/www.vraimentbeau.com\/vb_blog\/guide-pratique\/"},{"@type":"ListItem","position":3,"name":"Reconna\u00eetre les diff\u00e9rents mod\u00e8les d&rsquo;ampoules"}]},{"@type":"WebSite","@id":"https:\/\/www.vraimentbeau.com\/vb_blog\/#website","url":"https:\/\/www.vraimentbeau.com\/vb_blog\/","name":"Vraiment Beau","description":"Les plus beaux luminaires de l&#039;internet, et autres objets d\u00e9coratifs!","publisher":{"@id":"https:\/\/www.vraimentbeau.com\/vb_blog\/#organization"},"potentialAction":[{"@type":"SearchAction","target":{"@type":"EntryPoint","urlTemplate":"https:\/\/www.vraimentbeau.com\/vb_blog\/?s={search_term_string}"},"query-input":{"@type":"PropertyValueSpecification","valueRequired":true,"valueName":"search_term_string"}}],"inLanguage":"en-US"},{"@type":"Organization","@id":"https:\/\/www.vraimentbeau.com\/vb_blog\/#organization","name":"Vraiment Beau","url":"https:\/\/www.vraimentbeau.com\/vb_blog\/","logo":{"@type":"ImageObject","inLanguage":"en-US","@id":"https:\/\/www.vraimentbeau.com\/vb_blog\/#\/schema\/logo\/image\/","url":"https:\/\/vraimentbeau.com\/vb_blog\/wp-content\/uploads\/2018\/04\/logo-vraiment-beau.png","contentUrl":"https:\/\/vraimentbeau.com\/vb_blog\/wp-content\/uploads\/2018\/04\/logo-vraiment-beau.png","width":287,"height":44,"caption":"Vraiment Beau"},"image":{"@id":"https:\/\/www.vraimentbeau.com\/vb_blog\/#\/schema\/logo\/image\/"},"sameAs":["https:\/\/www.facebook.com\/pages\/Vraiment-Beau\/123343387707501","https:\/\/www.instagram.com\/vraimentbeau\/","https:\/\/www.pinterest.fr\/cdehautefage\/"]}]}},"_links":{"self":[{"href":"https:\/\/www.vraimentbeau.com\/vb_blog\/wp-json\/wp\/v2\/pages\/330","targetHints":{"allow":["GET"]}}],"collection":[{"href":"https:\/\/www.vraimentbeau.com\/vb_blog\/wp-json\/wp\/v2\/pages"}],"about":[{"href":"https:\/\/www.vraimentbeau.com\/vb_blog\/wp-json\/wp\/v2\/types\/page"}],"author":[{"embeddable":true,"href":"https:\/\/www.vraimentbeau.com\/vb_blog\/wp-json\/wp\/v2\/users\/1"}],"replies":[{"embeddable":true,"href":"https:\/\/www.vraimentbeau.com\/vb_blog\/wp-json\/wp\/v2\/comments?post=330"}],"version-history":[{"count":4,"href":"https:\/\/www.vraimentbeau.com\/vb_blog\/wp-json\/wp\/v2\/pages\/330\/revisions"}],"predecessor-version":[{"id":1300,"href":"https:\/\/www.vraimentbeau.com\/vb_blog\/wp-json\/wp\/v2\/pages\/330\/revisions\/1300"}],"up":[{"embeddable":true,"href":"https:\/\/www.vraimentbeau.com\/vb_blog\/wp-json\/wp\/v2\/pages\/18"}],"wp:attachment":[{"href":"https:\/\/www.vraimentbeau.com\/vb_blog\/wp-json\/wp\/v2\/media?parent=330"}],"curies":[{"name":"wp","href":"https:\/\/api.w.org\/{rel}","templated":true}]}}