{"id":345,"date":"2018-03-07T21:12:54","date_gmt":"2018-03-07T20:12:54","guid":{"rendered":"http:\/\/localhost:8080\/vb_blog\/?page_id=345"},"modified":"2023-01-19T12:17:39","modified_gmt":"2023-01-19T11:17:39","slug":"lustre-et-suspension-souvent-mal-utilise","status":"publish","type":"page","link":"https:\/\/www.vraimentbeau.com\/vb_blog\/guide-pratique\/lustre-et-suspension-souvent-mal-utilise\/","title":{"rendered":"Choisir et installer les lustres et les suspensions"},"content":{"rendered":"<div class=\"intro\">Les lustres et les suspensions sont des luminaires extr\u00eamement appr\u00e9ci\u00e9s. Ils ne sont toutefois pas toujours simples \u00e0 choisir ou \u00e0 installer. Ci-dessous nos conseils pour vous aider \u00e0 faire le bon choix!<\/div>\n<a href=\"\/boutique\/marques\/ferroluce\/\"><img decoding=\"async\" class=\"size-large wp-image-1409\" src=\"https:\/\/vraimentbeau.com\/vb_blog\/wp-content\/uploads\/2018\/04\/Suspensions-Ferroluce-1024x683.jpg\" alt=\"Suspensions en c\u00e9ramique\" title=\"Voir les produits de la marque\" width=\"100%\" height=\"auto\" srcset=\"https:\/\/www.vraimentbeau.com\/vb_blog\/wp-content\/uploads\/2018\/04\/Suspensions-Ferroluce-1024x683.jpg 1024w, https:\/\/www.vraimentbeau.com\/vb_blog\/wp-content\/uploads\/2018\/04\/Suspensions-Ferroluce-300x200.jpg 300w, https:\/\/www.vraimentbeau.com\/vb_blog\/wp-content\/uploads\/2018\/04\/Suspensions-Ferroluce-768x512.jpg 768w\" sizes=\"(max-width: 1024px) 100vw, 1024px\" \/><\/a>\n<p>Qu&#8217;est-ce qui diff\u00e9rencie un lustre d&#8217;une suspension ? La question est quelque peu philosophique&#8230; Il semble que les suspensions sont en g\u00e9n\u00e9ral de plus petites dimensions, et que les lustres sont toujours \u00e9quip\u00e9s de plusieurs ampoules. Dans tous les cas, leur choix et leur installation devrait id\u00e9alement \u00eatre effectu\u00e9s en respectant quelques r\u00e8gles simples.<\/p>\n<h2>1- Trois types de suspensions pour trois cat\u00e9gories d&#8217;\u00e9clairage<\/h2>\n<p>On peut identifier trois principales cat\u00e9gories de suspensions :<\/p>\n<ul>\n<li><strong>Les suspensions \u00e0 lumi\u00e8re concentr\u00e9e <\/strong>&#8211; Elles concentrent la lumi\u00e8re produite vers le bas gr\u00e2ce \u00e0 un abat-jour opaque ou un r\u00e9flecteur. Ces luminaires sont parfaits pour \u00e9clairer brillamment une zone d&#8217;int\u00e9r\u00eat \u2013 par exemple une table de salle \u00e0 manger ou de cuisine.\n<ul>\n<li>Dans la conception de l&#8217;\u00e9clairage complet d&#8217;une pi\u00e8ce, il est utile de pr\u00e9voir l&#8217;\u00e9clairement fourni par la lampe. Pr\u00e9voir 200 \u00e0 300 lux pour une table de salle \u00e0 manger ou de cuisine. Une suspension \u00e9quip\u00e9e d&#8217;une ampoule halog\u00e8ne de 60W produit environ 18 lumens par watt, donc une quantit\u00e9 de lumi\u00e8re de 18 x 60 = 1080 lumens, que 75% de cette lumi\u00e8re, soit 810 lumens, est dirig\u00e9 vers le bas, et que la table est ronde avec un diam\u00e8tre de 2 m\u00e8tres, (surface = 3.14 m\u00b2) et que le halo de la lampe l&#8217;\u00e9claire exactement, on obtient alors un \u00e9clairement de 810 \/ 3.14 = 257 lux. C&#8217;est parfait. Vous pouvez recalculer ces chiffres avec diff\u00e9rentes hypoth\u00e8ses en utilisant nos <a href=\"\/vb_blog\/index.php?page_id=496\">calculateurs<\/a>.<\/li>\n<li>L&#8217;angle du faisceau est une grandeur \u00e9galement importante dans le choix du luminaire : un faisceau trop fin n&#8217;\u00e9clairera \u00e9videmment qu&#8217;une partie de la table et vice-versa.<\/li>\n<li>Pour des tables allong\u00e9es, on trouve des suspensions rectangulaires, souvent avec plusieurs ampoules ou une LED en barreau. Une autre solution &#8211; vraiment \u00e9l\u00e9gante &#8211; consiste \u00e0 installer plusieurs exemplaires de la m\u00eame suspension, align\u00e9s. Effet garanti !<\/li>\n<\/ul>\n<\/li>\n<li><strong>Les suspensions \u00e0 lumi\u00e8re diffuse <\/strong>&#8211; Souvent \u00e9quip\u00e9es d&#8217;un globe d\u00e9poli ou d&#8217;une multiplicit\u00e9 de petites ampoules, elles contribuent \u00e0 l&#8217;ambiance g\u00e9n\u00e9rale de la pi\u00e8ce. Les lustres magistraux font partie de cette cat\u00e9gorie.\n<ul>\n<li>Une erreur fr\u00e9quente est de compter sur le lustre pour \u00e9clairer toute la pi\u00e8ce. Cela donne souvent une lumi\u00e8re g\u00e9n\u00e9rale est trop &#8220;plate&#8221; et d\u00e9valorise tristement la d\u00e9coration de la pi\u00e8ce.<\/li>\n<li>Nous conseillons d&#8217;\u00e9quiper un lustre ou une suspension de ce type d&#8217;ampoules de (relativement) faible puissance, ou de remplacer l&#8217;interrupteur mural qui le commande par un variateur. En att\u00e9nuant la lumi\u00e8re produite, et en compl\u00e9mentant l&#8217;\u00e9clairage avec d&#8217;autres luminaires \u00e0 lumi\u00e8re dirig\u00e9e (lampe \u00e0 poser, spot, lampadaire), on peut construire une belle ambiance structur\u00e9e qui sera agr\u00e9able \u00e0 la fois \u00e0 voir et \u00e0 vivre.<\/li>\n<li>Les ampoules fluo-compactes ne sont pas compatibles avec un variateur, et que la lumi\u00e8re qu&#8217;elles produisent est trop crue pour cet usage. Nous conseillons d&#8217;utilisez des ampoules \u00e9co-halog\u00e8nes ou des LED dimmables.<\/li>\n<\/ul>\n<\/li>\n<li><strong>Les suspensions &#8211; objet lumineux<\/strong> \u2013 Ces luminaires ont tout d&#8217;abord une vocation d\u00e9corative, mais contribuent un peu \u00e0 l&#8217;\u00e9clairage diffus de la pi\u00e8ce. Ces mod\u00e8les de suspensions sont souvent constitu\u00e9s d&#8217;un corps translucide qui s&#8217;\u00e9claire sous l&#8217;effet de l&#8217;ampoule situ\u00e9e \u00e0 l&#8217;int\u00e9rieur.\n<ul>\n<li>La quantit\u00e9 de lumi\u00e8re produite est souvent faible. Surtout, ne pas en attendre l&#8217;\u00e9clairage d&#8217;une suspension \u00e0 lumi\u00e8re concentr\u00e9e. Les objets lumineux permettent de meubler l&#8217;espace vertical. Ils sont donc particuli\u00e8rement conseill\u00e9s pour les pi\u00e8ces \u00e0 plafond \u00e9lev\u00e9.<\/li>\n<li>La taille de l&#8217;objet doit \u00eatre adapt\u00e9e aux dimensions de la pi\u00e8ce, de fa\u00e7on \u00e0 ne pas cr\u00e9er d&#8217;impression d&#8217;encombrement.<\/li>\n<li>Le diffuseur \u00e9tant souvent assez opaque, vous pouvez indiff\u00e9remment installer une ampoule halog\u00e8ne, fluo-compacte ou LED &#8211; sauf si le constructeur pr\u00e9conise un type particulier.<\/li>\n<\/ul>\n<\/li>\n<\/ul>\n<h2>2- Consid\u00e9rations pratiques<\/h2>\n<p>L&#8217;installation d&#8217;une suspension est en g\u00e9n\u00e9ral ais\u00e9e &#8230; \u00e0 condition de disposer d&#8217;une arriv\u00e9e \u00e9lectrique \u00e0 l&#8217;endroit voulu ! Notez que dans les logements construits r\u00e9cemment, ces arriv\u00e9es sont \u00e9quip\u00e9es d&#8217;un point d&#8217;accrochage muni d&#8217;une prise femelle normalis\u00e9e nomm\u00e9e <strong>prise DCL<\/strong>. L&#8217;ensemble permet un accrochage ais\u00e9 et une connexion imm\u00e9diate de la suspension \u2026 si celle-ci est \u00e9quip\u00e9e de la prise m\u00e2le correspondante. Dans le cas contraire, il est vraiment conseill\u00e9 de ne pas d\u00e9monter le dispositif DCL, mais brancher sur le fil de la suspension (souvent \u00e0 la place du domino que le constructeur a fourni) un connecteur m\u00e2le adapt\u00e9. Celui-ci est maintenant disponible en grande surface de bricolage.<\/p>\n<p>Si l&#8217;arriv\u00e9e \u00e9lectrique n&#8217;est pas \u00e9quip\u00e9e d&#8217;une prise DCL, il est imp\u00e9ratif d&#8217;assurer la connexion \u00e9lectrique en utilisant un domino. Des dominos de taille r\u00e9duite existent, qui permettent une int\u00e9gration ais\u00e9e dans le cache-piton de la suspension.<\/p>\n<figure id=\"attachment_1007\" aria-describedby=\"caption-attachment-1007\" style=\"width: 150px\" class=\"wp-caption alignright\"><img loading=\"lazy\" decoding=\"async\" class=\"size-thumbnail wp-image-1007\" src=\"\/vb_blog\/wp-content\/uploads\/2018\/04\/connecteurs-wago-150x150.jpg\" alt=\"connecteurs Wago\" width=\"150\" height=\"150\"><figcaption id=\"caption-attachment-1007\" class=\"wp-caption-text\">Les connecteurs Wago, tr\u00e8s pratiques!<\/figcaption><\/figure>\n<p>Nous aimons beaucoup les <a href=\"https:\/\/www.wago.fr\/produits\/nos-produits\/index.jsp?id=2102001\">connecteurs Wago<\/a>, qui sont tout petits, qui existent pour 2, 3 ou 4 fils, et qui se connectent et se d\u00e9connectent tr\u00e8s facilement. Vous les trouverez dans la majorit\u00e9 des magasins d&#8217;\u00e9lectricit\u00e9 professionnels (Rexel&#8230;), ou sur des sites comme Amazon.<\/p>\n<p>Bien s\u00fbr, v\u00e9rifier que le crochet pr\u00e9sent au plafond est suffisamment solide pour ce que vous allez y accrocher &#8230;<\/p>\n<h2>3- Si vous n&#8217;avez pas de connecteur au plafond<\/h2>\n<p>Alors, tout n&#8217;est pas perdu. Vous pouvez \u00e9videmment faire appel \u00e0 un \u00e9lectricien pour y rem\u00e9dier. Si vous envisagez d&#8217;installer un lustre &#8220;magistral&#8221;, ce sera en g\u00e9n\u00e9ral dans une grande pi\u00e8ce \u00e0 haut plafond et il est dans ce cas conseill\u00e9 de faire appel \u00e0 un sp\u00e9cialiste.<\/p>\n<p>Pour des suspension moins imposantes, vous pouvez trouver d&#8217;autres solutions. Certains fabricants proposent des suspensions d\u00e9port\u00e9es: un boitier se connecte \u00e0 une arriv\u00e9e \u00e9lectrique de plafond mais distante de l&#8217;endroit o\u00f9 vous voulez installer la lampe, et un fil \u00e9l\u00e9gant (en g\u00e9n\u00e9ral d&#8217;un ou deux m\u00e8tres) rejoint alors la suspension. Une autre solution, en particulier pour des suspensions de style &#8220;loft&#8221; ou &#8220;industrielles&#8221;, est de poser un joli tube en cuivre ou en laiton qui court le long du mur et du plafond pour rejoindre votre luminaire. Nous connaissons deux ou trois fabricants italiens qui se sp\u00e9cialisent dans ces \u00e9quipements. Nous pourrons vous les fournir \u00e0 partir des mesures que vous prendrez, et c&#8217;est une solution souvent tr\u00e8s \u00e9l\u00e9gante.<\/p>\n<h2>4- O\u00f9 trouver nos suspensions?<\/h2>\n<p>Vous trouverez dans le catalogue de Vraiment Beau une tr\u00e8s large s\u00e9lection de suspensions et de lustres, de tous les styles:<\/p>\n<ul>\n<li>Dans notre cat\u00e9gorie de luminaires contemporains, les <a href=\"\/boutique\/luminaire\/suspension\/\">suspensions<\/a> proprement dites, les <a href=\"\/boutique\/luminaire\/lustre\/\">lustres<\/a> (g\u00e9n\u00e9ralement avec plusieurs branches et souvent avec pampilles) et les <a href=\"\/boutique\/luminaire\/plafonnier\/\">plafonniers<\/a> ;<\/li>\n<li>Dans notre gamme classique, vous trouverez une s\u00e9lection unique de <a href=\"\/boutique\/luminaire-classique\/lustre-classique\/\">lustres<\/a> par Lucien Gau, qui produit fid\u00e8lement depuis plus d&#8217;un si\u00e8cle de superbes luminaires en bronze massif du plus pur styles Louis XII \u00e0 Empire, et Estro en Italie qui propose une tr\u00e8s belle gamme plus \u00e9clectique mais d&#8217;un grand classicisme ;<\/li>\n<li>Enfin notre gamme de luminaires d&#8217;ext\u00e9rieur propose \u00e9galement de nombreuses <a href=\"\/boutique\/luminaire-exterieur\/suspension-exterieur\/\">suspensions<\/a> qui peuvent aussi bien embellir un int\u00e9rieur, et des <a href=\"\/boutique\/luminaire-exterieur\/plafonnier-exterieur\/\">plafonniers<\/a> qui ont l&#8217;avantage d&#8217;\u00eatre \u00e9tanches et donc de trouver facilement leur place dans une salle de bain ou au dessus de votre piscine int\u00e9rieure.<\/li>\n<\/ul>\n","protected":false},"excerpt":{"rendered":"<p>Les lustres et les suspensions sont des luminaires extr\u00eamement appr\u00e9ci\u00e9s. Ils ne sont toutefois pas toujours simples \u00e0 choisir ou \u00e0 installer. Ci-dessous nos conseils pour vous aider \u00e0 faire le bon choix! Qu&#8217;est-ce qui diff\u00e9rencie un lustre d&#8217;une suspension ? La question est quelque peu philosophique&#8230; Il semble que les suspensions sont en g\u00e9n\u00e9ral [&hellip;]<\/p>\n","protected":false},"author":1,"featured_media":0,"parent":18,"menu_order":7,"comment_status":"closed","ping_status":"closed","template":"","meta":{"_acf_changed":false,"footnotes":""},"class_list":["post-345","page","type-page","status-publish","hentry"],"acf":[],"yoast_head":"<!-- This site is optimized with the Yoast SEO plugin v24.0 - https:\/\/yoast.com\/wordpress\/plugins\/seo\/ -->\n<title>Choisir et installer les lustres et les suspensions | Vraiment Beau<\/title>\n<meta name=\"description\" content=\"Les lustres et les suspensions sont des luminaires extr\u00eamement appr\u00e9ci\u00e9s. Ils ne sont toutefois pas toujours simples \u00e0 choisir ou \u00e0 installer. Ci-dessous nos conseils pour en tirer le maximum!\" \/>\n<meta name=\"robots\" content=\"index, follow, max-snippet:-1, max-image-preview:large, max-video-preview:-1\" \/>\n<link rel=\"canonical\" href=\"https:\/\/www.vraimentbeau.com\/vb_blog\/guide-pratique\/lustre-et-suspension-souvent-mal-utilise\/\" \/>\n<meta property=\"og:locale\" content=\"en_US\" \/>\n<meta property=\"og:type\" content=\"article\" \/>\n<meta property=\"og:title\" content=\"Choisir et installer les lustres et les suspensions | Vraiment Beau\" \/>\n<meta property=\"og:description\" content=\"Les lustres et les suspensions sont des luminaires extr\u00eamement appr\u00e9ci\u00e9s. Ils ne sont toutefois pas toujours simples \u00e0 choisir ou \u00e0 installer. Ci-dessous nos conseils pour en tirer le maximum!\" \/>\n<meta property=\"og:url\" content=\"https:\/\/www.vraimentbeau.com\/vb_blog\/guide-pratique\/lustre-et-suspension-souvent-mal-utilise\/\" \/>\n<meta property=\"og:site_name\" content=\"Vraiment Beau\" \/>\n<meta property=\"article:publisher\" content=\"https:\/\/www.facebook.com\/pages\/Vraiment-Beau\/123343387707501\" \/>\n<meta property=\"article:modified_time\" content=\"2023-01-19T11:17:39+00:00\" \/>\n<meta property=\"og:image\" content=\"https:\/\/vraimentbeau.com\/vb_blog\/wp-content\/uploads\/2018\/04\/Suspensions-Ferroluce-1024x683.jpg\" \/>\n<meta name=\"twitter:card\" content=\"summary_large_image\" \/>\n<meta name=\"twitter:label1\" content=\"Est. reading time\" \/>\n\t<meta name=\"twitter:data1\" content=\"6 minutes\" \/>\n<script type=\"application\/ld+json\" class=\"yoast-schema-graph\">{\"@context\":\"https:\/\/schema.org\",\"@graph\":[{\"@type\":\"WebPage\",\"@id\":\"https:\/\/www.vraimentbeau.com\/vb_blog\/guide-pratique\/lustre-et-suspension-souvent-mal-utilise\/\",\"url\":\"https:\/\/www.vraimentbeau.com\/vb_blog\/guide-pratique\/lustre-et-suspension-souvent-mal-utilise\/\",\"name\":\"Choisir et installer les lustres et les suspensions | Vraiment Beau\",\"isPartOf\":{\"@id\":\"https:\/\/www.vraimentbeau.com\/vb_blog\/#website\"},\"primaryImageOfPage\":{\"@id\":\"https:\/\/www.vraimentbeau.com\/vb_blog\/guide-pratique\/lustre-et-suspension-souvent-mal-utilise\/#primaryimage\"},\"image\":{\"@id\":\"https:\/\/www.vraimentbeau.com\/vb_blog\/guide-pratique\/lustre-et-suspension-souvent-mal-utilise\/#primaryimage\"},\"thumbnailUrl\":\"https:\/\/vraimentbeau.com\/vb_blog\/wp-content\/uploads\/2018\/04\/Suspensions-Ferroluce-1024x683.jpg\",\"datePublished\":\"2018-03-07T20:12:54+00:00\",\"dateModified\":\"2023-01-19T11:17:39+00:00\",\"description\":\"Les lustres et les suspensions sont des luminaires extr\u00eamement appr\u00e9ci\u00e9s. Ils ne sont toutefois pas toujours simples \u00e0 choisir ou \u00e0 installer. Ci-dessous nos conseils pour en tirer le maximum!\",\"breadcrumb\":{\"@id\":\"https:\/\/www.vraimentbeau.com\/vb_blog\/guide-pratique\/lustre-et-suspension-souvent-mal-utilise\/#breadcrumb\"},\"inLanguage\":\"en-US\",\"potentialAction\":[{\"@type\":\"ReadAction\",\"target\":[\"https:\/\/www.vraimentbeau.com\/vb_blog\/guide-pratique\/lustre-et-suspension-souvent-mal-utilise\/\"]}]},{\"@type\":\"ImageObject\",\"inLanguage\":\"en-US\",\"@id\":\"https:\/\/www.vraimentbeau.com\/vb_blog\/guide-pratique\/lustre-et-suspension-souvent-mal-utilise\/#primaryimage\",\"url\":\"https:\/\/vraimentbeau.com\/vb_blog\/wp-content\/uploads\/2018\/04\/Suspensions-Ferroluce-1024x683.jpg\",\"contentUrl\":\"https:\/\/vraimentbeau.com\/vb_blog\/wp-content\/uploads\/2018\/04\/Suspensions-Ferroluce-1024x683.jpg\"},{\"@type\":\"BreadcrumbList\",\"@id\":\"https:\/\/www.vraimentbeau.com\/vb_blog\/guide-pratique\/lustre-et-suspension-souvent-mal-utilise\/#breadcrumb\",\"itemListElement\":[{\"@type\":\"ListItem\",\"position\":1,\"name\":\"Blog, Guides &amp; Infos\",\"item\":\"https:\/\/www.vraimentbeau.com\/vb_blog\/\"},{\"@type\":\"ListItem\",\"position\":2,\"name\":\"Tout notre Guide Pratique\",\"item\":\"https:\/\/www.vraimentbeau.com\/vb_blog\/guide-pratique\/\"},{\"@type\":\"ListItem\",\"position\":3,\"name\":\"Choisir et installer les lustres et les suspensions\"}]},{\"@type\":\"WebSite\",\"@id\":\"https:\/\/www.vraimentbeau.com\/vb_blog\/#website\",\"url\":\"https:\/\/www.vraimentbeau.com\/vb_blog\/\",\"name\":\"Vraiment Beau\",\"description\":\"Les plus beaux luminaires de l&#039;internet, et autres objets d\u00e9coratifs!\",\"publisher\":{\"@id\":\"https:\/\/www.vraimentbeau.com\/vb_blog\/#organization\"},\"potentialAction\":[{\"@type\":\"SearchAction\",\"target\":{\"@type\":\"EntryPoint\",\"urlTemplate\":\"https:\/\/www.vraimentbeau.com\/vb_blog\/?s={search_term_string}\"},\"query-input\":{\"@type\":\"PropertyValueSpecification\",\"valueRequired\":true,\"valueName\":\"search_term_string\"}}],\"inLanguage\":\"en-US\"},{\"@type\":\"Organization\",\"@id\":\"https:\/\/www.vraimentbeau.com\/vb_blog\/#organization\",\"name\":\"Vraiment Beau\",\"url\":\"https:\/\/www.vraimentbeau.com\/vb_blog\/\",\"logo\":{\"@type\":\"ImageObject\",\"inLanguage\":\"en-US\",\"@id\":\"https:\/\/www.vraimentbeau.com\/vb_blog\/#\/schema\/logo\/image\/\",\"url\":\"https:\/\/vraimentbeau.com\/vb_blog\/wp-content\/uploads\/2018\/04\/logo-vraiment-beau.png\",\"contentUrl\":\"https:\/\/vraimentbeau.com\/vb_blog\/wp-content\/uploads\/2018\/04\/logo-vraiment-beau.png\",\"width\":287,\"height\":44,\"caption\":\"Vraiment Beau\"},\"image\":{\"@id\":\"https:\/\/www.vraimentbeau.com\/vb_blog\/#\/schema\/logo\/image\/\"},\"sameAs\":[\"https:\/\/www.facebook.com\/pages\/Vraiment-Beau\/123343387707501\",\"https:\/\/www.instagram.com\/vraimentbeau\/\",\"https:\/\/www.pinterest.fr\/cdehautefage\/\"]}]}<\/script>\n<!-- \/ Yoast SEO plugin. -->","yoast_head_json":{"title":"Choisir et installer les lustres et les suspensions | Vraiment Beau","description":"Les lustres et les suspensions sont des luminaires extr\u00eamement appr\u00e9ci\u00e9s. Ils ne sont toutefois pas toujours simples \u00e0 choisir ou \u00e0 installer. Ci-dessous nos conseils pour en tirer le maximum!","robots":{"index":"index","follow":"follow","max-snippet":"max-snippet:-1","max-image-preview":"max-image-preview:large","max-video-preview":"max-video-preview:-1"},"canonical":"https:\/\/www.vraimentbeau.com\/vb_blog\/guide-pratique\/lustre-et-suspension-souvent-mal-utilise\/","og_locale":"en_US","og_type":"article","og_title":"Choisir et installer les lustres et les suspensions | Vraiment Beau","og_description":"Les lustres et les suspensions sont des luminaires extr\u00eamement appr\u00e9ci\u00e9s. Ils ne sont toutefois pas toujours simples \u00e0 choisir ou \u00e0 installer. Ci-dessous nos conseils pour en tirer le maximum!","og_url":"https:\/\/www.vraimentbeau.com\/vb_blog\/guide-pratique\/lustre-et-suspension-souvent-mal-utilise\/","og_site_name":"Vraiment Beau","article_publisher":"https:\/\/www.facebook.com\/pages\/Vraiment-Beau\/123343387707501","article_modified_time":"2023-01-19T11:17:39+00:00","og_image":[{"url":"https:\/\/vraimentbeau.com\/vb_blog\/wp-content\/uploads\/2018\/04\/Suspensions-Ferroluce-1024x683.jpg","type":"","width":"","height":""}],"twitter_card":"summary_large_image","twitter_misc":{"Est. reading time":"6 minutes"},"schema":{"@context":"https:\/\/schema.org","@graph":[{"@type":"WebPage","@id":"https:\/\/www.vraimentbeau.com\/vb_blog\/guide-pratique\/lustre-et-suspension-souvent-mal-utilise\/","url":"https:\/\/www.vraimentbeau.com\/vb_blog\/guide-pratique\/lustre-et-suspension-souvent-mal-utilise\/","name":"Choisir et installer les lustres et les suspensions | Vraiment Beau","isPartOf":{"@id":"https:\/\/www.vraimentbeau.com\/vb_blog\/#website"},"primaryImageOfPage":{"@id":"https:\/\/www.vraimentbeau.com\/vb_blog\/guide-pratique\/lustre-et-suspension-souvent-mal-utilise\/#primaryimage"},"image":{"@id":"https:\/\/www.vraimentbeau.com\/vb_blog\/guide-pratique\/lustre-et-suspension-souvent-mal-utilise\/#primaryimage"},"thumbnailUrl":"https:\/\/vraimentbeau.com\/vb_blog\/wp-content\/uploads\/2018\/04\/Suspensions-Ferroluce-1024x683.jpg","datePublished":"2018-03-07T20:12:54+00:00","dateModified":"2023-01-19T11:17:39+00:00","description":"Les lustres et les suspensions sont des luminaires extr\u00eamement appr\u00e9ci\u00e9s. Ils ne sont toutefois pas toujours simples \u00e0 choisir ou \u00e0 installer. Ci-dessous nos conseils pour en tirer le maximum!","breadcrumb":{"@id":"https:\/\/www.vraimentbeau.com\/vb_blog\/guide-pratique\/lustre-et-suspension-souvent-mal-utilise\/#breadcrumb"},"inLanguage":"en-US","potentialAction":[{"@type":"ReadAction","target":["https:\/\/www.vraimentbeau.com\/vb_blog\/guide-pratique\/lustre-et-suspension-souvent-mal-utilise\/"]}]},{"@type":"ImageObject","inLanguage":"en-US","@id":"https:\/\/www.vraimentbeau.com\/vb_blog\/guide-pratique\/lustre-et-suspension-souvent-mal-utilise\/#primaryimage","url":"https:\/\/vraimentbeau.com\/vb_blog\/wp-content\/uploads\/2018\/04\/Suspensions-Ferroluce-1024x683.jpg","contentUrl":"https:\/\/vraimentbeau.com\/vb_blog\/wp-content\/uploads\/2018\/04\/Suspensions-Ferroluce-1024x683.jpg"},{"@type":"BreadcrumbList","@id":"https:\/\/www.vraimentbeau.com\/vb_blog\/guide-pratique\/lustre-et-suspension-souvent-mal-utilise\/#breadcrumb","itemListElement":[{"@type":"ListItem","position":1,"name":"Blog, Guides &amp; Infos","item":"https:\/\/www.vraimentbeau.com\/vb_blog\/"},{"@type":"ListItem","position":2,"name":"Tout notre Guide Pratique","item":"https:\/\/www.vraimentbeau.com\/vb_blog\/guide-pratique\/"},{"@type":"ListItem","position":3,"name":"Choisir et installer les lustres et les suspensions"}]},{"@type":"WebSite","@id":"https:\/\/www.vraimentbeau.com\/vb_blog\/#website","url":"https:\/\/www.vraimentbeau.com\/vb_blog\/","name":"Vraiment Beau","description":"Les plus beaux luminaires de l&#039;internet, et autres objets d\u00e9coratifs!","publisher":{"@id":"https:\/\/www.vraimentbeau.com\/vb_blog\/#organization"},"potentialAction":[{"@type":"SearchAction","target":{"@type":"EntryPoint","urlTemplate":"https:\/\/www.vraimentbeau.com\/vb_blog\/?s={search_term_string}"},"query-input":{"@type":"PropertyValueSpecification","valueRequired":true,"valueName":"search_term_string"}}],"inLanguage":"en-US"},{"@type":"Organization","@id":"https:\/\/www.vraimentbeau.com\/vb_blog\/#organization","name":"Vraiment Beau","url":"https:\/\/www.vraimentbeau.com\/vb_blog\/","logo":{"@type":"ImageObject","inLanguage":"en-US","@id":"https:\/\/www.vraimentbeau.com\/vb_blog\/#\/schema\/logo\/image\/","url":"https:\/\/vraimentbeau.com\/vb_blog\/wp-content\/uploads\/2018\/04\/logo-vraiment-beau.png","contentUrl":"https:\/\/vraimentbeau.com\/vb_blog\/wp-content\/uploads\/2018\/04\/logo-vraiment-beau.png","width":287,"height":44,"caption":"Vraiment Beau"},"image":{"@id":"https:\/\/www.vraimentbeau.com\/vb_blog\/#\/schema\/logo\/image\/"},"sameAs":["https:\/\/www.facebook.com\/pages\/Vraiment-Beau\/123343387707501","https:\/\/www.instagram.com\/vraimentbeau\/","https:\/\/www.pinterest.fr\/cdehautefage\/"]}]}},"_links":{"self":[{"href":"https:\/\/www.vraimentbeau.com\/vb_blog\/wp-json\/wp\/v2\/pages\/345","targetHints":{"allow":["GET"]}}],"collection":[{"href":"https:\/\/www.vraimentbeau.com\/vb_blog\/wp-json\/wp\/v2\/pages"}],"about":[{"href":"https:\/\/www.vraimentbeau.com\/vb_blog\/wp-json\/wp\/v2\/types\/page"}],"author":[{"embeddable":true,"href":"https:\/\/www.vraimentbeau.com\/vb_blog\/wp-json\/wp\/v2\/users\/1"}],"replies":[{"embeddable":true,"href":"https:\/\/www.vraimentbeau.com\/vb_blog\/wp-json\/wp\/v2\/comments?post=345"}],"version-history":[{"count":6,"href":"https:\/\/www.vraimentbeau.com\/vb_blog\/wp-json\/wp\/v2\/pages\/345\/revisions"}],"predecessor-version":[{"id":2345,"href":"https:\/\/www.vraimentbeau.com\/vb_blog\/wp-json\/wp\/v2\/pages\/345\/revisions\/2345"}],"up":[{"embeddable":true,"href":"https:\/\/www.vraimentbeau.com\/vb_blog\/wp-json\/wp\/v2\/pages\/18"}],"wp:attachment":[{"href":"https:\/\/www.vraimentbeau.com\/vb_blog\/wp-json\/wp\/v2\/media?parent=345"}],"curies":[{"name":"wp","href":"https:\/\/api.w.org\/{rel}","templated":true}]}}