{"id":347,"date":"2018-03-07T21:16:40","date_gmt":"2018-03-07T20:16:40","guid":{"rendered":"http:\/\/localhost:8080\/vb_blog\/?page_id=347"},"modified":"2023-02-17T19:08:30","modified_gmt":"2023-02-17T18:08:30","slug":"les-appliques-luminaire-irremplacable-choisir-avec-precaution","status":"publish","type":"page","link":"https:\/\/www.vraimentbeau.com\/vb_blog\/guide-pratique\/les-appliques-luminaire-irremplacable-choisir-avec-precaution\/","title":{"rendered":"Choisir et installer les appliques murales"},"content":{"rendered":"<div class=\"intro\">Les appliques sont quasiment irrempla\u00e7ables \u00e0 l&#8217;int\u00e9rieur comme \u00e0 l&#8217;ext\u00e9rieur, pour enrichir l&#8217;atmosph\u00e8re de l&#8217;endroit et discr\u00e8tement contribuer \u00e0 l&#8217;\u00e9clairage g\u00e9n\u00e9ral. Ci-dessous quelques id\u00e9es \u00e0 consid\u00e9rer pour les utiliser afin de structurer l&#8217;espace, et les int\u00e9grer dans le reste de la d\u00e9coration.<\/div>\n<a href=\"\/boutique\/marques\/cvl-luminaires\/\"><img decoding=\"async\" class=\"size-large wp-image-1181\" src=\"\/vb_blog\/wp-content\/uploads\/2018\/04\/Appliqueblog-1024x683.jpg\" alt=\"Appliques murales\" width=\"100%\" height=\"auto\" srcset=\"https:\/\/www.vraimentbeau.com\/vb_blog\/wp-content\/uploads\/2018\/04\/Appliqueblog-1024x683.jpg 1024w, https:\/\/www.vraimentbeau.com\/vb_blog\/wp-content\/uploads\/2018\/04\/Appliqueblog-300x200.jpg 300w, https:\/\/www.vraimentbeau.com\/vb_blog\/wp-content\/uploads\/2018\/04\/Appliqueblog-768x512.jpg 768w\" sizes=\"(max-width: 1024px) 100vw, 1024px\" \/><\/a>\n<h2>Comment choisir les appliques<\/h2>\n<p>La majorit\u00e9 des appliques permettent d&#8217;\u00e9clairer un mur de la pi\u00e8ce. Visuellement, l&#8217;\u00e9clairage des surfaces verticales contribue plus fortement \u00e0 l&#8217;impression de luminosit\u00e9 d&#8217;une pi\u00e8ce que l&#8217;illumination des surfaces horizontales.<\/p>\n<p>Les appliques participent \u00e0 l&#8217;\u00e9clairage g\u00e9n\u00e9ral de la pi\u00e8ce en contribuant \u00e0 la composante diffuse. En cons\u00e9quence, une applique se choisit rarement sans vision globale de l&#8217;ambiance recherch\u00e9e pour la pi\u00e8ce. La couleur et la tonalit\u00e9 de la lumi\u00e8re produite sont \u00e9galement d\u00e9terminantes: couleur chaude pour une ambiance cosy, sans couleur pour une ambiance neutre, couleur froide pour une ambiance &#8220;technique&#8221; ou design.<\/p>\n<p>En revanche, les appliques sont rarement adapt\u00e9es pour fournir l&#8217;\u00e9clairage complet d&#8217;une pi\u00e8ce: la lumi\u00e8re est trop homog\u00e8ne, ne met pas en valeur de zone d&#8217;int\u00e9r\u00eat, et ne valorise pas les volumes. Elles conviendront toutefois pour cet usage dans quelques pi\u00e8ces particuli\u00e8res&nbsp;:<\/p>\n<ul>\n<li>Les couloirs \u00e9troits, qui manquent g\u00e9n\u00e9ralement de zones d&#8217;int\u00e9r\u00eat dignes d&#8217;un \u00e9clairage renforc\u00e9, et o\u00f9 elles rempliront aussi un r\u00f4le de &#8220;balisage&#8221; visuel ;<\/li>\n<li>Les salles de bains, o\u00f9 les appliques sont classiquement install\u00e9es de part et d&#8217;autre de la glace situ\u00e9e au-dessus des vasques &#8211; l\u00e0 o\u00f9 c&#8217;est le plus utile.<\/li>\n<\/ul>\n<p>Le meilleur effet visuel \u00e9tant souvent obtenu en \u00e9clairant le mur porteur de l&#8217;applique, les mod\u00e8les r\u00e9tro-\u00e9clairants (par l&#8217;arri\u00e8re) sont particuli\u00e8rement attractif. Certains mod\u00e8les d&#8217;applique \u00e9clairent vers le bas. Ceci permet de cr\u00e9er un effet optique particuli\u00e8rement r\u00e9ussi, l&#8217;applique dessinant une portion d&#8217;ellipse sur le mur, et une autre sur le sol en contrebas.<\/p>\n<p>Les appliques \u00e0 abat-jour de couleur claire profiteront d&#8217;un variateur de lumi\u00e8re install\u00e9 \u00e0 la place du commutateur mural existant dans votre installation \u00e9lectrique. Il sera alors possible de r\u00e9gler ces appliques pour qu&#8217;elles contribuent une lumi\u00e8re douce, sans risque d&#8217;\u00e9blouissement.<\/p>\n<p>De nombreux mod\u00e8les d&#8217;appliques sont dot\u00e9es de glaces transparentes, qui laissent pleinement appara\u00eetre l&#8217;ampoule. C&#8217;est notamment le cas de nombreux mod\u00e8les d&#8217;appliques pour l&#8217;ext\u00e9rieur. Nous ne recommandons alors pas d&#8217;\u00e9quiper ce type de luminaire d&#8217;ampoules fluo-compactes. Une ampoule standard \u00e9co-halog\u00e8ne ou LED et l&#8217;ajout d&#8217;un variateur constituent un premier choix satisfaisant. Une meilleure solution consiste \u00e0 utiliser une ampoule \u00e0 filament d\u00e9coratif &#8211; telles que celles que recommande le fabricant TEKNA &#8211; par exemple une&nbsp;<a href=\"\/boutique\/accessoires\/ampoule\/ampoule-de-navigation-e27-28w-edison-nautic-11020153\/\">ampoule dite de navigation<\/a>&nbsp;&#8211; bien que ces ampoules sont un peu devenues une solution de facilit\u00e9. Ces ampoules sont sous-volt\u00e9es ce qui fait rougeoyer le filament, pour un effet visuel tout \u00e0 fait r\u00e9ussi sans risque d&#8217;\u00e9blouissement.<\/p>\n<p class=\"ncga\">Les appliques sont souvent pos\u00e9es par deux. Si la g\u00e9om\u00e9trie de la pi\u00e8ce est propice, trois, quatre ou cinq exemplaires identiques sur un m\u00eame mur produiront un effet d&#8217;alignement r\u00e9ussi, renfor\u00e7ant la perception de structure et de longueur, et agrandissant ainsi la pi\u00e8ce.<\/p>\n<h2>L&#8217;installation<\/h2>\n<p>Du point de vue de l&#8217;installation, il faut bien s\u00fbr s&#8217;assurer de la pr\u00e9sence d&#8217;une arriv\u00e9e \u00e9lectrique \u00e0 l&#8217;emplacement pr\u00e9vu pour chaque applique. Cette arriv\u00e9e \u00e9tant reli\u00e9e \u00e0 un commutateur mural &#8211; que l&#8217;on peut souvent avantageusement remplacer par un variateur. De ce point de vue, l&#8217;installation d&#8217;appliques est soit opportuniste (on utilise les branchements existants qui se trouvent \u00eatre \u00e0 la bonne place), soit doit \u00eatre pr\u00e9vue avec soin au moment des travaux. Faire aussi attention \u00e0 la hauteur de ces arriv\u00e9es \u00e9lectriques : beaucoup d&#8217;appliques ne sont pas con\u00e7ues pour \u00eatre vues en contre-plong\u00e9e et quelquefois les \u00e9lectriciens placent les bo\u00eetes de raccordement tr\u00e8s haut&#8230;<\/p>\n<h2>O\u00f9 les trouver sur notre site<\/h2>\n<p>Vous trouverez une large collection de superbes appliques sur notre site, dans des styles tr\u00e8s diff\u00e9rents:<\/p>\n<ul>\n<li>Les <a href=\"\/boutique\/luminaire\/applique\/\">appliques de style contemporain<\/a>, de styles tr\u00e8s vari\u00e9s mais toujours s\u00e9lectionn\u00e9es pour leur qualit\u00e9 exceptionnelle ;<\/li>\n<li>Des <a href=\"\/boutique\/luminaire-classique\/applique-classique\/\">appliques classiques<\/a>&nbsp;en particulier par Lucien Gau en France qui reproduit fid\u00e8lement depuis 150 ans de superbes mod\u00e8les en bronze massif de styles Hollandais, Louis XII, Louis XIV, Louis XV, Louis XVI, Empire ou Directoire, ou par Estro en Italie pour des styles plus \u00e9clectiques mais toujours aussi superbes ;<\/li>\n<li>Et aussi notre s\u00e9lection d&#8217;<a href=\"\/boutique\/luminaire-exterieur\/applique-exterieur\/\">appliques d&#8217;ext\u00e9rieur<\/a>&nbsp;(certaines d&#8217;entre elles s&#8217;adaptant d&#8217;ailleurs tr\u00e8s bien aux int\u00e9rieurs), avec des produits remarquables par des artistes et des fabricants renomm\u00e9s comme Robers, Nautic (Tekna), Aldo Bernardi, Fine Art Lamps, Objet Insolite, Moretti Luce, Royal Botania, Faro et Mullan.<\/li>\n<\/ul>\n","protected":false},"excerpt":{"rendered":"<p>Les appliques sont quasiment irrempla\u00e7ables \u00e0 l&#8217;int\u00e9rieur comme \u00e0 l&#8217;ext\u00e9rieur, pour enrichir l&#8217;atmosph\u00e8re de l&#8217;endroit et discr\u00e8tement contribuer \u00e0 l&#8217;\u00e9clairage g\u00e9n\u00e9ral. Ci-dessous quelques id\u00e9es \u00e0 consid\u00e9rer pour les utiliser afin de structurer l&#8217;espace, et les int\u00e9grer dans le reste de la d\u00e9coration. Comment choisir les appliques La majorit\u00e9 des appliques permettent d&#8217;\u00e9clairer un mur de [&hellip;]<\/p>\n","protected":false},"author":1,"featured_media":0,"parent":18,"menu_order":10,"comment_status":"closed","ping_status":"closed","template":"","meta":{"_acf_changed":false,"footnotes":""},"class_list":["post-347","page","type-page","status-publish","hentry"],"acf":[],"yoast_head":"<!-- This site is optimized with the Yoast SEO plugin v24.0 - https:\/\/yoast.com\/wordpress\/plugins\/seo\/ -->\n<title>Choisir et installer les appliques murales | Vraiment Beau<\/title>\n<meta name=\"description\" content=\"Les appliques sont quasiment irrempla\u00e7ables \u00e0 l&#039;int\u00e9rieur comme \u00e0 l&#039;ext\u00e9rieur, pour enrichir l&#039;atmosph\u00e8re de l&#039;endroit et discr\u00e8tement contribuer \u00e0 l&#039;\u00e9clairage g\u00e9n\u00e9ral. Sur notre page de guide, quelques id\u00e9es \u00e0 consid\u00e9rer pour les utiliser afin de structurer l&#039;espace, et les int\u00e9grer dans le reste de la d\u00e9coration.\" \/>\n<meta name=\"robots\" content=\"index, follow, max-snippet:-1, max-image-preview:large, max-video-preview:-1\" \/>\n<link rel=\"canonical\" href=\"https:\/\/www.vraimentbeau.com\/vb_blog\/guide-pratique\/les-appliques-luminaire-irremplacable-choisir-avec-precaution\/\" \/>\n<meta property=\"og:locale\" content=\"en_US\" \/>\n<meta property=\"og:type\" content=\"article\" \/>\n<meta property=\"og:title\" content=\"Choisir et installer les appliques murales | Vraiment Beau\" \/>\n<meta property=\"og:description\" content=\"Les appliques sont quasiment irrempla\u00e7ables \u00e0 l&#039;int\u00e9rieur comme \u00e0 l&#039;ext\u00e9rieur, pour enrichir l&#039;atmosph\u00e8re de l&#039;endroit et discr\u00e8tement contribuer \u00e0 l&#039;\u00e9clairage g\u00e9n\u00e9ral. Sur notre page de guide, quelques id\u00e9es \u00e0 consid\u00e9rer pour les utiliser afin de structurer l&#039;espace, et les int\u00e9grer dans le reste de la d\u00e9coration.\" \/>\n<meta property=\"og:url\" content=\"https:\/\/www.vraimentbeau.com\/vb_blog\/guide-pratique\/les-appliques-luminaire-irremplacable-choisir-avec-precaution\/\" \/>\n<meta property=\"og:site_name\" content=\"Vraiment Beau\" \/>\n<meta property=\"article:publisher\" content=\"https:\/\/www.facebook.com\/pages\/Vraiment-Beau\/123343387707501\" \/>\n<meta property=\"article:modified_time\" content=\"2023-02-17T18:08:30+00:00\" \/>\n<meta name=\"twitter:card\" content=\"summary_large_image\" \/>\n<meta name=\"twitter:label1\" content=\"Est. reading time\" \/>\n\t<meta name=\"twitter:data1\" content=\"4 minutes\" \/>\n<script type=\"application\/ld+json\" class=\"yoast-schema-graph\">{\"@context\":\"https:\/\/schema.org\",\"@graph\":[{\"@type\":\"WebPage\",\"@id\":\"https:\/\/www.vraimentbeau.com\/vb_blog\/guide-pratique\/les-appliques-luminaire-irremplacable-choisir-avec-precaution\/\",\"url\":\"https:\/\/www.vraimentbeau.com\/vb_blog\/guide-pratique\/les-appliques-luminaire-irremplacable-choisir-avec-precaution\/\",\"name\":\"Choisir et installer les appliques murales | Vraiment Beau\",\"isPartOf\":{\"@id\":\"https:\/\/www.vraimentbeau.com\/vb_blog\/#website\"},\"datePublished\":\"2018-03-07T20:16:40+00:00\",\"dateModified\":\"2023-02-17T18:08:30+00:00\",\"description\":\"Les appliques sont quasiment irrempla\u00e7ables \u00e0 l'int\u00e9rieur comme \u00e0 l'ext\u00e9rieur, pour enrichir l'atmosph\u00e8re de l'endroit et discr\u00e8tement contribuer \u00e0 l'\u00e9clairage g\u00e9n\u00e9ral. Sur notre page de guide, quelques id\u00e9es \u00e0 consid\u00e9rer pour les utiliser afin de structurer l'espace, et les int\u00e9grer dans le reste de la d\u00e9coration.\",\"breadcrumb\":{\"@id\":\"https:\/\/www.vraimentbeau.com\/vb_blog\/guide-pratique\/les-appliques-luminaire-irremplacable-choisir-avec-precaution\/#breadcrumb\"},\"inLanguage\":\"en-US\",\"potentialAction\":[{\"@type\":\"ReadAction\",\"target\":[\"https:\/\/www.vraimentbeau.com\/vb_blog\/guide-pratique\/les-appliques-luminaire-irremplacable-choisir-avec-precaution\/\"]}]},{\"@type\":\"BreadcrumbList\",\"@id\":\"https:\/\/www.vraimentbeau.com\/vb_blog\/guide-pratique\/les-appliques-luminaire-irremplacable-choisir-avec-precaution\/#breadcrumb\",\"itemListElement\":[{\"@type\":\"ListItem\",\"position\":1,\"name\":\"Blog, Guides &amp; Infos\",\"item\":\"https:\/\/www.vraimentbeau.com\/vb_blog\/\"},{\"@type\":\"ListItem\",\"position\":2,\"name\":\"Tout notre Guide Pratique\",\"item\":\"https:\/\/www.vraimentbeau.com\/vb_blog\/guide-pratique\/\"},{\"@type\":\"ListItem\",\"position\":3,\"name\":\"Choisir et installer les appliques murales\"}]},{\"@type\":\"WebSite\",\"@id\":\"https:\/\/www.vraimentbeau.com\/vb_blog\/#website\",\"url\":\"https:\/\/www.vraimentbeau.com\/vb_blog\/\",\"name\":\"Vraiment Beau\",\"description\":\"Les plus beaux luminaires de l&#039;internet, et autres objets d\u00e9coratifs!\",\"publisher\":{\"@id\":\"https:\/\/www.vraimentbeau.com\/vb_blog\/#organization\"},\"potentialAction\":[{\"@type\":\"SearchAction\",\"target\":{\"@type\":\"EntryPoint\",\"urlTemplate\":\"https:\/\/www.vraimentbeau.com\/vb_blog\/?s={search_term_string}\"},\"query-input\":{\"@type\":\"PropertyValueSpecification\",\"valueRequired\":true,\"valueName\":\"search_term_string\"}}],\"inLanguage\":\"en-US\"},{\"@type\":\"Organization\",\"@id\":\"https:\/\/www.vraimentbeau.com\/vb_blog\/#organization\",\"name\":\"Vraiment Beau\",\"url\":\"https:\/\/www.vraimentbeau.com\/vb_blog\/\",\"logo\":{\"@type\":\"ImageObject\",\"inLanguage\":\"en-US\",\"@id\":\"https:\/\/www.vraimentbeau.com\/vb_blog\/#\/schema\/logo\/image\/\",\"url\":\"https:\/\/vraimentbeau.com\/vb_blog\/wp-content\/uploads\/2018\/04\/logo-vraiment-beau.png\",\"contentUrl\":\"https:\/\/vraimentbeau.com\/vb_blog\/wp-content\/uploads\/2018\/04\/logo-vraiment-beau.png\",\"width\":287,\"height\":44,\"caption\":\"Vraiment Beau\"},\"image\":{\"@id\":\"https:\/\/www.vraimentbeau.com\/vb_blog\/#\/schema\/logo\/image\/\"},\"sameAs\":[\"https:\/\/www.facebook.com\/pages\/Vraiment-Beau\/123343387707501\",\"https:\/\/www.instagram.com\/vraimentbeau\/\",\"https:\/\/www.pinterest.fr\/cdehautefage\/\"]}]}<\/script>\n<!-- \/ Yoast SEO plugin. -->","yoast_head_json":{"title":"Choisir et installer les appliques murales | Vraiment Beau","description":"Les appliques sont quasiment irrempla\u00e7ables \u00e0 l'int\u00e9rieur comme \u00e0 l'ext\u00e9rieur, pour enrichir l'atmosph\u00e8re de l'endroit et discr\u00e8tement contribuer \u00e0 l'\u00e9clairage g\u00e9n\u00e9ral. Sur notre page de guide, quelques id\u00e9es \u00e0 consid\u00e9rer pour les utiliser afin de structurer l'espace, et les int\u00e9grer dans le reste de la d\u00e9coration.","robots":{"index":"index","follow":"follow","max-snippet":"max-snippet:-1","max-image-preview":"max-image-preview:large","max-video-preview":"max-video-preview:-1"},"canonical":"https:\/\/www.vraimentbeau.com\/vb_blog\/guide-pratique\/les-appliques-luminaire-irremplacable-choisir-avec-precaution\/","og_locale":"en_US","og_type":"article","og_title":"Choisir et installer les appliques murales | Vraiment Beau","og_description":"Les appliques sont quasiment irrempla\u00e7ables \u00e0 l'int\u00e9rieur comme \u00e0 l'ext\u00e9rieur, pour enrichir l'atmosph\u00e8re de l'endroit et discr\u00e8tement contribuer \u00e0 l'\u00e9clairage g\u00e9n\u00e9ral. Sur notre page de guide, quelques id\u00e9es \u00e0 consid\u00e9rer pour les utiliser afin de structurer l'espace, et les int\u00e9grer dans le reste de la d\u00e9coration.","og_url":"https:\/\/www.vraimentbeau.com\/vb_blog\/guide-pratique\/les-appliques-luminaire-irremplacable-choisir-avec-precaution\/","og_site_name":"Vraiment Beau","article_publisher":"https:\/\/www.facebook.com\/pages\/Vraiment-Beau\/123343387707501","article_modified_time":"2023-02-17T18:08:30+00:00","twitter_card":"summary_large_image","twitter_misc":{"Est. reading time":"4 minutes"},"schema":{"@context":"https:\/\/schema.org","@graph":[{"@type":"WebPage","@id":"https:\/\/www.vraimentbeau.com\/vb_blog\/guide-pratique\/les-appliques-luminaire-irremplacable-choisir-avec-precaution\/","url":"https:\/\/www.vraimentbeau.com\/vb_blog\/guide-pratique\/les-appliques-luminaire-irremplacable-choisir-avec-precaution\/","name":"Choisir et installer les appliques murales | Vraiment Beau","isPartOf":{"@id":"https:\/\/www.vraimentbeau.com\/vb_blog\/#website"},"datePublished":"2018-03-07T20:16:40+00:00","dateModified":"2023-02-17T18:08:30+00:00","description":"Les appliques sont quasiment irrempla\u00e7ables \u00e0 l'int\u00e9rieur comme \u00e0 l'ext\u00e9rieur, pour enrichir l'atmosph\u00e8re de l'endroit et discr\u00e8tement contribuer \u00e0 l'\u00e9clairage g\u00e9n\u00e9ral. Sur notre page de guide, quelques id\u00e9es \u00e0 consid\u00e9rer pour les utiliser afin de structurer l'espace, et les int\u00e9grer dans le reste de la d\u00e9coration.","breadcrumb":{"@id":"https:\/\/www.vraimentbeau.com\/vb_blog\/guide-pratique\/les-appliques-luminaire-irremplacable-choisir-avec-precaution\/#breadcrumb"},"inLanguage":"en-US","potentialAction":[{"@type":"ReadAction","target":["https:\/\/www.vraimentbeau.com\/vb_blog\/guide-pratique\/les-appliques-luminaire-irremplacable-choisir-avec-precaution\/"]}]},{"@type":"BreadcrumbList","@id":"https:\/\/www.vraimentbeau.com\/vb_blog\/guide-pratique\/les-appliques-luminaire-irremplacable-choisir-avec-precaution\/#breadcrumb","itemListElement":[{"@type":"ListItem","position":1,"name":"Blog, Guides &amp; Infos","item":"https:\/\/www.vraimentbeau.com\/vb_blog\/"},{"@type":"ListItem","position":2,"name":"Tout notre Guide Pratique","item":"https:\/\/www.vraimentbeau.com\/vb_blog\/guide-pratique\/"},{"@type":"ListItem","position":3,"name":"Choisir et installer les appliques murales"}]},{"@type":"WebSite","@id":"https:\/\/www.vraimentbeau.com\/vb_blog\/#website","url":"https:\/\/www.vraimentbeau.com\/vb_blog\/","name":"Vraiment Beau","description":"Les plus beaux luminaires de l&#039;internet, et autres objets d\u00e9coratifs!","publisher":{"@id":"https:\/\/www.vraimentbeau.com\/vb_blog\/#organization"},"potentialAction":[{"@type":"SearchAction","target":{"@type":"EntryPoint","urlTemplate":"https:\/\/www.vraimentbeau.com\/vb_blog\/?s={search_term_string}"},"query-input":{"@type":"PropertyValueSpecification","valueRequired":true,"valueName":"search_term_string"}}],"inLanguage":"en-US"},{"@type":"Organization","@id":"https:\/\/www.vraimentbeau.com\/vb_blog\/#organization","name":"Vraiment Beau","url":"https:\/\/www.vraimentbeau.com\/vb_blog\/","logo":{"@type":"ImageObject","inLanguage":"en-US","@id":"https:\/\/www.vraimentbeau.com\/vb_blog\/#\/schema\/logo\/image\/","url":"https:\/\/vraimentbeau.com\/vb_blog\/wp-content\/uploads\/2018\/04\/logo-vraiment-beau.png","contentUrl":"https:\/\/vraimentbeau.com\/vb_blog\/wp-content\/uploads\/2018\/04\/logo-vraiment-beau.png","width":287,"height":44,"caption":"Vraiment Beau"},"image":{"@id":"https:\/\/www.vraimentbeau.com\/vb_blog\/#\/schema\/logo\/image\/"},"sameAs":["https:\/\/www.facebook.com\/pages\/Vraiment-Beau\/123343387707501","https:\/\/www.instagram.com\/vraimentbeau\/","https:\/\/www.pinterest.fr\/cdehautefage\/"]}]}},"_links":{"self":[{"href":"https:\/\/www.vraimentbeau.com\/vb_blog\/wp-json\/wp\/v2\/pages\/347","targetHints":{"allow":["GET"]}}],"collection":[{"href":"https:\/\/www.vraimentbeau.com\/vb_blog\/wp-json\/wp\/v2\/pages"}],"about":[{"href":"https:\/\/www.vraimentbeau.com\/vb_blog\/wp-json\/wp\/v2\/types\/page"}],"author":[{"embeddable":true,"href":"https:\/\/www.vraimentbeau.com\/vb_blog\/wp-json\/wp\/v2\/users\/1"}],"replies":[{"embeddable":true,"href":"https:\/\/www.vraimentbeau.com\/vb_blog\/wp-json\/wp\/v2\/comments?post=347"}],"version-history":[{"count":3,"href":"https:\/\/www.vraimentbeau.com\/vb_blog\/wp-json\/wp\/v2\/pages\/347\/revisions"}],"predecessor-version":[{"id":2402,"href":"https:\/\/www.vraimentbeau.com\/vb_blog\/wp-json\/wp\/v2\/pages\/347\/revisions\/2402"}],"up":[{"embeddable":true,"href":"https:\/\/www.vraimentbeau.com\/vb_blog\/wp-json\/wp\/v2\/pages\/18"}],"wp:attachment":[{"href":"https:\/\/www.vraimentbeau.com\/vb_blog\/wp-json\/wp\/v2\/media?parent=347"}],"curies":[{"name":"wp","href":"https:\/\/api.w.org\/{rel}","templated":true}]}}