{"id":349,"date":"2018-03-07T21:20:58","date_gmt":"2018-03-07T20:20:58","guid":{"rendered":"http:\/\/localhost:8080\/vb_blog\/?page_id=349"},"modified":"2023-02-07T10:33:52","modified_gmt":"2023-02-07T09:33:52","slug":"lampes-a-poser-luminaire-indispensable","status":"publish","type":"page","link":"https:\/\/www.vraimentbeau.com\/vb_blog\/guide-pratique\/lampes-a-poser-luminaire-indispensable\/","title":{"rendered":"Les lampes \u00e0 poser, et de table"},"content":{"rendered":"<div class=\"intro\">Les lampes \u00e0 poser sont indispensables pour cr\u00e9er des points d&#8217;\u00e9clairage qui contribuent \u00e0 l&#8217;ambiance &#8220;cosy&#8221; d&#8217;une pi\u00e8ce, ou alors pour faciliter la lecture et le travail. Elles existent dans de tr\u00e8s nombreux styles et sont souvent tr\u00e8s belles (en tout cas celles que nous r\u00e9unissons dans notre catalogue), et la plus grande difficult\u00e9 consiste \u00e0 se d\u00e9cider pour un mod\u00e8le!<\/div>\n<figure id=\"attachment_1194\" aria-describedby=\"caption-attachment-1194\" style=\"width: 718px\" class=\"wp-caption aligncenter\"><a href=\"\/boutique\/marques\/arturo-alvarez\/\"><img loading=\"lazy\" decoding=\"async\" class=\"size-full wp-image-1194\" src=\"\/vb_blog\/wp-content\/uploads\/2018\/04\/lampetableblog.jpg\" alt=\"Lampe de table\" width=\"718\" height=\"479\" srcset=\"https:\/\/www.vraimentbeau.com\/vb_blog\/wp-content\/uploads\/2018\/04\/lampetableblog.jpg 718w, https:\/\/www.vraimentbeau.com\/vb_blog\/wp-content\/uploads\/2018\/04\/lampetableblog-300x200.jpg 300w\" sizes=\"auto, (max-width: 718px) 100vw, 718px\" \/><\/a><figcaption id=\"caption-attachment-1194\" class=\"wp-caption-text\">Lampe de table par Arturo Alvarez<\/figcaption><\/figure>\n<p>Les lampes \u00e0 poser cr\u00e9ent une zone d&#8217;int\u00e9r\u00eat dans la pi\u00e8ce. Elles permettent d&#8217;attirer l&#8217;attention, de mettre en valeur un objet &#8211; qui peut \u00eatre la table basse ou le gu\u00e9ridon sur lequel elles sont pos\u00e9es, par exemple. En ceci, elles contribuent \u00e0 structurer la pi\u00e8ce en espaces clairement identifiables, pour plus de style et d&#8217;ergonomie. Ce qu&#8217;un \u00e9clairage unique, centralis\u00e9 tel qu&#8217;une suspension unique ne parvient pas \u00e0 obtenir.<\/p>\n<p>On peut distinguer trois styles pour cette cat\u00e9gorie de luminaires\u00a0:<\/p>\n<ul>\n<li>Les mod\u00e8les d&#8217;un <strong>design neutre<\/strong>, dont l&#8217;objectif est de se fondre dans la d\u00e9coration existante. On peut citer par exemple les lampes transparentes de <a href=\"\/boutique\/marques\/concept-verre\/\">Concept Verre<\/a>. <a href=\"\/boutique\/marques\/baulmann-leuchten\/\">Baulmann Leuchten<\/a> et <a href=\"\/boutique\/marques\/paulo-coelho\/\">Paulo Coelho<\/a> sont de remarquables cr\u00e9ateurs de lampes dans cette cat\u00e9gorie. Leur int\u00e9gration d\u00e9corative est facile dans la plupart des environnements, les fautes de go\u00fbt sont quasiment impossibles ;<\/li>\n<li>Les lampes \u00e0 poser qui sont par elles-m\u00eames un <strong>objet d&#8217;attention<\/strong>. Les mod\u00e8les color\u00e9s de <a href=\"\/boutique\/marques\/concept-verre\/\">Concept Verre<\/a>, la collection plus classique de <a href=\"\/boutique\/marques\/objet-insolite\/\">Objet Insolite<\/a>, les mod\u00e8les vintage de <a href=\"\/boutique\/marques\/contract-and-more\/\">Contract &amp; More<\/a>\u00a0;\n<p><figure id=\"attachment_2386\" aria-describedby=\"caption-attachment-2386\" style=\"width: 250px\" class=\"wp-caption aligncenter\"><a href=\"\/boutique\/luminaire\/lampe-de-table\/lampe-de-table-nickel-satine-pied-forme-vegetale-lys-et-abat-jour-ovale-objet-insolite-17090372\/\"><img loading=\"lazy\" decoding=\"async\" class=\"size-full wp-image-2386\" src=\"\/vb_blog\/wp-content\/uploads\/2023\/02\/lampe-de-table-nickel-satine-pied-forme-vegetale-lys-et-abat-jour-ovale-classique-bronze-silver-design-17090372P.jpg\" alt=\"Lampe de table Objet Insolite nickel satin\u00e9 Ref 17090372\" width=\"250\" height=\"375\" srcset=\"https:\/\/www.vraimentbeau.com\/vb_blog\/wp-content\/uploads\/2023\/02\/lampe-de-table-nickel-satine-pied-forme-vegetale-lys-et-abat-jour-ovale-classique-bronze-silver-design-17090372P.jpg 250w, https:\/\/www.vraimentbeau.com\/vb_blog\/wp-content\/uploads\/2023\/02\/lampe-de-table-nickel-satine-pied-forme-vegetale-lys-et-abat-jour-ovale-classique-bronze-silver-design-17090372P-200x300.jpg 200w\" sizes=\"auto, (max-width: 250px) 100vw, 250px\" \/><\/a><figcaption id=\"caption-attachment-2386\" class=\"wp-caption-text\">Lampe de table Objet Insolite nickel satin\u00e9 Ref 17090372<\/figcaption><\/figure><\/li>\n<li>Les lampes de style \u00e9tabli, par exemple pour un environnement <strong>nautique, montagne ou campagne<\/strong>, mais dont l&#8217;int\u00e9gration est \u00e9galement ais\u00e9e. Citons ici les lampes en laiton massif de <a href=\"\/boutique\/marques\/moretti-luce\/\">Moretti Luce<\/a>, la collection <a href=\"\/boutique\/marques\/angel-des-montagnes\/\">Angel des Montagnes<\/a>, les mod\u00e8les de style Tiffany d&#8217;<a href=\"\/boutique\/marques\/artistar\/\">Artistar<\/a>.<\/li>\n<\/ul>\n<p>Les lampes \u00e0 poser peuvent \u00e9galement contribuer \u00e0 l&#8217;ambiance lumineuse g\u00e9n\u00e9rale. C&#8217;est par exemple souvent le cas des mod\u00e8les munis d&#8217;un abat jour translucide, en tissu ou en verre d\u00e9poli.<\/p>\n<p>Du point de vue de l&#8217;installation, ces luminaires ne posent aucune difficult\u00e9, puisqu&#8217;il suffit de les raccorder \u00e0 la prise \u00e9lectrique murale la plus proche. Notons qu&#8217;il est quelquefois utile de les munir d&#8217;un variateur de lumi\u00e8re.<\/p>\n<p>La qualit\u00e9 de fabrication est tr\u00e8s importante pour ces lampes: les visiteurs peuvent les voir de tr\u00e8s pr\u00e8s, et seront donc sensibles \u00e0 la qualit\u00e9 des mat\u00e9riaux et la finesse de la r\u00e9alisation.<\/p>\n<p>En termes d&#8217;ampoule, il convient bien s\u00fbr de respecter rigoureusement la puissance \u00e9lectrique maximale pr\u00e9conis\u00e9e par le fabricant. La plupart des lampes sont pr\u00e9vues pour des culots E14 (petite ampoule \u00e0 visser) ou E27 (idem, grand culot). On privil\u00e9giera les ampoules halog\u00e8ne ou LED de haute qualit\u00e9 aux ampoules fluo-compactes, d&#8217;un point de vue esth\u00e9tique ces derni\u00e8res devant de pr\u00e9f\u00e9rence \u00eatre r\u00e9serv\u00e9es aux lampes munies d&#8217;un abat-jour fortement diffusant.<\/p>\n<p>Vous trouverez sur Vraiment Beau une tr\u00e8s grande s\u00e9lection de ces lampes, toutes choisies pour la qualit\u00e9 de leur fabrication :<\/p>\n<ul>\n<li>Les <a href=\"\/boutique\/luminaire\/lampe-de-table\/\">lampes de tables<\/a> et les <a href=\"\/boutique\/luminaire\/lampe-de-bureau\/\">lampes de bureau<\/a> de style contemporain ;<\/li>\n<li>Les <a href=\"https:\/\/www.vraimentbeau.com\/boutique\/luminaire-classique\/lampe-classique\/\">lampes de table<\/a> de style classique.<\/li>\n<\/ul>\n","protected":false},"excerpt":{"rendered":"<p>Les lampes \u00e0 poser sont indispensables pour cr\u00e9er des points d&#8217;\u00e9clairage qui contribuent \u00e0 l&#8217;ambiance &#8220;cosy&#8221; d&#8217;une pi\u00e8ce, ou alors pour faciliter la lecture et le travail. Elles existent dans de tr\u00e8s nombreux styles et sont souvent tr\u00e8s belles (en tout cas celles que nous r\u00e9unissons dans notre catalogue), et la plus grande difficult\u00e9 consiste [&hellip;]<\/p>\n","protected":false},"author":1,"featured_media":0,"parent":18,"menu_order":8,"comment_status":"closed","ping_status":"closed","template":"","meta":{"_acf_changed":false,"footnotes":""},"class_list":["post-349","page","type-page","status-publish","hentry"],"acf":[],"yoast_head":"<!-- This site is optimized with the Yoast SEO plugin v24.0 - https:\/\/yoast.com\/wordpress\/plugins\/seo\/ -->\n<title>Les lampes \u00e0 poser, et de table | Vraiment Beau<\/title>\n<meta name=\"description\" content=\"Les lampes \u00e0 poser sont indispensables pour cr\u00e9er des points d&#039;\u00e9clairage qui contribuent \u00e0 l&#039;ambiance &quot;cosy&quot; d&#039;une pi\u00e8ce, ou alors pour faciliter la lecture et le travail. D\u00e9couvrez ici les diff\u00e9rents styles ainsi que quelques id\u00e9es pour les s\u00e9lectionner.\" \/>\n<meta name=\"robots\" content=\"index, follow, max-snippet:-1, max-image-preview:large, max-video-preview:-1\" \/>\n<link rel=\"canonical\" href=\"https:\/\/www.vraimentbeau.com\/vb_blog\/guide-pratique\/lampes-a-poser-luminaire-indispensable\/\" \/>\n<meta property=\"og:locale\" content=\"en_US\" \/>\n<meta property=\"og:type\" content=\"article\" \/>\n<meta property=\"og:title\" content=\"Les lampes \u00e0 poser, et de table | Vraiment Beau\" \/>\n<meta property=\"og:description\" content=\"Les lampes \u00e0 poser sont indispensables pour cr\u00e9er des points d&#039;\u00e9clairage qui contribuent \u00e0 l&#039;ambiance &quot;cosy&quot; d&#039;une pi\u00e8ce, ou alors pour faciliter la lecture et le travail. D\u00e9couvrez ici les diff\u00e9rents styles ainsi que quelques id\u00e9es pour les s\u00e9lectionner.\" \/>\n<meta property=\"og:url\" content=\"https:\/\/www.vraimentbeau.com\/vb_blog\/guide-pratique\/lampes-a-poser-luminaire-indispensable\/\" \/>\n<meta property=\"og:site_name\" content=\"Vraiment Beau\" \/>\n<meta property=\"article:publisher\" content=\"https:\/\/www.facebook.com\/pages\/Vraiment-Beau\/123343387707501\" \/>\n<meta property=\"article:modified_time\" content=\"2023-02-07T09:33:52+00:00\" \/>\n<meta name=\"twitter:card\" content=\"summary_large_image\" \/>\n<meta name=\"twitter:label1\" content=\"Est. reading time\" \/>\n\t<meta name=\"twitter:data1\" content=\"3 minutes\" \/>\n<script type=\"application\/ld+json\" class=\"yoast-schema-graph\">{\"@context\":\"https:\/\/schema.org\",\"@graph\":[{\"@type\":\"WebPage\",\"@id\":\"https:\/\/www.vraimentbeau.com\/vb_blog\/guide-pratique\/lampes-a-poser-luminaire-indispensable\/\",\"url\":\"https:\/\/www.vraimentbeau.com\/vb_blog\/guide-pratique\/lampes-a-poser-luminaire-indispensable\/\",\"name\":\"Les lampes \u00e0 poser, et de table | Vraiment Beau\",\"isPartOf\":{\"@id\":\"https:\/\/www.vraimentbeau.com\/vb_blog\/#website\"},\"datePublished\":\"2018-03-07T20:20:58+00:00\",\"dateModified\":\"2023-02-07T09:33:52+00:00\",\"description\":\"Les lampes \u00e0 poser sont indispensables pour cr\u00e9er des points d'\u00e9clairage qui contribuent \u00e0 l'ambiance \\\"cosy\\\" d'une pi\u00e8ce, ou alors pour faciliter la lecture et le travail. D\u00e9couvrez ici les diff\u00e9rents styles ainsi que quelques id\u00e9es pour les s\u00e9lectionner.\",\"breadcrumb\":{\"@id\":\"https:\/\/www.vraimentbeau.com\/vb_blog\/guide-pratique\/lampes-a-poser-luminaire-indispensable\/#breadcrumb\"},\"inLanguage\":\"en-US\",\"potentialAction\":[{\"@type\":\"ReadAction\",\"target\":[\"https:\/\/www.vraimentbeau.com\/vb_blog\/guide-pratique\/lampes-a-poser-luminaire-indispensable\/\"]}]},{\"@type\":\"BreadcrumbList\",\"@id\":\"https:\/\/www.vraimentbeau.com\/vb_blog\/guide-pratique\/lampes-a-poser-luminaire-indispensable\/#breadcrumb\",\"itemListElement\":[{\"@type\":\"ListItem\",\"position\":1,\"name\":\"Blog, Guides &amp; Infos\",\"item\":\"https:\/\/www.vraimentbeau.com\/vb_blog\/\"},{\"@type\":\"ListItem\",\"position\":2,\"name\":\"Tout notre Guide Pratique\",\"item\":\"https:\/\/www.vraimentbeau.com\/vb_blog\/guide-pratique\/\"},{\"@type\":\"ListItem\",\"position\":3,\"name\":\"Les lampes \u00e0 poser, et de table\"}]},{\"@type\":\"WebSite\",\"@id\":\"https:\/\/www.vraimentbeau.com\/vb_blog\/#website\",\"url\":\"https:\/\/www.vraimentbeau.com\/vb_blog\/\",\"name\":\"Vraiment Beau\",\"description\":\"Les plus beaux luminaires de l&#039;internet, et autres objets d\u00e9coratifs!\",\"publisher\":{\"@id\":\"https:\/\/www.vraimentbeau.com\/vb_blog\/#organization\"},\"potentialAction\":[{\"@type\":\"SearchAction\",\"target\":{\"@type\":\"EntryPoint\",\"urlTemplate\":\"https:\/\/www.vraimentbeau.com\/vb_blog\/?s={search_term_string}\"},\"query-input\":{\"@type\":\"PropertyValueSpecification\",\"valueRequired\":true,\"valueName\":\"search_term_string\"}}],\"inLanguage\":\"en-US\"},{\"@type\":\"Organization\",\"@id\":\"https:\/\/www.vraimentbeau.com\/vb_blog\/#organization\",\"name\":\"Vraiment Beau\",\"url\":\"https:\/\/www.vraimentbeau.com\/vb_blog\/\",\"logo\":{\"@type\":\"ImageObject\",\"inLanguage\":\"en-US\",\"@id\":\"https:\/\/www.vraimentbeau.com\/vb_blog\/#\/schema\/logo\/image\/\",\"url\":\"https:\/\/vraimentbeau.com\/vb_blog\/wp-content\/uploads\/2018\/04\/logo-vraiment-beau.png\",\"contentUrl\":\"https:\/\/vraimentbeau.com\/vb_blog\/wp-content\/uploads\/2018\/04\/logo-vraiment-beau.png\",\"width\":287,\"height\":44,\"caption\":\"Vraiment Beau\"},\"image\":{\"@id\":\"https:\/\/www.vraimentbeau.com\/vb_blog\/#\/schema\/logo\/image\/\"},\"sameAs\":[\"https:\/\/www.facebook.com\/pages\/Vraiment-Beau\/123343387707501\",\"https:\/\/www.instagram.com\/vraimentbeau\/\",\"https:\/\/www.pinterest.fr\/cdehautefage\/\"]}]}<\/script>\n<!-- \/ Yoast SEO plugin. -->","yoast_head_json":{"title":"Les lampes \u00e0 poser, et de table | Vraiment Beau","description":"Les lampes \u00e0 poser sont indispensables pour cr\u00e9er des points d'\u00e9clairage qui contribuent \u00e0 l'ambiance \"cosy\" d'une pi\u00e8ce, ou alors pour faciliter la lecture et le travail. D\u00e9couvrez ici les diff\u00e9rents styles ainsi que quelques id\u00e9es pour les s\u00e9lectionner.","robots":{"index":"index","follow":"follow","max-snippet":"max-snippet:-1","max-image-preview":"max-image-preview:large","max-video-preview":"max-video-preview:-1"},"canonical":"https:\/\/www.vraimentbeau.com\/vb_blog\/guide-pratique\/lampes-a-poser-luminaire-indispensable\/","og_locale":"en_US","og_type":"article","og_title":"Les lampes \u00e0 poser, et de table | Vraiment Beau","og_description":"Les lampes \u00e0 poser sont indispensables pour cr\u00e9er des points d'\u00e9clairage qui contribuent \u00e0 l'ambiance \"cosy\" d'une pi\u00e8ce, ou alors pour faciliter la lecture et le travail. D\u00e9couvrez ici les diff\u00e9rents styles ainsi que quelques id\u00e9es pour les s\u00e9lectionner.","og_url":"https:\/\/www.vraimentbeau.com\/vb_blog\/guide-pratique\/lampes-a-poser-luminaire-indispensable\/","og_site_name":"Vraiment Beau","article_publisher":"https:\/\/www.facebook.com\/pages\/Vraiment-Beau\/123343387707501","article_modified_time":"2023-02-07T09:33:52+00:00","twitter_card":"summary_large_image","twitter_misc":{"Est. reading time":"3 minutes"},"schema":{"@context":"https:\/\/schema.org","@graph":[{"@type":"WebPage","@id":"https:\/\/www.vraimentbeau.com\/vb_blog\/guide-pratique\/lampes-a-poser-luminaire-indispensable\/","url":"https:\/\/www.vraimentbeau.com\/vb_blog\/guide-pratique\/lampes-a-poser-luminaire-indispensable\/","name":"Les lampes \u00e0 poser, et de table | Vraiment Beau","isPartOf":{"@id":"https:\/\/www.vraimentbeau.com\/vb_blog\/#website"},"datePublished":"2018-03-07T20:20:58+00:00","dateModified":"2023-02-07T09:33:52+00:00","description":"Les lampes \u00e0 poser sont indispensables pour cr\u00e9er des points d'\u00e9clairage qui contribuent \u00e0 l'ambiance \"cosy\" d'une pi\u00e8ce, ou alors pour faciliter la lecture et le travail. D\u00e9couvrez ici les diff\u00e9rents styles ainsi que quelques id\u00e9es pour les s\u00e9lectionner.","breadcrumb":{"@id":"https:\/\/www.vraimentbeau.com\/vb_blog\/guide-pratique\/lampes-a-poser-luminaire-indispensable\/#breadcrumb"},"inLanguage":"en-US","potentialAction":[{"@type":"ReadAction","target":["https:\/\/www.vraimentbeau.com\/vb_blog\/guide-pratique\/lampes-a-poser-luminaire-indispensable\/"]}]},{"@type":"BreadcrumbList","@id":"https:\/\/www.vraimentbeau.com\/vb_blog\/guide-pratique\/lampes-a-poser-luminaire-indispensable\/#breadcrumb","itemListElement":[{"@type":"ListItem","position":1,"name":"Blog, Guides &amp; Infos","item":"https:\/\/www.vraimentbeau.com\/vb_blog\/"},{"@type":"ListItem","position":2,"name":"Tout notre Guide Pratique","item":"https:\/\/www.vraimentbeau.com\/vb_blog\/guide-pratique\/"},{"@type":"ListItem","position":3,"name":"Les lampes \u00e0 poser, et de table"}]},{"@type":"WebSite","@id":"https:\/\/www.vraimentbeau.com\/vb_blog\/#website","url":"https:\/\/www.vraimentbeau.com\/vb_blog\/","name":"Vraiment Beau","description":"Les plus beaux luminaires de l&#039;internet, et autres objets d\u00e9coratifs!","publisher":{"@id":"https:\/\/www.vraimentbeau.com\/vb_blog\/#organization"},"potentialAction":[{"@type":"SearchAction","target":{"@type":"EntryPoint","urlTemplate":"https:\/\/www.vraimentbeau.com\/vb_blog\/?s={search_term_string}"},"query-input":{"@type":"PropertyValueSpecification","valueRequired":true,"valueName":"search_term_string"}}],"inLanguage":"en-US"},{"@type":"Organization","@id":"https:\/\/www.vraimentbeau.com\/vb_blog\/#organization","name":"Vraiment Beau","url":"https:\/\/www.vraimentbeau.com\/vb_blog\/","logo":{"@type":"ImageObject","inLanguage":"en-US","@id":"https:\/\/www.vraimentbeau.com\/vb_blog\/#\/schema\/logo\/image\/","url":"https:\/\/vraimentbeau.com\/vb_blog\/wp-content\/uploads\/2018\/04\/logo-vraiment-beau.png","contentUrl":"https:\/\/vraimentbeau.com\/vb_blog\/wp-content\/uploads\/2018\/04\/logo-vraiment-beau.png","width":287,"height":44,"caption":"Vraiment Beau"},"image":{"@id":"https:\/\/www.vraimentbeau.com\/vb_blog\/#\/schema\/logo\/image\/"},"sameAs":["https:\/\/www.facebook.com\/pages\/Vraiment-Beau\/123343387707501","https:\/\/www.instagram.com\/vraimentbeau\/","https:\/\/www.pinterest.fr\/cdehautefage\/"]}]}},"_links":{"self":[{"href":"https:\/\/www.vraimentbeau.com\/vb_blog\/wp-json\/wp\/v2\/pages\/349","targetHints":{"allow":["GET"]}}],"collection":[{"href":"https:\/\/www.vraimentbeau.com\/vb_blog\/wp-json\/wp\/v2\/pages"}],"about":[{"href":"https:\/\/www.vraimentbeau.com\/vb_blog\/wp-json\/wp\/v2\/types\/page"}],"author":[{"embeddable":true,"href":"https:\/\/www.vraimentbeau.com\/vb_blog\/wp-json\/wp\/v2\/users\/1"}],"replies":[{"embeddable":true,"href":"https:\/\/www.vraimentbeau.com\/vb_blog\/wp-json\/wp\/v2\/comments?post=349"}],"version-history":[{"count":8,"href":"https:\/\/www.vraimentbeau.com\/vb_blog\/wp-json\/wp\/v2\/pages\/349\/revisions"}],"predecessor-version":[{"id":2388,"href":"https:\/\/www.vraimentbeau.com\/vb_blog\/wp-json\/wp\/v2\/pages\/349\/revisions\/2388"}],"up":[{"embeddable":true,"href":"https:\/\/www.vraimentbeau.com\/vb_blog\/wp-json\/wp\/v2\/pages\/18"}],"wp:attachment":[{"href":"https:\/\/www.vraimentbeau.com\/vb_blog\/wp-json\/wp\/v2\/media?parent=349"}],"curies":[{"name":"wp","href":"https:\/\/api.w.org\/{rel}","templated":true}]}}