{"id":351,"date":"2018-03-07T21:26:22","date_gmt":"2018-03-07T20:26:22","guid":{"rendered":"http:\/\/localhost:8080\/vb_blog\/?page_id=351"},"modified":"2019-06-11T17:36:57","modified_gmt":"2019-06-11T15:36:57","slug":"les-balises-lumineuses","status":"publish","type":"page","link":"https:\/\/www.vraimentbeau.com\/vb_blog\/guide-pratique\/les-balises-lumineuses\/","title":{"rendered":"Les balises lumineuses pour le jardin ou l&#8217;int\u00e9rieur"},"content":{"rendered":"<div class=\"intro\">Tendance devenue incontournable, les balises lumineuses permettent de souligner un axe dominant avec \u00e9l\u00e9gance. Les mod\u00e8les LED peuvent fonctionner en permanence, tombent rarement en panne et apportent un surcro\u00eet de s\u00e9curit\u00e9 pour une consommation insignifiante ce qui a soudainement ouvert de nombreuses possibilit\u00e9s. Ci-dessous, quelques conseils pour valoriser vos espaces.<\/div>\n<a href=\"\/boutique\/marques\/royal-botania\/\"><img loading=\"lazy\" decoding=\"async\" class=\"size-large wp-image-1207\" src=\"\/vb_blog\/wp-content\/uploads\/2018\/04\/balisejardinblog-1024x683.jpg\" alt=\"Balises de jardin\" max-width=\"100%\" width=\"1024\" height=\"683\" srcset=\"https:\/\/www.vraimentbeau.com\/vb_blog\/wp-content\/uploads\/2018\/04\/balisejardinblog-1024x683.jpg 1024w, https:\/\/www.vraimentbeau.com\/vb_blog\/wp-content\/uploads\/2018\/04\/balisejardinblog-300x200.jpg 300w, https:\/\/www.vraimentbeau.com\/vb_blog\/wp-content\/uploads\/2018\/04\/balisejardinblog-768x512.jpg 768w\" sizes=\"auto, (max-width: 1024px) 100vw, 1024px\" \/><\/a>\n<h2>1- Une tendance incontournable, une vraie utilit\u00e9<\/h2>\n<p>Les balises ext\u00e9rieur ont toujours exist\u00e9 pour les jardins, d&#8217;abord sous la forme de torches puis de lampes \u00e0 gaz, et maintenant sous une vari\u00e9t\u00e9 de formes comme des bornes ou des spots, voire des formes plus originales. Elles mettront en valeur un chemin, des arbres ou buissons remarquables, une fontaine, un muret, ou un alignement de statues. Royal Botania propose une gamme \u00e9tendue de balises de qualit\u00e9s. Chez Vraiment Beau, nous adorons aussi Robers, dont les oeuvres en fer forg\u00e9 sont autant des balises que des sculptures. Bien s\u00fbr ces balises peuvent \u00e9galement \u00e9clairer le chemin, mais la diff\u00e9rence entre le marquage et l&#8217;\u00e9clairage peut se r\u00e9v\u00e9ler importante si le chemin est irr\u00e9gulier ou l\u00e9g\u00e8rement traitre.<\/p>\n<p>Dans la maison, le balisage d&#8217;un couloir, d&#8217;un escalier ou d&#8217;un balcon est une tendance d\u00e9corative r\u00e9cente \u2013 notamment permise par l&#8217;arriv\u00e9e sur le march\u00e9 de luminaires ad hoc, esth\u00e9tiques, fiables et \u00e9conomes en \u00e9nergie. Il est pr\u00e9f\u00e9rable d&#8217;installer plusieurs balises, de fa\u00e7on \u00e0 cr\u00e9er un v\u00e9ritable chemin lumineux, plus \u00e9l\u00e9gant.<\/p>\n<p>Du point de vue esth\u00e9tique, ces luminaires soulignent un axe particulier de l&#8217;environnement, horizontal ou parfois vertical, en accentuant l&#8217;impression de distance. Un couloir est mis en valeur par l&#8217;installation de balises \u00e0 intervalle r\u00e9gulier &#8211; on peut choisir un \u00e9cartement de 100cm \u00e0 200cm typiquement. On trouve dans le commerce des balises de couleurs vari\u00e9es &#8211; mais il est pr\u00e9f\u00e9rable de se cantonner au blanc, plus discret et \u00e9l\u00e9gant, ou \u00e0 la rigueur au bleu.<\/p>\n<p>Du point de vue pratique, ces luminaires apportent un surcro\u00eet incontestable de confort et de s\u00e9curit\u00e9, notamment pour les enfants : les mod\u00e8les \u00e0 LED sont con\u00e7us pour rester allum\u00e9s en permanence, et garantissent un minimum de lumi\u00e8re dans les couloirs et escaliers, qui permet de se d\u00e9placer et de s&#8217;orienter sans allumer l&#8217;\u00e9clairage principal, et d&#8217;\u00e9viter chutes et chocs.<\/p>\n<p>En termes \u00e9conomiques, les balises \u00e0 LED de conception r\u00e9cente et de bonne qualit\u00e9 n&#8217;utilisent qu&#8217;une consommation minime &#8211; de l&#8217;ordre du centi\u00e8me d&#8217;une ampoule conventionnelle. L&#8217;installation de balises LED dans votre habitation est donc totalement insignifiante sur votre facture d&#8217;\u00e9lectricit\u00e9 &#8211; m\u00eame en fonctionnement permanent. Pour une utilisation \u00e0 l&#8217;ext\u00e9rieur, les balises LED \u00e9liminent la n\u00e9cessit\u00e9 d&#8217;allumer et d&#8217;\u00e9teindre l&#8217;\u00e9clairage existant \u00e0 l&#8217;ext\u00e9rieur de votre maison et apportent confort et \u00e9conomie d&#8217;utilisation.<\/p>\n<h2>2- Pr\u00e9f\u00e9rez la qualit\u00e9 pour vos balises lumineuses<\/h2>\n<p>Ces luminaires doivent garantir un haut niveau de fiabilit\u00e9, certains produits fabriqu\u00e9s dans de lointaines contr\u00e9es et vendus \u00e0 (tr\u00e8s) bas prix sont \u00e0 \u00e9viter, car ils ne fournissant pas toutes les garanties de s\u00e9curit\u00e9, de fiabilit\u00e9 et de consommation optimis\u00e9e.<\/p>\n<p>Certaines balises sont adapt\u00e9es \u00e0 un encastrement au sol \u2013 et sont donc con\u00e7ues pour supporter le poids d&#8217;un meuble ou d&#8217;une personne.<\/p>\n<p>Il ne faut installer \u00e0 l&#8217;ext\u00e9rieur que des balises explicitement pr\u00e9vues pour cela. En ext\u00e9rieur, un c\u00e2blage en basse tension peut apporter un surcro\u00eet de s\u00e9curit\u00e9 \u00e9lectrique, si l&#8217;int\u00e9gration d&#8217;un driver ad hoc reste facile. Souvent, les \u00e9lectriciens pr\u00e9f\u00e8rent installer un c\u00e2blage standard en 230V. M\u00eame \u00e0 l&#8217;ext\u00e9rieur, les mod\u00e8les 230V sont souvent pr\u00e9f\u00e9r\u00e9s &#8211; mais leur installation doit \u00eatre rigoureuse et conforme aux normes de s\u00e9curit\u00e9.<\/p>\n<h2>3- Installation : pas d&#8217;improvisation !<\/h2>\n<p>De nombreux mod\u00e8les de balises sont encastrables. Il est imp\u00e9ratif de v\u00e9rifier pr\u00e9cis\u00e9ment les dimensions fournies par le constructeur, de fa\u00e7on \u00e0 pr\u00e9voir un volume d&#8217;encastrement suffisant, et en pr\u00e9voyant un peu de place suppl\u00e9mentaire pour le domino que l&#8217;\u00e9lectricien peut devoir laisser \u00e0 demeure dans le volume d&#8217;encastrement (notamment pour r\u00e9aliser la connexion \u00e9lectriques aux autres emplacements). De nombreuses balises s&#8217;alimentent directement en 230V, ce qui simplifie le c\u00e2blage en \u00e9vitant l&#8217;installation d&#8217;un transformateur sp\u00e9cifique, quelquefois difficile \u00e0 loger et susceptible de tomber en panne.<\/p>\n<p>En r\u00e9sum\u00e9, pour simplifier l&#8217;am\u00e9nagement d&#8217;un chemin lumineux en int\u00e9rieur :<\/p>\n<ul>\n<li>L&#8217;installation est \u00e0 pr\u00e9voir en g\u00e9n\u00e9ral au moment d&#8217;une grande r\u00e9fection pour mettre en place les encastrements et les alimentations \u00e9lectriques ;<\/li>\n<li>Le montage dans le mur \u00e0 une vingtaine de centim\u00e8tres du sol est beaucoup plus ais\u00e9 que dans le sol proprement dit (et les mod\u00e8les correspondants sont moins chers) ;<\/li>\n<li>L&#8217;installation dans une cloison en pl\u00e2tre est plus facile que dans une cloison plein (per\u00e7ages, passage des fils) ;<\/li>\n<li>L&#8217;installation de balises 230V est en g\u00e9n\u00e9ral plus simple \u00e0 mettre en \u0153uvre qu&#8217;un c\u00e2blage basse tension pour lequel il faut loger un driver \u00e0 un endroit cach\u00e9 mais accessible (tableau \u00e9lectrique, trappes, etc.).<\/li>\n<\/ul>\n<p>En ext\u00e9rieur, l&#8217;installation peut \u00eatre plus simple (sauf installation dans un mur ou un sol en b\u00e9ton), les principales difficult\u00e9s sont de choisir des produits de qualit\u00e9 qui r\u00e9sistent \u00e0 la corrosion et \u00e0 l&#8217;humidit\u00e9 (ils doivent \u00eatre explicitement pr\u00e9vues pour cela, mais v\u00e9rifiez n\u00e9anmoins le respect des normes d&#8217;\u00e9tanch\u00e9it\u00e9 indiqu\u00e9 dans les fiches produits), et la qualit\u00e9 du c\u00e2blage enterr\u00e9. Si vous pr\u00e9voyez une installation d&#8217;une certaine ampleur dans le jardin, gardez soigneusement le croquis des c\u00e2blages pour le retrouver si vous devez un jour intervenir.<\/p>\n<h2>4- O\u00f9 trouvez des balises lumineuses?<\/h2>\n<p>Visitez ici notre page de <a href=\"\/boutique\/luminaire-exterieur\/lampe-exterieur\/\">lampes lumineuses<\/a>, et nos&nbsp;<a href=\"\/boutique\/luminaire-exterieur\/balise-exterieur\/\">balises lumineuses<\/a>.<\/p>\n","protected":false},"excerpt":{"rendered":"<p>Tendance devenue incontournable, les balises lumineuses permettent de souligner un axe dominant avec \u00e9l\u00e9gance. Les mod\u00e8les LED peuvent fonctionner en permanence, tombent rarement en panne et apportent un surcro\u00eet de s\u00e9curit\u00e9 pour une consommation insignifiante ce qui a soudainement ouvert de nombreuses possibilit\u00e9s. Ci-dessous, quelques conseils pour valoriser vos espaces. 1- Une tendance incontournable, une [&hellip;]<\/p>\n","protected":false},"author":1,"featured_media":0,"parent":18,"menu_order":9,"comment_status":"closed","ping_status":"closed","template":"","meta":{"_acf_changed":false,"footnotes":""},"class_list":["post-351","page","type-page","status-publish","hentry"],"acf":[],"yoast_head":"<!-- This site is optimized with the Yoast SEO plugin v24.0 - https:\/\/yoast.com\/wordpress\/plugins\/seo\/ -->\n<title>Les balises lumineuses pour le jardin ou l&#039;int\u00e9rieur | Vraiment Beau<\/title>\n<meta name=\"description\" content=\"Tendance devenue incontournable, les balises lumineuses permettent de souligner un axe dominant avec \u00e9l\u00e9gance. Un peu d&#039;anticipation est toutefois n\u00e9cessaire pour garantir la qualit\u00e9 de la r\u00e9alisation. D\u00e9couvrez dans notre guide les principales questions \u00e0 prendre en compte.\" \/>\n<meta name=\"robots\" content=\"index, follow, max-snippet:-1, max-image-preview:large, max-video-preview:-1\" \/>\n<link rel=\"canonical\" href=\"https:\/\/www.vraimentbeau.com\/vb_blog\/guide-pratique\/les-balises-lumineuses\/\" \/>\n<meta property=\"og:locale\" content=\"en_US\" \/>\n<meta property=\"og:type\" content=\"article\" \/>\n<meta property=\"og:title\" content=\"Les balises lumineuses pour le jardin ou l&#039;int\u00e9rieur | Vraiment Beau\" \/>\n<meta property=\"og:description\" content=\"Tendance devenue incontournable, les balises lumineuses permettent de souligner un axe dominant avec \u00e9l\u00e9gance. Un peu d&#039;anticipation est toutefois n\u00e9cessaire pour garantir la qualit\u00e9 de la r\u00e9alisation. D\u00e9couvrez dans notre guide les principales questions \u00e0 prendre en compte.\" \/>\n<meta property=\"og:url\" content=\"https:\/\/www.vraimentbeau.com\/vb_blog\/guide-pratique\/les-balises-lumineuses\/\" \/>\n<meta property=\"og:site_name\" content=\"Vraiment Beau\" \/>\n<meta property=\"article:publisher\" content=\"https:\/\/www.facebook.com\/pages\/Vraiment-Beau\/123343387707501\" \/>\n<meta property=\"article:modified_time\" content=\"2019-06-11T15:36:57+00:00\" \/>\n<meta name=\"twitter:card\" content=\"summary_large_image\" \/>\n<meta name=\"twitter:label1\" content=\"Est. reading time\" \/>\n\t<meta name=\"twitter:data1\" content=\"5 minutes\" \/>\n<script type=\"application\/ld+json\" class=\"yoast-schema-graph\">{\"@context\":\"https:\/\/schema.org\",\"@graph\":[{\"@type\":\"WebPage\",\"@id\":\"https:\/\/www.vraimentbeau.com\/vb_blog\/guide-pratique\/les-balises-lumineuses\/\",\"url\":\"https:\/\/www.vraimentbeau.com\/vb_blog\/guide-pratique\/les-balises-lumineuses\/\",\"name\":\"Les balises lumineuses pour le jardin ou l'int\u00e9rieur | Vraiment Beau\",\"isPartOf\":{\"@id\":\"https:\/\/www.vraimentbeau.com\/vb_blog\/#website\"},\"datePublished\":\"2018-03-07T20:26:22+00:00\",\"dateModified\":\"2019-06-11T15:36:57+00:00\",\"description\":\"Tendance devenue incontournable, les balises lumineuses permettent de souligner un axe dominant avec \u00e9l\u00e9gance. Un peu d'anticipation est toutefois n\u00e9cessaire pour garantir la qualit\u00e9 de la r\u00e9alisation. D\u00e9couvrez dans notre guide les principales questions \u00e0 prendre en compte.\",\"breadcrumb\":{\"@id\":\"https:\/\/www.vraimentbeau.com\/vb_blog\/guide-pratique\/les-balises-lumineuses\/#breadcrumb\"},\"inLanguage\":\"en-US\",\"potentialAction\":[{\"@type\":\"ReadAction\",\"target\":[\"https:\/\/www.vraimentbeau.com\/vb_blog\/guide-pratique\/les-balises-lumineuses\/\"]}]},{\"@type\":\"BreadcrumbList\",\"@id\":\"https:\/\/www.vraimentbeau.com\/vb_blog\/guide-pratique\/les-balises-lumineuses\/#breadcrumb\",\"itemListElement\":[{\"@type\":\"ListItem\",\"position\":1,\"name\":\"Blog, Guides &amp; Infos\",\"item\":\"https:\/\/www.vraimentbeau.com\/vb_blog\/\"},{\"@type\":\"ListItem\",\"position\":2,\"name\":\"Tout notre Guide Pratique\",\"item\":\"https:\/\/www.vraimentbeau.com\/vb_blog\/guide-pratique\/\"},{\"@type\":\"ListItem\",\"position\":3,\"name\":\"Les balises lumineuses pour le jardin ou l&rsquo;int\u00e9rieur\"}]},{\"@type\":\"WebSite\",\"@id\":\"https:\/\/www.vraimentbeau.com\/vb_blog\/#website\",\"url\":\"https:\/\/www.vraimentbeau.com\/vb_blog\/\",\"name\":\"Vraiment Beau\",\"description\":\"Les plus beaux luminaires de l&#039;internet, et autres objets d\u00e9coratifs!\",\"publisher\":{\"@id\":\"https:\/\/www.vraimentbeau.com\/vb_blog\/#organization\"},\"potentialAction\":[{\"@type\":\"SearchAction\",\"target\":{\"@type\":\"EntryPoint\",\"urlTemplate\":\"https:\/\/www.vraimentbeau.com\/vb_blog\/?s={search_term_string}\"},\"query-input\":{\"@type\":\"PropertyValueSpecification\",\"valueRequired\":true,\"valueName\":\"search_term_string\"}}],\"inLanguage\":\"en-US\"},{\"@type\":\"Organization\",\"@id\":\"https:\/\/www.vraimentbeau.com\/vb_blog\/#organization\",\"name\":\"Vraiment Beau\",\"url\":\"https:\/\/www.vraimentbeau.com\/vb_blog\/\",\"logo\":{\"@type\":\"ImageObject\",\"inLanguage\":\"en-US\",\"@id\":\"https:\/\/www.vraimentbeau.com\/vb_blog\/#\/schema\/logo\/image\/\",\"url\":\"https:\/\/vraimentbeau.com\/vb_blog\/wp-content\/uploads\/2018\/04\/logo-vraiment-beau.png\",\"contentUrl\":\"https:\/\/vraimentbeau.com\/vb_blog\/wp-content\/uploads\/2018\/04\/logo-vraiment-beau.png\",\"width\":287,\"height\":44,\"caption\":\"Vraiment Beau\"},\"image\":{\"@id\":\"https:\/\/www.vraimentbeau.com\/vb_blog\/#\/schema\/logo\/image\/\"},\"sameAs\":[\"https:\/\/www.facebook.com\/pages\/Vraiment-Beau\/123343387707501\",\"https:\/\/www.instagram.com\/vraimentbeau\/\",\"https:\/\/www.pinterest.fr\/cdehautefage\/\"]}]}<\/script>\n<!-- \/ Yoast SEO plugin. -->","yoast_head_json":{"title":"Les balises lumineuses pour le jardin ou l'int\u00e9rieur | Vraiment Beau","description":"Tendance devenue incontournable, les balises lumineuses permettent de souligner un axe dominant avec \u00e9l\u00e9gance. Un peu d'anticipation est toutefois n\u00e9cessaire pour garantir la qualit\u00e9 de la r\u00e9alisation. D\u00e9couvrez dans notre guide les principales questions \u00e0 prendre en compte.","robots":{"index":"index","follow":"follow","max-snippet":"max-snippet:-1","max-image-preview":"max-image-preview:large","max-video-preview":"max-video-preview:-1"},"canonical":"https:\/\/www.vraimentbeau.com\/vb_blog\/guide-pratique\/les-balises-lumineuses\/","og_locale":"en_US","og_type":"article","og_title":"Les balises lumineuses pour le jardin ou l'int\u00e9rieur | Vraiment Beau","og_description":"Tendance devenue incontournable, les balises lumineuses permettent de souligner un axe dominant avec \u00e9l\u00e9gance. Un peu d'anticipation est toutefois n\u00e9cessaire pour garantir la qualit\u00e9 de la r\u00e9alisation. D\u00e9couvrez dans notre guide les principales questions \u00e0 prendre en compte.","og_url":"https:\/\/www.vraimentbeau.com\/vb_blog\/guide-pratique\/les-balises-lumineuses\/","og_site_name":"Vraiment Beau","article_publisher":"https:\/\/www.facebook.com\/pages\/Vraiment-Beau\/123343387707501","article_modified_time":"2019-06-11T15:36:57+00:00","twitter_card":"summary_large_image","twitter_misc":{"Est. reading time":"5 minutes"},"schema":{"@context":"https:\/\/schema.org","@graph":[{"@type":"WebPage","@id":"https:\/\/www.vraimentbeau.com\/vb_blog\/guide-pratique\/les-balises-lumineuses\/","url":"https:\/\/www.vraimentbeau.com\/vb_blog\/guide-pratique\/les-balises-lumineuses\/","name":"Les balises lumineuses pour le jardin ou l'int\u00e9rieur | Vraiment Beau","isPartOf":{"@id":"https:\/\/www.vraimentbeau.com\/vb_blog\/#website"},"datePublished":"2018-03-07T20:26:22+00:00","dateModified":"2019-06-11T15:36:57+00:00","description":"Tendance devenue incontournable, les balises lumineuses permettent de souligner un axe dominant avec \u00e9l\u00e9gance. Un peu d'anticipation est toutefois n\u00e9cessaire pour garantir la qualit\u00e9 de la r\u00e9alisation. D\u00e9couvrez dans notre guide les principales questions \u00e0 prendre en compte.","breadcrumb":{"@id":"https:\/\/www.vraimentbeau.com\/vb_blog\/guide-pratique\/les-balises-lumineuses\/#breadcrumb"},"inLanguage":"en-US","potentialAction":[{"@type":"ReadAction","target":["https:\/\/www.vraimentbeau.com\/vb_blog\/guide-pratique\/les-balises-lumineuses\/"]}]},{"@type":"BreadcrumbList","@id":"https:\/\/www.vraimentbeau.com\/vb_blog\/guide-pratique\/les-balises-lumineuses\/#breadcrumb","itemListElement":[{"@type":"ListItem","position":1,"name":"Blog, Guides &amp; Infos","item":"https:\/\/www.vraimentbeau.com\/vb_blog\/"},{"@type":"ListItem","position":2,"name":"Tout notre Guide Pratique","item":"https:\/\/www.vraimentbeau.com\/vb_blog\/guide-pratique\/"},{"@type":"ListItem","position":3,"name":"Les balises lumineuses pour le jardin ou l&rsquo;int\u00e9rieur"}]},{"@type":"WebSite","@id":"https:\/\/www.vraimentbeau.com\/vb_blog\/#website","url":"https:\/\/www.vraimentbeau.com\/vb_blog\/","name":"Vraiment Beau","description":"Les plus beaux luminaires de l&#039;internet, et autres objets d\u00e9coratifs!","publisher":{"@id":"https:\/\/www.vraimentbeau.com\/vb_blog\/#organization"},"potentialAction":[{"@type":"SearchAction","target":{"@type":"EntryPoint","urlTemplate":"https:\/\/www.vraimentbeau.com\/vb_blog\/?s={search_term_string}"},"query-input":{"@type":"PropertyValueSpecification","valueRequired":true,"valueName":"search_term_string"}}],"inLanguage":"en-US"},{"@type":"Organization","@id":"https:\/\/www.vraimentbeau.com\/vb_blog\/#organization","name":"Vraiment Beau","url":"https:\/\/www.vraimentbeau.com\/vb_blog\/","logo":{"@type":"ImageObject","inLanguage":"en-US","@id":"https:\/\/www.vraimentbeau.com\/vb_blog\/#\/schema\/logo\/image\/","url":"https:\/\/vraimentbeau.com\/vb_blog\/wp-content\/uploads\/2018\/04\/logo-vraiment-beau.png","contentUrl":"https:\/\/vraimentbeau.com\/vb_blog\/wp-content\/uploads\/2018\/04\/logo-vraiment-beau.png","width":287,"height":44,"caption":"Vraiment Beau"},"image":{"@id":"https:\/\/www.vraimentbeau.com\/vb_blog\/#\/schema\/logo\/image\/"},"sameAs":["https:\/\/www.facebook.com\/pages\/Vraiment-Beau\/123343387707501","https:\/\/www.instagram.com\/vraimentbeau\/","https:\/\/www.pinterest.fr\/cdehautefage\/"]}]}},"_links":{"self":[{"href":"https:\/\/www.vraimentbeau.com\/vb_blog\/wp-json\/wp\/v2\/pages\/351","targetHints":{"allow":["GET"]}}],"collection":[{"href":"https:\/\/www.vraimentbeau.com\/vb_blog\/wp-json\/wp\/v2\/pages"}],"about":[{"href":"https:\/\/www.vraimentbeau.com\/vb_blog\/wp-json\/wp\/v2\/types\/page"}],"author":[{"embeddable":true,"href":"https:\/\/www.vraimentbeau.com\/vb_blog\/wp-json\/wp\/v2\/users\/1"}],"replies":[{"embeddable":true,"href":"https:\/\/www.vraimentbeau.com\/vb_blog\/wp-json\/wp\/v2\/comments?post=351"}],"version-history":[{"count":1,"href":"https:\/\/www.vraimentbeau.com\/vb_blog\/wp-json\/wp\/v2\/pages\/351\/revisions"}],"predecessor-version":[{"id":1879,"href":"https:\/\/www.vraimentbeau.com\/vb_blog\/wp-json\/wp\/v2\/pages\/351\/revisions\/1879"}],"up":[{"embeddable":true,"href":"https:\/\/www.vraimentbeau.com\/vb_blog\/wp-json\/wp\/v2\/pages\/18"}],"wp:attachment":[{"href":"https:\/\/www.vraimentbeau.com\/vb_blog\/wp-json\/wp\/v2\/media?parent=351"}],"curies":[{"name":"wp","href":"https:\/\/api.w.org\/{rel}","templated":true}]}}