{"id":496,"date":"2018-03-17T11:10:15","date_gmt":"2018-03-17T10:10:15","guid":{"rendered":"http:\/\/localhost:8080\/vb_blog\/?page_id=496"},"modified":"2018-04-16T18:09:05","modified_gmt":"2018-04-16T16:09:05","slug":"nos-calculateurs-de-niveau-declairage","status":"publish","type":"page","link":"https:\/\/www.vraimentbeau.com\/vb_blog\/guide-pratique\/nos-calculateurs-de-niveau-declairage\/","title":{"rendered":"Nos calculateurs de niveau d&#8217;\u00e9clairage"},"content":{"rendered":"<p>Cette fiche fournit quelques m\u00e9thodes largement utilis\u00e9es par les \u00e9clairagistes professionnels sur la conception d&#8217;un \u00e9clairage r\u00e9ussi, et deux calculateurs pour les mettre en pratique.<\/p>\n<h2>1- Intensit\u00e9 moyenne produite par un luminaire en \u00e9clairage diffus<\/h2>\n<p>Quelle est l&#8217;intensit\u00e9 lumineuse moyenne produite dans une pi\u00e8ce rectangulaire par un luminaire en \u00e9clairage diffus ?<\/p>\n<p>Le premier de nos calculateurs ci-dessous vous permet d&#8217;estimer <strong>l&#8217;intensit\u00e9 moyenne (en lux) produite par un luminaire<\/strong> situ\u00e9 dans une pi\u00e8ce rectangulaire. On peut pr\u00e9ciser plusieurs caract\u00e9ristiques de ce luminaire : en fonction du type de r\u00e9flecteur ou d&#8217;abat-jour, mais aussi en fonction du type d&#8217;ampoule (halog\u00e8ne, LED ou fluo-compacte) dont ce luminaire est \u00e9quip\u00e9.<\/p>\n<p>Quelques explications au pr\u00e9alable\u00a0:<\/p>\n<ul>\n<li>Choisir le type d&#8217;ampoule dont la lampe est \u00e9quip\u00e9e, et entrer sa puissance \u00e9lectrique\u00a0;<\/li>\n<li>Pr\u00e9ciser le type de r\u00e9flecteur ou d&#8217;abat-jour dont la lampe est munie\u00a0: opaque ou translucide, int\u00e9rieur clair ou sombre\u00a0;<\/li>\n<li>Entrer les dimensions (longueur, largeur, hauteur) en <u>m\u00e8tres<\/u> de la pi\u00e8ce\u00a0;<\/li>\n<li>Appuyer sur CALCULER. Le calculateur indique alors l&#8217;intensit\u00e9 (en lux) de l&#8217;ambiance lumineuse produite par la lampe\u00a0;<\/li>\n<li>Si plusieurs lampes \u00e9clairent simultan\u00e9ment la pi\u00e8ce, les intensit\u00e9s s&#8217;ajoutent : il suffit donc de calculer l&#8217;intensit\u00e9 produite par chaque lampe, et de les additionner pour obtenir l&#8217;intensit\u00e9 totale\u00a0;<\/li>\n<li>Ce calcul est ind\u00e9pendant de la position du luminaire (au sol, au plafond, contre un mur) et aussi du type de luminaire consid\u00e9r\u00e9 (applique, suspension, etc.). L&#8217;illumination de la pi\u00e8ce n&#8217;est pas homog\u00e8ne, mais ce calculateur \u00e9value l&#8217;intensit\u00e9 moyenne dans la pi\u00e8ce. Cependant, une suspension plac\u00e9e au milieu de la pi\u00e8ce produit une illumination relativement homog\u00e8ne.<\/li>\n<\/ul>\n<form action=\"\" method=\"get\" name=\"dif_calculator\">\n<div class=\"table-responsive\">\n<h3>Calculateur pour \u00e9clairage diffus<\/h3>\n<p style=\"color:red; font-style: italic; font-size: .8em;\" id=\"dif_calc_message\">\n<table class=\"vb_table table-hover table-bordered text-left small\">\n<tbody>\n<tr>\n<th style=\"width: 40%;\">1- Type d&#8217;ampoule<\/th>\n<th style=\"width: 30%;\">2- R\u00e9flecteur &amp; abat-jour<\/th>\n<th style=\"width: 30%;\">3- Surface \u00e9clair\u00e9e<\/th>\n<\/tr>\n<tr>\n<td><span class=\"vb_radio\"><br \/>\n<input id=\"rd1_dif_c\" checked=\"checked\" name=\"dif_bulb\" type=\"radio\" value=\"halo_bt\" \/><label for=\"rd1_dif_c\">Halog\u00e8ne basse tension<\/label><br \/>\n<input id=\"rd2_dif_c\" name=\"dif_bulb\" type=\"radio\" value=\"halo_ht\" \/><label for=\"rd2_dif_c\">Ampoule halog\u00e8ne 230V<\/label><br \/>\n<input id=\"rd3_dif_c\" name=\"dif_bulb\" type=\"radio\" value=\"fluo\" \/><label for=\"rd3_dif_c\">Ampoule fluo-compacte<\/label><br \/>\n<input id=\"rd4_dif_c\" name=\"dif_bulb\" type=\"radio\" value=\"led\" \/><label for=\"rd4_dif_c\">Ampoule ou luminaire LED<\/label><br \/>\n<\/span><br \/>\n<label>Puissance : <input style=\"width: 70px; text-align: center;\" name=\"dif_power\" type=\"text\" value=\"60\" \/> W<\/label><\/td>\n<td><span class=\"vb_radio\"><br \/>\n<input id=\"rd5_dif_c\" name=\"dif_shade\" type=\"radio\" value=\"bare\" \/><label for=\"rd5_dif_c\">Pas de r\u00e9flecteur<\/label><br \/>\n<input id=\"rd6_dif_c\" checked=\"checked\" name=\"dif_shade\" type=\"radio\" value=\"white\" \/><label for=\"rd6_dif_c\">R\u00e9flecteur blanc<\/label><br \/>\n<input id=\"rd7_dif_c\" name=\"dif_shade\" type=\"radio\" value=\"reflector\" \/><label for=\"rd7_dif_c\">R\u00e9flecteur m\u00e9tal ou spot<\/label><br \/>\n<input id=\"rd8_dif_c\" name=\"dif_shade\" type=\"radio\" value=\"light\" \/><label for=\"rd8_dif_c\">Abat-jour clair<\/label><br \/>\n<input id=\"rd9_dif_c\" name=\"dif_shade\" type=\"radio\" value=\"dark\" \/><label for=\"rd9_dif_c\">Abat-jour fonc\u00e9<\/label><br \/>\n<\/span><\/td>\n<td><label>Longueur\u00a0: <input style=\"width: 40px; text-align: center;\" name=\"dif_length\" type=\"text\" value=\"5\" \/> m<\/label><br \/>\n<label>Largeur\u00a0: <input style=\"width: 40px; text-align: center;\" name=\"dif_width\" type=\"text\" value=\"5\" \/> m<\/label><br \/>\n<label>Hauteur\u00a0: <input style=\"width: 40px; text-align: center;\" name=\"dif_height\" type=\"text\" value=\"5\" \/> m<\/label><\/td>\n<\/tr>\n<tr>\n<td colspan=\"3\">La surface totale de la pi\u00e8ce est \u00e9clair\u00e9e avec <strong>une intensit\u00e9 de <span id=\"dif_lux\">4<\/span> lux<\/strong>.<\/td>\n<\/tr>\n<\/tbody>\n<\/table>\n<p><input id=\"btn_dif\" class=\"btn btn-primary pull-right\" name=\"calculer\" type=\"button\" value=\"Calculer\" onClick=\"dif_calculate(this.form)\"\/>\n<\/div>\n<\/form>\n<h2>2- Intensit\u00e9 produite par un luminaire en \u00e9clairage dirig\u00e9<\/h2>\n<p>Quelle est l&#8217;intensit\u00e9 lumineuse produite par un luminaire dont le flux est dirig\u00e9 sur une surface donn\u00e9e ? Le second de nos calculateurs ci-dessous vous permet de pr\u00e9voir l&#8217;intensit\u00e9 exprim\u00e9e en lux produite par plusieurs types de lampes : avec ou sans r\u00e9flecteur ou non, avec ou sans abat-jour, en fonction \u00e9galement du type d&#8217;ampoule (halog\u00e8ne, LED ou fluo-compacte) dont elle est \u00e9quip\u00e9e. Quelques informations pr\u00e9alables pour bien utiliser ce calculateur\u00a0:<\/p>\n<ul>\n<li>Choisir le type d&#8217;ampoule dont la lampe est \u00e9quip\u00e9e, et entrer sa puissance \u00e9lectrique ;<\/li>\n<li>Pr\u00e9ciser le type de r\u00e9flecteur ou d&#8217;abat-jour dont la lampe est munie. Les lampes de bureau \u00e9quip\u00e9e d&#8217;une ampoule G9 sont souvent munies d&#8217;un r\u00e9flecteur. Les lampes classiques dont l&#8217;int\u00e9rieur de l&#8217;abat jour est blanc peuvent \u00eatre consid\u00e9r\u00e9es comme \u00e9tant munies d&#8217;un abat-jour clair.<\/li>\n<li>Entrer la taille en <u>centim\u00e8tres<\/u> de la surface \u00e9clair\u00e9e. Si cette surface est ronde, ne pr\u00e9ciser que son diam\u00e8tre.<\/li>\n<li>Appuyer sur CALCULER. Le calculateur indique alors l&#8217;intensit\u00e9 lumineuse en lux qui baigne la surface \u00e9clair\u00e9e<\/li>\n<\/ul>\n<form action=\"\" method=\"get\" name=\"dir_calculator\">\n<div class=\"table-responsive\">\n<h3>Calculateur pour \u00e9clairage dirig\u00e9<\/h3>\n<p style=\"color:red; font-style: italic; font-size: .8em;\" id=\"dir_calc_message\">\n<table class=\"vb_table table-hover table-bordered text-left small\">\n<tbody>\n<tr>\n<th style=\"width: 40%;\">1- Type d&#8217;ampoule<\/th>\n<th style=\"width: 30%;\">2- R\u00e9flecteur &amp; abat-jour<\/th>\n<th style=\"width: 30%;\">3- Surface \u00e9clair\u00e9e<\/th>\n<\/tr>\n<tr>\n<td><span class=\"vb_radio\"><br \/>\n<input id=\"rd1_dir_c\" checked=\"checked\" name=\"dir_bulb\" type=\"radio\" value=\"halo_bt\" \/><label for=\"rd1_dir_c\">Halog\u00e8ne basse tension<\/label><br \/>\n<input id=\"rd2_dir_c\" name=\"dir_bulb\" type=\"radio\" value=\"halo_ht\" \/><label for=\"rd2_dir_c\">Ampoule halog\u00e8ne 230V<\/label><br \/>\n<input id=\"rd3_dir_c\" name=\"dir_bulb\" type=\"radio\" value=\"fluo\" \/><label for=\"rd3_dir_c\">Ampoule fluo-compacte<\/label><br \/>\n<input id=\"rd4_dir_c\" name=\"dir_bulb\" type=\"radio\" value=\"led\" \/><label for=\"rd4_dir_c\">Ampoule ou luminaire LED<\/label><br \/>\n<\/span><br \/>\n<label>Puissance : <input style=\"width: 70px; text-align: center;\" name=\"dir_power\" type=\"text\" value=\"60\" \/> W<\/label>\n<\/td>\n<td><span class=\"vb_radio\"><br \/>\n<input id=\"rd5_dir_c\" name=\"dir_shade\" type=\"radio\" value=\"bare\" \/><label for=\"rd5_dir_c\">Pas de r\u00e9flecteur<\/label><br \/>\n<input id=\"rd6_dir_c\" checked=\"checked\" name=\"dir_shade\" type=\"radio\" value=\"white\" \/><label for=\"rd6_dir_c\">R\u00e9flecteur blanc<\/label><br \/>\n<input id=\"rd7_dir_c\" name=\"dir_shade\" type=\"radio\" value=\"reflector\" \/><label for=\"rd7_dir_c\">R\u00e9flecteur m\u00e9tal ou spot<\/label><br \/>\n<input id=\"rd8_dir_c\" name=\"dir_shade\" type=\"radio\" value=\"light\" \/><label for=\"rd8_dir_c\">Abat-jour clair<\/label><br \/>\n<input id=\"rd9_dir_c\" name=\"dir_shade\" type=\"radio\" value=\"dark\" \/><label for=\"rd9_dir_c\">Abat-jour fonc\u00e9<\/label><br \/>\n<\/span><\/td>\n<td><span class=\"vb_radio\"><br \/>\n<input id=\"rd10_dir_c\" name=\"dir_area\" type=\"radio\" value=\"round\" \/><label for=\"rd10_dir_c\">Ronde<\/label><br \/>\n<input id=\"rd11_dir_c\" checked=\"checked\" name=\"dir_area\" type=\"radio\" value=\"rect\" \/><label for=\"rd11_dir_c\">Rectangulaire ou carr\u00e9e<\/label><br \/>\n<\/span><br \/>\n<label><span id=\"dir_c_L\">Longueur<\/span>\u00a0: <input style=\"width: 40px; text-align: center;\" name=\"dir_length\" type=\"text\" value=\"100\" \/> cm<\/label><br \/>\n<label id=\"dir_c_l\">Largeur\u00a0: <input style=\"width: 40px; text-align: center;\" name=\"dir_width\" type=\"text\" value=\"100\" \/> cm<\/label><\/td>\n<\/tr>\n<tr>\n<td colspan=\"3\">La surface est \u00e9clair\u00e9e avec <strong>une intensit\u00e9 de <span id=\"dir_lux\">378<\/span> lux<\/strong>.<\/td>\n<\/tr>\n<\/tbody>\n<\/table>\n<p><input id=\"btn_dir\" class=\"btn btn-primary pull-right\" name=\"calculer\" type=\"button\" value=\"Calculer\" onClick=\"dir_calculate(this.form)\"\/>\n<\/div>\n<\/form>\n<h2>3- Quelques \u00e9l\u00e9ment d&#8217;interpr\u00e9tation<\/h2>\n<p>Pour interpr\u00e9ter ces r\u00e9sultats, les donn\u00e9es suivantes peuvent \u00eatre utiles :<\/p>\n<ul>\n<li>Pour bien travailler, la surface d&#8217;un bureaudoit recevoir une illumination de l&#8217;ordre de 400 \u00e0 800 lux;<\/li>\n<li>Un \u00e9clairage att\u00e9nu\u00e9 mais confortable pour travailler devant un ordinateur est de l&#8217;ordre de 50 \u00e0 100 lux\u00a0;<\/li>\n<li>Un sol faiblement \u00e9clair\u00e9 re\u00e7oit 25 \u00e0 50 lux\u00a0;<\/li>\n<li>Un \u00e9clairage de 1 lux est vraiment sombre\u00a0;<\/li>\n<li>Et surtout l&#8217;\u00e9chelle des lux est logarithmique\u00a0: plus il fait sombre, plus l&#8217;oeil s&#8217;adapte. En plein soleil \u00e0 midi, l&#8217;\u00e9clairage est d&#8217;environ 100 000 lux. Mais notre oeil sait aussi percevoir les d\u00e9tails de notre environnement sous des \u00e9clairages de l&#8217;ordre de 0.25 lux au clair de lune. Il n&#8217;est pas besoin d&#8217;\u00e9clairer comme en plein jour pour bien voir chez soi\u00a0!<\/li>\n<\/ul>\n","protected":false},"excerpt":{"rendered":"<p>Cette fiche fournit quelques m\u00e9thodes largement utilis\u00e9es par les \u00e9clairagistes professionnels sur la conception d&#8217;un \u00e9clairage r\u00e9ussi, et deux calculateurs pour les mettre en pratique. 1- Intensit\u00e9 moyenne produite par un luminaire en \u00e9clairage diffus Quelle est l&#8217;intensit\u00e9 lumineuse moyenne produite dans une pi\u00e8ce rectangulaire par un luminaire en \u00e9clairage diffus ? Le premier de [&hellip;]<\/p>\n","protected":false},"author":1,"featured_media":0,"parent":18,"menu_order":5,"comment_status":"closed","ping_status":"closed","template":"","meta":{"_acf_changed":false,"footnotes":""},"class_list":["post-496","page","type-page","status-publish","hentry"],"acf":[],"yoast_head":"<!-- This site is optimized with the Yoast SEO plugin v24.0 - https:\/\/yoast.com\/wordpress\/plugins\/seo\/ -->\n<title>Nos calculateurs de niveau d&#039;\u00e9clairage | Vraiment Beau<\/title>\n<meta name=\"description\" content=\"Estimez avec nos calculateurs, l&#039;\u00e9clairage fourni par diff\u00e9rents types de luminaires en fonction de leur technologie (incandescence, halog\u00e8ne, LED...) et de leur abat-jour, en \u00e9clairage diffus dans une pi\u00e8ce, ou en \u00e9clairage dirig\u00e9 sur une surface limit\u00e9e.\" \/>\n<meta name=\"robots\" content=\"index, follow, max-snippet:-1, max-image-preview:large, max-video-preview:-1\" \/>\n<link rel=\"canonical\" href=\"https:\/\/www.vraimentbeau.com\/vb_blog\/guide-pratique\/nos-calculateurs-de-niveau-declairage\/\" \/>\n<meta property=\"og:locale\" content=\"en_US\" \/>\n<meta property=\"og:type\" content=\"article\" \/>\n<meta property=\"og:title\" content=\"Nos calculateurs de niveau d&#039;\u00e9clairage | Vraiment Beau\" \/>\n<meta property=\"og:description\" content=\"Estimez avec nos calculateurs, l&#039;\u00e9clairage fourni par diff\u00e9rents types de luminaires en fonction de leur technologie (incandescence, halog\u00e8ne, LED...) et de leur abat-jour, en \u00e9clairage diffus dans une pi\u00e8ce, ou en \u00e9clairage dirig\u00e9 sur une surface limit\u00e9e.\" \/>\n<meta property=\"og:url\" content=\"https:\/\/www.vraimentbeau.com\/vb_blog\/guide-pratique\/nos-calculateurs-de-niveau-declairage\/\" \/>\n<meta property=\"og:site_name\" content=\"Vraiment Beau\" \/>\n<meta property=\"article:publisher\" content=\"https:\/\/www.facebook.com\/pages\/Vraiment-Beau\/123343387707501\" \/>\n<meta property=\"article:modified_time\" content=\"2018-04-16T16:09:05+00:00\" \/>\n<meta name=\"twitter:card\" content=\"summary_large_image\" \/>\n<meta name=\"twitter:label1\" content=\"Est. reading time\" \/>\n\t<meta name=\"twitter:data1\" content=\"4 minutes\" \/>\n<script type=\"application\/ld+json\" class=\"yoast-schema-graph\">{\"@context\":\"https:\/\/schema.org\",\"@graph\":[{\"@type\":\"WebPage\",\"@id\":\"https:\/\/www.vraimentbeau.com\/vb_blog\/guide-pratique\/nos-calculateurs-de-niveau-declairage\/\",\"url\":\"https:\/\/www.vraimentbeau.com\/vb_blog\/guide-pratique\/nos-calculateurs-de-niveau-declairage\/\",\"name\":\"Nos calculateurs de niveau d'\u00e9clairage | Vraiment Beau\",\"isPartOf\":{\"@id\":\"https:\/\/www.vraimentbeau.com\/vb_blog\/#website\"},\"datePublished\":\"2018-03-17T10:10:15+00:00\",\"dateModified\":\"2018-04-16T16:09:05+00:00\",\"description\":\"Estimez avec nos calculateurs, l'\u00e9clairage fourni par diff\u00e9rents types de luminaires en fonction de leur technologie (incandescence, halog\u00e8ne, LED...) et de leur abat-jour, en \u00e9clairage diffus dans une pi\u00e8ce, ou en \u00e9clairage dirig\u00e9 sur une surface limit\u00e9e.\",\"breadcrumb\":{\"@id\":\"https:\/\/www.vraimentbeau.com\/vb_blog\/guide-pratique\/nos-calculateurs-de-niveau-declairage\/#breadcrumb\"},\"inLanguage\":\"en-US\",\"potentialAction\":[{\"@type\":\"ReadAction\",\"target\":[\"https:\/\/www.vraimentbeau.com\/vb_blog\/guide-pratique\/nos-calculateurs-de-niveau-declairage\/\"]}]},{\"@type\":\"BreadcrumbList\",\"@id\":\"https:\/\/www.vraimentbeau.com\/vb_blog\/guide-pratique\/nos-calculateurs-de-niveau-declairage\/#breadcrumb\",\"itemListElement\":[{\"@type\":\"ListItem\",\"position\":1,\"name\":\"Blog, Guides &amp; Infos\",\"item\":\"https:\/\/www.vraimentbeau.com\/vb_blog\/\"},{\"@type\":\"ListItem\",\"position\":2,\"name\":\"Tout notre Guide Pratique\",\"item\":\"https:\/\/www.vraimentbeau.com\/vb_blog\/guide-pratique\/\"},{\"@type\":\"ListItem\",\"position\":3,\"name\":\"Nos calculateurs de niveau d&rsquo;\u00e9clairage\"}]},{\"@type\":\"WebSite\",\"@id\":\"https:\/\/www.vraimentbeau.com\/vb_blog\/#website\",\"url\":\"https:\/\/www.vraimentbeau.com\/vb_blog\/\",\"name\":\"Vraiment Beau\",\"description\":\"Les plus beaux luminaires de l&#039;internet, et autres objets d\u00e9coratifs!\",\"publisher\":{\"@id\":\"https:\/\/www.vraimentbeau.com\/vb_blog\/#organization\"},\"potentialAction\":[{\"@type\":\"SearchAction\",\"target\":{\"@type\":\"EntryPoint\",\"urlTemplate\":\"https:\/\/www.vraimentbeau.com\/vb_blog\/?s={search_term_string}\"},\"query-input\":{\"@type\":\"PropertyValueSpecification\",\"valueRequired\":true,\"valueName\":\"search_term_string\"}}],\"inLanguage\":\"en-US\"},{\"@type\":\"Organization\",\"@id\":\"https:\/\/www.vraimentbeau.com\/vb_blog\/#organization\",\"name\":\"Vraiment Beau\",\"url\":\"https:\/\/www.vraimentbeau.com\/vb_blog\/\",\"logo\":{\"@type\":\"ImageObject\",\"inLanguage\":\"en-US\",\"@id\":\"https:\/\/www.vraimentbeau.com\/vb_blog\/#\/schema\/logo\/image\/\",\"url\":\"https:\/\/vraimentbeau.com\/vb_blog\/wp-content\/uploads\/2018\/04\/logo-vraiment-beau.png\",\"contentUrl\":\"https:\/\/vraimentbeau.com\/vb_blog\/wp-content\/uploads\/2018\/04\/logo-vraiment-beau.png\",\"width\":287,\"height\":44,\"caption\":\"Vraiment Beau\"},\"image\":{\"@id\":\"https:\/\/www.vraimentbeau.com\/vb_blog\/#\/schema\/logo\/image\/\"},\"sameAs\":[\"https:\/\/www.facebook.com\/pages\/Vraiment-Beau\/123343387707501\",\"https:\/\/www.instagram.com\/vraimentbeau\/\",\"https:\/\/www.pinterest.fr\/cdehautefage\/\"]}]}<\/script>\n<!-- \/ Yoast SEO plugin. -->","yoast_head_json":{"title":"Nos calculateurs de niveau d'\u00e9clairage | Vraiment Beau","description":"Estimez avec nos calculateurs, l'\u00e9clairage fourni par diff\u00e9rents types de luminaires en fonction de leur technologie (incandescence, halog\u00e8ne, LED...) et de leur abat-jour, en \u00e9clairage diffus dans une pi\u00e8ce, ou en \u00e9clairage dirig\u00e9 sur une surface limit\u00e9e.","robots":{"index":"index","follow":"follow","max-snippet":"max-snippet:-1","max-image-preview":"max-image-preview:large","max-video-preview":"max-video-preview:-1"},"canonical":"https:\/\/www.vraimentbeau.com\/vb_blog\/guide-pratique\/nos-calculateurs-de-niveau-declairage\/","og_locale":"en_US","og_type":"article","og_title":"Nos calculateurs de niveau d'\u00e9clairage | Vraiment Beau","og_description":"Estimez avec nos calculateurs, l'\u00e9clairage fourni par diff\u00e9rents types de luminaires en fonction de leur technologie (incandescence, halog\u00e8ne, LED...) et de leur abat-jour, en \u00e9clairage diffus dans une pi\u00e8ce, ou en \u00e9clairage dirig\u00e9 sur une surface limit\u00e9e.","og_url":"https:\/\/www.vraimentbeau.com\/vb_blog\/guide-pratique\/nos-calculateurs-de-niveau-declairage\/","og_site_name":"Vraiment Beau","article_publisher":"https:\/\/www.facebook.com\/pages\/Vraiment-Beau\/123343387707501","article_modified_time":"2018-04-16T16:09:05+00:00","twitter_card":"summary_large_image","twitter_misc":{"Est. reading time":"4 minutes"},"schema":{"@context":"https:\/\/schema.org","@graph":[{"@type":"WebPage","@id":"https:\/\/www.vraimentbeau.com\/vb_blog\/guide-pratique\/nos-calculateurs-de-niveau-declairage\/","url":"https:\/\/www.vraimentbeau.com\/vb_blog\/guide-pratique\/nos-calculateurs-de-niveau-declairage\/","name":"Nos calculateurs de niveau d'\u00e9clairage | Vraiment Beau","isPartOf":{"@id":"https:\/\/www.vraimentbeau.com\/vb_blog\/#website"},"datePublished":"2018-03-17T10:10:15+00:00","dateModified":"2018-04-16T16:09:05+00:00","description":"Estimez avec nos calculateurs, l'\u00e9clairage fourni par diff\u00e9rents types de luminaires en fonction de leur technologie (incandescence, halog\u00e8ne, LED...) et de leur abat-jour, en \u00e9clairage diffus dans une pi\u00e8ce, ou en \u00e9clairage dirig\u00e9 sur une surface limit\u00e9e.","breadcrumb":{"@id":"https:\/\/www.vraimentbeau.com\/vb_blog\/guide-pratique\/nos-calculateurs-de-niveau-declairage\/#breadcrumb"},"inLanguage":"en-US","potentialAction":[{"@type":"ReadAction","target":["https:\/\/www.vraimentbeau.com\/vb_blog\/guide-pratique\/nos-calculateurs-de-niveau-declairage\/"]}]},{"@type":"BreadcrumbList","@id":"https:\/\/www.vraimentbeau.com\/vb_blog\/guide-pratique\/nos-calculateurs-de-niveau-declairage\/#breadcrumb","itemListElement":[{"@type":"ListItem","position":1,"name":"Blog, Guides &amp; Infos","item":"https:\/\/www.vraimentbeau.com\/vb_blog\/"},{"@type":"ListItem","position":2,"name":"Tout notre Guide Pratique","item":"https:\/\/www.vraimentbeau.com\/vb_blog\/guide-pratique\/"},{"@type":"ListItem","position":3,"name":"Nos calculateurs de niveau d&rsquo;\u00e9clairage"}]},{"@type":"WebSite","@id":"https:\/\/www.vraimentbeau.com\/vb_blog\/#website","url":"https:\/\/www.vraimentbeau.com\/vb_blog\/","name":"Vraiment Beau","description":"Les plus beaux luminaires de l&#039;internet, et autres objets d\u00e9coratifs!","publisher":{"@id":"https:\/\/www.vraimentbeau.com\/vb_blog\/#organization"},"potentialAction":[{"@type":"SearchAction","target":{"@type":"EntryPoint","urlTemplate":"https:\/\/www.vraimentbeau.com\/vb_blog\/?s={search_term_string}"},"query-input":{"@type":"PropertyValueSpecification","valueRequired":true,"valueName":"search_term_string"}}],"inLanguage":"en-US"},{"@type":"Organization","@id":"https:\/\/www.vraimentbeau.com\/vb_blog\/#organization","name":"Vraiment Beau","url":"https:\/\/www.vraimentbeau.com\/vb_blog\/","logo":{"@type":"ImageObject","inLanguage":"en-US","@id":"https:\/\/www.vraimentbeau.com\/vb_blog\/#\/schema\/logo\/image\/","url":"https:\/\/vraimentbeau.com\/vb_blog\/wp-content\/uploads\/2018\/04\/logo-vraiment-beau.png","contentUrl":"https:\/\/vraimentbeau.com\/vb_blog\/wp-content\/uploads\/2018\/04\/logo-vraiment-beau.png","width":287,"height":44,"caption":"Vraiment Beau"},"image":{"@id":"https:\/\/www.vraimentbeau.com\/vb_blog\/#\/schema\/logo\/image\/"},"sameAs":["https:\/\/www.facebook.com\/pages\/Vraiment-Beau\/123343387707501","https:\/\/www.instagram.com\/vraimentbeau\/","https:\/\/www.pinterest.fr\/cdehautefage\/"]}]}},"_links":{"self":[{"href":"https:\/\/www.vraimentbeau.com\/vb_blog\/wp-json\/wp\/v2\/pages\/496","targetHints":{"allow":["GET"]}}],"collection":[{"href":"https:\/\/www.vraimentbeau.com\/vb_blog\/wp-json\/wp\/v2\/pages"}],"about":[{"href":"https:\/\/www.vraimentbeau.com\/vb_blog\/wp-json\/wp\/v2\/types\/page"}],"author":[{"embeddable":true,"href":"https:\/\/www.vraimentbeau.com\/vb_blog\/wp-json\/wp\/v2\/users\/1"}],"replies":[{"embeddable":true,"href":"https:\/\/www.vraimentbeau.com\/vb_blog\/wp-json\/wp\/v2\/comments?post=496"}],"version-history":[{"count":1,"href":"https:\/\/www.vraimentbeau.com\/vb_blog\/wp-json\/wp\/v2\/pages\/496\/revisions"}],"predecessor-version":[{"id":1299,"href":"https:\/\/www.vraimentbeau.com\/vb_blog\/wp-json\/wp\/v2\/pages\/496\/revisions\/1299"}],"up":[{"embeddable":true,"href":"https:\/\/www.vraimentbeau.com\/vb_blog\/wp-json\/wp\/v2\/pages\/18"}],"wp:attachment":[{"href":"https:\/\/www.vraimentbeau.com\/vb_blog\/wp-json\/wp\/v2\/media?parent=496"}],"curies":[{"name":"wp","href":"https:\/\/api.w.org\/{rel}","templated":true}]}}