{"id":589,"date":"2018-03-30T15:40:51","date_gmt":"2018-03-30T13:40:51","guid":{"rendered":"http:\/\/localhost:8080\/vb_blog\/?page_id=589"},"modified":"2023-07-21T19:10:46","modified_gmt":"2023-07-21T17:10:46","slug":"pourquoi-choisir-vraiment-beau","status":"publish","type":"page","link":"https:\/\/www.vraimentbeau.com\/vb_blog\/infos\/pourquoi-choisir-vraiment-beau\/","title":{"rendered":"Pourquoi choisir Vraiment Beau?"},"content":{"rendered":"\n<figure class=\"wp-block-image size-full\"><img loading=\"lazy\" decoding=\"async\" width=\"960\" height=\"640\" src=\"https:\/\/vraimentbeau.com\/vb_blog\/wp-content\/uploads\/2022\/03\/cristal-italien-lustre-21100015-2R.jpg\" alt=\"\" class=\"wp-image-2151\" srcset=\"https:\/\/www.vraimentbeau.com\/vb_blog\/wp-content\/uploads\/2022\/03\/cristal-italien-lustre-21100015-2R.jpg 960w, https:\/\/www.vraimentbeau.com\/vb_blog\/wp-content\/uploads\/2022\/03\/cristal-italien-lustre-21100015-2R-300x200.jpg 300w, https:\/\/www.vraimentbeau.com\/vb_blog\/wp-content\/uploads\/2022\/03\/cristal-italien-lustre-21100015-2R-768x512.jpg 768w\" sizes=\"auto, (max-width: 960px) 100vw, 960px\" \/><\/figure>\n\n\n<div class=\"intro\">Depuis 2009, Vraiment Beau base son d\u00e9veloppement sur trois priorit\u00e9s\u00a0: la passion du beau luminaire et des m\u00e9thodes artisanales, la recherche des fabrications de qualit\u00e9 et la satisfaction de nos clients.<\/div>\n<p>Nous faisons tout pour vous proposer <strong>de beaux objets qui dureront<\/strong>, et pour vous accompagner dans votre d\u00e9marche de d\u00e9coration avec <strong>un niveau de service exceptionnel<\/strong>. Nous pensons que l&#8217;achat d&#8217;un bel objet n\u00e9cessite un vrai accompagnement : conseils personnalis\u00e9s, informations compl\u00e8tes, emballage de haute qualit\u00e9, livraisons s\u00e9rieuses et suivi de vos achats. Vraiment Beau, c&#8217;est le conseil et le suivi des meilleurs magasins physiques, mais avec une profondeur de catalogue incomparable. Nous sommes l&#8217;un des rares &#8220;endroits&#8221; o\u00f9 vous pouvez trouver plus de 7000 luminaires et objets d&#8217;art de qualit\u00e9.<\/p>\n<h2>La passion des beaux objets<\/h2>\n<p>Vraiment Beau a \u00e9t\u00e9 cr\u00e9\u00e9 en 2009 par deux passionn\u00e9s de d\u00e9coration et de technologie. Nous allons nous-m\u00eame d\u00e9nicher nos fournisseurs, nous discutons longuement avec les propri\u00e9taires et dirigeants des ateliers qui les con\u00e7oivent et les r\u00e9alisent, souvent avec des m\u00e9thodes artisanales centenaires. Nous connaissons tous nos produits sur le bout des doigts et sommes toujours disponibles pour partager notre passion avec vous.<\/p>\n<h2>Des produits de haute qualit\u00e9<\/h2>\n<p>Vraiment Beau ne distribue que des produits bien fabriqu\u00e9s, et ne travaille qu&#8217;avec des fournisseurs s\u00e9rieux, exp\u00e9riment\u00e9s, \u00e9tablis en Europe, et que nous connaissons bien. Des fabricants qui utilisent des mati\u00e8res de qualit\u00e9, assembl\u00e9es avec soin, pour des produits fiables et durables.<\/p>\n<h2>Une vraie expertise \u00e0 votre service<\/h2>\n<p>Vraiment Beau est au service de ses clients. Son \u00e9quipe est toujours \u00e0 votre disposition pour r\u00e9soudre vos probl\u00e8mes techniques ou d\u00e9coratifs, au t\u00e9l\u00e9phone ou par email. Nous sommes en dialogue permanent avec nos fournisseurs \u2013 souvent pour r\u00e9pondre \u00e0 des questions techniques, ou pour adapter les luminaires \u00e0 vos besoins. Nous vous aidons aussi \u00e0 mettre en \u0153uvre les nouvelles technologies d&#8217;\u00e9clairage pour magnifier votre luminaire.<\/p>\n<h2>Une pr\u00e9paration sur mesure de votre commande<\/h2>\n<p>Beaucoup de fabricants que nous avons choisis travaillent de fa\u00e7on artisanale et r\u00e9alisent leur production \u00e0 l\u2019unit\u00e9 ou en tr\u00e8s petite s\u00e9rie. L\u2019objet que vous commandez \u00e0 Vraiment Beau n\u00e9cessite tr\u00e8s souvent une fabrication sp\u00e9cifique, qui impose un d\u00e9lai incompressible\u2026 C\u2019est le prix \u00e0 payer pour une fabrication en Europe, \u00e0 l\u2019inverse d\u2019enseignes offrant des produits rapidement disponibles, mais fabriqu\u00e9s \u00e0 l\u2019avance en grande s\u00e9rie, dans des pays lointains.<\/p>\n<h2>Une livraison haute fiabilit\u00e9<\/h2>\n<p>Nous effectuons la r\u00e9alisation de votre commande avec s\u00e9rieux et efficacit\u00e9. L&#8217;emballage de votre colis est r\u00e9alis\u00e9 avec soin, en utilisant autant que possible des mat\u00e9riaux recycl\u00e9s ou facilement recyclables. Nous travaillons avec des prestataires de livraison r\u00e9put\u00e9s pour leur fiabilit\u00e9 et leur s\u00e9rieux: la Poste et UPS (United Parcel Service).<\/p>\n<h2>Un service apr\u00e8s-vente efficace<\/h2>\n<p>Vraiment Beau attache une importance primordiale \u00e0 ce que votre satisfaction perdure apr\u00e8s votre achat. Nous restons disponibles pour vous aider \u00e0 g\u00e9rer toute difficult\u00e9 que vous pourriez avoir apr\u00e8s la r\u00e9ception de votre commande : choix d&#8217;autres produits assortis, conseils d&#8217;installation, choix ou remplacement des ampoules, mise en \u0153uvre de la garantie constructeur, par exemple.<\/p>\n<h2>Un achat 100% s\u00e9curis\u00e9<\/h2>\n<p><strong>S\u00e9curit\u00e9 de votre navigation :<\/strong> Notre site est totalement s\u00e9curis\u00e9 par SSL. C&#8217;est le petit cadenas que vous voyez \u00e0 gauche de l&#8217;adresse en haut de votre navigateur et le pr\u00e9fixe &#8216;https&#8221;. Cela veut dire que toutes vos communications avec notre site sont encrypt\u00e9es, et ind\u00e9chiffrables par les curieux.<\/p>\n<p><strong>S\u00e9curit\u00e9 de votre paiement<\/strong> : Sur Vraiment Beau, vous pouvez r\u00e9gler vos achats avec votre carte bancaire (Carte Bleue, American Express, Visa, MasterCard) en toute simplicit\u00e9, et en utilisant un un processus hautement s\u00e9curis\u00e9e. Pour vous garantir un paiement en toute s\u00e9curit\u00e9, Vraiment Beau travaille avec deux partenaires bancaires : la Soci\u00e9t\u00e9 G\u00e9n\u00e9rale, qui est notre banque et dont nous utilisons le syst\u00e8me de paiement ultra-s\u00e9curis\u00e9 ; et Pay Pal, qui est le leader mondial du paiement s\u00e9curis\u00e9 par carte bancaire. Vous entrez les informations de votre carte de cr\u00e9dit directement dans leur syst\u00e8me, et le n\u00f4tre ne voit et ne stocke rien (et donc ne peut rien \u00e9garer). Toutes les communications avec la Soci\u00e9t\u00e9 G\u00e9n\u00e9rale et Paypal sont \u00e9galement encrypt\u00e9es.<\/p>\n<p><strong>S\u00e9curit\u00e9 de vos informations confidentielles<\/strong> : Vraiment Beau n&#8217;enregistre sur ses serveurs que les strictes informations n\u00e9cessaires \u00e0 la r\u00e9alisation de votre commande : votre adresse, votre num\u00e9ro de t\u00e9l\u00e9phone et votre adresse email pour pouvoir vous contacter. Nous ne communiquons vos informations personnelles \u00e0 personne except\u00e9 la soci\u00e9t\u00e9 mandat\u00e9e pour vous livrer. Elles sont h\u00e9berg\u00e9es sur les serveurs ultra-s\u00e9curis\u00e9s de notre h\u00e9bergeur, Ecritel, un des leaders fran\u00e7ais de l&#8217;info-g\u00e9rance. Vraiment Beau ne stocke aucune information relative \u00e0 vos moyens de paiement. Enfin, nous n&#8217;h\u00e9bergeons aucune publicit\u00e9 et ne revendons aucune information sur nos clients. Contrairement \u00e0 la majorit\u00e9 des sites, 100% de notre chiffre d&#8217;affaire vient de nos clients. Vous trouverez plus d&#8217;information sur notre politique en la mati\u00e8re sur <a href=\"\/vb_blog\/infos\/vos-donnees-personnelles\/\">notre page d\u00e9di\u00e9e<\/a>.<\/p>\n<h2>100% satisfait(e) ou rembours\u00e9(e)<\/h2>\n<p>Si vous \u00eates d\u00e9\u00e7u par votre achat, pas de souci\u00a0: qu&#8217;elle qu&#8217;en soit la raison, vous pouvez nous le renvoyer dans les 14 jours qui suivent la livraison. D\u00e8s r\u00e9ception de votre retour, nous vous remboursons imm\u00e9diatement, sans discussion ni murmure (except\u00e9 pour les produits sur mesure, et limit\u00e9 aux particuliers)! Vous pouvez consulter nos conditions d\u00e9taill\u00e9es sur notre page <a href=\"\/vb_blog\/infos\/cgv\/\">Conditions G\u00e9n\u00e9rales de Vente<\/a>.<\/p>\n<h2>Un showroom en Bretagne sud<\/h2>\n<p>Nos experts vous accueillent et vous conseillent avec ou sans rendez-vous du lundi au vendredi de 9h \u00e0 12h30 et de 14h \u00e0 18h dans notre showroom au 7bis rue du stade 56950 Crac&#8217;h, dans le Morbihan entre Auray et La Trinit\u00e9-sur-Mer.\u00a0<\/p>\n\n\n<figure class=\"wp-block-image size-large\"><img loading=\"lazy\" decoding=\"async\" width=\"1024\" height=\"768\" src=\"https:\/\/vraimentbeau.com\/vb_blog\/wp-content\/uploads\/2023\/07\/IMG_0887-1024x768.jpg\" alt=\"\" class=\"wp-image-2459\" srcset=\"https:\/\/www.vraimentbeau.com\/vb_blog\/wp-content\/uploads\/2023\/07\/IMG_0887-1024x768.jpg 1024w, https:\/\/www.vraimentbeau.com\/vb_blog\/wp-content\/uploads\/2023\/07\/IMG_0887-300x225.jpg 300w, https:\/\/www.vraimentbeau.com\/vb_blog\/wp-content\/uploads\/2023\/07\/IMG_0887-768x576.jpg 768w, https:\/\/www.vraimentbeau.com\/vb_blog\/wp-content\/uploads\/2023\/07\/IMG_0887-1536x1152.jpg 1536w, https:\/\/www.vraimentbeau.com\/vb_blog\/wp-content\/uploads\/2023\/07\/IMG_0887-2048x1536.jpg 2048w\" sizes=\"auto, (max-width: 1024px) 100vw, 1024px\" \/><\/figure>\n","protected":false},"excerpt":{"rendered":"<p>Depuis 2009, Vraiment Beau base son d\u00e9veloppement sur trois priorit\u00e9s\u00a0: la passion du beau luminaire et des m\u00e9thodes artisanales, la recherche des fabrications de qualit\u00e9 et la satisfaction de nos clients. Nous faisons tout pour vous proposer de beaux objets qui dureront, et pour vous accompagner dans votre d\u00e9marche de d\u00e9coration avec un niveau de [&hellip;]<\/p>\n","protected":false},"author":1,"featured_media":0,"parent":122,"menu_order":21,"comment_status":"closed","ping_status":"closed","template":"","meta":{"_acf_changed":false,"footnotes":""},"class_list":["post-589","page","type-page","status-publish","hentry"],"acf":[],"yoast_head":"<!-- This site is optimized with the Yoast SEO plugin v24.0 - https:\/\/yoast.com\/wordpress\/plugins\/seo\/ -->\n<title>Pourquoi choisir notre soci\u00e9t\u00e9? | Vraiment Beau<\/title>\n<meta name=\"description\" content=\"Depuis 2009, Vraiment Beau base son d\u00e9veloppement sur trois priorit\u00e9s\u00a0: la passion du beau luminaire et des m\u00e9thodes artisanales, la recherche des fabrications de qualit\u00e9 et la satisfaction de nos clients.\" \/>\n<meta name=\"robots\" content=\"index, follow, max-snippet:-1, max-image-preview:large, max-video-preview:-1\" \/>\n<link rel=\"canonical\" href=\"https:\/\/www.vraimentbeau.com\/vb_blog\/infos\/pourquoi-choisir-vraiment-beau\/\" \/>\n<meta property=\"og:locale\" content=\"en_US\" \/>\n<meta property=\"og:type\" content=\"article\" \/>\n<meta property=\"og:title\" content=\"Pourquoi choisir notre soci\u00e9t\u00e9? | Vraiment Beau\" \/>\n<meta property=\"og:description\" content=\"Depuis 2009, Vraiment Beau base son d\u00e9veloppement sur trois priorit\u00e9s\u00a0: la passion du beau luminaire et des m\u00e9thodes artisanales, la recherche des fabrications de qualit\u00e9 et la satisfaction de nos clients.\" \/>\n<meta property=\"og:url\" content=\"https:\/\/www.vraimentbeau.com\/vb_blog\/infos\/pourquoi-choisir-vraiment-beau\/\" \/>\n<meta property=\"og:site_name\" content=\"Vraiment Beau\" \/>\n<meta property=\"article:publisher\" content=\"https:\/\/www.facebook.com\/pages\/Vraiment-Beau\/123343387707501\" \/>\n<meta property=\"article:modified_time\" content=\"2023-07-21T17:10:46+00:00\" \/>\n<meta property=\"og:image\" content=\"https:\/\/vraimentbeau.com\/vb_blog\/wp-content\/uploads\/2022\/03\/cristal-italien-lustre-21100015-2R.jpg\" \/>\n<meta name=\"twitter:card\" content=\"summary_large_image\" \/>\n<meta name=\"twitter:label1\" content=\"Est. reading time\" \/>\n\t<meta name=\"twitter:data1\" content=\"5 minutes\" \/>\n<script type=\"application\/ld+json\" class=\"yoast-schema-graph\">{\"@context\":\"https:\/\/schema.org\",\"@graph\":[{\"@type\":\"WebPage\",\"@id\":\"https:\/\/www.vraimentbeau.com\/vb_blog\/infos\/pourquoi-choisir-vraiment-beau\/\",\"url\":\"https:\/\/www.vraimentbeau.com\/vb_blog\/infos\/pourquoi-choisir-vraiment-beau\/\",\"name\":\"Pourquoi choisir notre soci\u00e9t\u00e9? | Vraiment Beau\",\"isPartOf\":{\"@id\":\"https:\/\/www.vraimentbeau.com\/vb_blog\/#website\"},\"primaryImageOfPage\":{\"@id\":\"https:\/\/www.vraimentbeau.com\/vb_blog\/infos\/pourquoi-choisir-vraiment-beau\/#primaryimage\"},\"image\":{\"@id\":\"https:\/\/www.vraimentbeau.com\/vb_blog\/infos\/pourquoi-choisir-vraiment-beau\/#primaryimage\"},\"thumbnailUrl\":\"https:\/\/vraimentbeau.com\/vb_blog\/wp-content\/uploads\/2022\/03\/cristal-italien-lustre-21100015-2R.jpg\",\"datePublished\":\"2018-03-30T13:40:51+00:00\",\"dateModified\":\"2023-07-21T17:10:46+00:00\",\"description\":\"Depuis 2009, Vraiment Beau base son d\u00e9veloppement sur trois priorit\u00e9s\u00a0: la passion du beau luminaire et des m\u00e9thodes artisanales, la recherche des fabrications de qualit\u00e9 et la satisfaction de nos clients.\",\"breadcrumb\":{\"@id\":\"https:\/\/www.vraimentbeau.com\/vb_blog\/infos\/pourquoi-choisir-vraiment-beau\/#breadcrumb\"},\"inLanguage\":\"en-US\",\"potentialAction\":[{\"@type\":\"ReadAction\",\"target\":[\"https:\/\/www.vraimentbeau.com\/vb_blog\/infos\/pourquoi-choisir-vraiment-beau\/\"]}]},{\"@type\":\"ImageObject\",\"inLanguage\":\"en-US\",\"@id\":\"https:\/\/www.vraimentbeau.com\/vb_blog\/infos\/pourquoi-choisir-vraiment-beau\/#primaryimage\",\"url\":\"https:\/\/vraimentbeau.com\/vb_blog\/wp-content\/uploads\/2022\/03\/cristal-italien-lustre-21100015-2R.jpg\",\"contentUrl\":\"https:\/\/vraimentbeau.com\/vb_blog\/wp-content\/uploads\/2022\/03\/cristal-italien-lustre-21100015-2R.jpg\"},{\"@type\":\"BreadcrumbList\",\"@id\":\"https:\/\/www.vraimentbeau.com\/vb_blog\/infos\/pourquoi-choisir-vraiment-beau\/#breadcrumb\",\"itemListElement\":[{\"@type\":\"ListItem\",\"position\":1,\"name\":\"Blog, Guides &amp; Infos\",\"item\":\"https:\/\/www.vraimentbeau.com\/vb_blog\/\"},{\"@type\":\"ListItem\",\"position\":2,\"name\":\"L&rsquo;information sur Vraiment Beau\",\"item\":\"https:\/\/www.vraimentbeau.com\/vb_blog\/infos\/\"},{\"@type\":\"ListItem\",\"position\":3,\"name\":\"Pourquoi choisir Vraiment Beau?\"}]},{\"@type\":\"WebSite\",\"@id\":\"https:\/\/www.vraimentbeau.com\/vb_blog\/#website\",\"url\":\"https:\/\/www.vraimentbeau.com\/vb_blog\/\",\"name\":\"Vraiment Beau\",\"description\":\"Les plus beaux luminaires de l&#039;internet, et autres objets d\u00e9coratifs!\",\"publisher\":{\"@id\":\"https:\/\/www.vraimentbeau.com\/vb_blog\/#organization\"},\"potentialAction\":[{\"@type\":\"SearchAction\",\"target\":{\"@type\":\"EntryPoint\",\"urlTemplate\":\"https:\/\/www.vraimentbeau.com\/vb_blog\/?s={search_term_string}\"},\"query-input\":{\"@type\":\"PropertyValueSpecification\",\"valueRequired\":true,\"valueName\":\"search_term_string\"}}],\"inLanguage\":\"en-US\"},{\"@type\":\"Organization\",\"@id\":\"https:\/\/www.vraimentbeau.com\/vb_blog\/#organization\",\"name\":\"Vraiment Beau\",\"url\":\"https:\/\/www.vraimentbeau.com\/vb_blog\/\",\"logo\":{\"@type\":\"ImageObject\",\"inLanguage\":\"en-US\",\"@id\":\"https:\/\/www.vraimentbeau.com\/vb_blog\/#\/schema\/logo\/image\/\",\"url\":\"https:\/\/vraimentbeau.com\/vb_blog\/wp-content\/uploads\/2018\/04\/logo-vraiment-beau.png\",\"contentUrl\":\"https:\/\/vraimentbeau.com\/vb_blog\/wp-content\/uploads\/2018\/04\/logo-vraiment-beau.png\",\"width\":287,\"height\":44,\"caption\":\"Vraiment Beau\"},\"image\":{\"@id\":\"https:\/\/www.vraimentbeau.com\/vb_blog\/#\/schema\/logo\/image\/\"},\"sameAs\":[\"https:\/\/www.facebook.com\/pages\/Vraiment-Beau\/123343387707501\",\"https:\/\/www.instagram.com\/vraimentbeau\/\",\"https:\/\/www.pinterest.fr\/cdehautefage\/\"]}]}<\/script>\n<!-- \/ Yoast SEO plugin. -->","yoast_head_json":{"title":"Pourquoi choisir notre soci\u00e9t\u00e9? | Vraiment Beau","description":"Depuis 2009, Vraiment Beau base son d\u00e9veloppement sur trois priorit\u00e9s\u00a0: la passion du beau luminaire et des m\u00e9thodes artisanales, la recherche des fabrications de qualit\u00e9 et la satisfaction de nos clients.","robots":{"index":"index","follow":"follow","max-snippet":"max-snippet:-1","max-image-preview":"max-image-preview:large","max-video-preview":"max-video-preview:-1"},"canonical":"https:\/\/www.vraimentbeau.com\/vb_blog\/infos\/pourquoi-choisir-vraiment-beau\/","og_locale":"en_US","og_type":"article","og_title":"Pourquoi choisir notre soci\u00e9t\u00e9? | Vraiment Beau","og_description":"Depuis 2009, Vraiment Beau base son d\u00e9veloppement sur trois priorit\u00e9s\u00a0: la passion du beau luminaire et des m\u00e9thodes artisanales, la recherche des fabrications de qualit\u00e9 et la satisfaction de nos clients.","og_url":"https:\/\/www.vraimentbeau.com\/vb_blog\/infos\/pourquoi-choisir-vraiment-beau\/","og_site_name":"Vraiment Beau","article_publisher":"https:\/\/www.facebook.com\/pages\/Vraiment-Beau\/123343387707501","article_modified_time":"2023-07-21T17:10:46+00:00","og_image":[{"url":"https:\/\/vraimentbeau.com\/vb_blog\/wp-content\/uploads\/2022\/03\/cristal-italien-lustre-21100015-2R.jpg","type":"","width":"","height":""}],"twitter_card":"summary_large_image","twitter_misc":{"Est. reading time":"5 minutes"},"schema":{"@context":"https:\/\/schema.org","@graph":[{"@type":"WebPage","@id":"https:\/\/www.vraimentbeau.com\/vb_blog\/infos\/pourquoi-choisir-vraiment-beau\/","url":"https:\/\/www.vraimentbeau.com\/vb_blog\/infos\/pourquoi-choisir-vraiment-beau\/","name":"Pourquoi choisir notre soci\u00e9t\u00e9? | Vraiment Beau","isPartOf":{"@id":"https:\/\/www.vraimentbeau.com\/vb_blog\/#website"},"primaryImageOfPage":{"@id":"https:\/\/www.vraimentbeau.com\/vb_blog\/infos\/pourquoi-choisir-vraiment-beau\/#primaryimage"},"image":{"@id":"https:\/\/www.vraimentbeau.com\/vb_blog\/infos\/pourquoi-choisir-vraiment-beau\/#primaryimage"},"thumbnailUrl":"https:\/\/vraimentbeau.com\/vb_blog\/wp-content\/uploads\/2022\/03\/cristal-italien-lustre-21100015-2R.jpg","datePublished":"2018-03-30T13:40:51+00:00","dateModified":"2023-07-21T17:10:46+00:00","description":"Depuis 2009, Vraiment Beau base son d\u00e9veloppement sur trois priorit\u00e9s\u00a0: la passion du beau luminaire et des m\u00e9thodes artisanales, la recherche des fabrications de qualit\u00e9 et la satisfaction de nos clients.","breadcrumb":{"@id":"https:\/\/www.vraimentbeau.com\/vb_blog\/infos\/pourquoi-choisir-vraiment-beau\/#breadcrumb"},"inLanguage":"en-US","potentialAction":[{"@type":"ReadAction","target":["https:\/\/www.vraimentbeau.com\/vb_blog\/infos\/pourquoi-choisir-vraiment-beau\/"]}]},{"@type":"ImageObject","inLanguage":"en-US","@id":"https:\/\/www.vraimentbeau.com\/vb_blog\/infos\/pourquoi-choisir-vraiment-beau\/#primaryimage","url":"https:\/\/vraimentbeau.com\/vb_blog\/wp-content\/uploads\/2022\/03\/cristal-italien-lustre-21100015-2R.jpg","contentUrl":"https:\/\/vraimentbeau.com\/vb_blog\/wp-content\/uploads\/2022\/03\/cristal-italien-lustre-21100015-2R.jpg"},{"@type":"BreadcrumbList","@id":"https:\/\/www.vraimentbeau.com\/vb_blog\/infos\/pourquoi-choisir-vraiment-beau\/#breadcrumb","itemListElement":[{"@type":"ListItem","position":1,"name":"Blog, Guides &amp; Infos","item":"https:\/\/www.vraimentbeau.com\/vb_blog\/"},{"@type":"ListItem","position":2,"name":"L&rsquo;information sur Vraiment Beau","item":"https:\/\/www.vraimentbeau.com\/vb_blog\/infos\/"},{"@type":"ListItem","position":3,"name":"Pourquoi choisir Vraiment Beau?"}]},{"@type":"WebSite","@id":"https:\/\/www.vraimentbeau.com\/vb_blog\/#website","url":"https:\/\/www.vraimentbeau.com\/vb_blog\/","name":"Vraiment Beau","description":"Les plus beaux luminaires de l&#039;internet, et autres objets d\u00e9coratifs!","publisher":{"@id":"https:\/\/www.vraimentbeau.com\/vb_blog\/#organization"},"potentialAction":[{"@type":"SearchAction","target":{"@type":"EntryPoint","urlTemplate":"https:\/\/www.vraimentbeau.com\/vb_blog\/?s={search_term_string}"},"query-input":{"@type":"PropertyValueSpecification","valueRequired":true,"valueName":"search_term_string"}}],"inLanguage":"en-US"},{"@type":"Organization","@id":"https:\/\/www.vraimentbeau.com\/vb_blog\/#organization","name":"Vraiment Beau","url":"https:\/\/www.vraimentbeau.com\/vb_blog\/","logo":{"@type":"ImageObject","inLanguage":"en-US","@id":"https:\/\/www.vraimentbeau.com\/vb_blog\/#\/schema\/logo\/image\/","url":"https:\/\/vraimentbeau.com\/vb_blog\/wp-content\/uploads\/2018\/04\/logo-vraiment-beau.png","contentUrl":"https:\/\/vraimentbeau.com\/vb_blog\/wp-content\/uploads\/2018\/04\/logo-vraiment-beau.png","width":287,"height":44,"caption":"Vraiment Beau"},"image":{"@id":"https:\/\/www.vraimentbeau.com\/vb_blog\/#\/schema\/logo\/image\/"},"sameAs":["https:\/\/www.facebook.com\/pages\/Vraiment-Beau\/123343387707501","https:\/\/www.instagram.com\/vraimentbeau\/","https:\/\/www.pinterest.fr\/cdehautefage\/"]}]}},"_links":{"self":[{"href":"https:\/\/www.vraimentbeau.com\/vb_blog\/wp-json\/wp\/v2\/pages\/589","targetHints":{"allow":["GET"]}}],"collection":[{"href":"https:\/\/www.vraimentbeau.com\/vb_blog\/wp-json\/wp\/v2\/pages"}],"about":[{"href":"https:\/\/www.vraimentbeau.com\/vb_blog\/wp-json\/wp\/v2\/types\/page"}],"author":[{"embeddable":true,"href":"https:\/\/www.vraimentbeau.com\/vb_blog\/wp-json\/wp\/v2\/users\/1"}],"replies":[{"embeddable":true,"href":"https:\/\/www.vraimentbeau.com\/vb_blog\/wp-json\/wp\/v2\/comments?post=589"}],"version-history":[{"count":13,"href":"https:\/\/www.vraimentbeau.com\/vb_blog\/wp-json\/wp\/v2\/pages\/589\/revisions"}],"predecessor-version":[{"id":2460,"href":"https:\/\/www.vraimentbeau.com\/vb_blog\/wp-json\/wp\/v2\/pages\/589\/revisions\/2460"}],"up":[{"embeddable":true,"href":"https:\/\/www.vraimentbeau.com\/vb_blog\/wp-json\/wp\/v2\/pages\/122"}],"wp:attachment":[{"href":"https:\/\/www.vraimentbeau.com\/vb_blog\/wp-json\/wp\/v2\/media?parent=589"}],"curies":[{"name":"wp","href":"https:\/\/api.w.org\/{rel}","templated":true}]}}