{"id":67,"date":"2018-02-23T18:05:06","date_gmt":"2018-02-23T17:05:06","guid":{"rendered":"http:\/\/localhost:8080\/vb_blog\/?page_id=67"},"modified":"2018-04-21T15:38:50","modified_gmt":"2018-04-21T13:38:50","slug":"conception-generale-eclairage-choix-luminaires","status":"publish","type":"page","link":"https:\/\/www.vraimentbeau.com\/vb_blog\/guide-pratique\/conception-generale-eclairage-choix-luminaires\/","title":{"rendered":"Concevoir un \u00e9clairage d&#8217;ambiance"},"content":{"rendered":"<div class=\"intro\">Concevez votre \u00e9clairage d&#8217;ambiance pour mettre en valeur votre int\u00e9rieur et cr\u00e9er un espace agr\u00e9able \u00e0 vivre, ma\u00eetrisez l&#8217;\u00e9clairage diffus et l&#8217;\u00e9clairage dirig\u00e9 et choisissez les types de lumi\u00e8res adapt\u00e9es<\/div>\n<figure id=\"attachment_899\" aria-describedby=\"caption-attachment-899\" style=\"width: 678px\" class=\"wp-caption aligncenter\"><img loading=\"lazy\" decoding=\"async\" src=\"\/vb_blog\/wp-content\/uploads\/2018\/04\/ambiance-lighting.jpg\" alt=\"Pi\u00e8ce avec \u00e9clairage d&#039;ambiance\" width=\"678\" height=\"452\" class=\"size-full wp-image-899\" srcset=\"https:\/\/www.vraimentbeau.com\/vb_blog\/wp-content\/uploads\/2018\/04\/ambiance-lighting.jpg 678w, https:\/\/www.vraimentbeau.com\/vb_blog\/wp-content\/uploads\/2018\/04\/ambiance-lighting-300x200.jpg 300w\" sizes=\"auto, (max-width: 678px) 100vw, 678px\" \/><figcaption id=\"caption-attachment-899\" class=\"wp-caption-text\">L&#8217;importance de l&#8217;\u00e9clairage d&#8217;ambiance<\/figcaption><\/figure>\n<p>Cette fiche fournit quelques m\u00e9thodes largement utilis\u00e9es par les \u00e9clairagistes professionnels pour la conception d&#8217;un \u00e9clairage r\u00e9ussi.<\/p>\n<h2>1- Les crit\u00e8res d&#8217;\u00e9clairage d&#8217;ambiance<\/h2>\n<p>Notre environnement lumineux ne doit pas \u00eatre uniforme. L&#8217;\u00eatre humain est attir\u00e9 par la lumi\u00e8re. Notre regard se tourne instinctivement vers les zones les plus \u00e9clair\u00e9es de notre entourage. Un \u00e9clairage r\u00e9ussi doit donc souligner les parties d&#8217;une habitation qu&#8217;on souhaite valoriser et mettre en avant, comme par exemple les parties de espace int\u00e9rieur vers lesquelles vous souhaitez diriger l&#8217;attention et les zones d&#8217;int\u00e9r\u00eat vers lesquelles vous allez regrouper les habitants : une table de salle \u00e0 manger, la table basse d&#8217;un salon, une biblioth\u00e8que etc.<\/p>\n<p>Nous sommes sensibles \u00e0 la couleur de la lumi\u00e8re qui nous entoure. Notre humeur est influenc\u00e9e par la couleur et l&#8217;intensit\u00e9 de la lumi\u00e8re\u00a0:<\/p>\n<ul>\n<li>Un \u00e9clairage froid, direct sugg\u00e8re le travail, l&#8217;\u00e9nergie, l&#8217;activit\u00e9 ;<\/li>\n<li>Une lumi\u00e8re chaude, att\u00e9nu\u00e9e inspire la d\u00e9tente, l&#8217;intimit\u00e9, le confort.<\/li>\n<\/ul>\n<p>Certaines activit\u00e9s n\u00e9cessitent une intensit\u00e9 lumineuse sp\u00e9cifique. Une table de travail doit profiter d&#8217;un \u00e9clairage vif, tandis que regarder la t\u00e9l\u00e9vision se fait plus agr\u00e9ablement dans une ambiance lumineuse att\u00e9nu\u00e9e.<br \/>\nEn cons\u00e9quence, les caract\u00e9ristiques et la disposition des luminaires qui \u00e9quipent chaque pi\u00e8ce d&#8217;une habitation doivent \u00eatre choisis selon 3 crit\u00e8res\u00a0:<\/p>\n<ul>\n<li>L&#8217;intensit\u00e9 lumineuse ambiante ;<\/li>\n<li>La couleur de lumi\u00e8re (vive ou douce) ;<\/li>\n<li>La r\u00e9partition de l&#8217;\u00e9clairage pour tirer le meilleur parti de la d\u00e9coration de chaque pi\u00e8ce.<\/li>\n<\/ul>\n<p>Pour simplifier la r\u00e9flexion, il est utile de distinguer\u00a0:<\/p>\n<ul>\n<li>L&#8217;\u00e9clairage diffus, qui baigne la totalit\u00e9 d&#8217;une pi\u00e8ce ;<\/li>\n<li>L&#8217;\u00e9clairage dirig\u00e9 que l&#8217;on choisit de concentrer sur les zones d&#8217;int\u00e9r\u00eat choisies.<\/li>\n<\/ul>\n<h2>2- L&#8217;\u00e9clairage diffus<\/h2>\n<p>L&#8217;\u00e9clairage diffus fournit \u00e0 la totalit\u00e9 de la pi\u00e8ce un &#8220;fond de teint&#8221; lumineux. Cette composante a deux principales caract\u00e9ristiques\u00a0: son intensit\u00e9 et sa couleur.<\/p>\n<p>L&#8217;intensit\u00e9 de l&#8217;\u00e9clairement d&#8217;une surface se mesure en lux. Plus le chiffre est \u00e9lev\u00e9, plus cette surface para\u00eet \u00e9clair\u00e9e (pour plus d&#8217;information sur les lux, lire <a href=\"\/vb_blog\/guide-pratique\/ampoules-fluo-compactes-led-halogene-lux-lumen-candela\/\">notre guide sur les termes techniques<\/a>). Le tableau ci-dessous pr\u00e9sente quelques exemples d&#8217;intensit\u00e9 mesur\u00e9s dans la vie quotidienne.<\/p>\n<table class=\"vb_table small\" style=\"max-width:600px;\">\n<tbody>\n<tr>\n<th>Situation<\/th>\n<th style=\"text-align: center;\">Eclairement (lux)<\/th>\n<\/tr>\n<tr>\n<td>Clair de lune, nuit claire<\/td>\n<td style=\"text-align: center;\">0.25<\/td>\n<\/tr>\n<tr>\n<td>Restaurant \u00e9clair\u00e9 aux chandelles<\/td>\n<td style=\"text-align: center;\">20<\/td>\n<\/tr>\n<tr>\n<td>Salle de s\u00e9jour \u00e9clair\u00e9e normalement<\/td>\n<td style=\"text-align: center;\">100<\/td>\n<\/tr>\n<tr>\n<td>Bureau tr\u00e8s \u00e9clair\u00e9<\/td>\n<td style=\"text-align: center;\">400<\/td>\n<\/tr>\n<tr>\n<td>Jour ensoleill\u00e9, \u00e0 l&#8217;ombre<\/td>\n<td style=\"text-align: center;\">10 000<\/td>\n<\/tr>\n<tr>\n<td>Jour ensoleill\u00e9 surface en plein soleil<\/td>\n<td style=\"text-align: center;\">100 000<\/td>\n<\/tr>\n<\/tbody>\n<\/table>\n<p>Le tableau suivant pr\u00e9sente l&#8217;intensit\u00e9 et la couleur habituellement choisis par les \u00e9clairagistes dans le choix des luminaires d&#8217;un int\u00e9rieur \u00e0 am\u00e9nager\u00a0:<\/p>\n<table class=\"vb_table small\" style=\"max-width:800px;\">\n<tbody>\n<tr>\n<th>Intensit\u00e9 lumineuse<\/th>\n<th>Pi\u00e8ce &amp; ambiance recherch\u00e9e<\/th>\n<th>Couleur<\/th>\n<\/tr>\n<tr>\n<td>25 &#8211; 50 lux<\/td>\n<td>Salon, salle \u00e0 manger, chambre d&#8217;adulte, ambiance tamis\u00e9e, romantique<\/td>\n<td>Chaude<\/td>\n<\/tr>\n<tr>\n<td>100-150 lux<\/td>\n<td>Salon, salle \u00e0 manger, cuisine, chambre d&#8217;adulte, bureau. Ambiance de repos et de convivialit\u00e9<\/td>\n<td>Chaude<\/td>\n<\/tr>\n<tr>\n<td>200-250 lux<\/td>\n<td>Ambiance de travail (bureau, biblioth\u00e8que), de jeux d&#8217;enfants (chambre d&#8217;enfant, salle de jeux)<\/td>\n<td>Blanche<\/td>\n<\/tr>\n<tr>\n<td>350-500 lux<\/td>\n<td>Ambiance &#8220;technique&#8221;\u00a0: espaces de forte activit\u00e9 (bureau, atelier) et de circulation (couloirs, entr\u00e9e)<\/td>\n<td>Blanche<\/td>\n<\/tr>\n<\/tbody>\n<\/table>\n<h2>3- L&#8217;\u00e9clairage dirig\u00e9<\/h2>\n<p>L&#8217;\u00e9clairage dirig\u00e9 souligne et met en valeur certaines zones d&#8217;int\u00e9r\u00eat de la pi\u00e8ce\u00a0: dans un salon, ces points d&#8217;int\u00e9r\u00eat peuvent \u00eatre constitu\u00e9s par certains objets d\u00e9coratifs pos\u00e9s ou accroch\u00e9s au mur, par certains meubles (gu\u00e9ridon, bureau, table basse).<\/p>\n<p>Dans une salle \u00e0 manger ou une cuisine, ces zones sont bien s\u00fbr la table et les plans de travail le cas \u00e9ch\u00e9ant. Quelquefois, les points d&#8217;int\u00e9r\u00eat sont uniquement architecturaux, par exemple une charpente apparente ou un escalier int\u00e9rieur d\u00e9coratif.<\/p>\n<p>Les sp\u00e9cialistes de l&#8217;\u00e9clairage indiquent en g\u00e9n\u00e9ral qu&#8217;une zone d&#8217;int\u00e9r\u00eat doit \u00eatre 3 \u00e0 5 fois plus \u00e9clair\u00e9e que le reste de la pi\u00e8ce. Les valeurs indiqu\u00e9es en lux doivent donc \u00eatre multipli\u00e9es par 3 \u00e0 5.<\/p>\n<p>Bien s\u00fbr, l&#8217;\u00e9clairage accentu\u00e9 de zones d&#8217;int\u00e9r\u00eat ne peut se concevoir que pour un niveau r\u00e9duit d&#8217;\u00e9clairage diffus \u2013 en pratique, 200 lux ou moins. L&#8217;\u00e9clairage dirig\u00e9 est obtenu avec des luminaires capables de concentrer la lumi\u00e8re produite \u2013 par exemple munis d&#8217;un r\u00e9flecteur comme les spots halog\u00e8ne ou ne nombreuses lampes de bureau qui concentre la lumi\u00e8re vers le bas pour ne pas \u00e9blouir.<\/p>\n<h2>Conclusion<\/h2>\n<p>En synth\u00e8se, on peut retenir les deux principes directifs suivants pour vos \u00e9clairages d&#8217;ambiance\u00a0:<\/p>\n<ul>\n<li>Une ambiance vou\u00e9e au repos est mieux valoris\u00e9e si elle est baign\u00e9e par un \u00e9clairage diffus de 50 \u00e0 150 lux avec de pr\u00e9f\u00e9rence une tonalit\u00e9 chaude qui peut \u00eatre facilement obtenue en utilisant des luminaires fortement filtrants et \/ ou des luminaires \u00e9quip\u00e9s de variateurs. Les zones d&#8217;int\u00e9r\u00eat doivent \u00eatre \u00e9clair\u00e9e 3 \u00e0 5 fois plus \u2013 typiquement 150 \u00e0 500 lux &#8211; en utilisant des luminaires directifs, ampoule spot \u00e0 r\u00e9flecteurs, sans variateur, produisant une lumi\u00e8re blanche.<\/li>\n<li>Une ambiance active doit avoir un \u00e9clairage de 150 \u00e0 500 lux, et une tonalit\u00e9 de lumi\u00e8re plus froide \u2013 obtenue par exemple avec des luminaires \u00e0 faible occultation et des ampoules LED \u00e0 la tonalit\u00e9 blanc chaud 3500\u00b0K minimum (pour plus d&#8217;information, lisez <a href=\"\/vb_blog\/guide-pratique\/ampoules-fluo-compactes-led-halogene-lux-lumen-candela\/\">notre guide sur les termes techniques<\/a>).<\/li>\n<\/ul>\n<p>Nous verrons dans les pages plus d\u00e9taill\u00e9es de ce guide, que la tendance actuelle est de proposer les moyens de r\u00e9gler ces param\u00e8tres d&#8217;intensit\u00e9, de temp\u00e9rature voire de couleur, pour changer ces atmosph\u00e8res \u00e0 la demande ou automatiquement.<\/p>\n","protected":false},"excerpt":{"rendered":"<p>Concevez votre \u00e9clairage d&#8217;ambiance pour mettre en valeur votre int\u00e9rieur et cr\u00e9er un espace agr\u00e9able \u00e0 vivre, ma\u00eetrisez l&#8217;\u00e9clairage diffus et l&#8217;\u00e9clairage dirig\u00e9 et choisissez les types de lumi\u00e8res adapt\u00e9es Cette fiche fournit quelques m\u00e9thodes largement utilis\u00e9es par les \u00e9clairagistes professionnels pour la conception d&#8217;un \u00e9clairage r\u00e9ussi. 1- Les crit\u00e8res d&#8217;\u00e9clairage d&#8217;ambiance Notre environnement lumineux [&hellip;]<\/p>\n","protected":false},"author":1,"featured_media":0,"parent":18,"menu_order":1,"comment_status":"closed","ping_status":"closed","template":"","meta":{"_acf_changed":false,"footnotes":""},"class_list":["post-67","page","type-page","status-publish","hentry"],"acf":[],"yoast_head":"<!-- This site is optimized with the Yoast SEO plugin v24.0 - https:\/\/yoast.com\/wordpress\/plugins\/seo\/ -->\n<title>Tous nos conseils pour concevoir un \u00e9clairage d&#039;ambiance | Vraiment Beau<\/title>\n<meta name=\"description\" content=\"Concevez votre \u00e9clairage d&#039;ambiance en choisissant le bon \u00e9quilibre entre \u00e9clairage diffus et \u00e9clairage dirig\u00e9, en les positionnant judicieusement, et en s\u00e9lectionnant des puissances et temp\u00e9ratures de lumi\u00e8res adapt\u00e9es \u00e0 vos pi\u00e8ces.\" \/>\n<meta name=\"robots\" content=\"index, follow, max-snippet:-1, max-image-preview:large, max-video-preview:-1\" \/>\n<link rel=\"canonical\" href=\"https:\/\/www.vraimentbeau.com\/vb_blog\/guide-pratique\/conception-generale-eclairage-choix-luminaires\/\" \/>\n<meta property=\"og:locale\" content=\"en_US\" \/>\n<meta property=\"og:type\" content=\"article\" \/>\n<meta property=\"og:title\" content=\"Tous nos conseils pour concevoir un \u00e9clairage d&#039;ambiance | Vraiment Beau\" \/>\n<meta property=\"og:description\" content=\"Concevez votre \u00e9clairage d&#039;ambiance en choisissant le bon \u00e9quilibre entre \u00e9clairage diffus et \u00e9clairage dirig\u00e9, en les positionnant judicieusement, et en s\u00e9lectionnant des puissances et temp\u00e9ratures de lumi\u00e8res adapt\u00e9es \u00e0 vos pi\u00e8ces.\" \/>\n<meta property=\"og:url\" content=\"https:\/\/www.vraimentbeau.com\/vb_blog\/guide-pratique\/conception-generale-eclairage-choix-luminaires\/\" \/>\n<meta property=\"og:site_name\" content=\"Vraiment Beau\" \/>\n<meta property=\"article:publisher\" content=\"https:\/\/www.facebook.com\/pages\/Vraiment-Beau\/123343387707501\" \/>\n<meta property=\"article:modified_time\" content=\"2018-04-21T13:38:50+00:00\" \/>\n<meta name=\"twitter:card\" content=\"summary_large_image\" \/>\n<meta name=\"twitter:label1\" content=\"Est. reading time\" \/>\n\t<meta name=\"twitter:data1\" content=\"5 minutes\" \/>\n<script type=\"application\/ld+json\" class=\"yoast-schema-graph\">{\"@context\":\"https:\/\/schema.org\",\"@graph\":[{\"@type\":\"WebPage\",\"@id\":\"https:\/\/www.vraimentbeau.com\/vb_blog\/guide-pratique\/conception-generale-eclairage-choix-luminaires\/\",\"url\":\"https:\/\/www.vraimentbeau.com\/vb_blog\/guide-pratique\/conception-generale-eclairage-choix-luminaires\/\",\"name\":\"Tous nos conseils pour concevoir un \u00e9clairage d'ambiance | Vraiment Beau\",\"isPartOf\":{\"@id\":\"https:\/\/www.vraimentbeau.com\/vb_blog\/#website\"},\"datePublished\":\"2018-02-23T17:05:06+00:00\",\"dateModified\":\"2018-04-21T13:38:50+00:00\",\"description\":\"Concevez votre \u00e9clairage d'ambiance en choisissant le bon \u00e9quilibre entre \u00e9clairage diffus et \u00e9clairage dirig\u00e9, en les positionnant judicieusement, et en s\u00e9lectionnant des puissances et temp\u00e9ratures de lumi\u00e8res adapt\u00e9es \u00e0 vos pi\u00e8ces.\",\"breadcrumb\":{\"@id\":\"https:\/\/www.vraimentbeau.com\/vb_blog\/guide-pratique\/conception-generale-eclairage-choix-luminaires\/#breadcrumb\"},\"inLanguage\":\"en-US\",\"potentialAction\":[{\"@type\":\"ReadAction\",\"target\":[\"https:\/\/www.vraimentbeau.com\/vb_blog\/guide-pratique\/conception-generale-eclairage-choix-luminaires\/\"]}]},{\"@type\":\"BreadcrumbList\",\"@id\":\"https:\/\/www.vraimentbeau.com\/vb_blog\/guide-pratique\/conception-generale-eclairage-choix-luminaires\/#breadcrumb\",\"itemListElement\":[{\"@type\":\"ListItem\",\"position\":1,\"name\":\"Blog, Guides &amp; Infos\",\"item\":\"https:\/\/www.vraimentbeau.com\/vb_blog\/\"},{\"@type\":\"ListItem\",\"position\":2,\"name\":\"Tout notre Guide Pratique\",\"item\":\"https:\/\/www.vraimentbeau.com\/vb_blog\/guide-pratique\/\"},{\"@type\":\"ListItem\",\"position\":3,\"name\":\"Concevoir un \u00e9clairage d&rsquo;ambiance\"}]},{\"@type\":\"WebSite\",\"@id\":\"https:\/\/www.vraimentbeau.com\/vb_blog\/#website\",\"url\":\"https:\/\/www.vraimentbeau.com\/vb_blog\/\",\"name\":\"Vraiment Beau\",\"description\":\"Les plus beaux luminaires de l&#039;internet, et autres objets d\u00e9coratifs!\",\"publisher\":{\"@id\":\"https:\/\/www.vraimentbeau.com\/vb_blog\/#organization\"},\"potentialAction\":[{\"@type\":\"SearchAction\",\"target\":{\"@type\":\"EntryPoint\",\"urlTemplate\":\"https:\/\/www.vraimentbeau.com\/vb_blog\/?s={search_term_string}\"},\"query-input\":{\"@type\":\"PropertyValueSpecification\",\"valueRequired\":true,\"valueName\":\"search_term_string\"}}],\"inLanguage\":\"en-US\"},{\"@type\":\"Organization\",\"@id\":\"https:\/\/www.vraimentbeau.com\/vb_blog\/#organization\",\"name\":\"Vraiment Beau\",\"url\":\"https:\/\/www.vraimentbeau.com\/vb_blog\/\",\"logo\":{\"@type\":\"ImageObject\",\"inLanguage\":\"en-US\",\"@id\":\"https:\/\/www.vraimentbeau.com\/vb_blog\/#\/schema\/logo\/image\/\",\"url\":\"https:\/\/vraimentbeau.com\/vb_blog\/wp-content\/uploads\/2018\/04\/logo-vraiment-beau.png\",\"contentUrl\":\"https:\/\/vraimentbeau.com\/vb_blog\/wp-content\/uploads\/2018\/04\/logo-vraiment-beau.png\",\"width\":287,\"height\":44,\"caption\":\"Vraiment Beau\"},\"image\":{\"@id\":\"https:\/\/www.vraimentbeau.com\/vb_blog\/#\/schema\/logo\/image\/\"},\"sameAs\":[\"https:\/\/www.facebook.com\/pages\/Vraiment-Beau\/123343387707501\",\"https:\/\/www.instagram.com\/vraimentbeau\/\",\"https:\/\/www.pinterest.fr\/cdehautefage\/\"]}]}<\/script>\n<!-- \/ Yoast SEO plugin. -->","yoast_head_json":{"title":"Tous nos conseils pour concevoir un \u00e9clairage d'ambiance | Vraiment Beau","description":"Concevez votre \u00e9clairage d'ambiance en choisissant le bon \u00e9quilibre entre \u00e9clairage diffus et \u00e9clairage dirig\u00e9, en les positionnant judicieusement, et en s\u00e9lectionnant des puissances et temp\u00e9ratures de lumi\u00e8res adapt\u00e9es \u00e0 vos pi\u00e8ces.","robots":{"index":"index","follow":"follow","max-snippet":"max-snippet:-1","max-image-preview":"max-image-preview:large","max-video-preview":"max-video-preview:-1"},"canonical":"https:\/\/www.vraimentbeau.com\/vb_blog\/guide-pratique\/conception-generale-eclairage-choix-luminaires\/","og_locale":"en_US","og_type":"article","og_title":"Tous nos conseils pour concevoir un \u00e9clairage d'ambiance | Vraiment Beau","og_description":"Concevez votre \u00e9clairage d'ambiance en choisissant le bon \u00e9quilibre entre \u00e9clairage diffus et \u00e9clairage dirig\u00e9, en les positionnant judicieusement, et en s\u00e9lectionnant des puissances et temp\u00e9ratures de lumi\u00e8res adapt\u00e9es \u00e0 vos pi\u00e8ces.","og_url":"https:\/\/www.vraimentbeau.com\/vb_blog\/guide-pratique\/conception-generale-eclairage-choix-luminaires\/","og_site_name":"Vraiment Beau","article_publisher":"https:\/\/www.facebook.com\/pages\/Vraiment-Beau\/123343387707501","article_modified_time":"2018-04-21T13:38:50+00:00","twitter_card":"summary_large_image","twitter_misc":{"Est. reading time":"5 minutes"},"schema":{"@context":"https:\/\/schema.org","@graph":[{"@type":"WebPage","@id":"https:\/\/www.vraimentbeau.com\/vb_blog\/guide-pratique\/conception-generale-eclairage-choix-luminaires\/","url":"https:\/\/www.vraimentbeau.com\/vb_blog\/guide-pratique\/conception-generale-eclairage-choix-luminaires\/","name":"Tous nos conseils pour concevoir un \u00e9clairage d'ambiance | Vraiment Beau","isPartOf":{"@id":"https:\/\/www.vraimentbeau.com\/vb_blog\/#website"},"datePublished":"2018-02-23T17:05:06+00:00","dateModified":"2018-04-21T13:38:50+00:00","description":"Concevez votre \u00e9clairage d'ambiance en choisissant le bon \u00e9quilibre entre \u00e9clairage diffus et \u00e9clairage dirig\u00e9, en les positionnant judicieusement, et en s\u00e9lectionnant des puissances et temp\u00e9ratures de lumi\u00e8res adapt\u00e9es \u00e0 vos pi\u00e8ces.","breadcrumb":{"@id":"https:\/\/www.vraimentbeau.com\/vb_blog\/guide-pratique\/conception-generale-eclairage-choix-luminaires\/#breadcrumb"},"inLanguage":"en-US","potentialAction":[{"@type":"ReadAction","target":["https:\/\/www.vraimentbeau.com\/vb_blog\/guide-pratique\/conception-generale-eclairage-choix-luminaires\/"]}]},{"@type":"BreadcrumbList","@id":"https:\/\/www.vraimentbeau.com\/vb_blog\/guide-pratique\/conception-generale-eclairage-choix-luminaires\/#breadcrumb","itemListElement":[{"@type":"ListItem","position":1,"name":"Blog, Guides &amp; Infos","item":"https:\/\/www.vraimentbeau.com\/vb_blog\/"},{"@type":"ListItem","position":2,"name":"Tout notre Guide Pratique","item":"https:\/\/www.vraimentbeau.com\/vb_blog\/guide-pratique\/"},{"@type":"ListItem","position":3,"name":"Concevoir un \u00e9clairage d&rsquo;ambiance"}]},{"@type":"WebSite","@id":"https:\/\/www.vraimentbeau.com\/vb_blog\/#website","url":"https:\/\/www.vraimentbeau.com\/vb_blog\/","name":"Vraiment Beau","description":"Les plus beaux luminaires de l&#039;internet, et autres objets d\u00e9coratifs!","publisher":{"@id":"https:\/\/www.vraimentbeau.com\/vb_blog\/#organization"},"potentialAction":[{"@type":"SearchAction","target":{"@type":"EntryPoint","urlTemplate":"https:\/\/www.vraimentbeau.com\/vb_blog\/?s={search_term_string}"},"query-input":{"@type":"PropertyValueSpecification","valueRequired":true,"valueName":"search_term_string"}}],"inLanguage":"en-US"},{"@type":"Organization","@id":"https:\/\/www.vraimentbeau.com\/vb_blog\/#organization","name":"Vraiment Beau","url":"https:\/\/www.vraimentbeau.com\/vb_blog\/","logo":{"@type":"ImageObject","inLanguage":"en-US","@id":"https:\/\/www.vraimentbeau.com\/vb_blog\/#\/schema\/logo\/image\/","url":"https:\/\/vraimentbeau.com\/vb_blog\/wp-content\/uploads\/2018\/04\/logo-vraiment-beau.png","contentUrl":"https:\/\/vraimentbeau.com\/vb_blog\/wp-content\/uploads\/2018\/04\/logo-vraiment-beau.png","width":287,"height":44,"caption":"Vraiment Beau"},"image":{"@id":"https:\/\/www.vraimentbeau.com\/vb_blog\/#\/schema\/logo\/image\/"},"sameAs":["https:\/\/www.facebook.com\/pages\/Vraiment-Beau\/123343387707501","https:\/\/www.instagram.com\/vraimentbeau\/","https:\/\/www.pinterest.fr\/cdehautefage\/"]}]}},"_links":{"self":[{"href":"https:\/\/www.vraimentbeau.com\/vb_blog\/wp-json\/wp\/v2\/pages\/67","targetHints":{"allow":["GET"]}}],"collection":[{"href":"https:\/\/www.vraimentbeau.com\/vb_blog\/wp-json\/wp\/v2\/pages"}],"about":[{"href":"https:\/\/www.vraimentbeau.com\/vb_blog\/wp-json\/wp\/v2\/types\/page"}],"author":[{"embeddable":true,"href":"https:\/\/www.vraimentbeau.com\/vb_blog\/wp-json\/wp\/v2\/users\/1"}],"replies":[{"embeddable":true,"href":"https:\/\/www.vraimentbeau.com\/vb_blog\/wp-json\/wp\/v2\/comments?post=67"}],"version-history":[{"count":3,"href":"https:\/\/www.vraimentbeau.com\/vb_blog\/wp-json\/wp\/v2\/pages\/67\/revisions"}],"predecessor-version":[{"id":1347,"href":"https:\/\/www.vraimentbeau.com\/vb_blog\/wp-json\/wp\/v2\/pages\/67\/revisions\/1347"}],"up":[{"embeddable":true,"href":"https:\/\/www.vraimentbeau.com\/vb_blog\/wp-json\/wp\/v2\/pages\/18"}],"wp:attachment":[{"href":"https:\/\/www.vraimentbeau.com\/vb_blog\/wp-json\/wp\/v2\/media?parent=67"}],"curies":[{"name":"wp","href":"https:\/\/api.w.org\/{rel}","templated":true}]}}